{"id":136912,"date":"2025-08-20T16:02:40","date_gmt":"2025-08-20T13:02:40","guid":{"rendered":"https:\/\/www.zoner.fi\/tuki\/?page_id=136912"},"modified":"2025-11-12T15:58:07","modified_gmt":"2025-11-12T13:58:07","slug":"varmuuskopion-palautus-jetbackup","status":"publish","type":"page","link":"https:\/\/www.zoner.fi\/tuki\/webhotellit\/cpanel-wepardi\/varmuuskopion-palautus-jetbackup\/","title":{"rendered":"Varmuuskopion palautus Jetbackup-ohjelmalla"},"content":{"rendered":"\n<p><strong>Varmuukopioinnin palautus<\/strong><\/p>\n\n\n\n<ol class=\"wp-block-list\">\n<li>Kirjaudu cPaneliin Zoner Homen kautta. Ohje: <a href=\"https:\/\/www.zoner.fi\/tuki\/webhotellit\/cpanel-webhotelli-fi\/cpanel-palvelunhallintaan-siirtyminen\/\">cPanel-palvelunhallintaan siirtyminen<\/a><\/li>\n\n\n\n<li>Valitse cPanelin valikosta JetBackup<\/li>\n<\/ol>\n\n\n\n<figure class=\"wp-block-image size-full\"><img loading=\"lazy\" decoding=\"async\" width=\"988\" height=\"306\" src=\"https:\/\/www.zoner.fi\/tuki\/wp-content\/uploads\/2025\/08\/wepardi-varmuuskopion-palautus-1.png\" alt=\"\" class=\"wp-image-136913\" srcset=\"https:\/\/www.zoner.fi\/tuki\/wp-content\/uploads\/2025\/08\/wepardi-varmuuskopion-palautus-1.png 988w, https:\/\/www.zoner.fi\/tuki\/wp-content\/uploads\/2025\/08\/wepardi-varmuuskopion-palautus-1-300x93.png 300w, https:\/\/www.zoner.fi\/tuki\/wp-content\/uploads\/2025\/08\/wepardi-varmuuskopion-palautus-1-768x238.png 768w\" sizes=\"auto, (max-width: 988px) 100vw, 988px\" \/><\/figure>\n\n\n\n<p>3.&nbsp;Valitse se varmuuskopion p\u00e4iv\u00e4m\u00e4\u00e4r\u00e4 mink\u00e4 haluat palauttaa ja sen j\u00e4lkeen esim. Home Directory&nbsp;<\/p>\n\n\n\n<p>T\u00e4m\u00e4 alla voi valita p\u00e4iv\u00e4m\u00e4\u00e4r\u00e4n ja alueen, jonka haluat palauttaa palvelusta&nbsp; esim. public_html kansio<\/p>\n\n\n\n<figure class=\"wp-block-image size-large\"><img loading=\"lazy\" decoding=\"async\" width=\"1024\" height=\"575\" src=\"https:\/\/www.zoner.fi\/tuki\/wp-content\/uploads\/2025\/08\/wepardi-varmuuskopion-palautus-2-1024x575.png\" alt=\"\" class=\"wp-image-136914\" srcset=\"https:\/\/www.zoner.fi\/tuki\/wp-content\/uploads\/2025\/08\/wepardi-varmuuskopion-palautus-2-1024x575.png 1024w, https:\/\/www.zoner.fi\/tuki\/wp-content\/uploads\/2025\/08\/wepardi-varmuuskopion-palautus-2-300x168.png 300w, https:\/\/www.zoner.fi\/tuki\/wp-content\/uploads\/2025\/08\/wepardi-varmuuskopion-palautus-2-768x431.png 768w, https:\/\/www.zoner.fi\/tuki\/wp-content\/uploads\/2025\/08\/wepardi-varmuuskopion-palautus-2.png 1383w\" sizes=\"auto, (max-width: 1024px) 100vw, 1024px\" \/><\/figure>\n\n\n\n<p>4.&nbsp;Valitse &#8221;Restore&#8221;, jos haluat palauttaa suoraan palvelimelle valitsemasi asiat tai &#8221;Download&#8221;, jos haluat ladata ne omalle koneellesi.<\/p>\n\n\n\n<p>Jos valitset &#8221;Restore&#8221;, niin sinulle tulee seuraava sivu n\u00e4kyviin ja siin\u00e4 voit viel\u00e4 poistaa mahdollisesti v\u00e4\u00e4rin valikoimasi osat painamalla &#8221;Remove items&#8221;<\/p>\n\n\n\n<p>Restore Options valitsemalla, varmuuskopio ei poista jo sivulla olevia tietoja, vaan lis\u00e4\u00e4 varmuuskopiossa olevat tiedot.<\/p>\n\n\n\n<p>Jos et valitse &#8221;restore options&#8221;, niin silloin varmuuskopio palauttaa varmuuskopiossa olevan tiedot ja poistaa nykyiset tiedot hakemistosta.<\/p>\n\n\n\n<p>Paina &#8221;Restore selected items&#8221;&nbsp;<\/p>\n\n\n\n<figure class=\"wp-block-image size-large\"><img loading=\"lazy\" decoding=\"async\" width=\"1024\" height=\"656\" src=\"https:\/\/www.zoner.fi\/tuki\/wp-content\/uploads\/2025\/08\/wepardi-varmuuskopion-palautus-3-1024x656.png\" alt=\"\" class=\"wp-image-136915\" srcset=\"https:\/\/www.zoner.fi\/tuki\/wp-content\/uploads\/2025\/08\/wepardi-varmuuskopion-palautus-3-1024x656.png 1024w, https:\/\/www.zoner.fi\/tuki\/wp-content\/uploads\/2025\/08\/wepardi-varmuuskopion-palautus-3-300x192.png 300w, https:\/\/www.zoner.fi\/tuki\/wp-content\/uploads\/2025\/08\/wepardi-varmuuskopion-palautus-3-768x492.png 768w, https:\/\/www.zoner.fi\/tuki\/wp-content\/uploads\/2025\/08\/wepardi-varmuuskopion-palautus-3.png 1306w\" sizes=\"auto, (max-width: 1024px) 100vw, 1024px\" \/><\/figure>\n\n\n\n<p>5.&nbsp;Kun palautus on suoritettu, tulee merkint\u00e4 Completed seuraavan kuvan mukaisesti.&nbsp;<\/p>\n\n\n\n<figure class=\"wp-block-image size-large\"><img loading=\"lazy\" decoding=\"async\" width=\"1024\" height=\"473\" src=\"https:\/\/www.zoner.fi\/tuki\/wp-content\/uploads\/2025\/08\/wepardi-varmuuskopion-palautus-4-1024x473.png\" alt=\"\" class=\"wp-image-136916\" srcset=\"https:\/\/www.zoner.fi\/tuki\/wp-content\/uploads\/2025\/08\/wepardi-varmuuskopion-palautus-4-1024x473.png 1024w, https:\/\/www.zoner.fi\/tuki\/wp-content\/uploads\/2025\/08\/wepardi-varmuuskopion-palautus-4-300x138.png 300w, https:\/\/www.zoner.fi\/tuki\/wp-content\/uploads\/2025\/08\/wepardi-varmuuskopion-palautus-4-768x354.png 768w, https:\/\/www.zoner.fi\/tuki\/wp-content\/uploads\/2025\/08\/wepardi-varmuuskopion-palautus-4.png 1311w\" sizes=\"auto, (max-width: 1024px) 100vw, 1024px\" \/><\/figure>\n\n\n\n<p>Palautus on nyt suoritettu.<\/p>\n\n\n\n<p><\/p>\n","protected":false},"excerpt":{"rendered":"<p>Varmuukopioinnin palautus 3.&nbsp;Valitse se varmuuskopion p\u00e4iv\u00e4m\u00e4\u00e4r\u00e4 mink\u00e4 haluat palauttaa ja sen j\u00e4lkeen esim. Home Directory&nbsp; T\u00e4m\u00e4 alla voi valita p\u00e4iv\u00e4m\u00e4\u00e4r\u00e4n ja alueen, jonka haluat palauttaa palvelusta&nbsp; esim. public_html kansio 4.&nbsp;Valitse &#8221;Restore&#8221;, jos haluat palauttaa suoraan palvelimelle valitsemasi asiat tai &#8221;Download&#8221;, jos haluat ladata ne omalle koneellesi. Jos valitset &#8221;Restore&#8221;, niin sinulle tulee seuraava sivu n\u00e4kyviin &#8230; <a title=\"Varmuuskopion palautus Jetbackup-ohjelmalla\" class=\"read-more\" href=\"https:\/\/www.zoner.fi\/tuki\/webhotellit\/cpanel-wepardi\/varmuuskopion-palautus-jetbackup\/\" aria-label=\"Lue lis\u00e4\u00e4 aiheesta Varmuuskopion palautus Jetbackup-ohjelmalla\">Lue lis\u00e4\u00e4<\/a><\/p>\n","protected":false},"author":18,"featured_media":0,"parent":136943,"menu_order":0,"comment_status":"closed","ping_status":"closed","template":"","meta":{"_relevanssi_hide_post":"","_relevanssi_hide_content":"","_relevanssi_pin_for_all":"","_relevanssi_pin_keywords":"","_relevanssi_unpin_keywords":"","_relevanssi_related_keywords":"","_relevanssi_related_include_ids":"","_relevanssi_related_exclude_ids":"","_relevanssi_related_no_append":"","_relevanssi_related_not_related":"","_relevanssi_related_posts":"135737,130455,136211,131506,136147,132938","_relevanssi_noindex_reason":"","footnotes":""},"categories":[190],"tags":[95],"wf_page_folders":[],"class_list":{"0":"post-136912","1":"page","2":"type-page","3":"status-publish","5":"category-cpanel-wepardi","6":"tag-ohjelmistot"},"_links":{"self":[{"href":"https:\/\/www.zoner.fi\/tuki\/wp-json\/wp\/v2\/pages\/136912","targetHints":{"allow":["GET"]}}],"collection":[{"href":"https:\/\/www.zoner.fi\/tuki\/wp-json\/wp\/v2\/pages"}],"about":[{"href":"https:\/\/www.zoner.fi\/tuki\/wp-json\/wp\/v2\/types\/page"}],"author":[{"embeddable":true,"href":"https:\/\/www.zoner.fi\/tuki\/wp-json\/wp\/v2\/users\/18"}],"replies":[{"embeddable":true,"href":"https:\/\/www.zoner.fi\/tuki\/wp-json\/wp\/v2\/comments?post=136912"}],"version-history":[{"count":4,"href":"https:\/\/www.zoner.fi\/tuki\/wp-json\/wp\/v2\/pages\/136912\/revisions"}],"predecessor-version":[{"id":138113,"href":"https:\/\/www.zoner.fi\/tuki\/wp-json\/wp\/v2\/pages\/136912\/revisions\/138113"}],"up":[{"embeddable":true,"href":"https:\/\/www.zoner.fi\/tuki\/wp-json\/wp\/v2\/pages\/136943"}],"wp:attachment":[{"href":"https:\/\/www.zoner.fi\/tuki\/wp-json\/wp\/v2\/media?parent=136912"}],"wp:term":[{"taxonomy":"category","embeddable":true,"href":"https:\/\/www.zoner.fi\/tuki\/wp-json\/wp\/v2\/categories?post=136912"},{"taxonomy":"post_tag","embeddable":true,"href":"https:\/\/www.zoner.fi\/tuki\/wp-json\/wp\/v2\/tags?post=136912"},{"taxonomy":"wf_page_folders","embeddable":true,"href":"https:\/\/www.zoner.fi\/tuki\/wp-json\/wp\/v2\/wf_page_folders?post=136912"}],"curies":[{"name":"wp","href":"https:\/\/api.w.org\/{rel}","templated":true}]}}