{"id":136920,"date":"2025-08-20T16:04:12","date_gmt":"2025-08-20T13:04:12","guid":{"rendered":"https:\/\/www.zoner.fi\/tuki\/?page_id=136920"},"modified":"2025-08-21T13:39:03","modified_gmt":"2025-08-21T10:39:03","slug":"kupongi-alennukset-woocommerce","status":"publish","type":"page","link":"https:\/\/www.zoner.fi\/tuki\/webhotellit\/cpanel-wepardi\/kupongi-alennukset-woocommerce\/","title":{"rendered":"WordPress &#8211; Kuinka k\u00e4ytt\u00e4\u00e4 kuponkeja ja alennuksia WooCommerce-verkkokaupassa"},"content":{"rendered":"\n<p>WooCommerce mahdollistaa monipuolisten kuponkien ja alennusten tarjoamisen asiakkaillesi, jotta voit houkutella uusia ostajia ja palkita uskollisia asiakkaita. T\u00e4ss\u00e4 ohjeessa k\u00e4yd\u00e4\u00e4n l\u00e4pi, kuinka voit luoda, hallinnoida ja tarjota alennuksia verkkokaupassasi.<\/p>\n\n\n\n<p><strong>1. Kuponkien luominen<\/strong><\/p>\n\n\n\n<p>Aloita kirjautumalla WooCommerce-verkkokauppasi hallintapaneeliin ja seuraa n\u00e4it\u00e4 vaiheita:<\/p>\n\n\n\n<h3 class=\"wp-block-heading\">Vaihe 1: Siirry Kuponkeihin<\/h3>\n\n\n\n<ul class=\"wp-block-list\">\n<li>Valitse WooCommerce-p\u00e4\u00e4valikosta kohta &#8221;Markkinointi&#8221; ja kohta &#8221;Kupongit&#8221;.<\/li>\n\n\n\n<li>Napauta sivun yl\u00e4osassa olevaa &#8221;Lis\u00e4\u00e4 uusi&#8221; -painiketta aloittaaksesi uuden kuponkikoodin luomisen.<\/li>\n<\/ul>\n\n\n\n<h3 class=\"wp-block-heading\">Vaihe 2: Kupongin tiedot<\/h3>\n\n\n\n<ul class=\"wp-block-list\">\n<li><strong>Kupongin koodi<\/strong>: Anna kupongillesi yksil\u00f6llinen koodi. Asiakkaat k\u00e4ytt\u00e4v\u00e4t t\u00e4t\u00e4 koodia lunastaakseen alennuksen.<\/li>\n\n\n\n<li><strong>Kupongin kuvaus<\/strong>\u00a0(valinnainen): Kirjoita lyhyt kuvaus kupongista. T\u00e4m\u00e4 on hy\u00f6dyllist\u00e4 muistutuksena itsellesi tai tiimillesi kupongin tarkoituksesta.<\/li>\n<\/ul>\n\n\n\n<figure class=\"wp-block-image size-full\"><img loading=\"lazy\" decoding=\"async\" width=\"964\" height=\"416\" src=\"https:\/\/www.zoner.fi\/tuki\/wp-content\/uploads\/2025\/08\/woocommerce.jpg\" alt=\"\" class=\"wp-image-136921\" srcset=\"https:\/\/www.zoner.fi\/tuki\/wp-content\/uploads\/2025\/08\/woocommerce.jpg 964w, https:\/\/www.zoner.fi\/tuki\/wp-content\/uploads\/2025\/08\/woocommerce-300x129.jpg 300w, https:\/\/www.zoner.fi\/tuki\/wp-content\/uploads\/2025\/08\/woocommerce-768x331.jpg 768w\" sizes=\"auto, (max-width: 964px) 100vw, 964px\" \/><\/figure>\n\n\n\n<h3 class=\"wp-block-heading\">Vaihe 3: Kupongin alennustyyppi<\/h3>\n\n\n\n<ul class=\"wp-block-list\">\n<li>Valitse, millaista alennusta haluat tarjota. Voit valita kiinte\u00e4n ostoskorin alennuksen, kiinte\u00e4n tuotealennuksen tai prosentuaalisen alennuksen.<\/li>\n<\/ul>\n\n\n\n<h3 class=\"wp-block-heading\">Vaihe 4: Alennuksen m\u00e4\u00e4r\u00e4<\/h3>\n\n\n\n<ul class=\"wp-block-list\">\n<li>Anna alennuksen summa, jonka haluat tarjota. Jos valitsit prosentuaalisen alennuksen, anna prosenttiluku.<\/li>\n<\/ul>\n\n\n\n<h3 class=\"wp-block-heading\">Vaihe 5: Lis\u00e4asetukset<\/h3>\n\n\n\n<ul class=\"wp-block-list\">\n<li><strong>Voimassaoloaika<\/strong>: Voit asettaa alkamis- ja p\u00e4\u00e4ttymisp\u00e4iv\u00e4m\u00e4\u00e4r\u00e4n kupongillesi.<\/li>\n\n\n\n<li><strong>K\u00e4ytt\u00f6rajoitukset<\/strong>: Voit asettaa rajoituksia sille, kuinka monta kertaa kupongin voi k\u00e4ytt\u00e4\u00e4, minimiostosumman, joka vaaditaan alennuksen saamiseen, tai m\u00e4\u00e4ritell\u00e4, ett\u00e4 kupongin voi k\u00e4ytt\u00e4\u00e4 vain tietyille tuotteille tai kategorioille.<\/li>\n\n\n\n<li><strong>K\u00e4ytt\u00f6s\u00e4\u00e4nn\u00f6t<\/strong>: Voit my\u00f6s m\u00e4\u00e4ritt\u00e4\u00e4, voiko kupongin yhdist\u00e4\u00e4 muihin kupongeihin tai k\u00e4ytt\u00e4\u00e4 vain, jos ostoskorissa ei ole alennettuja tuotteita.<\/li>\n<\/ul>\n\n\n\n<h3 class=\"wp-block-heading\">Vaihe 6: Tallenna kupongin tiedot<\/h3>\n\n\n\n<ul class=\"wp-block-list\">\n<li>Kun olet m\u00e4\u00e4ritt\u00e4nyt kaikki tiedot, klikkaa &#8221;Julkaise&#8221; tallentaaksesi kupongin.<\/li>\n<\/ul>\n\n\n\n<p><strong>2. Kupongin k\u00e4ytt\u00f6 asiakkaan n\u00e4k\u00f6kulmasta<\/strong><\/p>\n\n\n\n<p>Asiakkaasi voi k\u00e4ytt\u00e4\u00e4 kupongin seuraavasti:<\/p>\n\n\n\n<ol class=\"wp-block-list\">\n<li>Lis\u00e4\u00e4 tuotteet ostoskoriin ja siirry ostoskorin sivulle.<\/li>\n\n\n\n<li>Etsi kupongin sy\u00f6tt\u00f6kentt\u00e4, joka on yleens\u00e4 merkitty &#8221;Kuponkikoodi&#8221;, &#8221;Alennuskoodi&#8221; tai vastaavasti.<\/li>\n\n\n\n<li>Sy\u00f6t\u00e4 kupongin koodi kentt\u00e4\u00e4n ja klikkaa &#8221;K\u00e4yt\u00e4 kuponkia&#8221; tai vastaavaa painiketta.<\/li>\n\n\n\n<li>Alennuksen tulisi nyt n\u00e4ky\u00e4 ostoskorin yhteissummassa.<\/li>\n<\/ol>\n\n\n\n<p>Kuponki- tai koodipaikan sijainti voi vaihdella riippuen k\u00e4yt\u00f6ss\u00e4 olevasta teemasta ja mahdollisesti my\u00f6s asennetuista lis\u00e4osista.<\/p>\n\n\n\n<p><strong>3. Vinkkej\u00e4 ja parhaita k\u00e4yt\u00e4nt\u00f6j\u00e4<\/strong><\/p>\n\n\n\n<ul class=\"wp-block-list\">\n<li><strong>Testaa kupongit<\/strong>: Varmista, ett\u00e4 testaat kupongit ennen julkaisua, jotta tied\u00e4t niiden toimivan oikein.<\/li>\n\n\n\n<li><strong>Markkinoi kuponkeja<\/strong>: Jaa kupongin koodeja s\u00e4hk\u00f6postitse, sosiaalisessa mediassa tai verkkosivustollasi, jotta asiakkaat tiet\u00e4v\u00e4t niist\u00e4.<\/li>\n\n\n\n<li><strong>Seuraa k\u00e4ytt\u00f6\u00e4<\/strong>: WooCommerce tarjoaa raportteja, joiden avulla voit seurata, kuinka usein kukin kuponki on k\u00e4ytetty. K\u00e4yt\u00e4 t\u00e4t\u00e4 tietoa arvioidaksesi kampanjoidesi tehokkuutta.<\/li>\n<\/ul>\n","protected":false},"excerpt":{"rendered":"<p>WooCommerce mahdollistaa monipuolisten kuponkien ja alennusten tarjoamisen asiakkaillesi, jotta voit houkutella uusia ostajia ja palkita uskollisia asiakkaita. T\u00e4ss\u00e4 ohjeessa k\u00e4yd\u00e4\u00e4n l\u00e4pi, kuinka voit luoda, hallinnoida ja tarjota alennuksia verkkokaupassasi. 1. Kuponkien luominen Aloita kirjautumalla WooCommerce-verkkokauppasi hallintapaneeliin ja seuraa n\u00e4it\u00e4 vaiheita: Vaihe 1: Siirry Kuponkeihin Vaihe 2: Kupongin tiedot Vaihe 3: Kupongin alennustyyppi Vaihe 4: Alennuksen &#8230; <a title=\"WordPress &#8211; Kuinka k\u00e4ytt\u00e4\u00e4 kuponkeja ja alennuksia WooCommerce-verkkokaupassa\" class=\"read-more\" href=\"https:\/\/www.zoner.fi\/tuki\/webhotellit\/cpanel-wepardi\/kupongi-alennukset-woocommerce\/\" aria-label=\"Lue lis\u00e4\u00e4 aiheesta WordPress &#8211; Kuinka k\u00e4ytt\u00e4\u00e4 kuponkeja ja alennuksia WooCommerce-verkkokaupassa\">Lue lis\u00e4\u00e4<\/a><\/p>\n","protected":false},"author":18,"featured_media":0,"parent":136943,"menu_order":0,"comment_status":"closed","ping_status":"closed","template":"","meta":{"_relevanssi_hide_post":"","_relevanssi_hide_content":"","_relevanssi_pin_for_all":"","_relevanssi_pin_keywords":"","_relevanssi_unpin_keywords":"","_relevanssi_related_keywords":"","_relevanssi_related_include_ids":"","_relevanssi_related_exclude_ids":"","_relevanssi_related_no_append":"","_relevanssi_related_not_related":"","_relevanssi_related_posts":"135737,130455,136211,131506,136147,132938","_relevanssi_noindex_reason":"","footnotes":""},"categories":[190],"tags":[95],"wf_page_folders":[],"class_list":{"0":"post-136920","1":"page","2":"type-page","3":"status-publish","5":"category-cpanel-wepardi","6":"tag-ohjelmistot"},"_links":{"self":[{"href":"https:\/\/www.zoner.fi\/tuki\/wp-json\/wp\/v2\/pages\/136920","targetHints":{"allow":["GET"]}}],"collection":[{"href":"https:\/\/www.zoner.fi\/tuki\/wp-json\/wp\/v2\/pages"}],"about":[{"href":"https:\/\/www.zoner.fi\/tuki\/wp-json\/wp\/v2\/types\/page"}],"author":[{"embeddable":true,"href":"https:\/\/www.zoner.fi\/tuki\/wp-json\/wp\/v2\/users\/18"}],"replies":[{"embeddable":true,"href":"https:\/\/www.zoner.fi\/tuki\/wp-json\/wp\/v2\/comments?post=136920"}],"version-history":[{"count":2,"href":"https:\/\/www.zoner.fi\/tuki\/wp-json\/wp\/v2\/pages\/136920\/revisions"}],"predecessor-version":[{"id":137021,"href":"https:\/\/www.zoner.fi\/tuki\/wp-json\/wp\/v2\/pages\/136920\/revisions\/137021"}],"up":[{"embeddable":true,"href":"https:\/\/www.zoner.fi\/tuki\/wp-json\/wp\/v2\/pages\/136943"}],"wp:attachment":[{"href":"https:\/\/www.zoner.fi\/tuki\/wp-json\/wp\/v2\/media?parent=136920"}],"wp:term":[{"taxonomy":"category","embeddable":true,"href":"https:\/\/www.zoner.fi\/tuki\/wp-json\/wp\/v2\/categories?post=136920"},{"taxonomy":"post_tag","embeddable":true,"href":"https:\/\/www.zoner.fi\/tuki\/wp-json\/wp\/v2\/tags?post=136920"},{"taxonomy":"wf_page_folders","embeddable":true,"href":"https:\/\/www.zoner.fi\/tuki\/wp-json\/wp\/v2\/wf_page_folders?post=136920"}],"curies":[{"name":"wp","href":"https:\/\/api.w.org\/{rel}","templated":true}]}}