{"id":136925,"date":"2025-08-20T16:06:35","date_gmt":"2025-08-20T13:06:35","guid":{"rendered":"https:\/\/www.zoner.fi\/tuki\/?page_id=136925"},"modified":"2025-11-12T15:58:46","modified_gmt":"2025-11-12T13:58:46","slug":"wordpress-tunnukset-hukassa","status":"publish","type":"page","link":"https:\/\/www.zoner.fi\/tuki\/webhotellit\/cpanel-wepardi\/wordpress-tunnukset-hukassa\/","title":{"rendered":"Olen hukannut WordPressin tunnukset"},"content":{"rendered":"\n<p>Jos olet unohtanut WordPressin k\u00e4ytt\u00e4j\u00e4tunnuksen tai salasanan, voit vaihtaa salasanan muokkaamalla WordPressin tietokantaa.<\/p>\n\n\n\n<ol class=\"wp-block-list\">\n<li>Kirjaudu cPaneliin Zoner Homen kautta. (<strong>Ohje<\/strong>: <a href=\"https:\/\/www.zoner.fi\/tuki\/webhotellit\/cpanel-webhotelli-fi\/cpanel-palvelunhallintaan-siirtyminen\/\">cPanel-palvelunhallintaan siirtyminen<\/a>) ja valitse &#8221;phpMyAdmin&#8221; -ty\u00f6kalu.<\/li>\n\n\n\n<li>Valitse WordPressin tietokanta.<\/li>\n\n\n\n<li>Valitse users -taulu.<\/li>\n\n\n\n<li>Nyt n\u00e4et listauksen kaikista WordPressin p\u00e4\u00e4k\u00e4ytt\u00e4jist\u00e4. Valitse &#8221;Edit&#8221; haluamasi k\u00e4ytt\u00e4j\u00e4n kohdalta.<\/li>\n\n\n\n<li>Kirjoita uusi salasana user_pass -kentt\u00e4\u00e4n ja valitse suoritettavaksi funktioksi MD5. Tallenna sen j\u00e4lkeen muutokset valitsemella &#8221;Go&#8221;. Salasanan muutos on nyt valmis.<\/li>\n<\/ol>\n","protected":false},"excerpt":{"rendered":"<p>Jos olet unohtanut WordPressin k\u00e4ytt\u00e4j\u00e4tunnuksen tai salasanan, voit vaihtaa salasanan muokkaamalla WordPressin tietokantaa.<\/p>\n","protected":false},"author":18,"featured_media":0,"parent":136943,"menu_order":0,"comment_status":"closed","ping_status":"closed","template":"","meta":{"_relevanssi_hide_post":"","_relevanssi_hide_content":"","_relevanssi_pin_for_all":"","_relevanssi_pin_keywords":"","_relevanssi_unpin_keywords":"","_relevanssi_related_keywords":"","_relevanssi_related_include_ids":"","_relevanssi_related_exclude_ids":"","_relevanssi_related_no_append":"","_relevanssi_related_not_related":"","_relevanssi_related_posts":"135737,130455,136211,131506,136147,132938","_relevanssi_noindex_reason":"","footnotes":""},"categories":[190],"tags":[95],"wf_page_folders":[],"class_list":{"0":"post-136925","1":"page","2":"type-page","3":"status-publish","5":"category-cpanel-wepardi","6":"tag-ohjelmistot"},"_links":{"self":[{"href":"https:\/\/www.zoner.fi\/tuki\/wp-json\/wp\/v2\/pages\/136925","targetHints":{"allow":["GET"]}}],"collection":[{"href":"https:\/\/www.zoner.fi\/tuki\/wp-json\/wp\/v2\/pages"}],"about":[{"href":"https:\/\/www.zoner.fi\/tuki\/wp-json\/wp\/v2\/types\/page"}],"author":[{"embeddable":true,"href":"https:\/\/www.zoner.fi\/tuki\/wp-json\/wp\/v2\/users\/18"}],"replies":[{"embeddable":true,"href":"https:\/\/www.zoner.fi\/tuki\/wp-json\/wp\/v2\/comments?post=136925"}],"version-history":[{"count":3,"href":"https:\/\/www.zoner.fi\/tuki\/wp-json\/wp\/v2\/pages\/136925\/revisions"}],"predecessor-version":[{"id":138115,"href":"https:\/\/www.zoner.fi\/tuki\/wp-json\/wp\/v2\/pages\/136925\/revisions\/138115"}],"up":[{"embeddable":true,"href":"https:\/\/www.zoner.fi\/tuki\/wp-json\/wp\/v2\/pages\/136943"}],"wp:attachment":[{"href":"https:\/\/www.zoner.fi\/tuki\/wp-json\/wp\/v2\/media?parent=136925"}],"wp:term":[{"taxonomy":"category","embeddable":true,"href":"https:\/\/www.zoner.fi\/tuki\/wp-json\/wp\/v2\/categories?post=136925"},{"taxonomy":"post_tag","embeddable":true,"href":"https:\/\/www.zoner.fi\/tuki\/wp-json\/wp\/v2\/tags?post=136925"},{"taxonomy":"wf_page_folders","embeddable":true,"href":"https:\/\/www.zoner.fi\/tuki\/wp-json\/wp\/v2\/wf_page_folders?post=136925"}],"curies":[{"name":"wp","href":"https:\/\/api.w.org\/{rel}","templated":true}]}}