{"id":136929,"date":"2025-08-20T16:11:01","date_gmt":"2025-08-20T13:11:01","guid":{"rendered":"https:\/\/www.zoner.fi\/tuki\/?page_id=136929"},"modified":"2025-08-21T13:33:41","modified_gmt":"2025-08-21T10:33:41","slug":"wordpress-ajastetut-tehtavat","status":"publish","type":"page","link":"https:\/\/www.zoner.fi\/tuki\/webhotellit\/cpanel-wepardi\/wordpress-ajastetut-tehtavat\/","title":{"rendered":"WordPressin ajastetut teht\u00e4v\u00e4t"},"content":{"rendered":"\n<p>WordPress suorittaa ajastettuja teht\u00e4vi\u00e4 oletuksena aina kun joku vierailee sivustolla. WordPress suorittaa silloin sivuston yll\u00e4pitoon liittyvi\u00e4 asioita. Normaalisti t\u00e4m\u00e4 on riitt\u00e4v\u00e4 tapa suorittaa kyseiset toimenpiteet.<\/p>\n\n\n\n<p>Tehokkaampi tapa on kuitenkin ajastaa yll\u00e4pitoteht\u00e4v\u00e4t tapahtumaan esim. muutaman kerran p\u00e4iv\u00e4ss\u00e4. T\u00e4ll\u00f6in my\u00f6s sivuston lataaminen nopeutuu.<\/p>\n\n\n\n<h2 class=\"wp-block-heading\" id=\"WordPressinajastetutteht\u00e4v\u00e4t-PoistaWordPressinomaajastus\">Poista WordPressin oma ajastus<\/h2>\n\n\n\n<p>Lis\u00e4\u00e4 seuraava rivi wp-config.php -tiedostoon:<\/p>\n\n\n\n<pre class=\"wp-block-preformatted\">define('DISABLE_WP_CRON', 'true');<\/pre>\n\n\n\n<h2 class=\"wp-block-heading\" id=\"WordPressinajastetutteht\u00e4v\u00e4t-Lis\u00e4\u00e4uusiajastuscPanel-hallinnankautta\">Lis\u00e4\u00e4 uusi ajastus cPanel -hallinnan kautta<\/h2>\n\n\n\n<p>Aseta teht\u00e4vien ajo tapahtumaan ajastetusti cPanel -hallinnan kohdasta &#8221;Ajastetut teht\u00e4v\u00e4t&#8221;.<\/p>\n\n\n\n<ul class=\"wp-block-list\">\n<li>M\u00e4\u00e4rit\u00e4 valikosta ajov\u00e4liksi esim. 1-2 tuntia jos sivustolla on satoja p\u00e4ivitt\u00e4isi\u00e4 k\u00e4vij\u00f6it\u00e4<\/li>\n\n\n\n<li>1-2 krt \/ pv jos sivustolla on v\u00e4hemm\u00e4n k\u00e4vij\u00f6it\u00e4<\/li>\n<\/ul>\n\n\n\n<p>Lis\u00e4\u00e4 komento:<\/p>\n\n\n\n<pre class=\"wp-block-preformatted\">\/usr\/bin\/wget -q -O - http:\/\/www.omadomain.com\/wp-cron.php?doing_wp_cron &gt;\/dev\/null 2&gt;&amp;1<\/pre>\n\n\n\n<p>Huom! Tarkista toimiiko sivustosi http vai https -osoitteella.<\/p>\n","protected":false},"excerpt":{"rendered":"<p>WordPress suorittaa ajastettuja teht\u00e4vi\u00e4 oletuksena aina kun joku vierailee sivustolla. WordPress suorittaa silloin sivuston yll\u00e4pitoon liittyvi\u00e4 asioita. Normaalisti t\u00e4m\u00e4 on riitt\u00e4v\u00e4 tapa suorittaa kyseiset toimenpiteet. Tehokkaampi tapa on kuitenkin ajastaa yll\u00e4pitoteht\u00e4v\u00e4t tapahtumaan esim. muutaman kerran p\u00e4iv\u00e4ss\u00e4. T\u00e4ll\u00f6in my\u00f6s sivuston lataaminen nopeutuu. Poista WordPressin oma ajastus Lis\u00e4\u00e4 seuraava rivi wp-config.php -tiedostoon: define(&#8217;DISABLE_WP_CRON&#8217;, &#8217;true&#8217;); Lis\u00e4\u00e4 uusi ajastus &#8230; <a title=\"WordPressin ajastetut teht\u00e4v\u00e4t\" class=\"read-more\" href=\"https:\/\/www.zoner.fi\/tuki\/webhotellit\/cpanel-wepardi\/wordpress-ajastetut-tehtavat\/\" aria-label=\"Lue lis\u00e4\u00e4 aiheesta WordPressin ajastetut teht\u00e4v\u00e4t\">Lue lis\u00e4\u00e4<\/a><\/p>\n","protected":false},"author":18,"featured_media":0,"parent":136943,"menu_order":0,"comment_status":"closed","ping_status":"closed","template":"","meta":{"_relevanssi_hide_post":"","_relevanssi_hide_content":"","_relevanssi_pin_for_all":"","_relevanssi_pin_keywords":"","_relevanssi_unpin_keywords":"","_relevanssi_related_keywords":"","_relevanssi_related_include_ids":"","_relevanssi_related_exclude_ids":"","_relevanssi_related_no_append":"","_relevanssi_related_not_related":"","_relevanssi_related_posts":"135737,130455,136211,131506,136147,132938","_relevanssi_noindex_reason":"","footnotes":""},"categories":[190],"tags":[95],"wf_page_folders":[],"class_list":{"0":"post-136929","1":"page","2":"type-page","3":"status-publish","5":"category-cpanel-wepardi","6":"tag-ohjelmistot"},"_links":{"self":[{"href":"https:\/\/www.zoner.fi\/tuki\/wp-json\/wp\/v2\/pages\/136929","targetHints":{"allow":["GET"]}}],"collection":[{"href":"https:\/\/www.zoner.fi\/tuki\/wp-json\/wp\/v2\/pages"}],"about":[{"href":"https:\/\/www.zoner.fi\/tuki\/wp-json\/wp\/v2\/types\/page"}],"author":[{"embeddable":true,"href":"https:\/\/www.zoner.fi\/tuki\/wp-json\/wp\/v2\/users\/18"}],"replies":[{"embeddable":true,"href":"https:\/\/www.zoner.fi\/tuki\/wp-json\/wp\/v2\/comments?post=136929"}],"version-history":[{"count":2,"href":"https:\/\/www.zoner.fi\/tuki\/wp-json\/wp\/v2\/pages\/136929\/revisions"}],"predecessor-version":[{"id":137026,"href":"https:\/\/www.zoner.fi\/tuki\/wp-json\/wp\/v2\/pages\/136929\/revisions\/137026"}],"up":[{"embeddable":true,"href":"https:\/\/www.zoner.fi\/tuki\/wp-json\/wp\/v2\/pages\/136943"}],"wp:attachment":[{"href":"https:\/\/www.zoner.fi\/tuki\/wp-json\/wp\/v2\/media?parent=136929"}],"wp:term":[{"taxonomy":"category","embeddable":true,"href":"https:\/\/www.zoner.fi\/tuki\/wp-json\/wp\/v2\/categories?post=136929"},{"taxonomy":"post_tag","embeddable":true,"href":"https:\/\/www.zoner.fi\/tuki\/wp-json\/wp\/v2\/tags?post=136929"},{"taxonomy":"wf_page_folders","embeddable":true,"href":"https:\/\/www.zoner.fi\/tuki\/wp-json\/wp\/v2\/wf_page_folders?post=136929"}],"curies":[{"name":"wp","href":"https:\/\/api.w.org\/{rel}","templated":true}]}}