{"id":137093,"date":"2025-09-02T12:11:32","date_gmt":"2025-09-02T09:11:32","guid":{"rendered":"https:\/\/www.zoner.fi\/tuki\/?page_id=137093"},"modified":"2025-09-25T17:05:23","modified_gmt":"2025-09-25T14:05:23","slug":"microsoft-365","status":"publish","type":"page","link":"https:\/\/www.zoner.fi\/tuki\/sahkopostiohjeet\/microsoft-365\/","title":{"rendered":"Microsoft 365"},"content":{"rendered":"<div class=\"gb-container gb-container-a312080f alignfull\">\n<div class=\"gb-container gb-container-6e82d28c\">\n<div class=\"gb-grid-wrapper gb-grid-wrapper-3a874a85\">\n<div class=\"gb-grid-column gb-grid-column-090218fb\"><div class=\"gb-container gb-container-090218fb\">\n\n<h2 class=\"gb-headline gb-headline-d1cf8de8 gb-headline-text\">Microsoft 365<\/h2>\n\n<\/div><\/div>\n\n<div class=\"gb-grid-column gb-grid-column-13046003\"><div class=\"gb-container gb-container-13046003\">\n\n<div class=\"gb-grid-wrapper gb-grid-wrapper-488d1d47 gb-query-loop-wrapper\">\n<div class=\"gb-grid-column gb-grid-column-c8295d55 gb-query-loop-item post-134118 page type-page status-publish category-microsoft-365 tag-microsoft-365\"><div class=\"gb-container gb-container-c8295d55\">\n<h2 class=\"gb-headline gb-headline-c81988be\"><span class=\"gb-icon\"><svg aria-hidden=\"true\" role=\"img\" height=\"1em\" width=\"1em\" viewbox=\"0 0 256 512\" xmlns=\"http:\/\/www.w3.org\/2000\/svg\"><path fill=\"currentColor\" d=\"M224.3 273l-136 136c-9.4 9.4-24.6 9.4-33.9 0l-22.6-22.6c-9.4-9.4-9.4-24.6 0-33.9l96.4-96.4-96.4-96.4c-9.4-9.4-9.4-24.6 0-33.9L54.3 103c9.4-9.4 24.6-9.4 33.9 0l136 136c9.5 9.4 9.5 24.6.1 34z\"><\/path><\/svg><\/span><span class=\"gb-headline-text\"><a href=\"https:\/\/www.zoner.fi\/tuki\/sahkopostiohjeet\/microsoft-365\/miten-lisaan-aliasosoitteen\/\">Miten lis\u00e4\u00e4n aliasosoitteen Microsoft 365 palvelussa.<\/a><\/span><\/h2>\n<\/div><\/div>\n\n<div class=\"gb-grid-column gb-grid-column-c8295d55 gb-query-loop-item post-134122 page type-page status-publish category-microsoft-365 tag-microsoft-365\"><div class=\"gb-container gb-container-c8295d55\">\n<h2 class=\"gb-headline gb-headline-c81988be\"><span class=\"gb-icon\"><svg aria-hidden=\"true\" role=\"img\" height=\"1em\" width=\"1em\" viewbox=\"0 0 256 512\" xmlns=\"http:\/\/www.w3.org\/2000\/svg\"><path fill=\"currentColor\" d=\"M224.3 273l-136 136c-9.4 9.4-24.6 9.4-33.9 0l-22.6-22.6c-9.4-9.4-9.4-24.6 0-33.9l96.4-96.4-96.4-96.4c-9.4-9.4-9.4-24.6 0-33.9L54.3 103c9.4-9.4 24.6-9.4 33.9 0l136 136c9.5 9.4 9.5 24.6.1 34z\"><\/path><\/svg><\/span><span class=\"gb-headline-text\"><a href=\"https:\/\/www.zoner.fi\/tuki\/sahkopostiohjeet\/microsoft-365\/miten-vaihdan-salasanan\/\">Miten vaihdan salasanan Microsoft 365 palvelussa.<\/a><\/span><\/h2>\n<\/div><\/div>\n\n<div class=\"gb-grid-column gb-grid-column-c8295d55 gb-query-loop-item post-134095 page type-page status-publish category-microsoft-365 tag-microsoft-365\"><div class=\"gb-container gb-container-c8295d55\">\n<h2 class=\"gb-headline gb-headline-c81988be\"><span class=\"gb-icon\"><svg aria-hidden=\"true\" role=\"img\" height=\"1em\" width=\"1em\" viewbox=\"0 0 256 512\" xmlns=\"http:\/\/www.w3.org\/2000\/svg\"><path fill=\"currentColor\" d=\"M224.3 273l-136 136c-9.4 9.4-24.6 9.4-33.9 0l-22.6-22.6c-9.4-9.4-9.4-24.6 0-33.9l96.4-96.4-96.4-96.4c-9.4-9.4-9.4-24.6 0-33.9L54.3 103c9.4-9.4 24.6-9.4 33.9 0l136 136c9.5 9.4 9.5 24.6.1 34z\"><\/path><\/svg><\/span><span class=\"gb-headline-text\"><a href=\"https:\/\/www.zoner.fi\/tuki\/sahkopostiohjeet\/microsoft-365\/miten-vahvistan-verkkotunnuksen\/\">Miten vahvistan verkkotunnuksen Microsoft 365<\/a><\/span><\/h2>\n<\/div><\/div>\n\n<div class=\"gb-grid-column gb-grid-column-c8295d55 gb-query-loop-item post-134112 page type-page status-publish category-microsoft-365 tag-microsoft-365\"><div class=\"gb-container gb-container-c8295d55\">\n<h2 class=\"gb-headline gb-headline-c81988be\"><span class=\"gb-icon\"><svg aria-hidden=\"true\" role=\"img\" height=\"1em\" width=\"1em\" viewbox=\"0 0 256 512\" xmlns=\"http:\/\/www.w3.org\/2000\/svg\"><path fill=\"currentColor\" d=\"M224.3 273l-136 136c-9.4 9.4-24.6 9.4-33.9 0l-22.6-22.6c-9.4-9.4-9.4-24.6 0-33.9l96.4-96.4-96.4-96.4c-9.4-9.4-9.4-24.6 0-33.9L54.3 103c9.4-9.4 24.6-9.4 33.9 0l136 136c9.5 9.4 9.5 24.6.1 34z\"><\/path><\/svg><\/span><span class=\"gb-headline-text\"><a href=\"https:\/\/www.zoner.fi\/tuki\/sahkopostiohjeet\/microsoft-365\/miten-luon-kayttajan\/\">Miten luon k\u00e4ytt\u00e4j\u00e4n Microsoft 365 palvelussa.<\/a><\/span><\/h2>\n<\/div><\/div>\n\n<div class=\"gb-grid-column gb-grid-column-c8295d55 gb-query-loop-item post-132380 page type-page status-publish category-microsoft-365 tag-microsoft-365\"><div class=\"gb-container gb-container-c8295d55\">\n<h2 class=\"gb-headline gb-headline-c81988be\"><span class=\"gb-icon\"><svg aria-hidden=\"true\" role=\"img\" height=\"1em\" width=\"1em\" viewbox=\"0 0 256 512\" xmlns=\"http:\/\/www.w3.org\/2000\/svg\"><path fill=\"currentColor\" d=\"M224.3 273l-136 136c-9.4 9.4-24.6 9.4-33.9 0l-22.6-22.6c-9.4-9.4-9.4-24.6 0-33.9l96.4-96.4-96.4-96.4c-9.4-9.4-9.4-24.6 0-33.9L54.3 103c9.4-9.4 24.6-9.4 33.9 0l136 136c9.5 9.4 9.5 24.6.1 34z\"><\/path><\/svg><\/span><span class=\"gb-headline-text\"><a href=\"https:\/\/www.zoner.fi\/tuki\/sahkopostiohjeet\/microsoft-365\/miten-onnistuu-outlook-salasanan-vaihto\/\">Miten onnistuu Outlook salasanan vaihto?\u00a0<\/a><\/span><\/h2>\n<\/div><\/div>\n\n<div class=\"gb-grid-column gb-grid-column-c8295d55 gb-query-loop-item post-132351 page type-page status-publish category-microsoft-365 tag-microsoft-365\"><div class=\"gb-container gb-container-c8295d55\">\n<h2 class=\"gb-headline gb-headline-c81988be\"><span class=\"gb-icon\"><svg aria-hidden=\"true\" role=\"img\" height=\"1em\" width=\"1em\" viewbox=\"0 0 256 512\" xmlns=\"http:\/\/www.w3.org\/2000\/svg\"><path fill=\"currentColor\" d=\"M224.3 273l-136 136c-9.4 9.4-24.6 9.4-33.9 0l-22.6-22.6c-9.4-9.4-9.4-24.6 0-33.9l96.4-96.4-96.4-96.4c-9.4-9.4-9.4-24.6 0-33.9L54.3 103c9.4-9.4 24.6-9.4 33.9 0l136 136c9.5 9.4 9.5 24.6.1 34z\"><\/path><\/svg><\/span><span class=\"gb-headline-text\"><a href=\"https:\/\/www.zoner.fi\/tuki\/sahkopostiohjeet\/microsoft-365\/miten-luodaan-outlook-automaattinen-vastaus\/\">Miten luodaan Outlook automaattinen vastaus?<\/a><\/span><\/h2>\n<\/div><\/div>\n\n<div class=\"gb-grid-column gb-grid-column-c8295d55 gb-query-loop-item post-129669 page type-page status-publish category-directadmin category-microsoft-365 tag-microsoft-365 tag-ohjelmistot\"><div class=\"gb-container gb-container-c8295d55\">\n<h2 class=\"gb-headline gb-headline-c81988be\"><span class=\"gb-icon\"><svg aria-hidden=\"true\" role=\"img\" height=\"1em\" width=\"1em\" viewbox=\"0 0 256 512\" xmlns=\"http:\/\/www.w3.org\/2000\/svg\"><path fill=\"currentColor\" d=\"M224.3 273l-136 136c-9.4 9.4-24.6 9.4-33.9 0l-22.6-22.6c-9.4-9.4-9.4-24.6 0-33.9l96.4-96.4-96.4-96.4c-9.4-9.4-9.4-24.6 0-33.9L54.3 103c9.4-9.4 24.6-9.4 33.9 0l136 136c9.5 9.4 9.5 24.6.1 34z\"><\/path><\/svg><\/span><span class=\"gb-headline-text\"><a href=\"https:\/\/www.zoner.fi\/tuki\/webhotellit\/miten-aktivoin-microsoft-365-sahkopostin-webhotellissa\/\">Miten aktivoin Microsoft 365 -s\u00e4hk\u00f6postin webhotellissa?<\/a><\/span><\/h2>\n<\/div><\/div>\n<\/div>\n\n<\/div><\/div>\n<\/div>\n<\/div>\n<\/div>","protected":false},"excerpt":{"rendered":"","protected":false},"author":1,"featured_media":0,"parent":229,"menu_order":0,"comment_status":"closed","ping_status":"closed","template":"","meta":{"_relevanssi_hide_post":"","_relevanssi_hide_content":"","_relevanssi_pin_for_all":"","_relevanssi_pin_keywords":"","_relevanssi_unpin_keywords":"","_relevanssi_related_keywords":"","_relevanssi_related_include_ids":"","_relevanssi_related_exclude_ids":"","_relevanssi_related_no_append":"","_relevanssi_related_not_related":"","_relevanssi_related_posts":"130964,135705,136529,130779,135525,132278","_relevanssi_noindex_reason":"","footnotes":""},"categories":[],"tags":[],"wf_page_folders":[],"class_list":["post-137093","page","type-page","status-publish"],"_links":{"self":[{"href":"https:\/\/www.zoner.fi\/tuki\/wp-json\/wp\/v2\/pages\/137093","targetHints":{"allow":["GET"]}}],"collection":[{"href":"https:\/\/www.zoner.fi\/tuki\/wp-json\/wp\/v2\/pages"}],"about":[{"href":"https:\/\/www.zoner.fi\/tuki\/wp-json\/wp\/v2\/types\/page"}],"author":[{"embeddable":true,"href":"https:\/\/www.zoner.fi\/tuki\/wp-json\/wp\/v2\/users\/1"}],"replies":[{"embeddable":true,"href":"https:\/\/www.zoner.fi\/tuki\/wp-json\/wp\/v2\/comments?post=137093"}],"version-history":[{"count":3,"href":"https:\/\/www.zoner.fi\/tuki\/wp-json\/wp\/v2\/pages\/137093\/revisions"}],"predecessor-version":[{"id":137738,"href":"https:\/\/www.zoner.fi\/tuki\/wp-json\/wp\/v2\/pages\/137093\/revisions\/137738"}],"up":[{"embeddable":true,"href":"https:\/\/www.zoner.fi\/tuki\/wp-json\/wp\/v2\/pages\/229"}],"wp:attachment":[{"href":"https:\/\/www.zoner.fi\/tuki\/wp-json\/wp\/v2\/media?parent=137093"}],"wp:term":[{"taxonomy":"category","embeddable":true,"href":"https:\/\/www.zoner.fi\/tuki\/wp-json\/wp\/v2\/categories?post=137093"},{"taxonomy":"post_tag","embeddable":true,"href":"https:\/\/www.zoner.fi\/tuki\/wp-json\/wp\/v2\/tags?post=137093"},{"taxonomy":"wf_page_folders","embeddable":true,"href":"https:\/\/www.zoner.fi\/tuki\/wp-json\/wp\/v2\/wf_page_folders?post=137093"}],"curies":[{"name":"wp","href":"https:\/\/api.w.org\/{rel}","templated":true}]}}