{"id":137227,"date":"2025-09-10T14:02:59","date_gmt":"2025-09-10T11:02:59","guid":{"rendered":"https:\/\/www.zoner.fi\/tuki\/?page_id=137227"},"modified":"2025-09-17T12:22:17","modified_gmt":"2025-09-17T09:22:17","slug":"sahkopostilaatikon-koko","status":"publish","type":"page","link":"https:\/\/www.zoner.fi\/tuki\/sahkopostiohjeet\/zoner-home\/sahkopostilaatikon-koko\/","title":{"rendered":"S\u00e4hk\u00f6postilaatikon koon muuttaminen"},"content":{"rendered":"\n<p>S\u00e4hk\u00f6postilaatikon kokoa voi muuttaa Zoner Homessa n\u00e4in:<\/p>\n\n\n\n<p>1. Kirjaudu Zoner Homeen osoitteessa <a href=\"https:\/\/home.zoner.fi\/\" target=\"_blank\" rel=\"noreferrer noopener\">https:\/\/home.zoner.fi<\/a><br>Ohje: <a href=\"https:\/\/www.zoner.fi\/tuki\/zoner-home\/miten-kirjaudun-zoner-home-hallintapaneeliin\/\">Miten kirjaudun Zoner Home -hallintapaneeliin?<\/a><\/p>\n\n\n\n<p>2. Avaa Zoner Homessa <strong>Omat tuotteet<\/strong> -v\u00e4lilehti.<\/p>\n\n\n\n<p>3. Klikkaa <strong>Verkkosivustot<\/strong>-kohdassa sit\u00e4 webhotellia, johon kuuluvan s\u00e4hk\u00f6postilaatikon kokoa haluat muuttaa.<\/p>\n\n\n\n<p>4. Klikkaa vasemmassa valikossa kohtaa <strong>S\u00e4hk\u00f6posti<\/strong>:<\/p>\n\n\n\n<figure class=\"wp-block-image size-large\"><img loading=\"lazy\" decoding=\"async\" width=\"1024\" height=\"744\" src=\"https:\/\/www.zoner.fi\/tuki\/wp-content\/uploads\/2025\/01\/sahkopostilaatikon-luominen-zoner-home-1-1024x744.png\" alt=\"Kuvakaappaus Zoner Homesta\" class=\"wp-image-135098\" srcset=\"https:\/\/www.zoner.fi\/tuki\/wp-content\/uploads\/2025\/01\/sahkopostilaatikon-luominen-zoner-home-1-1024x744.png 1024w, https:\/\/www.zoner.fi\/tuki\/wp-content\/uploads\/2025\/01\/sahkopostilaatikon-luominen-zoner-home-1-300x218.png 300w, https:\/\/www.zoner.fi\/tuki\/wp-content\/uploads\/2025\/01\/sahkopostilaatikon-luominen-zoner-home-1-768x558.png 768w, https:\/\/www.zoner.fi\/tuki\/wp-content\/uploads\/2025\/01\/sahkopostilaatikon-luominen-zoner-home-1.png 1463w\" sizes=\"auto, (max-width: 1024px) 100vw, 1024px\" \/><\/figure>\n\n\n\n<p>5. Klikkaa S\u00e4hk\u00f6posti-sivulla sit\u00e4 verkkotunnusta, jossa s\u00e4hk\u00f6postilaatikko sijaitsee.<\/p>\n\n\n\n<p>6. Klikkaa s\u00e4hk\u00f6postiosoitteen rivin lopussa kuvaketta, jossa on kolme pistett\u00e4. Valitse avautuneesta valikosta <strong>Asetukset<\/strong>:<\/p>\n\n\n\n<figure class=\"wp-block-image size-large\"><img loading=\"lazy\" decoding=\"async\" width=\"1024\" height=\"747\" src=\"https:\/\/www.zoner.fi\/tuki\/wp-content\/uploads\/2025\/01\/lomavastaaja-zoner-home-1-1-1024x747.png\" alt=\"Kuvakaappaus Zoner Homesta\" class=\"wp-image-135126\" srcset=\"https:\/\/www.zoner.fi\/tuki\/wp-content\/uploads\/2025\/01\/lomavastaaja-zoner-home-1-1-1024x747.png 1024w, https:\/\/www.zoner.fi\/tuki\/wp-content\/uploads\/2025\/01\/lomavastaaja-zoner-home-1-1-300x219.png 300w, https:\/\/www.zoner.fi\/tuki\/wp-content\/uploads\/2025\/01\/lomavastaaja-zoner-home-1-1-768x560.png 768w, https:\/\/www.zoner.fi\/tuki\/wp-content\/uploads\/2025\/01\/lomavastaaja-zoner-home-1-1.png 1388w\" sizes=\"auto, (max-width: 1024px) 100vw, 1024px\" \/><\/figure>\n\n\n\n<p>7. N\u00e4et nyt s\u00e4hk\u00f6postitilin asetukset. Voit m\u00e4\u00e4ritt\u00e4\u00e4 s\u00e4hk\u00f6postilaatikon koon <strong>Levytila<\/strong>-kohdassa. Kirjoita kentt\u00e4\u00e4n laatikon koko gigatavuina ja klikkaa lopuksi <strong>Tallenna<\/strong>:<\/p>\n\n\n\n<figure class=\"wp-block-image size-large\"><img loading=\"lazy\" decoding=\"async\" width=\"1024\" height=\"694\" src=\"https:\/\/www.zoner.fi\/tuki\/wp-content\/uploads\/2025\/01\/zoner-home-sahkoposti-asetukset-koon-muuttaminen-1024x694.png\" alt=\"Kuvakaappaus Zoner Homesta\" class=\"wp-image-135176\" srcset=\"https:\/\/www.zoner.fi\/tuki\/wp-content\/uploads\/2025\/01\/zoner-home-sahkoposti-asetukset-koon-muuttaminen-1024x694.png 1024w, https:\/\/www.zoner.fi\/tuki\/wp-content\/uploads\/2025\/01\/zoner-home-sahkoposti-asetukset-koon-muuttaminen-300x203.png 300w, https:\/\/www.zoner.fi\/tuki\/wp-content\/uploads\/2025\/01\/zoner-home-sahkoposti-asetukset-koon-muuttaminen-768x520.png 768w, https:\/\/www.zoner.fi\/tuki\/wp-content\/uploads\/2025\/01\/zoner-home-sahkoposti-asetukset-koon-muuttaminen.png 1444w\" sizes=\"auto, (max-width: 1024px) 100vw, 1024px\" \/><\/figure>\n","protected":false},"excerpt":{"rendered":"<p>T\u00e4ss\u00e4 ohjeessa k\u00e4yd\u00e4\u00e4n l\u00e4pi webhotelliin liittyv\u00e4n s\u00e4hk\u00f6postilaatikon koon muuttaminen.<\/p>\n","protected":false},"author":18,"featured_media":0,"parent":137087,"menu_order":0,"comment_status":"closed","ping_status":"closed","template":"","meta":{"_relevanssi_hide_post":"","_relevanssi_hide_content":"","_relevanssi_pin_for_all":"","_relevanssi_pin_keywords":"","_relevanssi_unpin_keywords":"","_relevanssi_related_keywords":"","_relevanssi_related_include_ids":"","_relevanssi_related_exclude_ids":"","_relevanssi_related_no_append":"","_relevanssi_related_not_related":"","_relevanssi_related_posts":"1076,1063,1066","_relevanssi_noindex_reason":"","footnotes":""},"categories":[194],"tags":[214],"wf_page_folders":[],"class_list":{"0":"post-137227","1":"page","2":"type-page","3":"status-publish","5":"category-zoner-home","6":"tag-sahkopostin-hallinta"},"_links":{"self":[{"href":"https:\/\/www.zoner.fi\/tuki\/wp-json\/wp\/v2\/pages\/137227","targetHints":{"allow":["GET"]}}],"collection":[{"href":"https:\/\/www.zoner.fi\/tuki\/wp-json\/wp\/v2\/pages"}],"about":[{"href":"https:\/\/www.zoner.fi\/tuki\/wp-json\/wp\/v2\/types\/page"}],"author":[{"embeddable":true,"href":"https:\/\/www.zoner.fi\/tuki\/wp-json\/wp\/v2\/users\/18"}],"replies":[{"embeddable":true,"href":"https:\/\/www.zoner.fi\/tuki\/wp-json\/wp\/v2\/comments?post=137227"}],"version-history":[{"count":2,"href":"https:\/\/www.zoner.fi\/tuki\/wp-json\/wp\/v2\/pages\/137227\/revisions"}],"predecessor-version":[{"id":137229,"href":"https:\/\/www.zoner.fi\/tuki\/wp-json\/wp\/v2\/pages\/137227\/revisions\/137229"}],"up":[{"embeddable":true,"href":"https:\/\/www.zoner.fi\/tuki\/wp-json\/wp\/v2\/pages\/137087"}],"wp:attachment":[{"href":"https:\/\/www.zoner.fi\/tuki\/wp-json\/wp\/v2\/media?parent=137227"}],"wp:term":[{"taxonomy":"category","embeddable":true,"href":"https:\/\/www.zoner.fi\/tuki\/wp-json\/wp\/v2\/categories?post=137227"},{"taxonomy":"post_tag","embeddable":true,"href":"https:\/\/www.zoner.fi\/tuki\/wp-json\/wp\/v2\/tags?post=137227"},{"taxonomy":"wf_page_folders","embeddable":true,"href":"https:\/\/www.zoner.fi\/tuki\/wp-json\/wp\/v2\/wf_page_folders?post=137227"}],"curies":[{"name":"wp","href":"https:\/\/api.w.org\/{rel}","templated":true}]}}