{"id":137232,"date":"2025-09-10T14:27:02","date_gmt":"2025-09-10T11:27:02","guid":{"rendered":"https:\/\/www.zoner.fi\/tuki\/?page_id=137232"},"modified":"2025-09-17T12:21:45","modified_gmt":"2025-09-17T09:21:45","slug":"sahkopostin-uudelleenohjaus","status":"publish","type":"page","link":"https:\/\/www.zoner.fi\/tuki\/sahkopostiohjeet\/zoner-home\/sahkopostin-uudelleenohjaus\/","title":{"rendered":"Miten v\u00e4lit\u00e4n viestit toiseen osoitteeseen webhotellin s\u00e4hk\u00f6postissa?"},"content":{"rendered":"\n<p>Kun haluat s\u00e4hk\u00f6postilaatikon liikenteen ohjautumaan toiseen osoitteeseen, voit luoda sille uudelleenohjauksen (email forwarder). Uudelleenohjauksen voi m\u00e4\u00e4ritt\u00e4\u00e4 joko webhotellin hallintapaneelissa tai Webmailissa.<\/p>\n\n\n\n<ul class=\"wp-block-list\">\n<li><a href=\"#1\">Mik\u00e4 on s\u00e4hk\u00f6postin uudelleenohjaus?<\/a><\/li>\n\n\n\n<li><a href=\"#2\">Uudelleenohjauksen luominen <strong>webhotellin hallintapaneelissa<\/strong><\/a><\/li>\n\n\n\n<li><a href=\"#3\">Uudelleenohjauksen luominen <strong>webmailissa<\/strong><\/a><\/li>\n<\/ul>\n\n\n\n<h2 class=\"wp-block-heading\" id=\"1\">Mik\u00e4 on s\u00e4hk\u00f6postin uudelleenohjaus?<\/h2>\n\n\n\n<p>S\u00e4hk\u00f6postin uudelleenohjauksella (email forwarder) tarkoitetaan automaattista toimenpidett\u00e4, jossa m\u00e4\u00e4ritettyyn s\u00e4hk\u00f6postiosoitteeseen saapuva viesti ohjataan automaattisesti johonkin toiseen s\u00e4hk\u00f6postiosoitteeseen.<\/p>\n\n\n\n<p>Uudelleenohjauksen toimimiseksi vaaditaan verkkotunnuksen s\u00e4hk\u00f6postiliikenteen ohjautuminen webhotelliin, mutta osoite, johon viesti ohjataan, voi puolestaan olla mik\u00e4 tahansa s\u00e4hk\u00f6postiosoite.<\/p>\n\n\n\n<p>Uudelleenohjattava s\u00e4hk\u00f6postiosoite ei vaadi olemassa olevaa s\u00e4hk\u00f6postilaatikkoa webhotellissa. Mik\u00e4li s\u00e4hk\u00f6postilaatikko on olemassa webhotellissa, tallentuu uudelleenohjattava viesti webhotellin s\u00e4hk\u00f6postilaatikkoon sek\u00e4 ohjataan uudelleen m\u00e4\u00e4ritettyyn osoitteeseen.<\/p>\n\n\n\n<h2 class=\"wp-block-heading\" id=\"2\">Uudelleenohjauksen luominen webhotellin hallintapaneelissa<\/h2>\n\n\n\n<p>1. Kirjaudu Zoner Homeen osoitteessa <a href=\"https:\/\/home.zoner.fi\/\" target=\"_blank\" rel=\"noreferrer noopener\">https:\/\/home.zoner.fi<\/a><br>Ohje: <a href=\"https:\/\/www.zoner.fi\/tuki\/zoner-home\/miten-kirjaudun-zoner-home-hallintapaneeliin\/\">Miten kirjaudun Zoner Home -hallintapaneeliin?<\/a><\/p>\n\n\n\n<p>2. Avaa Zoner Homessa <strong>Omat tuotteet<\/strong> -v\u00e4lilehti.<\/p>\n\n\n\n<p>3. Klikkaa <strong>Verkkosivustot<\/strong>-kohdassa sit\u00e4 webhotellia, johon s\u00e4hk\u00f6posti kuuluu.<\/p>\n\n\n\n<p>4. Klikkaa vasemmassa valikossa kohtaa <strong>S\u00e4hk\u00f6posti<\/strong>:<\/p>\n\n\n\n<figure class=\"wp-block-image size-large\"><img loading=\"lazy\" decoding=\"async\" width=\"1024\" height=\"744\" src=\"https:\/\/www.zoner.fi\/tuki\/wp-content\/uploads\/2025\/01\/sahkopostilaatikon-luominen-zoner-home-1-1024x744.png\" alt=\"\" class=\"wp-image-135098\" srcset=\"https:\/\/www.zoner.fi\/tuki\/wp-content\/uploads\/2025\/01\/sahkopostilaatikon-luominen-zoner-home-1-1024x744.png 1024w, https:\/\/www.zoner.fi\/tuki\/wp-content\/uploads\/2025\/01\/sahkopostilaatikon-luominen-zoner-home-1-300x218.png 300w, https:\/\/www.zoner.fi\/tuki\/wp-content\/uploads\/2025\/01\/sahkopostilaatikon-luominen-zoner-home-1-768x558.png 768w, https:\/\/www.zoner.fi\/tuki\/wp-content\/uploads\/2025\/01\/sahkopostilaatikon-luominen-zoner-home-1.png 1463w\" sizes=\"auto, (max-width: 1024px) 100vw, 1024px\" \/><\/figure>\n\n\n\n<p>5. Klikkaa S\u00e4hk\u00f6posti-sivulla sit\u00e4 verkkotunnusta, jossa s\u00e4hk\u00f6postilaatikko sijaitsee.<\/p>\n\n\n\n<p>6. Klikkaa s\u00e4hk\u00f6postiosoitteen rivin lopussa kuvaketta, jossa on kolme pistett\u00e4. Valitse avautuneesta valikosta <strong>Edelleenl\u00e4hetys<\/strong>:<\/p>\n\n\n\n<figure class=\"wp-block-image size-large\"><img loading=\"lazy\" decoding=\"async\" width=\"1024\" height=\"747\" src=\"https:\/\/www.zoner.fi\/tuki\/wp-content\/uploads\/2025\/01\/lomavastaaja-zoner-home-1-1-1024x747.png\" alt=\"\" class=\"wp-image-135126\" srcset=\"https:\/\/www.zoner.fi\/tuki\/wp-content\/uploads\/2025\/01\/lomavastaaja-zoner-home-1-1-1024x747.png 1024w, https:\/\/www.zoner.fi\/tuki\/wp-content\/uploads\/2025\/01\/lomavastaaja-zoner-home-1-1-300x219.png 300w, https:\/\/www.zoner.fi\/tuki\/wp-content\/uploads\/2025\/01\/lomavastaaja-zoner-home-1-1-768x560.png 768w, https:\/\/www.zoner.fi\/tuki\/wp-content\/uploads\/2025\/01\/lomavastaaja-zoner-home-1-1.png 1388w\" sizes=\"auto, (max-width: 1024px) 100vw, 1024px\" \/><\/figure>\n\n\n\n<p>7. N\u00e4et nyt s\u00e4hk\u00f6postitilin asetukset. Voit m\u00e4\u00e4ritt\u00e4\u00e4 edelleenl\u00e4hetyksen <strong>L\u00e4het\u00e4 s\u00e4hk\u00f6postit edelleen<\/strong> -kohdassa. Aseta ensin edelleenl\u00e4hetys p\u00e4\u00e4lle klikkaamalla oikeassa reunassa olevaa painiketta. Kirjoita kentt\u00e4\u00e4n osoite tai osoitteet, joihin haluat v\u00e4litt\u00e4\u00e4 s\u00e4hk\u00f6postit, ja klikkaa lopuksi <strong>Tallenna<\/strong>:<\/p>\n\n\n\n<figure class=\"wp-block-image size-large\"><img loading=\"lazy\" decoding=\"async\" width=\"1024\" height=\"694\" src=\"https:\/\/www.zoner.fi\/tuki\/wp-content\/uploads\/2025\/01\/zoner-home-sahkoposti-edelleenlahetys-1024x694.png\" alt=\"\" class=\"wp-image-135181\" srcset=\"https:\/\/www.zoner.fi\/tuki\/wp-content\/uploads\/2025\/01\/zoner-home-sahkoposti-edelleenlahetys-1024x694.png 1024w, https:\/\/www.zoner.fi\/tuki\/wp-content\/uploads\/2025\/01\/zoner-home-sahkoposti-edelleenlahetys-300x203.png 300w, https:\/\/www.zoner.fi\/tuki\/wp-content\/uploads\/2025\/01\/zoner-home-sahkoposti-edelleenlahetys-768x520.png 768w, https:\/\/www.zoner.fi\/tuki\/wp-content\/uploads\/2025\/01\/zoner-home-sahkoposti-edelleenlahetys.png 1444w\" sizes=\"auto, (max-width: 1024px) 100vw, 1024px\" \/><\/figure>\n\n\n\n<h2 class=\"wp-block-heading\" id=\"3\">Uudelleenohjauksen luominen webmailissa<\/h2>\n\n\n\n<p>Uudelleenohjauksen voi m\u00e4\u00e4ritt\u00e4\u00e4 my\u00f6s suoraan Roundcube-webmailissa. Ohje:<\/p>\n\n\n\n<ul class=\"wp-block-list\">\n<li><a href=\"https:\/\/www.zoner.fi\/tuki\/sahkopostiohjeet\/webmail-sahkopostin-uudelleenohjaus-suodattimen-avulla\/\">Webmail &#8211; S\u00e4hk\u00f6postin uudelleenohjaus suodattimen avulla<\/a><\/li>\n<\/ul>\n\n\n\n<p><\/p>\n","protected":false},"excerpt":{"rendered":"<p>Kun haluat s\u00e4hk\u00f6postilaatikon liikenteen ohjautumaan toiseen osoitteeseen, voit luoda sille uudelleenohjauksen (email forwarder).<\/p>\n","protected":false},"author":18,"featured_media":0,"parent":137087,"menu_order":0,"comment_status":"closed","ping_status":"closed","template":"","meta":{"_relevanssi_hide_post":"","_relevanssi_hide_content":"","_relevanssi_pin_for_all":"","_relevanssi_pin_keywords":"","_relevanssi_unpin_keywords":"","_relevanssi_related_keywords":"","_relevanssi_related_include_ids":"","_relevanssi_related_exclude_ids":"","_relevanssi_related_no_append":"","_relevanssi_related_not_related":"","_relevanssi_related_posts":"1063,1076,1066","_relevanssi_noindex_reason":"","footnotes":""},"categories":[194],"tags":[214],"wf_page_folders":[],"class_list":{"0":"post-137232","1":"page","2":"type-page","3":"status-publish","5":"category-zoner-home","6":"tag-sahkopostin-hallinta"},"_links":{"self":[{"href":"https:\/\/www.zoner.fi\/tuki\/wp-json\/wp\/v2\/pages\/137232","targetHints":{"allow":["GET"]}}],"collection":[{"href":"https:\/\/www.zoner.fi\/tuki\/wp-json\/wp\/v2\/pages"}],"about":[{"href":"https:\/\/www.zoner.fi\/tuki\/wp-json\/wp\/v2\/types\/page"}],"author":[{"embeddable":true,"href":"https:\/\/www.zoner.fi\/tuki\/wp-json\/wp\/v2\/users\/18"}],"replies":[{"embeddable":true,"href":"https:\/\/www.zoner.fi\/tuki\/wp-json\/wp\/v2\/comments?post=137232"}],"version-history":[{"count":4,"href":"https:\/\/www.zoner.fi\/tuki\/wp-json\/wp\/v2\/pages\/137232\/revisions"}],"predecessor-version":[{"id":137241,"href":"https:\/\/www.zoner.fi\/tuki\/wp-json\/wp\/v2\/pages\/137232\/revisions\/137241"}],"up":[{"embeddable":true,"href":"https:\/\/www.zoner.fi\/tuki\/wp-json\/wp\/v2\/pages\/137087"}],"wp:attachment":[{"href":"https:\/\/www.zoner.fi\/tuki\/wp-json\/wp\/v2\/media?parent=137232"}],"wp:term":[{"taxonomy":"category","embeddable":true,"href":"https:\/\/www.zoner.fi\/tuki\/wp-json\/wp\/v2\/categories?post=137232"},{"taxonomy":"post_tag","embeddable":true,"href":"https:\/\/www.zoner.fi\/tuki\/wp-json\/wp\/v2\/tags?post=137232"},{"taxonomy":"wf_page_folders","embeddable":true,"href":"https:\/\/www.zoner.fi\/tuki\/wp-json\/wp\/v2\/wf_page_folders?post=137232"}],"curies":[{"name":"wp","href":"https:\/\/api.w.org\/{rel}","templated":true}]}}