{"id":137253,"date":"2025-09-10T15:36:08","date_gmt":"2025-09-10T12:36:08","guid":{"rendered":"https:\/\/www.zoner.fi\/tuki\/?page_id=137253"},"modified":"2025-09-17T12:20:40","modified_gmt":"2025-09-17T09:20:40","slug":"sahkopostilaatikon-luonti","status":"publish","type":"page","link":"https:\/\/www.zoner.fi\/tuki\/sahkopostiohjeet\/zoner-home\/sahkopostilaatikon-luonti\/","title":{"rendered":"Miten luon tai poistan s\u00e4hk\u00f6postilaatikon webhotellissa?"},"content":{"rendered":"\n<p>S\u00e4hk\u00f6postilaatikoita voi luoda ja poistaa webhotellin Zoner Home -hallintapaneelissa.<\/p>\n\n\n\n<ul class=\"wp-block-list\">\n<li><a href=\"#1\">S\u00e4hk\u00f6postilaatikon luonti<\/a><\/li>\n\n\n\n<li><a href=\"#3\">S\u00e4hk\u00f6postilaatikon poistaminen<\/a><\/li>\n<\/ul>\n\n\n\n<h2 class=\"wp-block-heading\" id=\"1\">S\u00e4hk\u00f6postilaatikon luonti<\/h2>\n\n\n\n<p>1. Kirjaudu Zoner Homeen osoitteessa <a href=\"https:\/\/home.zoner.fi\/\" target=\"_blank\" rel=\"noreferrer noopener\">https:\/\/home.zoner.fi<\/a><br>Ohje: <a href=\"https:\/\/www.zoner.fi\/tuki\/zoner-home\/miten-kirjaudun-zoner-home-hallintapaneeliin\/\">Miten kirjaudun Zoner Home -hallintapaneeliin<\/a><\/p>\n\n\n\n<p>2. Avaa Zoner Homessa <strong>Omat tuotteet<\/strong> -v\u00e4lilehti.<\/p>\n\n\n\n<p>3. Klikkaa <strong>Verkkosivustot<\/strong>-kohdassa sit\u00e4 webhotellia, johon haluat luoda s\u00e4hk\u00f6postilaatikon.<\/p>\n\n\n\n<p>4. Klikkaa vasemmassa valikossa kohtaa <strong>S\u00e4hk\u00f6posti<\/strong>.<\/p>\n\n\n\n<figure class=\"wp-block-image size-large\"><img loading=\"lazy\" decoding=\"async\" width=\"1024\" height=\"744\" src=\"https:\/\/www.zoner.fi\/tuki\/wp-content\/uploads\/2025\/01\/sahkopostilaatikon-luominen-zoner-home-1-1024x744.png\" alt=\"Kuvakaappaus Zoner Home -hallintapaneelista\" class=\"wp-image-135098\" srcset=\"https:\/\/www.zoner.fi\/tuki\/wp-content\/uploads\/2025\/01\/sahkopostilaatikon-luominen-zoner-home-1-1024x744.png 1024w, https:\/\/www.zoner.fi\/tuki\/wp-content\/uploads\/2025\/01\/sahkopostilaatikon-luominen-zoner-home-1-300x218.png 300w, https:\/\/www.zoner.fi\/tuki\/wp-content\/uploads\/2025\/01\/sahkopostilaatikon-luominen-zoner-home-1-768x558.png 768w, https:\/\/www.zoner.fi\/tuki\/wp-content\/uploads\/2025\/01\/sahkopostilaatikon-luominen-zoner-home-1.png 1463w\" sizes=\"auto, (max-width: 1024px) 100vw, 1024px\" \/><\/figure>\n\n\n\n<p>5. Klikkaa <strong>Uusi s\u00e4hk\u00f6postitili <\/strong>-painiketta.<\/p>\n\n\n\n<figure class=\"wp-block-image size-large is-resized\"><img loading=\"lazy\" decoding=\"async\" width=\"1024\" height=\"744\" src=\"https:\/\/www.zoner.fi\/tuki\/wp-content\/uploads\/2025\/01\/sahkopostilaatikon-luominen-zoner-home-2-1024x744.png\" alt=\"Kuvakaappaus Zoner Home -hallintapaneelista\" class=\"wp-image-135099\" style=\"width:888px;height:auto\" srcset=\"https:\/\/www.zoner.fi\/tuki\/wp-content\/uploads\/2025\/01\/sahkopostilaatikon-luominen-zoner-home-2-1024x744.png 1024w, https:\/\/www.zoner.fi\/tuki\/wp-content\/uploads\/2025\/01\/sahkopostilaatikon-luominen-zoner-home-2-300x218.png 300w, https:\/\/www.zoner.fi\/tuki\/wp-content\/uploads\/2025\/01\/sahkopostilaatikon-luominen-zoner-home-2-768x558.png 768w, https:\/\/www.zoner.fi\/tuki\/wp-content\/uploads\/2025\/01\/sahkopostilaatikon-luominen-zoner-home-2.png 1463w\" sizes=\"auto, (max-width: 1024px) 100vw, 1024px\" \/><\/figure>\n\n\n\n<p>6. Sy\u00f6t\u00e4 s\u00e4hk\u00f6postilaatikon tiedot kenttiin. Klikkaa lopuksi <strong>Luo<\/strong>-painiketta.<\/p>\n\n\n\n<figure class=\"wp-block-image size-large\"><img loading=\"lazy\" decoding=\"async\" width=\"1024\" height=\"744\" src=\"https:\/\/www.zoner.fi\/tuki\/wp-content\/uploads\/2025\/01\/sahkopostilaatikon-luominen-zoner-home-3-1024x744.png\" alt=\"Kuvakaappaus Zoner Home -hallintapaneelista\" class=\"wp-image-135100\" srcset=\"https:\/\/www.zoner.fi\/tuki\/wp-content\/uploads\/2025\/01\/sahkopostilaatikon-luominen-zoner-home-3-1024x744.png 1024w, https:\/\/www.zoner.fi\/tuki\/wp-content\/uploads\/2025\/01\/sahkopostilaatikon-luominen-zoner-home-3-300x218.png 300w, https:\/\/www.zoner.fi\/tuki\/wp-content\/uploads\/2025\/01\/sahkopostilaatikon-luominen-zoner-home-3-768x558.png 768w, https:\/\/www.zoner.fi\/tuki\/wp-content\/uploads\/2025\/01\/sahkopostilaatikon-luominen-zoner-home-3.png 1463w\" sizes=\"auto, (max-width: 1024px) 100vw, 1024px\" \/><\/figure>\n\n\n\n<p>7. S\u00e4hk\u00f6postilaatikko on luotu. N\u00e4et nyt tiedot, joiden avulla voit m\u00e4\u00e4ritt\u00e4\u00e4 sen esimerkiksi <a href=\"https:\/\/www.zoner.fi\/tuki\/sahkopostiohjeet\/miten-yhdistan-sahkopostin-outlookiin\/\">Outlookissa<\/a>, <a href=\"https:\/\/www.zoner.fi\/tuki\/sahkopostiohjeet\/miten-yhdistan-sahkopostin-gmailiin\/\">Gmailissa <\/a>ja muissa s\u00e4hk\u00f6postiohjelmissa.<\/p>\n\n\n\n<h2 class=\"wp-block-heading\" id=\"2\">S\u00e4hk\u00f6postilaatikon poistaminen<\/h2>\n\n\n\n<p>1. Kirjaudu Zoner Homeen osoitteessa <a href=\"https:\/\/home.zoner.fi\/\" target=\"_blank\" rel=\"noreferrer noopener\">https:\/\/home.zoner.fi<\/a><br>Ohje: <a href=\"https:\/\/www.zoner.fi\/tuki\/zoner-home\/miten-kirjaudun-zoner-home-hallintapaneeliin\/\">Miten kirjaudun Zoner Home -hallintapaneeliin<\/a><\/p>\n\n\n\n<p>2. Avaa Zoner Homessa <strong>Omat tuotteet<\/strong> -v\u00e4lilehti.<\/p>\n\n\n\n<p>3. Klikkaa <strong>Verkkosivustot<\/strong>-kohdassa sit\u00e4 webhotellia, johon haluat luoda s\u00e4hk\u00f6postilaatikon.<\/p>\n\n\n\n<p>4. Klikkaa vasemmassa valikossa kohtaa <strong>S\u00e4hk\u00f6posti<\/strong>.<\/p>\n\n\n\n<figure class=\"wp-block-image size-large\"><img loading=\"lazy\" decoding=\"async\" width=\"1024\" height=\"744\" src=\"https:\/\/www.zoner.fi\/tuki\/wp-content\/uploads\/2025\/01\/sahkopostilaatikon-luominen-zoner-home-1-1024x744.png\" alt=\"Kuvakaappaus Zoner Home -hallintapaneelista\" class=\"wp-image-135098\" srcset=\"https:\/\/www.zoner.fi\/tuki\/wp-content\/uploads\/2025\/01\/sahkopostilaatikon-luominen-zoner-home-1-1024x744.png 1024w, https:\/\/www.zoner.fi\/tuki\/wp-content\/uploads\/2025\/01\/sahkopostilaatikon-luominen-zoner-home-1-300x218.png 300w, https:\/\/www.zoner.fi\/tuki\/wp-content\/uploads\/2025\/01\/sahkopostilaatikon-luominen-zoner-home-1-768x558.png 768w, https:\/\/www.zoner.fi\/tuki\/wp-content\/uploads\/2025\/01\/sahkopostilaatikon-luominen-zoner-home-1.png 1463w\" sizes=\"auto, (max-width: 1024px) 100vw, 1024px\" \/><\/figure>\n\n\n\n<p>5. Klikkaa S\u00e4hk\u00f6posti-sivulla verkkotunnusta p\u00e4\u00e4st\u00e4ksesi sen s\u00e4hk\u00f6postiosoitteisiin.<\/p>\n\n\n\n<figure class=\"wp-block-image size-large\"><img loading=\"lazy\" decoding=\"async\" width=\"1024\" height=\"744\" src=\"https:\/\/www.zoner.fi\/tuki\/wp-content\/uploads\/2025\/01\/catch-all-osoitteen-luominen-zoner-homessa-1-1024x744.png\" alt=\"Kuvakaappaus Zoner Home -hallintapaneelista\" class=\"wp-image-135101\" srcset=\"https:\/\/www.zoner.fi\/tuki\/wp-content\/uploads\/2025\/01\/catch-all-osoitteen-luominen-zoner-homessa-1-1024x744.png 1024w, https:\/\/www.zoner.fi\/tuki\/wp-content\/uploads\/2025\/01\/catch-all-osoitteen-luominen-zoner-homessa-1-300x218.png 300w, https:\/\/www.zoner.fi\/tuki\/wp-content\/uploads\/2025\/01\/catch-all-osoitteen-luominen-zoner-homessa-1-768x558.png 768w, https:\/\/www.zoner.fi\/tuki\/wp-content\/uploads\/2025\/01\/catch-all-osoitteen-luominen-zoner-homessa-1.png 1463w\" sizes=\"auto, (max-width: 1024px) 100vw, 1024px\" \/><\/figure>\n\n\n\n<p>6. Klikkaa kolmea pistett\u00e4 sen s\u00e4hk\u00f6postitilin oikeassa reunassa, jonka haluat poistaa. Klikkaa sitten avautuneesta valikosta <strong>Poista<\/strong>, ja seuraa ponnahdusikkunan ohjeita.<\/p>\n\n\n\n<figure class=\"wp-block-image size-large\"><img loading=\"lazy\" decoding=\"async\" width=\"1024\" height=\"531\" src=\"https:\/\/www.zoner.fi\/tuki\/wp-content\/uploads\/2025\/02\/sahkopostilaatikon-poistaminen-zoner-home-1-1024x531.png\" alt=\"Kuvakaappaus Zoner Home -hallintapaneelista\" class=\"wp-image-135276\" srcset=\"https:\/\/www.zoner.fi\/tuki\/wp-content\/uploads\/2025\/02\/sahkopostilaatikon-poistaminen-zoner-home-1-1024x531.png 1024w, https:\/\/www.zoner.fi\/tuki\/wp-content\/uploads\/2025\/02\/sahkopostilaatikon-poistaminen-zoner-home-1-300x156.png 300w, https:\/\/www.zoner.fi\/tuki\/wp-content\/uploads\/2025\/02\/sahkopostilaatikon-poistaminen-zoner-home-1-768x399.png 768w, https:\/\/www.zoner.fi\/tuki\/wp-content\/uploads\/2025\/02\/sahkopostilaatikon-poistaminen-zoner-home-1.png 1482w\" sizes=\"auto, (max-width: 1024px) 100vw, 1024px\" \/><\/figure>\n","protected":false},"excerpt":{"rendered":"<p>T\u00e4ss\u00e4 ohjeessa k\u00e4yd\u00e4\u00e4n l\u00e4pi, miten luot s\u00e4hk\u00f6postitilin webhotelliin. <\/p>\n","protected":false},"author":18,"featured_media":0,"parent":137087,"menu_order":0,"comment_status":"closed","ping_status":"closed","template":"","meta":{"_relevanssi_hide_post":"","_relevanssi_hide_content":"","_relevanssi_pin_for_all":"","_relevanssi_pin_keywords":"","_relevanssi_unpin_keywords":"","_relevanssi_related_keywords":"","_relevanssi_related_include_ids":"","_relevanssi_related_exclude_ids":"","_relevanssi_related_no_append":"","_relevanssi_related_not_related":"","_relevanssi_related_posts":"1063,1076,1066","_relevanssi_noindex_reason":"","footnotes":""},"categories":[194],"tags":[214],"wf_page_folders":[],"class_list":{"0":"post-137253","1":"page","2":"type-page","3":"status-publish","5":"category-zoner-home","6":"tag-sahkopostin-hallinta"},"_links":{"self":[{"href":"https:\/\/www.zoner.fi\/tuki\/wp-json\/wp\/v2\/pages\/137253","targetHints":{"allow":["GET"]}}],"collection":[{"href":"https:\/\/www.zoner.fi\/tuki\/wp-json\/wp\/v2\/pages"}],"about":[{"href":"https:\/\/www.zoner.fi\/tuki\/wp-json\/wp\/v2\/types\/page"}],"author":[{"embeddable":true,"href":"https:\/\/www.zoner.fi\/tuki\/wp-json\/wp\/v2\/users\/18"}],"replies":[{"embeddable":true,"href":"https:\/\/www.zoner.fi\/tuki\/wp-json\/wp\/v2\/comments?post=137253"}],"version-history":[{"count":2,"href":"https:\/\/www.zoner.fi\/tuki\/wp-json\/wp\/v2\/pages\/137253\/revisions"}],"predecessor-version":[{"id":137255,"href":"https:\/\/www.zoner.fi\/tuki\/wp-json\/wp\/v2\/pages\/137253\/revisions\/137255"}],"up":[{"embeddable":true,"href":"https:\/\/www.zoner.fi\/tuki\/wp-json\/wp\/v2\/pages\/137087"}],"wp:attachment":[{"href":"https:\/\/www.zoner.fi\/tuki\/wp-json\/wp\/v2\/media?parent=137253"}],"wp:term":[{"taxonomy":"category","embeddable":true,"href":"https:\/\/www.zoner.fi\/tuki\/wp-json\/wp\/v2\/categories?post=137253"},{"taxonomy":"post_tag","embeddable":true,"href":"https:\/\/www.zoner.fi\/tuki\/wp-json\/wp\/v2\/tags?post=137253"},{"taxonomy":"wf_page_folders","embeddable":true,"href":"https:\/\/www.zoner.fi\/tuki\/wp-json\/wp\/v2\/wf_page_folders?post=137253"}],"curies":[{"name":"wp","href":"https:\/\/api.w.org\/{rel}","templated":true}]}}