{"id":137256,"date":"2025-09-10T15:43:41","date_gmt":"2025-09-10T12:43:41","guid":{"rendered":"https:\/\/www.zoner.fi\/tuki\/?page_id=137256"},"modified":"2025-09-17T12:20:06","modified_gmt":"2025-09-17T09:20:06","slug":"catch-all-osoite","status":"publish","type":"page","link":"https:\/\/www.zoner.fi\/tuki\/sahkopostiohjeet\/zoner-home\/catch-all-osoite\/","title":{"rendered":"Miten luon catch-all-osoitteen webhotellissa?"},"content":{"rendered":"\n<p>Catch-all osoitteen avulla voit saada verkkotunnukseesi l\u00e4hetetyn viestin, vaikka sen osoitteessa olisi kirjoitusvirheit\u00e4. L\u00e4hett\u00e4j\u00e4 on voinut vahingossa kirjoittaa osoitteeksi\u00a0<em>&#8221;mtti@domain.com&#8221;<\/em>, kun tarkoitus on ollut kirjoittaa\u00a0<em>&#8221;matti@domain.com&#8221;.<\/em><\/p>\n\n\n\n<p>Valitettavasti suurin osa catch-all-osoitteen vastaanottamasta s\u00e4hk\u00f6postista on kuitenkin roskapostia. Jos p\u00e4\u00e4t\u00e4t k\u00e4ytt\u00e4\u00e4 catch-all-toimintoa, suosittelemme, ett\u00e4 luot omalla verkkotunnuksellasi erillisen tilin sit\u00e4 varten, ja tarkistat v\u00e4lill\u00e4, oletko saanut sinne t\u00e4rkeit\u00e4 s\u00e4hk\u00f6postiviestej\u00e4.<\/p>\n\n\n\n<h2 class=\"wp-block-heading\">Catch-all-osoitteen luominen<\/h2>\n\n\n<div class=\"gb-container gb-container-1f661ce1\">\n<div class=\"gb-container gb-container-71577cfa\">\n\n<p>1. Kirjaudu Zoner Homeen osoitteessa <a href=\"https:\/\/home.zoner.fi\/\" target=\"_blank\" rel=\"noreferrer noopener\">https:\/\/home.zoner.fi<\/a><\/p>\n\n<\/div>\n<\/div>\n\n\n<p>2. Avaa Zoner Homessa <strong>Omat tuotteet<\/strong> -v\u00e4lilehti.<\/p>\n\n\n\n<p>3. Klikkaa <strong>Verkkosivustot<\/strong>-kohdassa sit\u00e4 webhotellia, johon haluat luoda s\u00e4hk\u00f6postilaatikon.<\/p>\n\n\n\n<p>4. Klikkaa vasemmassa valikossa kohtaa <strong>S\u00e4hk\u00f6posti<\/strong>.<\/p>\n\n\n\n<figure class=\"wp-block-image size-large\"><img loading=\"lazy\" decoding=\"async\" width=\"1024\" height=\"744\" src=\"https:\/\/www.zoner.fi\/tuki\/wp-content\/uploads\/2025\/01\/sahkopostilaatikon-luominen-zoner-home-1-1024x744.png\" alt=\"Kuvakaappaus Zoner Home -hallintapaneelista\" class=\"wp-image-135098\" srcset=\"https:\/\/www.zoner.fi\/tuki\/wp-content\/uploads\/2025\/01\/sahkopostilaatikon-luominen-zoner-home-1-1024x744.png 1024w, https:\/\/www.zoner.fi\/tuki\/wp-content\/uploads\/2025\/01\/sahkopostilaatikon-luominen-zoner-home-1-300x218.png 300w, https:\/\/www.zoner.fi\/tuki\/wp-content\/uploads\/2025\/01\/sahkopostilaatikon-luominen-zoner-home-1-768x558.png 768w, https:\/\/www.zoner.fi\/tuki\/wp-content\/uploads\/2025\/01\/sahkopostilaatikon-luominen-zoner-home-1.png 1463w\" sizes=\"auto, (max-width: 1024px) 100vw, 1024px\" \/><\/figure>\n\n\n\n<p>5. Klikkaa S\u00e4hk\u00f6posti-sivulla verkkotunnusta p\u00e4\u00e4st\u00e4ksesi sen s\u00e4hk\u00f6postiosoitteisiin.<\/p>\n\n\n\n<figure class=\"wp-block-image size-large\"><img loading=\"lazy\" decoding=\"async\" width=\"1024\" height=\"744\" src=\"https:\/\/www.zoner.fi\/tuki\/wp-content\/uploads\/2025\/01\/catch-all-osoitteen-luominen-zoner-homessa-1-1024x744.png\" alt=\"Kuvakaappaus Zoner Home -hallintapaneelista\" class=\"wp-image-135101\" srcset=\"https:\/\/www.zoner.fi\/tuki\/wp-content\/uploads\/2025\/01\/catch-all-osoitteen-luominen-zoner-homessa-1-1024x744.png 1024w, https:\/\/www.zoner.fi\/tuki\/wp-content\/uploads\/2025\/01\/catch-all-osoitteen-luominen-zoner-homessa-1-300x218.png 300w, https:\/\/www.zoner.fi\/tuki\/wp-content\/uploads\/2025\/01\/catch-all-osoitteen-luominen-zoner-homessa-1-768x558.png 768w, https:\/\/www.zoner.fi\/tuki\/wp-content\/uploads\/2025\/01\/catch-all-osoitteen-luominen-zoner-homessa-1.png 1463w\" sizes=\"auto, (max-width: 1024px) 100vw, 1024px\" \/><\/figure>\n\n\n\n<p>Klikkaa <strong>Roskapostisuodatin ja Catch-all<\/strong> -painiketta.<\/p>\n\n\n\n<figure class=\"wp-block-image size-large\"><img loading=\"lazy\" decoding=\"async\" width=\"1024\" height=\"744\" src=\"https:\/\/www.zoner.fi\/tuki\/wp-content\/uploads\/2025\/01\/catch-all-osoitteen-luominen-zoner-homessa-2-1024x744.png\" alt=\"Kuvakaappaus Zoner Home -hallintapaneelista\" class=\"wp-image-135102\" srcset=\"https:\/\/www.zoner.fi\/tuki\/wp-content\/uploads\/2025\/01\/catch-all-osoitteen-luominen-zoner-homessa-2-1024x744.png 1024w, https:\/\/www.zoner.fi\/tuki\/wp-content\/uploads\/2025\/01\/catch-all-osoitteen-luominen-zoner-homessa-2-300x218.png 300w, https:\/\/www.zoner.fi\/tuki\/wp-content\/uploads\/2025\/01\/catch-all-osoitteen-luominen-zoner-homessa-2-768x558.png 768w, https:\/\/www.zoner.fi\/tuki\/wp-content\/uploads\/2025\/01\/catch-all-osoitteen-luominen-zoner-homessa-2.png 1463w\" sizes=\"auto, (max-width: 1024px) 100vw, 1024px\" \/><\/figure>\n\n\n\n<p>Kirjoita s\u00e4hk\u00f6postiosoite annettuun kentt\u00e4\u00e4n, jonka yl\u00e4puolella lukee &#8221;L\u00e4het\u00e4 edelleen osoitteeseen&#8221;, ja klikkaa sitten <strong>Tallenna <\/strong>m\u00e4\u00e4ritt\u00e4\u00e4ksesi siit\u00e4 catch-all-osoitteen.<\/p>\n\n\n\n<figure class=\"wp-block-image size-large\"><img loading=\"lazy\" decoding=\"async\" width=\"1024\" height=\"744\" src=\"https:\/\/www.zoner.fi\/tuki\/wp-content\/uploads\/2025\/01\/catch-all-osoitteen-luominen-zoner-homessa-3-1024x744.png\" alt=\"\" class=\"wp-image-135103\" srcset=\"https:\/\/www.zoner.fi\/tuki\/wp-content\/uploads\/2025\/01\/catch-all-osoitteen-luominen-zoner-homessa-3-1024x744.png 1024w, https:\/\/www.zoner.fi\/tuki\/wp-content\/uploads\/2025\/01\/catch-all-osoitteen-luominen-zoner-homessa-3-300x218.png 300w, https:\/\/www.zoner.fi\/tuki\/wp-content\/uploads\/2025\/01\/catch-all-osoitteen-luominen-zoner-homessa-3-768x558.png 768w, https:\/\/www.zoner.fi\/tuki\/wp-content\/uploads\/2025\/01\/catch-all-osoitteen-luominen-zoner-homessa-3.png 1463w\" sizes=\"auto, (max-width: 1024px) 100vw, 1024px\" \/><\/figure>\n\n\n\n<p><\/p>\n","protected":false},"excerpt":{"rendered":"<p>T\u00e4ss\u00e4 ohjeessa k\u00e4yd\u00e4\u00e4n l\u00e4pi, miten luot s\u00e4hk\u00f6postitilin webhotelliin. <\/p>\n","protected":false},"author":18,"featured_media":0,"parent":137087,"menu_order":0,"comment_status":"closed","ping_status":"closed","template":"","meta":{"_relevanssi_hide_post":"","_relevanssi_hide_content":"","_relevanssi_pin_for_all":"","_relevanssi_pin_keywords":"","_relevanssi_unpin_keywords":"","_relevanssi_related_keywords":"","_relevanssi_related_include_ids":"","_relevanssi_related_exclude_ids":"","_relevanssi_related_no_append":"","_relevanssi_related_not_related":"","_relevanssi_related_posts":"1063,1076,1066","_relevanssi_noindex_reason":"","footnotes":""},"categories":[194],"tags":[214],"wf_page_folders":[],"class_list":{"0":"post-137256","1":"page","2":"type-page","3":"status-publish","5":"category-zoner-home","6":"tag-sahkopostin-hallinta"},"_links":{"self":[{"href":"https:\/\/www.zoner.fi\/tuki\/wp-json\/wp\/v2\/pages\/137256","targetHints":{"allow":["GET"]}}],"collection":[{"href":"https:\/\/www.zoner.fi\/tuki\/wp-json\/wp\/v2\/pages"}],"about":[{"href":"https:\/\/www.zoner.fi\/tuki\/wp-json\/wp\/v2\/types\/page"}],"author":[{"embeddable":true,"href":"https:\/\/www.zoner.fi\/tuki\/wp-json\/wp\/v2\/users\/18"}],"replies":[{"embeddable":true,"href":"https:\/\/www.zoner.fi\/tuki\/wp-json\/wp\/v2\/comments?post=137256"}],"version-history":[{"count":3,"href":"https:\/\/www.zoner.fi\/tuki\/wp-json\/wp\/v2\/pages\/137256\/revisions"}],"predecessor-version":[{"id":137260,"href":"https:\/\/www.zoner.fi\/tuki\/wp-json\/wp\/v2\/pages\/137256\/revisions\/137260"}],"up":[{"embeddable":true,"href":"https:\/\/www.zoner.fi\/tuki\/wp-json\/wp\/v2\/pages\/137087"}],"wp:attachment":[{"href":"https:\/\/www.zoner.fi\/tuki\/wp-json\/wp\/v2\/media?parent=137256"}],"wp:term":[{"taxonomy":"category","embeddable":true,"href":"https:\/\/www.zoner.fi\/tuki\/wp-json\/wp\/v2\/categories?post=137256"},{"taxonomy":"post_tag","embeddable":true,"href":"https:\/\/www.zoner.fi\/tuki\/wp-json\/wp\/v2\/tags?post=137256"},{"taxonomy":"wf_page_folders","embeddable":true,"href":"https:\/\/www.zoner.fi\/tuki\/wp-json\/wp\/v2\/wf_page_folders?post=137256"}],"curies":[{"name":"wp","href":"https:\/\/api.w.org\/{rel}","templated":true}]}}