{"id":137288,"date":"2025-09-11T10:46:59","date_gmt":"2025-09-11T07:46:59","guid":{"rendered":"https:\/\/www.zoner.fi\/tuki\/?page_id=137288"},"modified":"2025-09-17T14:03:37","modified_gmt":"2025-09-17T11:03:37","slug":"lomavastaaja","status":"publish","type":"page","link":"https:\/\/www.zoner.fi\/tuki\/sahkopostiohjeet\/zoner-sahkoposti\/lomavastaaja\/","title":{"rendered":"Miten asetan lomavastaajan s\u00e4hk\u00f6postiin?"},"content":{"rendered":"\n<p><em>Ohje tarkistettu: 22.7.2025<\/em><\/p>\n\n\n\n<p>T\u00e4m\u00e4n ohjeen avulla saat s\u00e4hk\u00f6postiin automaattisen lomavastaajan. <\/p>\n\n\n\n<p>Lomavastaaja m\u00e4\u00e4ritet\u00e4\u00e4n webmailista osoitteessa&nbsp;<a href=\"https:\/\/posti.zoner.fi\/\" target=\"_blank\" rel=\"noreferrer noopener\">posti.zoner.fi<\/a>. Webmailiin kirjaudutaan s\u00e4hk\u00f6postiosoitteella ja sen salasanalla.<\/p>\n\n\n\n<p>Valitse vasemmasta reunasta <strong>Asetukset <\/strong>\u2192 <strong>Lomavastaaja<\/strong>. Kirjoita haluttu viesti tekstikentt\u00e4\u00e4n ja klikkaa <strong>Save<\/strong>.<\/p>\n\n\n\n<figure class=\"wp-block-image size-large\"><img loading=\"lazy\" decoding=\"async\" width=\"1024\" height=\"492\" src=\"https:\/\/www.zoner.fi\/tuki\/wp-content\/uploads\/2021\/10\/lomvastaaja1-1024x492.jpg\" alt=\"\" class=\"wp-image-239\" srcset=\"https:\/\/www.zoner.fi\/tuki\/wp-content\/uploads\/2021\/10\/lomvastaaja1-1024x492.jpg 1024w, https:\/\/www.zoner.fi\/tuki\/wp-content\/uploads\/2021\/10\/lomvastaaja1-300x144.jpg 300w, https:\/\/www.zoner.fi\/tuki\/wp-content\/uploads\/2021\/10\/lomvastaaja1-768x369.jpg 768w, https:\/\/www.zoner.fi\/tuki\/wp-content\/uploads\/2021\/10\/lomvastaaja1.jpg 1230w\" sizes=\"auto, (max-width: 1024px) 100vw, 1024px\" \/><\/figure>\n\n\n\n<p>Lomavastaaja tulee voimaan kymmenen minuutin kuluessa. Suosittelemme kokeilemaan sen toimintaa ennen lomalle l\u00e4ht\u00f6\u00e4.<\/p>\n","protected":false},"excerpt":{"rendered":"<p>T\u00e4m\u00e4n ohjeen avulla saat s\u00e4hk\u00f6postiin automaattisen lomavastaajan. Ohje on jaettu kahteen osaan Webhotellin ja Zoner S\u00e4hk\u00f6postin k\u00e4ytt\u00e4jille.<\/p>\n","protected":false},"author":18,"featured_media":0,"parent":137091,"menu_order":66,"comment_status":"closed","ping_status":"closed","template":"","meta":{"_relevanssi_hide_post":"","_relevanssi_hide_content":"","_relevanssi_pin_for_all":"","_relevanssi_pin_keywords":"","_relevanssi_unpin_keywords":"","_relevanssi_related_keywords":"","_relevanssi_related_include_ids":"","_relevanssi_related_exclude_ids":"","_relevanssi_related_no_append":"","_relevanssi_related_not_related":"","_relevanssi_related_posts":"1063,1076,1066","_relevanssi_noindex_reason":"","footnotes":""},"categories":[196],"tags":[214],"wf_page_folders":[],"class_list":{"0":"post-137288","1":"page","2":"type-page","3":"status-publish","5":"category-zoner-sahkoposti","6":"tag-sahkopostin-hallinta"},"_links":{"self":[{"href":"https:\/\/www.zoner.fi\/tuki\/wp-json\/wp\/v2\/pages\/137288","targetHints":{"allow":["GET"]}}],"collection":[{"href":"https:\/\/www.zoner.fi\/tuki\/wp-json\/wp\/v2\/pages"}],"about":[{"href":"https:\/\/www.zoner.fi\/tuki\/wp-json\/wp\/v2\/types\/page"}],"author":[{"embeddable":true,"href":"https:\/\/www.zoner.fi\/tuki\/wp-json\/wp\/v2\/users\/18"}],"replies":[{"embeddable":true,"href":"https:\/\/www.zoner.fi\/tuki\/wp-json\/wp\/v2\/comments?post=137288"}],"version-history":[{"count":2,"href":"https:\/\/www.zoner.fi\/tuki\/wp-json\/wp\/v2\/pages\/137288\/revisions"}],"predecessor-version":[{"id":137290,"href":"https:\/\/www.zoner.fi\/tuki\/wp-json\/wp\/v2\/pages\/137288\/revisions\/137290"}],"up":[{"embeddable":true,"href":"https:\/\/www.zoner.fi\/tuki\/wp-json\/wp\/v2\/pages\/137091"}],"wp:attachment":[{"href":"https:\/\/www.zoner.fi\/tuki\/wp-json\/wp\/v2\/media?parent=137288"}],"wp:term":[{"taxonomy":"category","embeddable":true,"href":"https:\/\/www.zoner.fi\/tuki\/wp-json\/wp\/v2\/categories?post=137288"},{"taxonomy":"post_tag","embeddable":true,"href":"https:\/\/www.zoner.fi\/tuki\/wp-json\/wp\/v2\/tags?post=137288"},{"taxonomy":"wf_page_folders","embeddable":true,"href":"https:\/\/www.zoner.fi\/tuki\/wp-json\/wp\/v2\/wf_page_folders?post=137288"}],"curies":[{"name":"wp","href":"https:\/\/api.w.org\/{rel}","templated":true}]}}