{"id":137358,"date":"2025-09-17T10:19:12","date_gmt":"2025-09-17T07:19:12","guid":{"rendered":"https:\/\/www.zoner.fi\/tuki\/?page_id=137358"},"modified":"2025-09-25T16:57:53","modified_gmt":"2025-09-25T13:57:53","slug":"directadmin","status":"publish","type":"page","link":"https:\/\/www.zoner.fi\/tuki\/verkkotunnus\/directadmin\/","title":{"rendered":"DirectAdmin"},"content":{"rendered":"<div class=\"gb-container gb-container-2d9fdd11 alignfull\">\n<div class=\"gb-container gb-container-6a55b7b0\">\n<div class=\"gb-grid-wrapper gb-grid-wrapper-28ef970c\">\n<div class=\"gb-grid-column gb-grid-column-3b1a2cfc\"><div class=\"gb-container gb-container-3b1a2cfc\">\n\n<h2 class=\"gb-headline gb-headline-ba08c3e3 gb-headline-text\">Yleiset<\/h2>\n\n<\/div><\/div>\n\n<div class=\"gb-grid-column gb-grid-column-d04d73a3\"><div class=\"gb-container gb-container-d04d73a3\">\n\n<div class=\"gb-grid-wrapper gb-grid-wrapper-dd553327 gb-query-loop-wrapper\">\n<div class=\"gb-grid-column gb-grid-column-56733ae2 gb-query-loop-item post-137890 page type-page status-publish category-directadmin-verkkotunnus category-directadmin tag-verkkotunnusten-hallinta tag-yleiset\"><div class=\"gb-container gb-container-56733ae2\">\n<h3 class=\"gb-headline gb-headline-effbdb09\"><span class=\"gb-icon\"><svg aria-hidden=\"true\" role=\"img\" height=\"1em\" width=\"1em\" viewbox=\"0 0 256 512\" xmlns=\"http:\/\/www.w3.org\/2000\/svg\"><path fill=\"currentColor\" d=\"M224.3 273l-136 136c-9.4 9.4-24.6 9.4-33.9 0l-22.6-22.6c-9.4-9.4-9.4-24.6 0-33.9l96.4-96.4-96.4-96.4c-9.4-9.4-9.4-24.6 0-33.9L54.3 103c9.4-9.4 24.6-9.4 33.9 0l136 136c9.5 9.4 9.5 24.6.1 34z\"><\/path><\/svg><\/span><span class=\"gb-headline-text\"><a href=\"https:\/\/www.zoner.fi\/tuki\/verkkotunnus\/zoner-home\/verkkotunnuksen-yhdistaminen-webhotelliin\/\">Miten yhdist\u00e4n verkkotunnuksen webhotelliin?<\/a><\/span><\/h3>\n<\/div><\/div>\n\n<div class=\"gb-grid-column gb-grid-column-56733ae2 gb-query-loop-item post-137457 page type-page status-publish category-directadmin-verkkotunnus category-directadmin tag-verkkotunnusten-hallinta tag-yleiset\"><div class=\"gb-container gb-container-56733ae2\">\n<h3 class=\"gb-headline gb-headline-effbdb09\"><span class=\"gb-icon\"><svg aria-hidden=\"true\" role=\"img\" height=\"1em\" width=\"1em\" viewbox=\"0 0 256 512\" xmlns=\"http:\/\/www.w3.org\/2000\/svg\"><path fill=\"currentColor\" d=\"M224.3 273l-136 136c-9.4 9.4-24.6 9.4-33.9 0l-22.6-22.6c-9.4-9.4-9.4-24.6 0-33.9l96.4-96.4-96.4-96.4c-9.4-9.4-9.4-24.6 0-33.9L54.3 103c9.4-9.4 24.6-9.4 33.9 0l136 136c9.5 9.4 9.5 24.6.1 34z\"><\/path><\/svg><\/span><span class=\"gb-headline-text\"><a href=\"https:\/\/www.zoner.fi\/tuki\/webhotellit\/miten-luon-aliverkkotunnuksen-webhotellissa-2\/\">Miten luon aliverkkotunnuksen webhotellissa?<\/a><\/span><\/h3>\n<\/div><\/div>\n\n<div class=\"gb-grid-column gb-grid-column-56733ae2 gb-query-loop-item post-136345 page type-page status-publish category-cpanel-webhotelli-fi category-cpanel-wepardi-verkkotunnus category-directadmin-verkkotunnus category-zoner-home-verkkotunnus tag-yleiset\"><div class=\"gb-container gb-container-56733ae2\">\n<h3 class=\"gb-headline gb-headline-effbdb09\"><span class=\"gb-icon\"><svg aria-hidden=\"true\" role=\"img\" height=\"1em\" width=\"1em\" viewbox=\"0 0 256 512\" xmlns=\"http:\/\/www.w3.org\/2000\/svg\"><path fill=\"currentColor\" d=\"M224.3 273l-136 136c-9.4 9.4-24.6 9.4-33.9 0l-22.6-22.6c-9.4-9.4-9.4-24.6 0-33.9l96.4-96.4-96.4-96.4c-9.4-9.4-9.4-24.6 0-33.9L54.3 103c9.4-9.4 24.6-9.4 33.9 0l136 136c9.5 9.4 9.5 24.6.1 34z\"><\/path><\/svg><\/span><span class=\"gb-headline-text\"><a href=\"https:\/\/www.zoner.fi\/tuki\/verkkotunnus\/whois-tietojenvahvistus-miksi-sain-sen-ja-mita-pitaa-tehda\/\">WHOIS tietojenvahvistus \u2013 miksi sain sen ja mit\u00e4 pit\u00e4\u00e4 tehd\u00e4?<\/a><\/span><\/h3>\n<\/div><\/div>\n\n<div class=\"gb-grid-column gb-grid-column-56733ae2 gb-query-loop-item post-136254 page type-page status-publish category-cpanel-webhotelli-fi category-cpanel-wepardi-verkkotunnus category-directadmin-verkkotunnus category-zoner-home-verkkotunnus tag-yleiset\"><div class=\"gb-container gb-container-56733ae2\">\n<h3 class=\"gb-headline gb-headline-effbdb09\"><span class=\"gb-icon\"><svg aria-hidden=\"true\" role=\"img\" height=\"1em\" width=\"1em\" viewbox=\"0 0 256 512\" xmlns=\"http:\/\/www.w3.org\/2000\/svg\"><path fill=\"currentColor\" d=\"M224.3 273l-136 136c-9.4 9.4-24.6 9.4-33.9 0l-22.6-22.6c-9.4-9.4-9.4-24.6 0-33.9l96.4-96.4-96.4-96.4c-9.4-9.4-9.4-24.6 0-33.9L54.3 103c9.4-9.4 24.6-9.4 33.9 0l136 136c9.5 9.4 9.5 24.6.1 34z\"><\/path><\/svg><\/span><span class=\"gb-headline-text\"><a href=\"https:\/\/www.zoner.fi\/tuki\/verkkotunnus\/icann-viesti-miksi-sain-sen-ja-mita-pitaa-tehda\/\">ICANN viesti \u2013 miksi sain sen ja mit\u00e4 pit\u00e4\u00e4 tehd\u00e4?<\/a><\/span><\/h3>\n<\/div><\/div>\n\n<div class=\"gb-grid-column gb-grid-column-56733ae2 gb-query-loop-item post-129934 page type-page status-publish category-cpanel-webhotelli-fi category-cpanel-wepardi-verkkotunnus category-directadmin category-directadmin-verkkotunnus category-zoner-home-verkkotunnus tag-domainhallinta tag-verkkotunnusten-hallinta tag-yleiset\"><div class=\"gb-container gb-container-56733ae2\">\n<h3 class=\"gb-headline gb-headline-effbdb09\"><span class=\"gb-icon\"><svg aria-hidden=\"true\" role=\"img\" height=\"1em\" width=\"1em\" viewbox=\"0 0 256 512\" xmlns=\"http:\/\/www.w3.org\/2000\/svg\"><path fill=\"currentColor\" d=\"M224.3 273l-136 136c-9.4 9.4-24.6 9.4-33.9 0l-22.6-22.6c-9.4-9.4-9.4-24.6 0-33.9l96.4-96.4-96.4-96.4c-9.4-9.4-9.4-24.6 0-33.9L54.3 103c9.4-9.4 24.6-9.4 33.9 0l136 136c9.5 9.4 9.5 24.6.1 34z\"><\/path><\/svg><\/span><span class=\"gb-headline-text\"><a href=\"https:\/\/www.zoner.fi\/tuki\/webhotellit\/miten-kaytan-useaa-domainia-webhotellissa\/\">Miten k\u00e4yt\u00e4n useaa domainia webhotellissa?<\/a><\/span><\/h3>\n<\/div><\/div>\n\n<div class=\"gb-grid-column gb-grid-column-56733ae2 gb-query-loop-item post-129929 page type-page status-publish category-directadmin category-directadmin-verkkotunnus tag-verkkotunnusten-hallinta tag-yleiset\"><div class=\"gb-container gb-container-56733ae2\">\n<h3 class=\"gb-headline gb-headline-effbdb09\"><span class=\"gb-icon\"><svg aria-hidden=\"true\" role=\"img\" height=\"1em\" width=\"1em\" viewbox=\"0 0 256 512\" xmlns=\"http:\/\/www.w3.org\/2000\/svg\"><path fill=\"currentColor\" d=\"M224.3 273l-136 136c-9.4 9.4-24.6 9.4-33.9 0l-22.6-22.6c-9.4-9.4-9.4-24.6 0-33.9l96.4-96.4-96.4-96.4c-9.4-9.4-9.4-24.6 0-33.9L54.3 103c9.4-9.4 24.6-9.4 33.9 0l136 136c9.5 9.4 9.5 24.6.1 34z\"><\/path><\/svg><\/span><span class=\"gb-headline-text\"><a href=\"https:\/\/www.zoner.fi\/tuki\/webhotellit\/miten-luon-uudelleenohjauksen-webhotellissa\/\">Miten luon uudelleenohjauksen webhotellissa?<\/a><\/span><\/h3>\n<\/div><\/div>\n\n<div class=\"gb-grid-column gb-grid-column-56733ae2 gb-query-loop-item post-129913 page type-page status-publish category-directadmin category-directadmin-verkkotunnus tag-verkkotunnusten-hallinta tag-yleiset\"><div class=\"gb-container gb-container-56733ae2\">\n<h3 class=\"gb-headline gb-headline-effbdb09\"><span class=\"gb-icon\"><svg aria-hidden=\"true\" role=\"img\" height=\"1em\" width=\"1em\" viewbox=\"0 0 256 512\" xmlns=\"http:\/\/www.w3.org\/2000\/svg\"><path fill=\"currentColor\" d=\"M224.3 273l-136 136c-9.4 9.4-24.6 9.4-33.9 0l-22.6-22.6c-9.4-9.4-9.4-24.6 0-33.9l96.4-96.4-96.4-96.4c-9.4-9.4-9.4-24.6 0-33.9L54.3 103c9.4-9.4 24.6-9.4 33.9 0l136 136c9.5 9.4 9.5 24.6.1 34z\"><\/path><\/svg><\/span><span class=\"gb-headline-text\"><a href=\"https:\/\/www.zoner.fi\/tuki\/webhotellit\/miten-luon-domainpointerin\/\">Miten luon domainpointerin?<\/a><\/span><\/h3>\n<\/div><\/div>\n\n<div class=\"gb-grid-column gb-grid-column-56733ae2 gb-query-loop-item post-74 page type-page status-publish category-cpanel-webhotelli-fi category-cpanel-wepardi-verkkotunnus category-directadmin-verkkotunnus category-zoner-home-verkkotunnus tag-yleiset\"><div class=\"gb-container gb-container-56733ae2\">\n<h3 class=\"gb-headline gb-headline-effbdb09\"><span class=\"gb-icon\"><svg aria-hidden=\"true\" role=\"img\" height=\"1em\" width=\"1em\" viewbox=\"0 0 256 512\" xmlns=\"http:\/\/www.w3.org\/2000\/svg\"><path fill=\"currentColor\" d=\"M224.3 273l-136 136c-9.4 9.4-24.6 9.4-33.9 0l-22.6-22.6c-9.4-9.4-9.4-24.6 0-33.9l96.4-96.4-96.4-96.4c-9.4-9.4-9.4-24.6 0-33.9L54.3 103c9.4-9.4 24.6-9.4 33.9 0l136 136c9.5 9.4 9.5 24.6.1 34z\"><\/path><\/svg><\/span><span class=\"gb-headline-text\"><a href=\"https:\/\/www.zoner.fi\/tuki\/verkkotunnus\/miten-ohjaan-domainin-wixiin\/\">Miten ohjaan domainin Wixiin?<\/a><\/span><\/h3>\n<\/div><\/div>\n\n<div class=\"gb-grid-column gb-grid-column-56733ae2 gb-query-loop-item post-129682 page type-page status-publish category-directadmin category-directadmin-verkkotunnus tag-verkkotunnusten-hallinta tag-yleiset\"><div class=\"gb-container gb-container-56733ae2\">\n<h3 class=\"gb-headline gb-headline-effbdb09\"><span class=\"gb-icon\"><svg aria-hidden=\"true\" role=\"img\" height=\"1em\" width=\"1em\" viewbox=\"0 0 256 512\" xmlns=\"http:\/\/www.w3.org\/2000\/svg\"><path fill=\"currentColor\" d=\"M224.3 273l-136 136c-9.4 9.4-24.6 9.4-33.9 0l-22.6-22.6c-9.4-9.4-9.4-24.6 0-33.9l96.4-96.4-96.4-96.4c-9.4-9.4-9.4-24.6 0-33.9L54.3 103c9.4-9.4 24.6-9.4 33.9 0l136 136c9.5 9.4 9.5 24.6.1 34z\"><\/path><\/svg><\/span><span class=\"gb-headline-text\"><a href=\"https:\/\/www.zoner.fi\/tuki\/webhotellit\/miten-otan-kayttoon-lets-encrypt-ssl-sertifikaatin\/\">Let&#8217;s Encrypt -SSL-sertifikaatin k\u00e4ytt\u00f6\u00f6notto<\/a><\/span><\/h3>\n<\/div><\/div>\n\n<div class=\"gb-grid-column gb-grid-column-56733ae2 gb-query-loop-item post-129680 page type-page status-publish category-directadmin category-directadmin-verkkotunnus tag-verkkotunnusten-hallinta tag-yleiset\"><div class=\"gb-container gb-container-56733ae2\">\n<h3 class=\"gb-headline gb-headline-effbdb09\"><span class=\"gb-icon\"><svg aria-hidden=\"true\" role=\"img\" height=\"1em\" width=\"1em\" viewbox=\"0 0 256 512\" xmlns=\"http:\/\/www.w3.org\/2000\/svg\"><path fill=\"currentColor\" d=\"M224.3 273l-136 136c-9.4 9.4-24.6 9.4-33.9 0l-22.6-22.6c-9.4-9.4-9.4-24.6 0-33.9l96.4-96.4-96.4-96.4c-9.4-9.4-9.4-24.6 0-33.9L54.3 103c9.4-9.4 24.6-9.4 33.9 0l136 136c9.5 9.4 9.5 24.6.1 34z\"><\/path><\/svg><\/span><span class=\"gb-headline-text\"><a href=\"https:\/\/www.zoner.fi\/tuki\/webhotellit\/miten-asennan-olemassaolevan-sertifikaatin\/\">Olemassaolevan SSL-sertifikaatin asennus<\/a><\/span><\/h3>\n<\/div><\/div>\n<\/div>\n\n<\/div><\/div>\n<\/div>\n<\/div>\n<\/div>\n\n<div class=\"gb-container gb-container-2b95ede7 alignfull\">\n<div class=\"gb-container gb-container-6a979e36\">\n<div class=\"gb-grid-wrapper gb-grid-wrapper-7d3429c5\">\n<div class=\"gb-grid-column gb-grid-column-0bb694a2\"><div class=\"gb-container gb-container-0bb694a2\">\n\n<h2 class=\"gb-headline gb-headline-33bb7291 gb-headline-text\">DNS<\/h2>\n\n<\/div><\/div>\n\n<div class=\"gb-grid-column gb-grid-column-705b4237\"><div class=\"gb-container gb-container-705b4237\">\n\n<div class=\"gb-grid-wrapper gb-grid-wrapper-a167430d gb-query-loop-wrapper\">\n<div class=\"gb-grid-column gb-grid-column-5c214158 gb-query-loop-item post-129676 page type-page status-publish category-directadmin category-directadmin-sahkoposti category-directadmin-verkkotunnus tag-dns tag-sahkopostin-hallinta tag-verkkotunnusten-hallinta\"><div class=\"gb-container gb-container-5c214158\">\n<h2 class=\"gb-headline gb-headline-1018b807\"><span class=\"gb-icon\"><svg aria-hidden=\"true\" role=\"img\" height=\"1em\" width=\"1em\" viewbox=\"0 0 256 512\" xmlns=\"http:\/\/www.w3.org\/2000\/svg\"><path fill=\"currentColor\" d=\"M224.3 273l-136 136c-9.4 9.4-24.6 9.4-33.9 0l-22.6-22.6c-9.4-9.4-9.4-24.6 0-33.9l96.4-96.4-96.4-96.4c-9.4-9.4-9.4-24.6 0-33.9L54.3 103c9.4-9.4 24.6-9.4 33.9 0l136 136c9.5 9.4 9.5 24.6.1 34z\"><\/path><\/svg><\/span><span class=\"gb-headline-text\"><a href=\"https:\/\/www.zoner.fi\/tuki\/webhotellit\/miten-maaritan-mx-tietueet-webhotellissa\/\">MX-tietueiden m\u00e4\u00e4ritys<\/a><\/span><\/h2>\n<\/div><\/div>\n\n<div class=\"gb-grid-column gb-grid-column-5c214158 gb-query-loop-item post-129673 page type-page status-publish category-directadmin category-directadmin-verkkotunnus tag-dns tag-verkkotunnusten-hallinta\"><div class=\"gb-container gb-container-5c214158\">\n<h2 class=\"gb-headline gb-headline-1018b807\"><span class=\"gb-icon\"><svg aria-hidden=\"true\" role=\"img\" height=\"1em\" width=\"1em\" viewbox=\"0 0 256 512\" xmlns=\"http:\/\/www.w3.org\/2000\/svg\"><path fill=\"currentColor\" d=\"M224.3 273l-136 136c-9.4 9.4-24.6 9.4-33.9 0l-22.6-22.6c-9.4-9.4-9.4-24.6 0-33.9l96.4-96.4-96.4-96.4c-9.4-9.4-9.4-24.6 0-33.9L54.3 103c9.4-9.4 24.6-9.4 33.9 0l136 136c9.5 9.4 9.5 24.6.1 34z\"><\/path><\/svg><\/span><span class=\"gb-headline-text\"><a href=\"https:\/\/www.zoner.fi\/tuki\/webhotellit\/miten-muokkaan-dns-tietueita-webhotellissa\/\">DNS-tietueiden muokkaus<\/a><\/span><\/h2>\n<\/div><\/div>\n\n<div class=\"gb-grid-column gb-grid-column-5c214158 gb-query-loop-item post-129711 page type-page status-publish category-directadmin category-directadmin-sahkoposti category-directadmin-verkkotunnus tag-dns tag-sahkoposti tag-sahkopostin-hallinta tag-verkkotunnusten-hallinta\"><div class=\"gb-container gb-container-5c214158\">\n<h2 class=\"gb-headline gb-headline-1018b807\"><span class=\"gb-icon\"><svg aria-hidden=\"true\" role=\"img\" height=\"1em\" width=\"1em\" viewbox=\"0 0 256 512\" xmlns=\"http:\/\/www.w3.org\/2000\/svg\"><path fill=\"currentColor\" d=\"M224.3 273l-136 136c-9.4 9.4-24.6 9.4-33.9 0l-22.6-22.6c-9.4-9.4-9.4-24.6 0-33.9l96.4-96.4-96.4-96.4c-9.4-9.4-9.4-24.6 0-33.9L54.3 103c9.4-9.4 24.6-9.4 33.9 0l136 136c9.5 9.4 9.5 24.6.1 34z\"><\/path><\/svg><\/span><span class=\"gb-headline-text\"><a href=\"https:\/\/www.zoner.fi\/tuki\/sahkopostiohjeet\/directadmin\/miten-lisaan-spf-tietueen-webhotellissa\/\">Miten lis\u00e4\u00e4n SPF-tietueen webhotellissa?<\/a><\/span><\/h2>\n<\/div><\/div>\n<\/div>\n\n<\/div><\/div>\n<\/div>\n<\/div>\n<\/div>\n\n<div class=\"gb-container gb-container-bc9b7f0b alignfull\">\n<div class=\"gb-container gb-container-8403e629\">\n<div class=\"gb-grid-wrapper gb-grid-wrapper-6e652e5d\">\n<div class=\"gb-grid-column gb-grid-column-02a5d3ae\"><div class=\"gb-container gb-container-02a5d3ae\">\n\n<h2 class=\"gb-headline gb-headline-93116aed gb-headline-text\">Verkkotunnuksen siirt\u00e4minen<\/h2>\n\n<\/div><\/div>\n\n<div class=\"gb-grid-column gb-grid-column-3ae7a11c\"><div class=\"gb-container gb-container-3ae7a11c\">\n\n<div class=\"gb-grid-wrapper gb-grid-wrapper-270fbd1e gb-query-loop-wrapper\">\n<div class=\"gb-grid-column gb-grid-column-568ffa31 gb-query-loop-item post-136458 page type-page status-publish category-cpanel-webhotelli-fi category-cpanel-wepardi-verkkotunnus category-directadmin-verkkotunnus category-zoner-home-verkkotunnus tag-verkkotunnuksen-siirtaminen\"><div class=\"gb-container gb-container-568ffa31\">\n<h3 class=\"gb-headline gb-headline-66838be2\"><span class=\"gb-icon\"><svg aria-hidden=\"true\" role=\"img\" height=\"1em\" width=\"1em\" viewbox=\"0 0 256 512\" xmlns=\"http:\/\/www.w3.org\/2000\/svg\"><path fill=\"currentColor\" d=\"M224.3 273l-136 136c-9.4 9.4-24.6 9.4-33.9 0l-22.6-22.6c-9.4-9.4-9.4-24.6 0-33.9l96.4-96.4-96.4-96.4c-9.4-9.4-9.4-24.6 0-33.9L54.3 103c9.4-9.4 24.6-9.4 33.9 0l136 136c9.5 9.4 9.5 24.6.1 34z\"><\/path><\/svg><\/span><span class=\"gb-headline-text\"><a href=\"https:\/\/www.zoner.fi\/tuki\/verkkotunnus\/verkkotunnus-palveluntarjoajan-vaihto\/\">Miten siirr\u00e4n verkkotunnuksen Zonerilta toiselle palveluntarjoajalle?<\/a><\/span><\/h3>\n<\/div><\/div>\n\n<div class=\"gb-grid-column gb-grid-column-568ffa31 gb-query-loop-item post-136461 page type-page status-publish category-cpanel-webhotelli-fi category-cpanel-wepardi-verkkotunnus category-directadmin-verkkotunnus category-zoner-home-verkkotunnus tag-verkkotunnuksen-siirtaminen\"><div class=\"gb-container gb-container-568ffa31\">\n<h3 class=\"gb-headline gb-headline-66838be2\"><span class=\"gb-icon\"><svg aria-hidden=\"true\" role=\"img\" height=\"1em\" width=\"1em\" viewbox=\"0 0 256 512\" xmlns=\"http:\/\/www.w3.org\/2000\/svg\"><path fill=\"currentColor\" d=\"M224.3 273l-136 136c-9.4 9.4-24.6 9.4-33.9 0l-22.6-22.6c-9.4-9.4-9.4-24.6 0-33.9l96.4-96.4-96.4-96.4c-9.4-9.4-9.4-24.6 0-33.9L54.3 103c9.4-9.4 24.6-9.4 33.9 0l136 136c9.5 9.4 9.5 24.6.1 34z\"><\/path><\/svg><\/span><span class=\"gb-headline-text\"><a href=\"https:\/\/www.zoner.fi\/tuki\/verkkotunnus\/valittajan-vaihtoavain-ja-siirtoavain\/\">Mit\u00e4 ovat v\u00e4litt\u00e4j\u00e4n vaihtoavain ja siirtoavain?<\/a><\/span><\/h3>\n<\/div><\/div>\n\n<div class=\"gb-grid-column gb-grid-column-568ffa31 gb-query-loop-item post-136470 page type-page status-publish category-cpanel-webhotelli-fi category-cpanel-wepardi-verkkotunnus category-directadmin-verkkotunnus category-zoner-home-verkkotunnus tag-verkkotunnuksen-siirtaminen\"><div class=\"gb-container gb-container-568ffa31\">\n<h3 class=\"gb-headline gb-headline-66838be2\"><span class=\"gb-icon\"><svg aria-hidden=\"true\" role=\"img\" height=\"1em\" width=\"1em\" viewbox=\"0 0 256 512\" xmlns=\"http:\/\/www.w3.org\/2000\/svg\"><path fill=\"currentColor\" d=\"M224.3 273l-136 136c-9.4 9.4-24.6 9.4-33.9 0l-22.6-22.6c-9.4-9.4-9.4-24.6 0-33.9l96.4-96.4-96.4-96.4c-9.4-9.4-9.4-24.6 0-33.9L54.3 103c9.4-9.4 24.6-9.4 33.9 0l136 136c9.5 9.4 9.5 24.6.1 34z\"><\/path><\/svg><\/span><span class=\"gb-headline-text\"><a href=\"https:\/\/www.zoner.fi\/tuki\/verkkotunnus\/miten-siirran-verkkotunnuksen-omistajalta-toiselle\/\">Miten siirr\u00e4n verkkotunnuksen omistajalta toiselle?<\/a><\/span><\/h3>\n<\/div><\/div>\n\n<div class=\"gb-grid-column gb-grid-column-568ffa31 gb-query-loop-item post-213 page type-page status-publish category-cpanel-webhotelli-fi category-cpanel-wepardi-verkkotunnus category-directadmin-verkkotunnus category-zoner-home-verkkotunnus tag-verkkotunnuksen-siirtaminen\"><div class=\"gb-container gb-container-568ffa31\">\n<h3 class=\"gb-headline gb-headline-66838be2\"><span class=\"gb-icon\"><svg aria-hidden=\"true\" role=\"img\" height=\"1em\" width=\"1em\" viewbox=\"0 0 256 512\" xmlns=\"http:\/\/www.w3.org\/2000\/svg\"><path fill=\"currentColor\" d=\"M224.3 273l-136 136c-9.4 9.4-24.6 9.4-33.9 0l-22.6-22.6c-9.4-9.4-9.4-24.6 0-33.9l96.4-96.4-96.4-96.4c-9.4-9.4-9.4-24.6 0-33.9L54.3 103c9.4-9.4 24.6-9.4 33.9 0l136 136c9.5 9.4 9.5 24.6.1 34z\"><\/path><\/svg><\/span><span class=\"gb-headline-text\"><a href=\"https:\/\/www.zoner.fi\/tuki\/verkkotunnus\/miten-siirran-domainin-zonerille\/\">Miten siirr\u00e4n domainin Zonerille?<\/a><\/span><\/h3>\n<\/div><\/div>\n<\/div>\n\n<\/div><\/div>\n<\/div>\n<\/div>\n<\/div>","protected":false},"excerpt":{"rendered":"","protected":false},"author":18,"featured_media":0,"parent":72,"menu_order":0,"comment_status":"closed","ping_status":"closed","template":"","meta":{"_relevanssi_hide_post":"","_relevanssi_hide_content":"","_relevanssi_pin_for_all":"","_relevanssi_pin_keywords":"","_relevanssi_unpin_keywords":"","_relevanssi_related_keywords":"","_relevanssi_related_include_ids":"","_relevanssi_related_exclude_ids":"","_relevanssi_related_no_append":"","_relevanssi_related_not_related":"","_relevanssi_related_posts":"136115,135320,134717,131888,131541,130450","_relevanssi_noindex_reason":"","footnotes":""},"categories":[],"tags":[],"wf_page_folders":[],"class_list":["post-137358","page","type-page","status-publish"],"_links":{"self":[{"href":"https:\/\/www.zoner.fi\/tuki\/wp-json\/wp\/v2\/pages\/137358","targetHints":{"allow":["GET"]}}],"collection":[{"href":"https:\/\/www.zoner.fi\/tuki\/wp-json\/wp\/v2\/pages"}],"about":[{"href":"https:\/\/www.zoner.fi\/tuki\/wp-json\/wp\/v2\/types\/page"}],"author":[{"embeddable":true,"href":"https:\/\/www.zoner.fi\/tuki\/wp-json\/wp\/v2\/users\/18"}],"replies":[{"embeddable":true,"href":"https:\/\/www.zoner.fi\/tuki\/wp-json\/wp\/v2\/comments?post=137358"}],"version-history":[{"count":7,"href":"https:\/\/www.zoner.fi\/tuki\/wp-json\/wp\/v2\/pages\/137358\/revisions"}],"predecessor-version":[{"id":137730,"href":"https:\/\/www.zoner.fi\/tuki\/wp-json\/wp\/v2\/pages\/137358\/revisions\/137730"}],"up":[{"embeddable":true,"href":"https:\/\/www.zoner.fi\/tuki\/wp-json\/wp\/v2\/pages\/72"}],"wp:attachment":[{"href":"https:\/\/www.zoner.fi\/tuki\/wp-json\/wp\/v2\/media?parent=137358"}],"wp:term":[{"taxonomy":"category","embeddable":true,"href":"https:\/\/www.zoner.fi\/tuki\/wp-json\/wp\/v2\/categories?post=137358"},{"taxonomy":"post_tag","embeddable":true,"href":"https:\/\/www.zoner.fi\/tuki\/wp-json\/wp\/v2\/tags?post=137358"},{"taxonomy":"wf_page_folders","embeddable":true,"href":"https:\/\/www.zoner.fi\/tuki\/wp-json\/wp\/v2\/wf_page_folders?post=137358"}],"curies":[{"name":"wp","href":"https:\/\/api.w.org\/{rel}","templated":true}]}}