{"id":137405,"date":"2025-09-17T11:13:00","date_gmt":"2025-09-17T08:13:00","guid":{"rendered":"https:\/\/www.zoner.fi\/tuki\/?page_id=137405"},"modified":"2025-09-25T17:11:14","modified_gmt":"2025-09-25T14:11:14","slug":"cloudserver","status":"publish","type":"page","link":"https:\/\/www.zoner.fi\/tuki\/virtuaalipalvelimet\/cloudserver\/","title":{"rendered":"Virtuaalipalvelin"},"content":{"rendered":"<div class=\"gb-container gb-container-a20d9f69 alignfull\">\n<div class=\"gb-container gb-container-6a55b7b0\">\n<div class=\"gb-grid-wrapper gb-grid-wrapper-28ef970c\">\n<div class=\"gb-grid-column gb-grid-column-3b1a2cfc\"><div class=\"gb-container gb-container-3b1a2cfc\">\n\n<h2 class=\"gb-headline gb-headline-ba08c3e3 gb-headline-text\">Virtuaalipalvelin<\/h2>\n\n<\/div><\/div>\n\n<div class=\"gb-grid-column gb-grid-column-d04d73a3\"><div class=\"gb-container gb-container-d04d73a3\">\n\n<div class=\"gb-grid-wrapper gb-grid-wrapper-dd553327 gb-query-loop-wrapper\">\n<div class=\"gb-grid-column gb-grid-column-56733ae2 gb-query-loop-item post-136749 page type-page status-publish category-cloudserver-virtuaalipalvelin tag-virtuaalipalvelin\"><div class=\"gb-container gb-container-56733ae2\">\n<h3 class=\"gb-headline gb-headline-effbdb09\"><span class=\"gb-icon\"><svg aria-hidden=\"true\" role=\"img\" height=\"1em\" width=\"1em\" viewbox=\"0 0 256 512\" xmlns=\"http:\/\/www.w3.org\/2000\/svg\"><path fill=\"currentColor\" d=\"M224.3 273l-136 136c-9.4 9.4-24.6 9.4-33.9 0l-22.6-22.6c-9.4-9.4-9.4-24.6 0-33.9l96.4-96.4-96.4-96.4c-9.4-9.4-9.4-24.6 0-33.9L54.3 103c9.4-9.4 24.6-9.4 33.9 0l136 136c9.5 9.4 9.5 24.6.1 34z\"><\/path><\/svg><\/span><span class=\"gb-headline-text\"><a href=\"https:\/\/www.zoner.fi\/tuki\/virtuaalipalvelimet\/virtuaalipalvelimen-api\/\">Virtuaalipalvelimen API<\/a><\/span><\/h3>\n<\/div><\/div>\n\n<div class=\"gb-grid-column gb-grid-column-56733ae2 gb-query-loop-item post-134989 page type-page status-publish category-cloudserver-virtuaalipalvelin tag-virtuaalipalvelin\"><div class=\"gb-container gb-container-56733ae2\">\n<h3 class=\"gb-headline gb-headline-effbdb09\"><span class=\"gb-icon\"><svg aria-hidden=\"true\" role=\"img\" height=\"1em\" width=\"1em\" viewbox=\"0 0 256 512\" xmlns=\"http:\/\/www.w3.org\/2000\/svg\"><path fill=\"currentColor\" d=\"M224.3 273l-136 136c-9.4 9.4-24.6 9.4-33.9 0l-22.6-22.6c-9.4-9.4-9.4-24.6 0-33.9l96.4-96.4-96.4-96.4c-9.4-9.4-9.4-24.6 0-33.9L54.3 103c9.4-9.4 24.6-9.4 33.9 0l136 136c9.5 9.4 9.5 24.6.1 34z\"><\/path><\/svg><\/span><span class=\"gb-headline-text\"><a href=\"https:\/\/www.zoner.fi\/tuki\/virtuaalipalvelimet\/vps-kirjautuminen-palvelimen-tiedot-ja-etakaytto\/\">Virtuaalipalvelin &#8211; Kirjautuminen, palvelimen tiedot ja et\u00e4k\u00e4ytt\u00f6<\/a><\/span><\/h3>\n<\/div><\/div>\n\n<div class=\"gb-grid-column gb-grid-column-56733ae2 gb-query-loop-item post-135001 page type-page status-publish category-cloudserver-virtuaalipalvelin tag-virtuaalipalvelin\"><div class=\"gb-container gb-container-56733ae2\">\n<h3 class=\"gb-headline gb-headline-effbdb09\"><span class=\"gb-icon\"><svg aria-hidden=\"true\" role=\"img\" height=\"1em\" width=\"1em\" viewbox=\"0 0 256 512\" xmlns=\"http:\/\/www.w3.org\/2000\/svg\"><path fill=\"currentColor\" d=\"M224.3 273l-136 136c-9.4 9.4-24.6 9.4-33.9 0l-22.6-22.6c-9.4-9.4-9.4-24.6 0-33.9l96.4-96.4-96.4-96.4c-9.4-9.4-9.4-24.6 0-33.9L54.3 103c9.4-9.4 24.6-9.4 33.9 0l136 136c9.5 9.4 9.5 24.6.1 34z\"><\/path><\/svg><\/span><span class=\"gb-headline-text\"><a href=\"https:\/\/www.zoner.fi\/tuki\/virtuaalipalvelimet\/vps-resurssien-ja-paketin-hallinta\/\">Virtuaalipalvelimen resurssien ja paketin hallinta<\/a><\/span><\/h3>\n<\/div><\/div>\n\n<div class=\"gb-grid-column gb-grid-column-56733ae2 gb-query-loop-item post-134996 page type-page status-publish category-cloudserver-virtuaalipalvelin tag-virtuaalipalvelin\"><div class=\"gb-container gb-container-56733ae2\">\n<h3 class=\"gb-headline gb-headline-effbdb09\"><span class=\"gb-icon\"><svg aria-hidden=\"true\" role=\"img\" height=\"1em\" width=\"1em\" viewbox=\"0 0 256 512\" xmlns=\"http:\/\/www.w3.org\/2000\/svg\"><path fill=\"currentColor\" d=\"M224.3 273l-136 136c-9.4 9.4-24.6 9.4-33.9 0l-22.6-22.6c-9.4-9.4-9.4-24.6 0-33.9l96.4-96.4-96.4-96.4c-9.4-9.4-9.4-24.6 0-33.9L54.3 103c9.4-9.4 24.6-9.4 33.9 0l136 136c9.5 9.4 9.5 24.6.1 34z\"><\/path><\/svg><\/span><span class=\"gb-headline-text\"><a href=\"https:\/\/www.zoner.fi\/tuki\/virtuaalipalvelimet\/luo-vps-varmuuskopio-tilannekuvan-avulla\/\">Luo snapshot virtuaalipalvelimestasi<\/a><\/span><\/h3>\n<\/div><\/div>\n\n<div class=\"gb-grid-column gb-grid-column-56733ae2 gb-query-loop-item post-134987 page type-page status-publish category-cloudserver-virtuaalipalvelin tag-virtuaalipalvelin\"><div class=\"gb-container gb-container-56733ae2\">\n<h3 class=\"gb-headline gb-headline-effbdb09\"><span class=\"gb-icon\"><svg aria-hidden=\"true\" role=\"img\" height=\"1em\" width=\"1em\" viewbox=\"0 0 256 512\" xmlns=\"http:\/\/www.w3.org\/2000\/svg\"><path fill=\"currentColor\" d=\"M224.3 273l-136 136c-9.4 9.4-24.6 9.4-33.9 0l-22.6-22.6c-9.4-9.4-9.4-24.6 0-33.9l96.4-96.4-96.4-96.4c-9.4-9.4-9.4-24.6 0-33.9L54.3 103c9.4-9.4 24.6-9.4 33.9 0l136 136c9.5 9.4 9.5 24.6.1 34z\"><\/path><\/svg><\/span><span class=\"gb-headline-text\"><a href=\"https:\/\/www.zoner.fi\/tuki\/virtuaalipalvelimet\/kuinka-vaihdan-vps-salasanan\/\">Kuinka vaihdan virtuaalipalvelimen salasanan?<\/a><\/span><\/h3>\n<\/div><\/div>\n<\/div>\n\n<\/div><\/div>\n<\/div>\n<\/div>\n<\/div>","protected":false},"excerpt":{"rendered":"","protected":false},"author":18,"featured_media":0,"parent":659,"menu_order":0,"comment_status":"closed","ping_status":"closed","template":"","meta":{"_relevanssi_hide_post":"","_relevanssi_hide_content":"","_relevanssi_pin_for_all":"","_relevanssi_pin_keywords":"","_relevanssi_unpin_keywords":"","_relevanssi_related_keywords":"","_relevanssi_related_include_ids":"","_relevanssi_related_exclude_ids":"","_relevanssi_related_no_append":"","_relevanssi_related_not_related":"","_relevanssi_related_posts":"","_relevanssi_noindex_reason":"","footnotes":""},"categories":[],"tags":[],"wf_page_folders":[],"class_list":["post-137405","page","type-page","status-publish"],"_links":{"self":[{"href":"https:\/\/www.zoner.fi\/tuki\/wp-json\/wp\/v2\/pages\/137405","targetHints":{"allow":["GET"]}}],"collection":[{"href":"https:\/\/www.zoner.fi\/tuki\/wp-json\/wp\/v2\/pages"}],"about":[{"href":"https:\/\/www.zoner.fi\/tuki\/wp-json\/wp\/v2\/types\/page"}],"author":[{"embeddable":true,"href":"https:\/\/www.zoner.fi\/tuki\/wp-json\/wp\/v2\/users\/18"}],"replies":[{"embeddable":true,"href":"https:\/\/www.zoner.fi\/tuki\/wp-json\/wp\/v2\/comments?post=137405"}],"version-history":[{"count":5,"href":"https:\/\/www.zoner.fi\/tuki\/wp-json\/wp\/v2\/pages\/137405\/revisions"}],"predecessor-version":[{"id":137747,"href":"https:\/\/www.zoner.fi\/tuki\/wp-json\/wp\/v2\/pages\/137405\/revisions\/137747"}],"up":[{"embeddable":true,"href":"https:\/\/www.zoner.fi\/tuki\/wp-json\/wp\/v2\/pages\/659"}],"wp:attachment":[{"href":"https:\/\/www.zoner.fi\/tuki\/wp-json\/wp\/v2\/media?parent=137405"}],"wp:term":[{"taxonomy":"category","embeddable":true,"href":"https:\/\/www.zoner.fi\/tuki\/wp-json\/wp\/v2\/categories?post=137405"},{"taxonomy":"post_tag","embeddable":true,"href":"https:\/\/www.zoner.fi\/tuki\/wp-json\/wp\/v2\/tags?post=137405"},{"taxonomy":"wf_page_folders","embeddable":true,"href":"https:\/\/www.zoner.fi\/tuki\/wp-json\/wp\/v2\/wf_page_folders?post=137405"}],"curies":[{"name":"wp","href":"https:\/\/api.w.org\/{rel}","templated":true}]}}