{"id":137407,"date":"2025-09-17T11:14:42","date_gmt":"2025-09-17T08:14:42","guid":{"rendered":"https:\/\/www.zoner.fi\/tuki\/?page_id=137407"},"modified":"2025-09-25T17:11:30","modified_gmt":"2025-09-25T14:11:30","slug":"legacy","status":"publish","type":"page","link":"https:\/\/www.zoner.fi\/tuki\/virtuaalipalvelimet\/legacy\/","title":{"rendered":"Legacy virtuaalipalvelin"},"content":{"rendered":"<div class=\"gb-container gb-container-1d18af62 alignfull\">\n<div class=\"gb-container gb-container-6a979e36\" id=\"ftp\">\n<div class=\"gb-grid-wrapper gb-grid-wrapper-7d3429c5\">\n<div class=\"gb-grid-column gb-grid-column-0bb694a2\"><div class=\"gb-container gb-container-0bb694a2\">\n\n<h2 class=\"gb-headline gb-headline-33bb7291 gb-headline-text\">Legacy Virtuaalipalvelimet<\/h2>\n\n<\/div><\/div>\n\n<div class=\"gb-grid-column gb-grid-column-705b4237\"><div class=\"gb-container gb-container-705b4237\">\n\n<div class=\"gb-grid-wrapper gb-grid-wrapper-a167430d gb-query-loop-wrapper\">\n<div class=\"gb-grid-column gb-grid-column-5c214158 gb-query-loop-item post-662 page type-page status-publish category-cloudserver-virtuaalipalvelin category-legacy-virtuaalipalvelin tag-legacy-virtuaalipalvelin\"><div class=\"gb-container gb-container-5c214158\">\n<h2 class=\"gb-headline gb-headline-1018b807\"><span class=\"gb-icon\"><svg aria-hidden=\"true\" role=\"img\" height=\"1em\" width=\"1em\" viewbox=\"0 0 256 512\" xmlns=\"http:\/\/www.w3.org\/2000\/svg\"><path fill=\"currentColor\" d=\"M224.3 273l-136 136c-9.4 9.4-24.6 9.4-33.9 0l-22.6-22.6c-9.4-9.4-9.4-24.6 0-33.9l96.4-96.4-96.4-96.4c-9.4-9.4-9.4-24.6 0-33.9L54.3 103c9.4-9.4 24.6-9.4 33.9 0l136 136c9.5 9.4 9.5 24.6.1 34z\"><\/path><\/svg><\/span><span class=\"gb-headline-text\"><a href=\"https:\/\/www.zoner.fi\/tuki\/virtuaalipalvelimet\/miten-otan-kaksi-domainia-kayttoon-virtuaalipalvelimella\/\">Kahden domainin k\u00e4ytt\u00f6\u00f6notto virtuaalipalvelimella<\/a><\/span><\/h2>\n<\/div><\/div>\n\n<div class=\"gb-grid-column gb-grid-column-5c214158 gb-query-loop-item post-675 page type-page status-publish category-cloudserver-virtuaalipalvelin category-legacy-virtuaalipalvelin tag-legacy-virtuaalipalvelin\"><div class=\"gb-container gb-container-5c214158\">\n<h2 class=\"gb-headline gb-headline-1018b807\"><span class=\"gb-icon\"><svg aria-hidden=\"true\" role=\"img\" height=\"1em\" width=\"1em\" viewbox=\"0 0 256 512\" xmlns=\"http:\/\/www.w3.org\/2000\/svg\"><path fill=\"currentColor\" d=\"M224.3 273l-136 136c-9.4 9.4-24.6 9.4-33.9 0l-22.6-22.6c-9.4-9.4-9.4-24.6 0-33.9l96.4-96.4-96.4-96.4c-9.4-9.4-9.4-24.6 0-33.9L54.3 103c9.4-9.4 24.6-9.4 33.9 0l136 136c9.5 9.4 9.5 24.6.1 34z\"><\/path><\/svg><\/span><span class=\"gb-headline-text\"><a href=\"https:\/\/www.zoner.fi\/tuki\/virtuaalipalvelimet\/miten-muutan-virtuaalipalvelimen-resursseja\/\">Miten muutan virtuaalipalvelimen resursseja?<\/a><\/span><\/h2>\n<\/div><\/div>\n\n<div class=\"gb-grid-column gb-grid-column-5c214158 gb-query-loop-item post-701 page type-page status-publish category-legacy-virtuaalipalvelin tag-legacy-virtuaalipalvelin\"><div class=\"gb-container gb-container-5c214158\">\n<h2 class=\"gb-headline gb-headline-1018b807\"><span class=\"gb-icon\"><svg aria-hidden=\"true\" role=\"img\" height=\"1em\" width=\"1em\" viewbox=\"0 0 256 512\" xmlns=\"http:\/\/www.w3.org\/2000\/svg\"><path fill=\"currentColor\" d=\"M224.3 273l-136 136c-9.4 9.4-24.6 9.4-33.9 0l-22.6-22.6c-9.4-9.4-9.4-24.6 0-33.9l96.4-96.4-96.4-96.4c-9.4-9.4-9.4-24.6 0-33.9L54.3 103c9.4-9.4 24.6-9.4 33.9 0l136 136c9.5 9.4 9.5 24.6.1 34z\"><\/path><\/svg><\/span><span class=\"gb-headline-text\"><a href=\"https:\/\/www.zoner.fi\/tuki\/virtuaalipalvelimet\/miten-varmuuskopioin-virtuaalipalvelimen\/\">Miten varmuuskopioin virtuaalipalvelimen?<\/a><\/span><\/h2>\n<\/div><\/div>\n\n<div class=\"gb-grid-column gb-grid-column-5c214158 gb-query-loop-item post-685 page type-page status-publish category-legacy-virtuaalipalvelin tag-legacy-virtuaalipalvelin\"><div class=\"gb-container gb-container-5c214158\">\n<h2 class=\"gb-headline gb-headline-1018b807\"><span class=\"gb-icon\"><svg aria-hidden=\"true\" role=\"img\" height=\"1em\" width=\"1em\" viewbox=\"0 0 256 512\" xmlns=\"http:\/\/www.w3.org\/2000\/svg\"><path fill=\"currentColor\" d=\"M224.3 273l-136 136c-9.4 9.4-24.6 9.4-33.9 0l-22.6-22.6c-9.4-9.4-9.4-24.6 0-33.9l96.4-96.4-96.4-96.4c-9.4-9.4-9.4-24.6 0-33.9L54.3 103c9.4-9.4 24.6-9.4 33.9 0l136 136c9.5 9.4 9.5 24.6.1 34z\"><\/path><\/svg><\/span><span class=\"gb-headline-text\"><a href=\"https:\/\/www.zoner.fi\/tuki\/virtuaalipalvelimet\/miten-asennan-virtuaalipalvelimen\/\">Miten asennan virtuaalipalvelimen?<\/a><\/span><\/h2>\n<\/div><\/div>\n\n<div class=\"gb-grid-column gb-grid-column-5c214158 gb-query-loop-item post-727 page type-page status-publish category-legacy-virtuaalipalvelin tag-legacy-virtuaalipalvelin\"><div class=\"gb-container gb-container-5c214158\">\n<h2 class=\"gb-headline gb-headline-1018b807\"><span class=\"gb-icon\"><svg aria-hidden=\"true\" role=\"img\" height=\"1em\" width=\"1em\" viewbox=\"0 0 256 512\" xmlns=\"http:\/\/www.w3.org\/2000\/svg\"><path fill=\"currentColor\" d=\"M224.3 273l-136 136c-9.4 9.4-24.6 9.4-33.9 0l-22.6-22.6c-9.4-9.4-9.4-24.6 0-33.9l96.4-96.4-96.4-96.4c-9.4-9.4-9.4-24.6 0-33.9L54.3 103c9.4-9.4 24.6-9.4 33.9 0l136 136c9.5 9.4 9.5 24.6.1 34z\"><\/path><\/svg><\/span><span class=\"gb-headline-text\"><a href=\"https:\/\/www.zoner.fi\/tuki\/virtuaalipalvelimet\/miten-kloonaan-virtuaalipalvelimen\/\">Miten kloonaan virtuaalipalvelimen?<\/a><\/span><\/h2>\n<\/div><\/div>\n<\/div>\n\n<\/div><\/div>\n<\/div>\n<\/div>\n<\/div>","protected":false},"excerpt":{"rendered":"","protected":false},"author":18,"featured_media":0,"parent":659,"menu_order":0,"comment_status":"closed","ping_status":"closed","template":"","meta":{"_relevanssi_hide_post":"","_relevanssi_hide_content":"","_relevanssi_pin_for_all":"","_relevanssi_pin_keywords":"","_relevanssi_unpin_keywords":"","_relevanssi_related_keywords":"","_relevanssi_related_include_ids":"","_relevanssi_related_exclude_ids":"","_relevanssi_related_no_append":"","_relevanssi_related_not_related":"","_relevanssi_related_posts":"","_relevanssi_noindex_reason":"","footnotes":""},"categories":[],"tags":[],"wf_page_folders":[],"class_list":["post-137407","page","type-page","status-publish"],"_links":{"self":[{"href":"https:\/\/www.zoner.fi\/tuki\/wp-json\/wp\/v2\/pages\/137407","targetHints":{"allow":["GET"]}}],"collection":[{"href":"https:\/\/www.zoner.fi\/tuki\/wp-json\/wp\/v2\/pages"}],"about":[{"href":"https:\/\/www.zoner.fi\/tuki\/wp-json\/wp\/v2\/types\/page"}],"author":[{"embeddable":true,"href":"https:\/\/www.zoner.fi\/tuki\/wp-json\/wp\/v2\/users\/18"}],"replies":[{"embeddable":true,"href":"https:\/\/www.zoner.fi\/tuki\/wp-json\/wp\/v2\/comments?post=137407"}],"version-history":[{"count":5,"href":"https:\/\/www.zoner.fi\/tuki\/wp-json\/wp\/v2\/pages\/137407\/revisions"}],"predecessor-version":[{"id":137748,"href":"https:\/\/www.zoner.fi\/tuki\/wp-json\/wp\/v2\/pages\/137407\/revisions\/137748"}],"up":[{"embeddable":true,"href":"https:\/\/www.zoner.fi\/tuki\/wp-json\/wp\/v2\/pages\/659"}],"wp:attachment":[{"href":"https:\/\/www.zoner.fi\/tuki\/wp-json\/wp\/v2\/media?parent=137407"}],"wp:term":[{"taxonomy":"category","embeddable":true,"href":"https:\/\/www.zoner.fi\/tuki\/wp-json\/wp\/v2\/categories?post=137407"},{"taxonomy":"post_tag","embeddable":true,"href":"https:\/\/www.zoner.fi\/tuki\/wp-json\/wp\/v2\/tags?post=137407"},{"taxonomy":"wf_page_folders","embeddable":true,"href":"https:\/\/www.zoner.fi\/tuki\/wp-json\/wp\/v2\/wf_page_folders?post=137407"}],"curies":[{"name":"wp","href":"https:\/\/api.w.org\/{rel}","templated":true}]}}