{"id":137457,"date":"2025-09-17T14:29:36","date_gmt":"2025-09-17T11:29:36","guid":{"rendered":"https:\/\/www.zoner.fi\/tuki\/?page_id=137457"},"modified":"2025-09-17T14:29:37","modified_gmt":"2025-09-17T11:29:37","slug":"miten-luon-aliverkkotunnuksen-webhotellissa-2","status":"publish","type":"page","link":"https:\/\/www.zoner.fi\/tuki\/webhotellit\/miten-luon-aliverkkotunnuksen-webhotellissa-2\/","title":{"rendered":"Miten luon aliverkkotunnuksen webhotellissa?"},"content":{"rendered":"\n<p>Zonerin webhotellit sis\u00e4lt\u00e4v\u00e4t rajattoman m\u00e4\u00e4r\u00e4n subdomaineja eli aliverkkotunnuksia, joita voit luoda vapaasti k\u00e4ytt\u00f6\u00f6si palvelustamme.<\/p>\n\n\n\n<p>T\u00e4ss\u00e4 ohjeessa k\u00e4yd\u00e4\u00e4n l\u00e4pi, mik\u00e4 subdomain on ja kuinka sen saa luotua k\u00e4ytt\u00f6\u00f6n webhotellin hallintapaneelista.<\/p>\n\n\n\n<h2 class=\"wp-block-heading\">Mik\u00e4 on subdomain eli aliverkkotunnus?<\/h2>\n\n\n\n<p>Subdomain muodostuu osoitteen alkuosasta, jonka j\u00e4lkeen tulee piste ja oma verkkotunnuksesi eli esimerkiksi kauppa.domaintesti.fi on aliverkkotunnus osoitteelle domaintesti.fi.<\/p>\n\n\n\n<p>Aliverkkotunnuksia k\u00e4ytet\u00e4\u00e4n usein yrityksen \/ sivuston eri toimintojen erottamiseen toisistaan. Suosittuja k\u00e4ytt\u00f6kohteita ovat vaikkapa verkkokauppa, blogi, intranet ja muut erilaiset toiminnanohjausj\u00e4rjestelm\u00e4t. Eri aliverkkotunnukset voivat my\u00f6s ohjautua toisistaan erill\u00e4 oleville palvelimille ja ulkoisiin palveluihin, siin\u00e4 miss\u00e4 esimerkiksi kaikki p\u00e4\u00e4verkkotunnuksen alla olevat sis\u00e4ll\u00f6t ja alikansiot, kuten domaintesti.fi\/kauppa ohjautuvat aina yhteen ja samaan palveluun.<\/p>\n\n\n\n<p>Aliverkkotunnuksen hy\u00f6dynt\u00e4miseksi sinulla tulee olla mahdollisuus tehd\u00e4 muutoksia p\u00e4\u00e4verkkotunnuksen DNS-ohjauksiin. Kukaan ulkopuolinen ei siis l\u00e4ht\u00f6kohtaisesti pysty hy\u00f6dynt\u00e4m\u00e4\u00e4n toisen omistaman verkkotunnuksen alaosoitteita.<\/p>\n\n\n\n<h2 class=\"wp-block-heading\">Miten luon aliverkkotunnuksen webhotellissa?<\/h2>\n\n\n\n<p>Kirjaudu sis\u00e4\u00e4n webhotellin DirectAdmin -hallintapaneeliin.<\/p>\n\n\n\n<p>Jos sinulla on kauttamme useampi domain, valitse ensin se domain, jolle haluat luoda uuden aliverkkotunnuksen. Ohje muokattavan domainin valintaan l\u00f6ytyy <a href=\"https:\/\/www.zoner.fi\/tuki\/webhotellit\/miten-kaytan-directadmin-hallintapaneelia\/\">t\u00e4\u00e4lt\u00e4<\/a>.<\/p>\n\n\n\n<p>Valitse p\u00e4\u00e4valikosta Tilin hallinta &#8211; Aliverkkotunnusten hallinta.<\/p>\n\n\n\n<figure class=\"wp-block-image\"><img decoding=\"async\" src=\"https:\/\/zonerwp2022.zoner.fi\/wp-content\/uploads\/2019\/02\/aliverkkotunnus-aliverkkotunnusten-hallinta.jpg\" alt=\"\" class=\"wp-image-44105\"\/><\/figure>\n\n\n\n<p>Klikkaa avautuvalla Aliverkkotunnusten m\u00e4\u00e4ritys -sivulla n\u00e4kyv\u00e4\u00e4 vihre\u00e4\u00e4 painiketta Lis\u00e4\u00e4 aliverkkotunnus.<\/p>\n\n\n\n<figure class=\"wp-block-image\"><img decoding=\"async\" src=\"https:\/\/zonerwp2022.zoner.fi\/wp-content\/uploads\/2019\/02\/aliverkkotunnus-lisaa-aliverkkotunnus-painike.jpg\" alt=\"\" class=\"wp-image-44111\"\/><\/figure>\n\n\n\n<p><em>Sivulla n\u00e4kyv\u00e4ss\u00e4 listassa n\u00e4kyv\u00e4t my\u00f6s mahdolliset aiemmin luomasi aliverkkotunnukset. Niit\u00e4 p\u00e4\u00e4set hallinnoimaan laittamalla valinnan tunnuksen edess\u00e4 olevaan ruutuun.<\/em><\/p>\n\n\n\n<p>Ruutuun aukeaa ponnahdusikkuna, johon voit nyt kirjoittaa haluamasi aliverkkotunnuksen. Tallenna muutokset klikkaamalla Lis\u00e4\u00e4 aliverkkotunnus -painiketta.<\/p>\n\n\n\n<figure class=\"wp-block-image\"><img decoding=\"async\" src=\"https:\/\/zonerwp2022.zoner.fi\/wp-content\/uploads\/2019\/02\/aliverkkotunnus-kirjoita-tunnus-ja-tallenna.jpg\" alt=\"\" class=\"wp-image-44108\"\/><\/figure>\n","protected":false},"excerpt":{"rendered":"<p>Zonerin webhotellit sis\u00e4lt\u00e4v\u00e4t rajattoman m\u00e4\u00e4r\u00e4n subdomaineja eli aliverkkotunnuksia, joita voit luoda vapaasti k\u00e4ytt\u00f6\u00f6si palvelustamme. T\u00e4ss\u00e4 ohjeessa k\u00e4yd\u00e4\u00e4n l\u00e4pi, mik\u00e4 subdomain on ja kuinka sen saa luotua k\u00e4ytt\u00f6\u00f6n webhotellin hallintapaneelista. Mik\u00e4 on subdomain eli aliverkkotunnus? Subdomain muodostuu osoitteen alkuosasta, jonka j\u00e4lkeen tulee piste ja oma verkkotunnuksesi eli esimerkiksi kauppa.domaintesti.fi on aliverkkotunnus osoitteelle domaintesti.fi. Aliverkkotunnuksia k\u00e4ytet\u00e4\u00e4n usein &#8230; <a title=\"Miten luon aliverkkotunnuksen webhotellissa?\" class=\"read-more\" href=\"https:\/\/www.zoner.fi\/tuki\/webhotellit\/miten-luon-aliverkkotunnuksen-webhotellissa-2\/\" aria-label=\"Lue lis\u00e4\u00e4 aiheesta Miten luon aliverkkotunnuksen webhotellissa?\">Lue lis\u00e4\u00e4<\/a><\/p>\n","protected":false},"author":18,"featured_media":0,"parent":129010,"menu_order":0,"comment_status":"closed","ping_status":"closed","template":"","meta":{"_relevanssi_hide_post":"","_relevanssi_hide_content":"","_relevanssi_pin_for_all":"","_relevanssi_pin_keywords":"","_relevanssi_unpin_keywords":"","_relevanssi_related_keywords":"","_relevanssi_related_include_ids":"","_relevanssi_related_exclude_ids":"","_relevanssi_related_no_append":"","_relevanssi_related_not_related":"","_relevanssi_related_posts":"1076,1066,1063","_relevanssi_noindex_reason":"","footnotes":""},"categories":[192,209],"tags":[219,158],"wf_page_folders":[],"class_list":{"0":"post-137457","1":"page","2":"type-page","3":"status-publish","5":"category-directadmin","6":"category-directadmin-verkkotunnus","7":"tag-verkkotunnusten-hallinta","8":"tag-yleiset"},"_links":{"self":[{"href":"https:\/\/www.zoner.fi\/tuki\/wp-json\/wp\/v2\/pages\/137457","targetHints":{"allow":["GET"]}}],"collection":[{"href":"https:\/\/www.zoner.fi\/tuki\/wp-json\/wp\/v2\/pages"}],"about":[{"href":"https:\/\/www.zoner.fi\/tuki\/wp-json\/wp\/v2\/types\/page"}],"author":[{"embeddable":true,"href":"https:\/\/www.zoner.fi\/tuki\/wp-json\/wp\/v2\/users\/18"}],"replies":[{"embeddable":true,"href":"https:\/\/www.zoner.fi\/tuki\/wp-json\/wp\/v2\/comments?post=137457"}],"version-history":[{"count":2,"href":"https:\/\/www.zoner.fi\/tuki\/wp-json\/wp\/v2\/pages\/137457\/revisions"}],"predecessor-version":[{"id":137598,"href":"https:\/\/www.zoner.fi\/tuki\/wp-json\/wp\/v2\/pages\/137457\/revisions\/137598"}],"up":[{"embeddable":true,"href":"https:\/\/www.zoner.fi\/tuki\/wp-json\/wp\/v2\/pages\/129010"}],"wp:attachment":[{"href":"https:\/\/www.zoner.fi\/tuki\/wp-json\/wp\/v2\/media?parent=137457"}],"wp:term":[{"taxonomy":"category","embeddable":true,"href":"https:\/\/www.zoner.fi\/tuki\/wp-json\/wp\/v2\/categories?post=137457"},{"taxonomy":"post_tag","embeddable":true,"href":"https:\/\/www.zoner.fi\/tuki\/wp-json\/wp\/v2\/tags?post=137457"},{"taxonomy":"wf_page_folders","embeddable":true,"href":"https:\/\/www.zoner.fi\/tuki\/wp-json\/wp\/v2\/wf_page_folders?post=137457"}],"curies":[{"name":"wp","href":"https:\/\/api.w.org\/{rel}","templated":true}]}}