{"id":137462,"date":"2025-09-17T14:35:21","date_gmt":"2025-09-17T11:35:21","guid":{"rendered":"https:\/\/www.zoner.fi\/tuki\/?page_id=137462"},"modified":"2025-09-17T14:35:41","modified_gmt":"2025-09-17T11:35:41","slug":"ssl-sertifikaatin-kayttoonotto","status":"publish","type":"page","link":"https:\/\/www.zoner.fi\/tuki\/webhotellit\/ssl-sertifikaatin-kayttoonotto\/","title":{"rendered":"Let&#8217;s Encrypt -SSL-sertifikaatin k\u00e4ytt\u00f6\u00f6notto"},"content":{"rendered":"\n<p>Kaikkiin tarjoamiimme<a href=\"https:\/\/www.zoner.fi\/webhotellit\/\"> webhotellipaketteihin<\/a>&nbsp;sis\u00e4ltyy mahdollisuus k\u00e4ytt\u00e4\u00e4 SSL-salausta. K\u00e4ytt\u00e4j\u00e4lle salaus ilmenee selaimen osoiterivill\u00e4 n\u00e4kyv\u00e4st\u00e4 lukon kuvasta ja verkkosivujen osoitteesta, joka alkaa kirjainyhdistelm\u00e4ll\u00e4 https:\/\/.<\/p>\n\n\n\n<p>T\u00e4m\u00e4 ohje k\u00e4sittelee ilmaisen Let&#8217;s Encrypt -sertifikaatin luontia ja k\u00e4ytt\u00f6\u00f6nottoa. Mik\u00e4li sinulla on erillinen maksullinen SSL-sertifikaatti, lue ohje <a href=\"https:\/\/www.zoner.fi\/tuki\/webhotellit\/miten-asennan-olemassaolevan-sertifikaatin\/\">olemassaolevan sertifikaatin asentamisesta<\/a>.<\/p>\n\n\n\n<h2 class=\"wp-block-heading\">SSL-tuen aktivointi verkkotunnukselle<\/h2>\n\n\n\n<p>Jos k\u00e4yt\u00f6ss\u00e4si on Zoner Home -webhotellin hallintapaneeli, voit pyyt\u00e4\u00e4 ilmaista Let&#8217;s Encrypt -sertifikaattia sivustollesi helposti suoraan siell\u00e4:<\/p>\n\n\n\n<p>1. Kirjaudu Zoner Homeen osoitteessa <a href=\"https:\/\/home.zoner.fi\/\" target=\"_blank\" rel=\"noreferrer noopener\">https:\/\/home.zoner.fi<\/a>.<\/p>\n\n\n\n<p>2. Avaa Zoner Homessa <strong>Omat tuotteet<\/strong> -v\u00e4lilehti.<\/p>\n\n\n\n<figure class=\"wp-block-image size-large\"><img loading=\"lazy\" decoding=\"async\" width=\"1024\" height=\"703\" src=\"https:\/\/www.zoner.fi\/tuki\/wp-content\/uploads\/2025\/01\/omat-tuotteet-zoner-home-1024x703.png\" alt=\"\" class=\"wp-image-135121\" srcset=\"https:\/\/www.zoner.fi\/tuki\/wp-content\/uploads\/2025\/01\/omat-tuotteet-zoner-home-1024x703.png 1024w, https:\/\/www.zoner.fi\/tuki\/wp-content\/uploads\/2025\/01\/omat-tuotteet-zoner-home-300x206.png 300w, https:\/\/www.zoner.fi\/tuki\/wp-content\/uploads\/2025\/01\/omat-tuotteet-zoner-home-768x528.png 768w, https:\/\/www.zoner.fi\/tuki\/wp-content\/uploads\/2025\/01\/omat-tuotteet-zoner-home.png 1399w\" sizes=\"auto, (max-width: 1024px) 100vw, 1024px\" \/><\/figure>\n\n\n\n<p>3. Klikkaa Omat tuotteet-sivulla <strong>Verkkosivustot<\/strong>-kohdassa sit\u00e4 webhotellia, jossa haluat aktivoida SSL-sertifikaatin.<\/p>\n\n\n\n<figure class=\"wp-block-image size-large\"><img loading=\"lazy\" decoding=\"async\" width=\"1024\" height=\"510\" src=\"https:\/\/www.zoner.fi\/tuki\/wp-content\/uploads\/2025\/01\/omat-tuotteet-zoner-home-2-1024x510.png\" alt=\"\" class=\"wp-image-135122\" srcset=\"https:\/\/www.zoner.fi\/tuki\/wp-content\/uploads\/2025\/01\/omat-tuotteet-zoner-home-2-1024x510.png 1024w, https:\/\/www.zoner.fi\/tuki\/wp-content\/uploads\/2025\/01\/omat-tuotteet-zoner-home-2-300x149.png 300w, https:\/\/www.zoner.fi\/tuki\/wp-content\/uploads\/2025\/01\/omat-tuotteet-zoner-home-2-768x383.png 768w, https:\/\/www.zoner.fi\/tuki\/wp-content\/uploads\/2025\/01\/omat-tuotteet-zoner-home-2.png 1399w\" sizes=\"auto, (max-width: 1024px) 100vw, 1024px\" \/><\/figure>\n\n\n\n<p>4. Olet nyt webhotellin hallintapaneessa. Klikkaa vasemmassa valikossa <strong>Verkkotunnukset<\/strong>. Klikkaa sitten lukko-kuvaketta verkkotunnuksen oikeassa reunassa.<\/p>\n\n\n\n<figure class=\"wp-block-image size-large\"><img loading=\"lazy\" decoding=\"async\" width=\"1024\" height=\"529\" src=\"https:\/\/www.zoner.fi\/tuki\/wp-content\/uploads\/2025\/02\/zoner-home-ssl-1024x529.png\" alt=\"\" class=\"wp-image-135381\" srcset=\"https:\/\/www.zoner.fi\/tuki\/wp-content\/uploads\/2025\/02\/zoner-home-ssl-1024x529.png 1024w, https:\/\/www.zoner.fi\/tuki\/wp-content\/uploads\/2025\/02\/zoner-home-ssl-300x155.png 300w, https:\/\/www.zoner.fi\/tuki\/wp-content\/uploads\/2025\/02\/zoner-home-ssl-768x397.png 768w, https:\/\/www.zoner.fi\/tuki\/wp-content\/uploads\/2025\/02\/zoner-home-ssl.png 1483w\" sizes=\"auto, (max-width: 1024px) 100vw, 1024px\" \/><\/figure>\n\n\n\n<p>5. Klikkaa <strong>Valitse<\/strong>-painiketta:<\/p>\n\n\n\n<figure class=\"wp-block-image size-large is-resized\"><img loading=\"lazy\" decoding=\"async\" width=\"1024\" height=\"529\" src=\"https:\/\/www.zoner.fi\/tuki\/wp-content\/uploads\/2025\/02\/zoner-home-ssl-2-1024x529.png\" alt=\"\" class=\"wp-image-135382\" style=\"width:888px;height:auto\" srcset=\"https:\/\/www.zoner.fi\/tuki\/wp-content\/uploads\/2025\/02\/zoner-home-ssl-2-1024x529.png 1024w, https:\/\/www.zoner.fi\/tuki\/wp-content\/uploads\/2025\/02\/zoner-home-ssl-2-300x155.png 300w, https:\/\/www.zoner.fi\/tuki\/wp-content\/uploads\/2025\/02\/zoner-home-ssl-2-768x397.png 768w, https:\/\/www.zoner.fi\/tuki\/wp-content\/uploads\/2025\/02\/zoner-home-ssl-2.png 1483w\" sizes=\"auto, (max-width: 1024px) 100vw, 1024px\" \/><\/figure>\n\n\n\n<p>6. Tarkista, ett\u00e4 tilisi tiedot ovat ajan tasaiset. Voit muokata niit\u00e4 tarvittaessa Zoner Homessa sivulla Tili &gt; Yleiskatsaus.<\/p>\n\n\n\n<p>Vahvista sivun lopussa, ett\u00e4 olet tarkistanut tietosi ja hyv\u00e4ksyt k\u00e4ytt\u00f6ehdot, ja klikkaa sitten <strong>Pyyd\u00e4 sertifikaattia<\/strong> -painiketta.<\/p>\n\n\n\n<p>Sertifikaattipyynt\u00f6 k\u00e4sitell\u00e4\u00e4n kahden tunnin sis\u00e4ll\u00e4.<\/p>\n\n\n\n<figure class=\"wp-block-image size-large\"><img loading=\"lazy\" decoding=\"async\" width=\"1024\" height=\"706\" src=\"https:\/\/www.zoner.fi\/tuki\/wp-content\/uploads\/2025\/02\/zoner-home-ssl-3-1024x706.png\" alt=\"\" class=\"wp-image-135383\" srcset=\"https:\/\/www.zoner.fi\/tuki\/wp-content\/uploads\/2025\/02\/zoner-home-ssl-3-1024x706.png 1024w, https:\/\/www.zoner.fi\/tuki\/wp-content\/uploads\/2025\/02\/zoner-home-ssl-3-300x207.png 300w, https:\/\/www.zoner.fi\/tuki\/wp-content\/uploads\/2025\/02\/zoner-home-ssl-3-768x529.png 768w, https:\/\/www.zoner.fi\/tuki\/wp-content\/uploads\/2025\/02\/zoner-home-ssl-3.png 1483w\" sizes=\"auto, (max-width: 1024px) 100vw, 1024px\" \/><\/figure>\n","protected":false},"excerpt":{"rendered":"<p>T\u00e4m\u00e4 ohje k\u00e4sittelee ilmaisen Let&#8217;s Encrypt -sertifikaatin luontia ja k\u00e4ytt\u00f6\u00f6nottoa.<\/p>\n","protected":false},"author":18,"featured_media":0,"parent":129010,"menu_order":0,"comment_status":"closed","ping_status":"closed","template":"","meta":{"_relevanssi_hide_post":"","_relevanssi_hide_content":"","_relevanssi_pin_for_all":"","_relevanssi_pin_keywords":"","_relevanssi_unpin_keywords":"","_relevanssi_related_keywords":"","_relevanssi_related_include_ids":"","_relevanssi_related_exclude_ids":"","_relevanssi_related_no_append":"","_relevanssi_related_not_related":"","_relevanssi_related_posts":"1076,1066,1063","_relevanssi_noindex_reason":"","footnotes":""},"categories":[210,217],"tags":[219,158],"wf_page_folders":[],"class_list":{"0":"post-137462","1":"page","2":"type-page","3":"status-publish","5":"category-zoner-home-verkkotunnus","6":"category-zoner-home-webhotellit","7":"tag-verkkotunnusten-hallinta","8":"tag-yleiset"},"_links":{"self":[{"href":"https:\/\/www.zoner.fi\/tuki\/wp-json\/wp\/v2\/pages\/137462","targetHints":{"allow":["GET"]}}],"collection":[{"href":"https:\/\/www.zoner.fi\/tuki\/wp-json\/wp\/v2\/pages"}],"about":[{"href":"https:\/\/www.zoner.fi\/tuki\/wp-json\/wp\/v2\/types\/page"}],"author":[{"embeddable":true,"href":"https:\/\/www.zoner.fi\/tuki\/wp-json\/wp\/v2\/users\/18"}],"replies":[{"embeddable":true,"href":"https:\/\/www.zoner.fi\/tuki\/wp-json\/wp\/v2\/comments?post=137462"}],"version-history":[{"count":2,"href":"https:\/\/www.zoner.fi\/tuki\/wp-json\/wp\/v2\/pages\/137462\/revisions"}],"predecessor-version":[{"id":137892,"href":"https:\/\/www.zoner.fi\/tuki\/wp-json\/wp\/v2\/pages\/137462\/revisions\/137892"}],"up":[{"embeddable":true,"href":"https:\/\/www.zoner.fi\/tuki\/wp-json\/wp\/v2\/pages\/129010"}],"wp:attachment":[{"href":"https:\/\/www.zoner.fi\/tuki\/wp-json\/wp\/v2\/media?parent=137462"}],"wp:term":[{"taxonomy":"category","embeddable":true,"href":"https:\/\/www.zoner.fi\/tuki\/wp-json\/wp\/v2\/categories?post=137462"},{"taxonomy":"post_tag","embeddable":true,"href":"https:\/\/www.zoner.fi\/tuki\/wp-json\/wp\/v2\/tags?post=137462"},{"taxonomy":"wf_page_folders","embeddable":true,"href":"https:\/\/www.zoner.fi\/tuki\/wp-json\/wp\/v2\/wf_page_folders?post=137462"}],"curies":[{"name":"wp","href":"https:\/\/api.w.org\/{rel}","templated":true}]}}