{"id":137466,"date":"2025-09-17T14:39:46","date_gmt":"2025-09-17T11:39:46","guid":{"rendered":"https:\/\/www.zoner.fi\/tuki\/?page_id=137466"},"modified":"2025-09-17T14:40:36","modified_gmt":"2025-09-17T11:40:36","slug":"mx-tietue","status":"publish","type":"page","link":"https:\/\/www.zoner.fi\/tuki\/webhotellit\/mx-tietue\/","title":{"rendered":"MX-tietueiden m\u00e4\u00e4ritys"},"content":{"rendered":"\n<p>T\u00e4ss\u00e4 ohjeessa k\u00e4ymme l\u00e4pi, kuinka saat muokattua MX-tietueita, jos sinulla on <a href=\"https:\/\/www.zoner.fi\/webhotellit\/\">webhotelli <\/a>Zonerilta. <\/p>\n\n\n\n<p>T\u00e4\u00e4lt\u00e4 l\u00f6yd\u00e4t tarkemmat ohjeet <a href=\"https:\/\/www.zoner.fi\/tuki\/webhotellit\/miten-aktivoin-google-workspace-sahkopostin-webhotellissa\/\">Googlen<\/a> ja <a href=\"https:\/\/www.zoner.fi\/tuki\/webhotellit\/miten-aktivoin-microsoft-365-sahkopostin-webhotellissa\/\">Office365:n<\/a> s\u00e4hk\u00f6postipalveluita varten.<\/p>\n\n\n\n<h2 class=\"wp-block-heading\">MX-tietueiden m\u00e4\u00e4ritt\u00e4minen, kun s\u00e4hk\u00f6posti toimii ulkopuolisessa palvelussa<\/h2>\n\n\n\n<p>Oletuksena webhotelliin on valmiiksi m\u00e4\u00e4ritetty tarvittavat MX-tietueet, ett\u00e4 s\u00e4hk\u00f6postipalvelut toimivat Zonerin webhotellin kautta.<\/p>\n\n\n\n<p>Mik\u00e4li webhotellissa m\u00e4\u00e4ritetyll\u00e4 verkkotunnuksella k\u00e4ytet\u00e4\u00e4n s\u00e4hk\u00f6postipalveluita webhotellin ulkopuolisessa palvelussa, kuten Office365, vanhan palveluntarjoajaja yms., t\u00e4ytyy webhotellin asetuksia muokata n\u00e4iden mukaisesti. Muussa tapauksessa osa s\u00e4hk\u00f6posteista voi j\u00e4\u00e4d\u00e4 tulematta perille.<\/p>\n\n\n\n<h2 class=\"wp-block-heading\">MX-tietueiden muokkaus<\/h2>\n\n\n\n<p>1. Kirjaudu Zoner Homeen.<br>2. Klikkaa etusivun yl\u00e4reunassa linkki\u00e4 <strong>Omat tuotteet<\/strong>.<\/p>\n\n\n\n<figure class=\"wp-block-image size-large\"><img loading=\"lazy\" decoding=\"async\" width=\"1024\" height=\"724\" src=\"https:\/\/www.zoner.fi\/tuki\/wp-content\/uploads\/2025\/01\/dns-1-1-1024x724.png\" alt=\"Kuvakaappaus Zoner Home -hallintapaneelista\" class=\"wp-image-135007\" srcset=\"https:\/\/www.zoner.fi\/tuki\/wp-content\/uploads\/2025\/01\/dns-1-1-1024x724.png 1024w, https:\/\/www.zoner.fi\/tuki\/wp-content\/uploads\/2025\/01\/dns-1-1-300x212.png 300w, https:\/\/www.zoner.fi\/tuki\/wp-content\/uploads\/2025\/01\/dns-1-1-768x543.png 768w, https:\/\/www.zoner.fi\/tuki\/wp-content\/uploads\/2025\/01\/dns-1-1.png 1504w\" sizes=\"auto, (max-width: 1024px) 100vw, 1024px\" \/><\/figure>\n\n\n\n<p>3. Paina verkkotunnuksen oikealta puolelta l\u00f6ytyv\u00e4\u00e4 painiketta, jossa on kolme pistett\u00e4.<\/p>\n\n\n\n<figure class=\"wp-block-image size-large\"><img loading=\"lazy\" decoding=\"async\" width=\"1024\" height=\"724\" src=\"https:\/\/www.zoner.fi\/tuki\/wp-content\/uploads\/2025\/01\/dns-2-1024x724.png\" alt=\"Kuvakaappaus Zoner Home -hallintapaneelista\" class=\"wp-image-135009\" srcset=\"https:\/\/www.zoner.fi\/tuki\/wp-content\/uploads\/2025\/01\/dns-2-1024x724.png 1024w, https:\/\/www.zoner.fi\/tuki\/wp-content\/uploads\/2025\/01\/dns-2-300x212.png 300w, https:\/\/www.zoner.fi\/tuki\/wp-content\/uploads\/2025\/01\/dns-2-768x543.png 768w, https:\/\/www.zoner.fi\/tuki\/wp-content\/uploads\/2025\/01\/dns-2.png 1504w\" sizes=\"auto, (max-width: 1024px) 100vw, 1024px\" \/><\/figure>\n\n\n\n<p>4. Napsauta vasempaan valikkoon ilmestynytt\u00e4 kohtaa <strong>DNS<\/strong>. N\u00e4et nyt verkkotunnuksen DNS-tietueet. Voit muokata tietuetta klikkaamalla sen oikealla puolella kolmea pistett\u00e4 ja valitsemalla avautuneesta valikosta <strong>Muokkaa <\/strong>tai <strong>Poista<\/strong>.<\/p>\n\n\n\n<p>Jos haluat luoda uuden tietueen, klikkaa <strong>Uusi tietue<\/strong> -painiketta. Kun lis\u00e4\u00e4t uuden tietueen, tulee Nimi-kentt\u00e4 tulee j\u00e4tt\u00e4\u00e4 tyhj\u00e4ksi tai lis\u00e4t\u00e4 vain @. Jos Nimi-kent\u00e4\u00e4n kirjoittaa domainin (esim. zoner.fi), niin tietueen nimeksi tulee &#8221;zoner.fi.zoner.fi&#8221;<\/p>\n\n\n\n<p>Lue tarvittaessa lis\u00e4\u00e4 DNS-tietueiden muokkaamisesta ohjeesta <a href=\"https:\/\/www.zoner.fi\/tuki\/webhotellit\/miten-muokkaan-dns-tietueita-webhotellissa\/\">Miten muokkaan DNS-tietueita webhotellissa<\/a>.<\/p>\n\n\n\n<figure class=\"wp-block-image size-large\"><img loading=\"lazy\" decoding=\"async\" width=\"1024\" height=\"706\" src=\"https:\/\/www.zoner.fi\/tuki\/wp-content\/uploads\/2025\/02\/zoner-home-dns-1024x706.png\" alt=\"\" class=\"wp-image-135389\" srcset=\"https:\/\/www.zoner.fi\/tuki\/wp-content\/uploads\/2025\/02\/zoner-home-dns-1024x706.png 1024w, https:\/\/www.zoner.fi\/tuki\/wp-content\/uploads\/2025\/02\/zoner-home-dns-300x207.png 300w, https:\/\/www.zoner.fi\/tuki\/wp-content\/uploads\/2025\/02\/zoner-home-dns-768x529.png 768w, https:\/\/www.zoner.fi\/tuki\/wp-content\/uploads\/2025\/02\/zoner-home-dns.png 1483w\" sizes=\"auto, (max-width: 1024px) 100vw, 1024px\" \/><\/figure>\n","protected":false},"excerpt":{"rendered":"<p>T\u00e4ss\u00e4 ohjeessa k\u00e4ymme l\u00e4pi, kuinka saat muokattua MX-tietueita Zonerin webhotellissa.<\/p>\n","protected":false},"author":18,"featured_media":0,"parent":129010,"menu_order":0,"comment_status":"closed","ping_status":"closed","template":"","meta":{"_relevanssi_hide_post":"","_relevanssi_hide_content":"","_relevanssi_pin_for_all":"","_relevanssi_pin_keywords":"","_relevanssi_unpin_keywords":"","_relevanssi_related_keywords":"","_relevanssi_related_include_ids":"","_relevanssi_related_exclude_ids":"","_relevanssi_related_no_append":"","_relevanssi_related_not_related":"","_relevanssi_related_posts":"1066,1076,1063","_relevanssi_noindex_reason":"","footnotes":""},"categories":[210,217],"tags":[207,219],"wf_page_folders":[],"class_list":{"0":"post-137466","1":"page","2":"type-page","3":"status-publish","5":"category-zoner-home-verkkotunnus","6":"category-zoner-home-webhotellit","7":"tag-dns","8":"tag-verkkotunnusten-hallinta"},"_links":{"self":[{"href":"https:\/\/www.zoner.fi\/tuki\/wp-json\/wp\/v2\/pages\/137466","targetHints":{"allow":["GET"]}}],"collection":[{"href":"https:\/\/www.zoner.fi\/tuki\/wp-json\/wp\/v2\/pages"}],"about":[{"href":"https:\/\/www.zoner.fi\/tuki\/wp-json\/wp\/v2\/types\/page"}],"author":[{"embeddable":true,"href":"https:\/\/www.zoner.fi\/tuki\/wp-json\/wp\/v2\/users\/18"}],"replies":[{"embeddable":true,"href":"https:\/\/www.zoner.fi\/tuki\/wp-json\/wp\/v2\/comments?post=137466"}],"version-history":[{"count":1,"href":"https:\/\/www.zoner.fi\/tuki\/wp-json\/wp\/v2\/pages\/137466\/revisions"}],"predecessor-version":[{"id":137467,"href":"https:\/\/www.zoner.fi\/tuki\/wp-json\/wp\/v2\/pages\/137466\/revisions\/137467"}],"up":[{"embeddable":true,"href":"https:\/\/www.zoner.fi\/tuki\/wp-json\/wp\/v2\/pages\/129010"}],"wp:attachment":[{"href":"https:\/\/www.zoner.fi\/tuki\/wp-json\/wp\/v2\/media?parent=137466"}],"wp:term":[{"taxonomy":"category","embeddable":true,"href":"https:\/\/www.zoner.fi\/tuki\/wp-json\/wp\/v2\/categories?post=137466"},{"taxonomy":"post_tag","embeddable":true,"href":"https:\/\/www.zoner.fi\/tuki\/wp-json\/wp\/v2\/tags?post=137466"},{"taxonomy":"wf_page_folders","embeddable":true,"href":"https:\/\/www.zoner.fi\/tuki\/wp-json\/wp\/v2\/wf_page_folders?post=137466"}],"curies":[{"name":"wp","href":"https:\/\/api.w.org\/{rel}","templated":true}]}}