{"id":137473,"date":"2025-09-17T14:53:57","date_gmt":"2025-09-17T11:53:57","guid":{"rendered":"https:\/\/www.zoner.fi\/tuki\/?page_id=137473"},"modified":"2025-11-12T15:59:42","modified_gmt":"2025-11-12T13:59:42","slug":"ftp-ohjelma-webhotellissa","status":"publish","type":"page","link":"https:\/\/www.zoner.fi\/tuki\/webhotellit\/ftp-ohjelma-webhotellissa\/","title":{"rendered":"Miten k\u00e4yt\u00e4n FTP-ohjelmaa webhotellissa?"},"content":{"rendered":"\n<p><strong>FTP<\/strong> muodostuu sanoista File Transfer Protocol ja tarkoittaa siis tiedostonsiirtoprotokollaa, jolla siirret\u00e4\u00e4n tiedostoja omalta koneelta kotisivuja py\u00f6ritt\u00e4v\u00e4lle palvelinkoneelle.<\/p>\n\n\n\n<p>T\u00e4ss\u00e4 ohjeessa k\u00e4ymme l\u00e4pi, kuinka saat asennettua FTP-ohjelman ja k\u00e4ytetty\u00e4 sit\u00e4 webhotellipalveluissamme.<\/p>\n\n\n\n<p>FileZilla-ilmaisohjelman avulla FTP-yhteys on helppo m\u00e4\u00e4ritt\u00e4\u00e4 ja muodostaa. Ensiasennuksen j\u00e4lkeen yhteyden muodostus tapahtuu helpoimmillaan yht\u00e4 nappia painamalla.<\/p>\n\n\n\n<ul class=\"wp-block-list\">\n<li><a href=\"#1\">FTP-ohjelman asennus<\/a><\/li>\n\n\n\n<li><a href=\"#2\">FTP-yhteyden k\u00e4ytt\u00f6 webhotellissa<\/a><\/li>\n<\/ul>\n\n\n\n<h2 class=\"wp-block-heading\" id=\"1\">FTP-ohjelman asennus <\/h2>\n\n\n\n<h3 class=\"wp-block-heading\">1. Lataa FTP-ohjelma <\/h3>\n\n\n\n<p>Lataa alkuun haluamasi FTP-ohjelma koneellesi. T\u00e4ss\u00e4 esimerkiss\u00e4 k\u00e4yt\u00e4mme ilmaista FileZillaa. Ohjelmiston latauslinkin l\u00f6yd\u00e4t ainakin FileZillan omilta kotisivuilta osoitteesta&nbsp;<a href=\"https:\/\/filezilla-project.org\/\" target=\"_blank\" rel=\"noreferrer noopener\">https:\/\/filezilla-project.org\/<\/a><\/p>\n\n\n\n<p>Huomioithan, ett\u00e4 oikea ladattava versio on nimelt\u00e4\u00e4n FileZilla Client.<\/p>\n\n\n\n<figure class=\"wp-block-image size-full\"><img loading=\"lazy\" decoding=\"async\" width=\"300\" height=\"105\" src=\"https:\/\/www.zoner.fi\/tuki\/wp-content\/uploads\/2022\/08\/file-zilla-nappula.jpg\" alt=\"\" class=\"wp-image-129944\"\/><\/figure>\n\n\n\n<h3 class=\"wp-block-heading\">2. Avaa ohjelma ja hyv\u00e4ksy ehdot<\/h3>\n\n\n\n<p>Etsi ladattu ftp-ohjelmiston asennustiedostotiedosto koneeltasi ja aloita asennus avaamalla se. Lue ja hyv\u00e4ksy ohjelman k\u00e4ytt\u00f6ehdot. Ohjelma on julkaistu GNU-lisenssill\u00e4, joka tarkoittaa, ett\u00e4 ohjelmaa voi vapaasti k\u00e4ytt\u00e4\u00e4 ja jakaa ilman maksua.<\/p>\n\n\n\n<figure class=\"wp-block-image size-full\"><img loading=\"lazy\" decoding=\"async\" width=\"513\" height=\"399\" src=\"https:\/\/www.zoner.fi\/tuki\/wp-content\/uploads\/2022\/08\/ftp-ohjelman-asennus.jpg\" alt=\"\" class=\"wp-image-129951\" srcset=\"https:\/\/www.zoner.fi\/tuki\/wp-content\/uploads\/2022\/08\/ftp-ohjelman-asennus.jpg 513w, https:\/\/www.zoner.fi\/tuki\/wp-content\/uploads\/2022\/08\/ftp-ohjelman-asennus-300x233.jpg 300w\" sizes=\"auto, (max-width: 513px) 100vw, 513px\" \/><\/figure>\n\n\n\n<h3 class=\"wp-block-heading\">3. Valitse k\u00e4ytt\u00e4j\u00e4t <\/h3>\n\n\n\n<p>Valitse (Windows) k\u00e4ytt\u00e4j\u00e4t, jotka saavat k\u00e4ytt\u00e4\u00e4 ftp-ohjelmistoa ja paina seuraava.<\/p>\n\n\n\n<figure class=\"wp-block-image size-full\"><img loading=\"lazy\" decoding=\"async\" width=\"515\" height=\"401\" src=\"https:\/\/www.zoner.fi\/tuki\/wp-content\/uploads\/2022\/08\/ftp-ohjelma.jpg\" alt=\"\" class=\"wp-image-129949\" srcset=\"https:\/\/www.zoner.fi\/tuki\/wp-content\/uploads\/2022\/08\/ftp-ohjelma.jpg 515w, https:\/\/www.zoner.fi\/tuki\/wp-content\/uploads\/2022\/08\/ftp-ohjelma-300x234.jpg 300w\" sizes=\"auto, (max-width: 515px) 100vw, 515px\" \/><\/figure>\n\n\n\n<h3 class=\"wp-block-heading\">4. Valitse FTP-ohjelman asennettavat osat <\/h3>\n\n\n\n<p>Valitse mitk\u00e4 osat ohjelmasta asennetaan k\u00e4ytt\u00f6\u00f6n. Jos haluat, ett\u00e4 ohjelma luo my\u00f6s pikakuvakkeen ty\u00f6p\u00f6yd\u00e4llesi, valitse lis\u00e4ksi Desktop Icon. Paina seuraava, eli next.<\/p>\n\n\n\n<figure class=\"wp-block-image size-full\"><img loading=\"lazy\" decoding=\"async\" width=\"514\" height=\"402\" src=\"https:\/\/www.zoner.fi\/tuki\/wp-content\/uploads\/2022\/08\/ftp-ohjelman-asentaminen.jpg\" alt=\"\" class=\"wp-image-129952\" srcset=\"https:\/\/www.zoner.fi\/tuki\/wp-content\/uploads\/2022\/08\/ftp-ohjelman-asentaminen.jpg 514w, https:\/\/www.zoner.fi\/tuki\/wp-content\/uploads\/2022\/08\/ftp-ohjelman-asentaminen-300x235.jpg 300w\" sizes=\"auto, (max-width: 514px) 100vw, 514px\" \/><\/figure>\n\n\n\n<h3 class=\"wp-block-heading\">5. Valitse sijainti FTP-ohjelman asennukselle <\/h3>\n\n\n\n<p>Valitse koneeltasi fyysinen sijainti, johon FTP-ohjelmisto asennetaan. Paina seuraava.<\/p>\n\n\n\n<figure class=\"wp-block-image size-full\"><img loading=\"lazy\" decoding=\"async\" width=\"511\" height=\"397\" src=\"https:\/\/www.zoner.fi\/tuki\/wp-content\/uploads\/2022\/08\/ftp-ohjelmiston-asentaminen.jpg\" alt=\"\" class=\"wp-image-129953\" srcset=\"https:\/\/www.zoner.fi\/tuki\/wp-content\/uploads\/2022\/08\/ftp-ohjelmiston-asentaminen.jpg 511w, https:\/\/www.zoner.fi\/tuki\/wp-content\/uploads\/2022\/08\/ftp-ohjelmiston-asentaminen-300x233.jpg 300w\" sizes=\"auto, (max-width: 511px) 100vw, 511px\" \/><\/figure>\n\n\n\n<h3 class=\"wp-block-heading\">6. Luo oikopolku ja asenna <\/h3>\n\n\n\n<p>Voit luoda ohjelmistolle my\u00f6s oikopolun Windowsin K\u00e4ynnist\u00e4 valikkoon. Paina viel\u00e4 lopuksi Install, eli asenna.<\/p>\n\n\n\n<figure class=\"wp-block-image size-full\"><img loading=\"lazy\" decoding=\"async\" width=\"511\" height=\"399\" src=\"https:\/\/www.zoner.fi\/tuki\/wp-content\/uploads\/2022\/08\/asenna-ftp-ohjelma.jpg\" alt=\"\" class=\"wp-image-129956\" srcset=\"https:\/\/www.zoner.fi\/tuki\/wp-content\/uploads\/2022\/08\/asenna-ftp-ohjelma.jpg 511w, https:\/\/www.zoner.fi\/tuki\/wp-content\/uploads\/2022\/08\/asenna-ftp-ohjelma-300x234.jpg 300w\" sizes=\"auto, (max-width: 511px) 100vw, 511px\" \/><\/figure>\n\n\n\n<h3 class=\"wp-block-heading\">7. FTP-ohjelmiston asennus valmis <\/h3>\n\n\n\n<p>Kun ohjelmisto on asentunut koneellesi, saat asennuksen onnistumisesta seuraavankaltaisen ilmoituksen. Paina Finish p\u00e4\u00e4tt\u00e4\u00e4ksesi asennusohjelman. Voit rastittamalla valita, haluatko samalla k\u00e4ynnist\u00e4\u00e4 juuri asennetun FTP-ohjelmiston v\u00e4litt\u00f6m\u00e4sti.<\/p>\n\n\n\n<figure class=\"wp-block-image size-full\"><img loading=\"lazy\" decoding=\"async\" width=\"514\" height=\"398\" src=\"https:\/\/www.zoner.fi\/tuki\/wp-content\/uploads\/2022\/08\/ftp-ohjelman-asennus-valmis.jpg\" alt=\"\" class=\"wp-image-129950\" srcset=\"https:\/\/www.zoner.fi\/tuki\/wp-content\/uploads\/2022\/08\/ftp-ohjelman-asennus-valmis.jpg 514w, https:\/\/www.zoner.fi\/tuki\/wp-content\/uploads\/2022\/08\/ftp-ohjelman-asennus-valmis-300x232.jpg 300w\" sizes=\"auto, (max-width: 514px) 100vw, 514px\" \/><\/figure>\n\n\n\n<h2 class=\"wp-block-heading\" id=\"2\">FTP-yhteyden k\u00e4ytt\u00f6 webhotellissa <\/h2>\n\n\n\n<p><a href=\"#FTP-yhteys-selaimella\">FTP-yhteyden k\u00e4ytt\u00e4minen selaimella ilman FTP-ohjelmaa<\/a><\/p>\n\n\n\n<p><a href=\"#zoner-home-ftp-ohjelma\">FTP-yhteyden k\u00e4ytt\u00e4minen FTP-ohjelmalla<\/a><\/p>\n\n\n\n<p><a href=\"#varmuuskopiointi-ftp\">Webhotellin varmuuskopiointi FTP-ohjelmalla<\/a><\/p>\n\n\n\n<h2 class=\"wp-block-heading\" id=\"FTP-yhteys-selaimella\">FTP-yhteyden k\u00e4ytt\u00e4minen selaimella ilman FTP-ohjelmaa<\/h2>\n\n\n\n<p>1. Kirjaudu Zoner Homeen osoitteessa <a href=\"https:\/\/home.zoner.fi\/\" target=\"_blank\" rel=\"noreferrer noopener\">https:\/\/home.zoner.fi<\/a><br>2. Avaa Zoner Homessa <strong>Omat tuotteet<\/strong> -v\u00e4lilehti.<br><img decoding=\"async\" src=\"https:\/\/www.zoner.fi\/tuki\/wp-content\/uploads\/2025\/01\/omat-tuotteet-zoner-home-1024x703.png\" alt=\"\"><br>3. Klikkaa <strong>Verkkosivustot<\/strong>-kohdassa sit\u00e4 webhotellia, johon haluat yhdist\u00e4\u00e4 FTP:ll\u00e4.<\/p>\n\n\n\n<p>4. Klikkaa vasemmasa valikossa kohtaa <strong>FTP-tilit<\/strong>. Klikkaa sitten <strong>Avaa WebFTP<\/strong> -linkki\u00e4.<\/p>\n\n\n\n<figure class=\"wp-block-image size-large\"><img loading=\"lazy\" decoding=\"async\" width=\"1024\" height=\"541\" src=\"https:\/\/www.zoner.fi\/tuki\/wp-content\/uploads\/2025\/02\/zoner-home-webftp-1024x541.png\" alt=\"\" class=\"wp-image-135297\" srcset=\"https:\/\/www.zoner.fi\/tuki\/wp-content\/uploads\/2025\/02\/zoner-home-webftp-1024x541.png 1024w, https:\/\/www.zoner.fi\/tuki\/wp-content\/uploads\/2025\/02\/zoner-home-webftp-300x159.png 300w, https:\/\/www.zoner.fi\/tuki\/wp-content\/uploads\/2025\/02\/zoner-home-webftp-768x406.png 768w, https:\/\/www.zoner.fi\/tuki\/wp-content\/uploads\/2025\/02\/zoner-home-webftp.png 1482w\" sizes=\"auto, (max-width: 1024px) 100vw, 1024px\" \/><\/figure>\n\n\n\n<p>5. Klikkaa avautuneella sivulla <strong>Avaa WebFTP<\/strong>-painiketta, niin WebFTP-sivu avautuu uudelle v\u00e4lilehdelle.<\/p>\n\n\n\n<figure class=\"wp-block-image size-large\"><img loading=\"lazy\" decoding=\"async\" width=\"1024\" height=\"330\" src=\"https:\/\/www.zoner.fi\/tuki\/wp-content\/uploads\/2025\/02\/zoner-home-webftp-2-1024x330.png\" alt=\"\" class=\"wp-image-135298\" srcset=\"https:\/\/www.zoner.fi\/tuki\/wp-content\/uploads\/2025\/02\/zoner-home-webftp-2-1024x330.png 1024w, https:\/\/www.zoner.fi\/tuki\/wp-content\/uploads\/2025\/02\/zoner-home-webftp-2-300x97.png 300w, https:\/\/www.zoner.fi\/tuki\/wp-content\/uploads\/2025\/02\/zoner-home-webftp-2-768x247.png 768w, https:\/\/www.zoner.fi\/tuki\/wp-content\/uploads\/2025\/02\/zoner-home-webftp-2.png 1198w\" sizes=\"auto, (max-width: 1024px) 100vw, 1024px\" \/><\/figure>\n\n\n\n<h2 class=\"wp-block-heading\" id=\"zoner-home-ftp-ohjelma\">FTP-yhteyden k\u00e4ytt\u00e4minen FTP-ohjelmalla<\/h2>\n\n\n\n<p>Voidaksesi k\u00e4ytt\u00e4\u00e4 FTP-ohjelmaa tarvitset toimivat FTP-tunnukset palveluusi. Voit luoda tarvittaessa ylim\u00e4\u00e4r\u00e4isi\u00e4 FTP-tunnuksia webhotellin Zoner Home-hallintapaneelissa &#8211; lue ohje: <a href=\"https:\/\/www.zoner.fi\/tuki\/webhotellit\/ftp-tunnus-luonti\/\">Miten luon FTP-tunnuksen webhotellissa?<\/a><\/p>\n\n\n\n<h3 class=\"wp-block-heading\">Mist\u00e4 l\u00f6yd\u00e4n FTP-tunnusten tiedot Zoner Homessa?<\/h3>\n\n\n\n<p>Zoner Homessa l\u00f6yd\u00e4t FTP-tilien tiedot <strong>FTP-tilit<\/strong> -sivulta (1). Klikkaa kolmea pistett\u00e4 tilin oikeassa reunassa (2) ja klikkaa sitten avautuneessa valikossa <strong>Yhteyden tiedot<\/strong> (3).<\/p>\n\n\n\n<p>Jos haluat luoda uuden FTP-k\u00e4ytt\u00e4j\u00e4n, klikkaa <strong>Luo FTP-tili<\/strong> -painiketta (4).<\/p>\n\n\n\n<figure class=\"wp-block-image size-large\"><img loading=\"lazy\" decoding=\"async\" width=\"1024\" height=\"538\" src=\"https:\/\/www.zoner.fi\/tuki\/wp-content\/uploads\/2025\/02\/zoner-home-ftp-1-1024x538.png\" alt=\"\" class=\"wp-image-135299\" srcset=\"https:\/\/www.zoner.fi\/tuki\/wp-content\/uploads\/2025\/02\/zoner-home-ftp-1-1024x538.png 1024w, https:\/\/www.zoner.fi\/tuki\/wp-content\/uploads\/2025\/02\/zoner-home-ftp-1-300x157.png 300w, https:\/\/www.zoner.fi\/tuki\/wp-content\/uploads\/2025\/02\/zoner-home-ftp-1-768x403.png 768w, https:\/\/www.zoner.fi\/tuki\/wp-content\/uploads\/2025\/02\/zoner-home-ftp-1.png 1482w\" sizes=\"auto, (max-width: 1024px) 100vw, 1024px\" \/><\/figure>\n\n\n\n<p><strong>Yhteyden tiedot<\/strong> -ponnahdusikkunassa n\u00e4et tiedot, joita tarvitset FTP-yhteyden muodostamiseen FileZillalla tai muulla FTP-ohjelmalla:<\/p>\n\n\n\n<ol class=\"wp-block-list\">\n<li><strong>Palvelin<\/strong>: Palvelinkoneen osoite. Sy\u00f6t\u00e4 t\u00e4m\u00e4 FileZillassa kohtaan <strong>Is\u00e4nt\u00e4<\/strong>.<\/li>\n\n\n\n<li><strong>K\u00e4ytt\u00e4j\u00e4nimi<\/strong><\/li>\n\n\n\n<li><strong>Salasana<\/strong><\/li>\n\n\n\n<li><strong>Portti<\/strong><\/li>\n<\/ol>\n\n\n\n<figure class=\"wp-block-image size-full\"><img loading=\"lazy\" decoding=\"async\" width=\"986\" height=\"791\" src=\"https:\/\/www.zoner.fi\/tuki\/wp-content\/uploads\/2025\/02\/zoner-home-ftp-2-2.png\" alt=\"\" class=\"wp-image-135302\" srcset=\"https:\/\/www.zoner.fi\/tuki\/wp-content\/uploads\/2025\/02\/zoner-home-ftp-2-2.png 986w, https:\/\/www.zoner.fi\/tuki\/wp-content\/uploads\/2025\/02\/zoner-home-ftp-2-2-300x241.png 300w, https:\/\/www.zoner.fi\/tuki\/wp-content\/uploads\/2025\/02\/zoner-home-ftp-2-2-768x616.png 768w\" sizes=\"auto, (max-width: 986px) 100vw, 986px\" \/><\/figure>\n\n\n\n<h3 class=\"wp-block-heading\">Avaa FileZilla<\/h3>\n\n\n\n<p>Kun FTP-tunnukset l\u00f6ytyv\u00e4t, avaa <strong>FileZilla <\/strong>yhteyden muodostamista varten. Yhteyden voi muodostaa FileZilla-ohjelmassa kahdella tavalla: pikayhdist\u00e4misell\u00e4 tai tallentamalla yhteyden tiedot ohjelmaan.<\/p>\n\n\n\n<h3 class=\"wp-block-heading\">1. A) Pikayhdist\u00e4misen asentaminen <\/h3>\n\n\n\n<p>Sy\u00f6t\u00e4 vaadittavat tiedot ftp-yhteyden muodostamista varten:<\/p>\n\n\n\n<ul class=\"wp-block-list\">\n<li><strong>Is\u00e4nt\u00e4<\/strong>. Is\u00e4nt\u00e4 on palvelinkoneen osoite, eli muotoa wwwXX.zoner.fi, jossa XX korvataan palvelimen numerolla. Zoner Homessa t\u00e4m\u00e4 l\u00f6ytyy yhteyden tiedoista kohdasta <strong>Palvelin<\/strong>.<\/li>\n\n\n\n<li><strong>K\u00e4ytt\u00e4j\u00e4nimi<\/strong>. K\u00e4ytt\u00e4j\u00e4nimeksi toimii joko webhotellin p\u00e4\u00e4k\u00e4ytt\u00e4j\u00e4n k\u00e4ytt\u00e4j\u00e4tunnus tai erikseen luomasi FTP-yhteyden k\u00e4ytt\u00e4j\u00e4tunnus.<\/li>\n\n\n\n<li><strong>Salasana<\/strong>. Sy\u00f6t\u00e4 joko k\u00e4ytt\u00e4m\u00e4si p\u00e4\u00e4k\u00e4ytt\u00e4j\u00e4tilin salasana tai erikseen luomasi FTP-yhteyden salasana.<\/li>\n\n\n\n<li><strong>Portti<\/strong>. Webhotelleissa porttina on oletuksena 21. T\u00e4m\u00e4n kent\u00e4n voi my\u00f6s j\u00e4tt\u00e4\u00e4 tyhj\u00e4ksi.<\/li>\n<\/ul>\n\n\n\n<p>Muodosta yhteys valitsemalla <strong>Pikayhdist\u00e4<\/strong>. Jatkossa l\u00f6yd\u00e4t ja muodostat yhteyden klikkaamalla Pikayhdist\u00e4-painikkeen vieress\u00e4 olevaa nuolikuvaketta ja valitsemalla avautuvasta listasta yhteyden tunnuksen.<\/p>\n\n\n\n<figure class=\"wp-block-image size-full\"><img loading=\"lazy\" decoding=\"async\" width=\"745\" height=\"109\" src=\"https:\/\/www.zoner.fi\/tuki\/wp-content\/uploads\/2022\/08\/filezilla-ftp-yhteyden-muodostaminen.png\" alt=\"\" class=\"wp-image-129945\" srcset=\"https:\/\/www.zoner.fi\/tuki\/wp-content\/uploads\/2022\/08\/filezilla-ftp-yhteyden-muodostaminen.png 745w, https:\/\/www.zoner.fi\/tuki\/wp-content\/uploads\/2022\/08\/filezilla-ftp-yhteyden-muodostaminen-300x44.png 300w\" sizes=\"auto, (max-width: 745px) 100vw, 745px\" \/><\/figure>\n\n\n\n<h3 class=\"wp-block-heading\">1. B) Yhteyden tallennus ja muodostus Site Manager -toiminnolla<\/h3>\n\n\n\n<p>Voit my\u00f6s tallentaa FTP-yhteydesi tiedot FileZilla ohjelman Site Manageriin. T\u00e4m\u00e4 on k\u00e4tev\u00e4\u00e4, mik\u00e4li sinulla on tarve k\u00e4ytt\u00e4\u00e4 usein FTP-yhteytt\u00e4 tai haluat tallentaa useita eri yhteyksi\u00e4. Avaa sivustonhallinta klikkaamalla kuvaketta.<\/p>\n\n\n\n<figure class=\"wp-block-image size-full\"><img loading=\"lazy\" decoding=\"async\" width=\"745\" height=\"109\" src=\"https:\/\/www.zoner.fi\/tuki\/wp-content\/uploads\/2022\/08\/filezilla-site-manager.jpg\" alt=\"\" class=\"wp-image-129948\" srcset=\"https:\/\/www.zoner.fi\/tuki\/wp-content\/uploads\/2022\/08\/filezilla-site-manager.jpg 745w, https:\/\/www.zoner.fi\/tuki\/wp-content\/uploads\/2022\/08\/filezilla-site-manager-300x44.jpg 300w\" sizes=\"auto, (max-width: 745px) 100vw, 745px\" \/><\/figure>\n\n\n\n<p>Seuraavaksi voit valita joko valmiin yhteyden tai luoda uuden valitsemalla Uusi sivusto ja m\u00e4\u00e4ritt\u00e4m\u00e4ll\u00e4 yhteyden asetukset kohdalleen.<\/p>\n\n\n\n<figure class=\"wp-block-image size-full\"><img loading=\"lazy\" decoding=\"async\" width=\"733\" height=\"466\" src=\"https:\/\/www.zoner.fi\/tuki\/wp-content\/uploads\/2022\/08\/filezilla-ftp-yhteys.jpg\" alt=\"\" class=\"wp-image-129947\" srcset=\"https:\/\/www.zoner.fi\/tuki\/wp-content\/uploads\/2022\/08\/filezilla-ftp-yhteys.jpg 733w, https:\/\/www.zoner.fi\/tuki\/wp-content\/uploads\/2022\/08\/filezilla-ftp-yhteys-300x191.jpg 300w\" sizes=\"auto, (max-width: 733px) 100vw, 733px\" \/><\/figure>\n\n\n\n<p><strong>Vinkki<\/strong>: Salaus-kohdasta voit ottaa salauksen my\u00f6s pois p\u00e4\u00e4lt\u00e4, jolloin tiedostonsiirto nopeutuu huomattavasti, kun FTP-ohjelma ei jokaisen tiedoston kohdalla muodosta uutta yhteytt\u00e4 palvelimelle.<\/p>\n\n\n\n<p>Yhdist\u00e4minen palvelimelle onnistuu joko avaamalla Site Manager ja valitsemalla yhdist\u00e4, tai pienen nuolikuvakkeen kautta.<\/p>\n\n\n\n<figure class=\"wp-block-image size-full\"><img loading=\"lazy\" decoding=\"async\" width=\"730\" height=\"94\" src=\"https:\/\/www.zoner.fi\/tuki\/wp-content\/uploads\/2022\/08\/filezilla-ftp-yhteyden-muodostus.jpg\" alt=\"\" class=\"wp-image-129946\" srcset=\"https:\/\/www.zoner.fi\/tuki\/wp-content\/uploads\/2022\/08\/filezilla-ftp-yhteyden-muodostus.jpg 730w, https:\/\/www.zoner.fi\/tuki\/wp-content\/uploads\/2022\/08\/filezilla-ftp-yhteyden-muodostus-300x39.jpg 300w\" sizes=\"auto, (max-width: 730px) 100vw, 730px\" \/><\/figure>\n\n\n\n<h3 class=\"wp-block-heading\">2. Yhdist\u00e4minen ja varmenteen hyv\u00e4ksyminen<\/h3>\n\n\n\n<p>Muodostaessasi FTP-yhteytt\u00e4, antaa ohjelma eteesi tiedot Zonerin palvelimen k\u00e4ytt\u00e4m\u00e4st\u00e4 sertifikaatista. Hyv\u00e4ksy ja muodosta yhteys valitsemalla OK. Vasemmasta alakulmasta voit my\u00f6s tallentaa asetuksen, jolla ohjelma muistaa hyv\u00e4ksynn\u00e4n jatkoa varten, eik\u00e4 en\u00e4\u00e4 kysy aiheesta uudelleen.<\/p>\n\n\n\n<figure class=\"wp-block-image size-full\"><img loading=\"lazy\" decoding=\"async\" width=\"606\" height=\"605\" src=\"https:\/\/www.zoner.fi\/tuki\/wp-content\/uploads\/2022\/08\/ftp-yhteyden-varmenne-palvelimelta.jpg\" alt=\"\" class=\"wp-image-129955\" srcset=\"https:\/\/www.zoner.fi\/tuki\/wp-content\/uploads\/2022\/08\/ftp-yhteyden-varmenne-palvelimelta.jpg 606w, https:\/\/www.zoner.fi\/tuki\/wp-content\/uploads\/2022\/08\/ftp-yhteyden-varmenne-palvelimelta-300x300.jpg 300w, https:\/\/www.zoner.fi\/tuki\/wp-content\/uploads\/2022\/08\/ftp-yhteyden-varmenne-palvelimelta-150x150.jpg 150w\" sizes=\"auto, (max-width: 606px) 100vw, 606px\" \/><\/figure>\n\n\n\n<h3 class=\"wp-block-heading\">3. Muodostetun FTP-yhteyden n\u00e4kym\u00e4 ja tiedostojen siirto <\/h3>\n\n\n\n<p>Kun FTP-yhteys on muodostettu, saat eteesi kaksi n\u00e4kym\u00e4\u00e4. Vasemmanpuoleinen n\u00e4kym\u00e4 n\u00e4ytt\u00e4\u00e4 tiedostot omalla koneellasi ja oikeanpuoleinen n\u00e4kym\u00e4 n\u00e4ytt\u00e4\u00e4 tiedostorakenteen palvelimella.<\/p>\n\n\n\n<p>Seuraavaksi tulisi oikeanpuoleisessa, eli palvelimen n\u00e4kym\u00e4ss\u00e4, navigoida haluttuun kansioon sek\u00e4 siirt\u00e4\u00e4 halutut tiedostot raahaamalla ne vaikkapa hiirell\u00e4 joko omalta koneelta palvelimelle tai toisinp\u00e4in.<\/p>\n\n\n\n<p>Huomioithan, ett\u00e4 kaikki sivuston tiedostot sijaitsevat public_html -nimisess\u00e4 kansiossa ja ne tulee my\u00f6s siirt\u00e4\u00e4 t\u00e4h\u00e4n kansioon.<\/p>\n\n\n\n<figure class=\"wp-block-image size-large\"><img loading=\"lazy\" decoding=\"async\" width=\"1024\" height=\"427\" src=\"https:\/\/www.zoner.fi\/tuki\/wp-content\/uploads\/2022\/08\/ftp-yhteyden-muodostus-1024x427.jpg\" alt=\"\" class=\"wp-image-129954\" srcset=\"https:\/\/www.zoner.fi\/tuki\/wp-content\/uploads\/2022\/08\/ftp-yhteyden-muodostus-1024x427.jpg 1024w, https:\/\/www.zoner.fi\/tuki\/wp-content\/uploads\/2022\/08\/ftp-yhteyden-muodostus-300x125.jpg 300w, https:\/\/www.zoner.fi\/tuki\/wp-content\/uploads\/2022\/08\/ftp-yhteyden-muodostus-768x320.jpg 768w, https:\/\/www.zoner.fi\/tuki\/wp-content\/uploads\/2022\/08\/ftp-yhteyden-muodostus-1536x641.jpg 1536w, https:\/\/www.zoner.fi\/tuki\/wp-content\/uploads\/2022\/08\/ftp-yhteyden-muodostus.jpg 1618w\" sizes=\"auto, (max-width: 1024px) 100vw, 1024px\" \/><\/figure>\n\n\n\n<h2 class=\"wp-block-heading\" id=\"varmuuskopiointi-ftp\">Webhotellin varmuuskopiointi FTP-ohjelmalla<\/h2>\n\n\n\n<p>FTP:n avulla voit luoda ylim\u00e4\u00e4r\u00e4isi\u00e4 varmuuskopioita webhotellisi tiedoista ja tallentaa ne esimerkiksi omalle koneellesi.<\/p>\n\n\n\n<p>1. Muodosta ensin FTP-yhteys webhotelliisi kuten ylemm\u00e4ss\u00e4 ohjeessa.<\/p>\n\n\n\n<p>2. Siirry vasemmassa n\u00e4kym\u00e4ss\u00e4 siihen tietokoneesi hakemistoon, johon haluat tallentaa varmuuskopion.<\/p>\n\n\n\n<p>3. Valitse kaikki oikealla olevat hakemistot ja tiedostot ja ved\u00e4 ne juuri luomaasi hakemistoon.<\/p>\n\n\n\n<p>4. Odota, kunnes kaikki tiedostot on ladattu, ja varmista, ettei&nbsp;<strong>siirtoja ole ep\u00e4onnistunut<\/strong>&nbsp;.<\/p>\n\n\n\n<p>5. Webhotellin varmuuskopio on nyt tallennettu tietokoneellesi.<\/p>\n\n\n\n<p><strong>Huomaa:<\/strong>&nbsp;Jos sivustosi on luotu WordPressill\u00e4 tai muulla sis\u00e4ll\u00f6nhallintaj\u00e4rjestelm\u00e4ll\u00e4, muista varmuuskopioida my\u00f6s sen <a href=\"https:\/\/www.zoner.fi\/tuki\/webhotellit\/miten-hallitsen-tietokantaa-phpmyadmin-ohjelmalla\/\">tietokanta phpMyAdmin-ohjelmalla<\/a>.<\/p>\n\n\n\n<p><\/p>\n","protected":false},"excerpt":{"rendered":"<p>T\u00e4ss\u00e4 ohjeessa k\u00e4ymme l\u00e4pi, kuinka saat asennettua FTP-ohjelman ja k\u00e4ytetty\u00e4 sit\u00e4 webhotellipalveluissamme.<\/p>\n","protected":false},"author":18,"featured_media":0,"parent":129010,"menu_order":0,"comment_status":"closed","ping_status":"closed","template":"","meta":{"_relevanssi_hide_post":"","_relevanssi_hide_content":"","_relevanssi_pin_for_all":"","_relevanssi_pin_keywords":"","_relevanssi_unpin_keywords":"","_relevanssi_related_keywords":"","_relevanssi_related_include_ids":"","_relevanssi_related_exclude_ids":"","_relevanssi_related_no_append":"","_relevanssi_related_not_related":"","_relevanssi_related_posts":"1066,1076,1063","_relevanssi_noindex_reason":"","footnotes":""},"categories":[217],"tags":[93],"wf_page_folders":[],"class_list":{"0":"post-137473","1":"page","2":"type-page","3":"status-publish","5":"category-zoner-home-webhotellit","6":"tag-ftp-sftp-ssh"},"_links":{"self":[{"href":"https:\/\/www.zoner.fi\/tuki\/wp-json\/wp\/v2\/pages\/137473","targetHints":{"allow":["GET"]}}],"collection":[{"href":"https:\/\/www.zoner.fi\/tuki\/wp-json\/wp\/v2\/pages"}],"about":[{"href":"https:\/\/www.zoner.fi\/tuki\/wp-json\/wp\/v2\/types\/page"}],"author":[{"embeddable":true,"href":"https:\/\/www.zoner.fi\/tuki\/wp-json\/wp\/v2\/users\/18"}],"replies":[{"embeddable":true,"href":"https:\/\/www.zoner.fi\/tuki\/wp-json\/wp\/v2\/comments?post=137473"}],"version-history":[{"count":2,"href":"https:\/\/www.zoner.fi\/tuki\/wp-json\/wp\/v2\/pages\/137473\/revisions"}],"predecessor-version":[{"id":138116,"href":"https:\/\/www.zoner.fi\/tuki\/wp-json\/wp\/v2\/pages\/137473\/revisions\/138116"}],"up":[{"embeddable":true,"href":"https:\/\/www.zoner.fi\/tuki\/wp-json\/wp\/v2\/pages\/129010"}],"wp:attachment":[{"href":"https:\/\/www.zoner.fi\/tuki\/wp-json\/wp\/v2\/media?parent=137473"}],"wp:term":[{"taxonomy":"category","embeddable":true,"href":"https:\/\/www.zoner.fi\/tuki\/wp-json\/wp\/v2\/categories?post=137473"},{"taxonomy":"post_tag","embeddable":true,"href":"https:\/\/www.zoner.fi\/tuki\/wp-json\/wp\/v2\/tags?post=137473"},{"taxonomy":"wf_page_folders","embeddable":true,"href":"https:\/\/www.zoner.fi\/tuki\/wp-json\/wp\/v2\/wf_page_folders?post=137473"}],"curies":[{"name":"wp","href":"https:\/\/api.w.org\/{rel}","templated":true}]}}