{"id":137476,"date":"2025-09-17T15:00:04","date_gmt":"2025-09-17T12:00:04","guid":{"rendered":"https:\/\/www.zoner.fi\/tuki\/?page_id=137476"},"modified":"2025-11-13T10:45:33","modified_gmt":"2025-11-13T08:45:33","slug":"ftp-tunnus-luonti","status":"publish","type":"page","link":"https:\/\/www.zoner.fi\/tuki\/webhotellit\/zoner-home\/ftp-tunnus-luonti\/","title":{"rendered":"Miten luon FTP-tunnuksen webhotellissa?"},"content":{"rendered":"\n<p>Ylim\u00e4\u00e4r\u00e4isten FTP-tunnusten avulla voit antaa esim. sivuston yll\u00e4pit\u00e4j\u00e4lle p\u00e4\u00e4syn tiedostonhallintaan ilman, ett\u00e4 annat h\u00e4nelle samalla koko webhotellisi p\u00e4\u00e4k\u00e4ytt\u00e4j\u00e4tunnukset. FTP-tunnusten oikeuksia voi my\u00f6s rajata koskemaan tiettyj\u00e4 kansioita, jos p\u00e4\u00e4sy juurihakemistoon ei ole v\u00e4ltt\u00e4m\u00e4t\u00f6nt\u00e4.<\/p>\n\n\n\n<p>T\u00e4ss\u00e4 ohjeessa k\u00e4ymme l\u00e4pi, kuinka voit luoda ylim\u00e4\u00e4r\u00e4isen FTP-tunnuksen webhotellin hallintapaneelista.<\/p>\n\n\n\n<p>Lue tarvittaessa my\u00f6s toinen ohjeemme: <a href=\"https:\/\/www.zoner.fi\/tuki\/webhotellit\/ftp-ohjelma-webhotellissa\/\">Miten k\u00e4yt\u00e4n FTP-ohjelmaa webhotellissa?<\/a><\/p>\n\n\n\n<p>1. Kirjaudu Zoner Homeen osoitteessa <a href=\"https:\/\/home.zoner.fi\/\" target=\"_blank\" rel=\"noreferrer noopener\">https:\/\/home.zoner.fi<\/a><\/p>\n\n\n\n<p>2. Avaa Zoner Homessa <strong>Omat tuotteet<\/strong> -v\u00e4lilehti.<\/p>\n\n\n\n<p>3. Klikkaa Verkkosivustot-kohdassa sit\u00e4 webhotellia, jota haluat hallita.<\/p>\n\n\n\n<p>4. Klikkaa vasemmassa valikossa Verkkotunnukset (3) ja kopioi Verkkotunnuksen polku (4).<\/p>\n\n\n\n<p>5. Siirry vasemmasta valikosta kohtaan <strong>FTP-tilit<\/strong> (5).<\/p>\n\n\n\n<p>6. Klikkaa <strong>Luo FTP-tili <\/strong>(6) luodaksesi uuden FTP-k\u00e4ytt\u00e4j\u00e4n.<\/p>\n\n\n\n<p>7. Valitse kohdassa &#8221;Juurihakemisto&#8221; (7) sama polku kuin verkkotunnuksellasi, jotta juurihakemisto (8) on identtinen valitun &#8221;verkkotunnuksen polun&#8221; (4) kanssa.<\/p>\n\n\n\n<p>8. Kun olet t\u00e4ytt\u00e4nyt kaikki vaaditut kent\u00e4t, klikkaa <strong>Luo <\/strong>(9) luodaksesi FTP-k\u00e4ytt\u00e4j\u00e4n.<\/p>\n\n\n\n<p>9. N\u00e4et t\u00e4ydellisen yleiskatsauksen kaikista t\u00e4rkeist\u00e4 FTP-yhteystiedoista.<\/p>\n\n\n\n<figure class=\"wp-block-image size-large\"><img loading=\"lazy\" decoding=\"async\" width=\"1024\" height=\"455\" src=\"https:\/\/www.zoner.fi\/tuki\/wp-content\/uploads\/2025\/01\/zoner-home-ftp-kayttajan-luonti-1-1024x455.png\" alt=\"\" class=\"wp-image-135088\" srcset=\"https:\/\/www.zoner.fi\/tuki\/wp-content\/uploads\/2025\/01\/zoner-home-ftp-kayttajan-luonti-1-1024x455.png 1024w, https:\/\/www.zoner.fi\/tuki\/wp-content\/uploads\/2025\/01\/zoner-home-ftp-kayttajan-luonti-1-300x133.png 300w, https:\/\/www.zoner.fi\/tuki\/wp-content\/uploads\/2025\/01\/zoner-home-ftp-kayttajan-luonti-1-768x341.png 768w, https:\/\/www.zoner.fi\/tuki\/wp-content\/uploads\/2025\/01\/zoner-home-ftp-kayttajan-luonti-1-1536x682.png 1536w, https:\/\/www.zoner.fi\/tuki\/wp-content\/uploads\/2025\/01\/zoner-home-ftp-kayttajan-luonti-1.png 1545w\" sizes=\"auto, (max-width: 1024px) 100vw, 1024px\" \/><\/figure>\n\n\n\n<figure class=\"wp-block-image size-large\"><img loading=\"lazy\" decoding=\"async\" width=\"1024\" height=\"224\" src=\"https:\/\/www.zoner.fi\/tuki\/wp-content\/uploads\/2025\/01\/zoner-home-ftp-kayttajan-luonti-2-1024x224.png\" alt=\"\" class=\"wp-image-135087\" srcset=\"https:\/\/www.zoner.fi\/tuki\/wp-content\/uploads\/2025\/01\/zoner-home-ftp-kayttajan-luonti-2-1024x224.png 1024w, https:\/\/www.zoner.fi\/tuki\/wp-content\/uploads\/2025\/01\/zoner-home-ftp-kayttajan-luonti-2-300x66.png 300w, https:\/\/www.zoner.fi\/tuki\/wp-content\/uploads\/2025\/01\/zoner-home-ftp-kayttajan-luonti-2-768x168.png 768w, https:\/\/www.zoner.fi\/tuki\/wp-content\/uploads\/2025\/01\/zoner-home-ftp-kayttajan-luonti-2.png 1522w\" sizes=\"auto, (max-width: 1024px) 100vw, 1024px\" \/><\/figure>\n\n\n\n<figure class=\"wp-block-image size-large\"><img loading=\"lazy\" decoding=\"async\" width=\"1024\" height=\"264\" src=\"https:\/\/www.zoner.fi\/tuki\/wp-content\/uploads\/2025\/01\/zoner-home-ftp-kayttajan-luonti-3-1024x264.png\" alt=\"\" class=\"wp-image-135086\" srcset=\"https:\/\/www.zoner.fi\/tuki\/wp-content\/uploads\/2025\/01\/zoner-home-ftp-kayttajan-luonti-3-1024x264.png 1024w, https:\/\/www.zoner.fi\/tuki\/wp-content\/uploads\/2025\/01\/zoner-home-ftp-kayttajan-luonti-3-300x77.png 300w, https:\/\/www.zoner.fi\/tuki\/wp-content\/uploads\/2025\/01\/zoner-home-ftp-kayttajan-luonti-3-768x198.png 768w, https:\/\/www.zoner.fi\/tuki\/wp-content\/uploads\/2025\/01\/zoner-home-ftp-kayttajan-luonti-3-1536x397.png 1536w, https:\/\/www.zoner.fi\/tuki\/wp-content\/uploads\/2025\/01\/zoner-home-ftp-kayttajan-luonti-3.png 1553w\" sizes=\"auto, (max-width: 1024px) 100vw, 1024px\" \/><\/figure>\n\n\n\n<figure class=\"wp-block-image size-large\"><img loading=\"lazy\" decoding=\"async\" width=\"1024\" height=\"503\" src=\"https:\/\/www.zoner.fi\/tuki\/wp-content\/uploads\/2025\/01\/zoner-home-ftp-kayttajan-luonti-4-1024x503.png\" alt=\"\" class=\"wp-image-135085\" srcset=\"https:\/\/www.zoner.fi\/tuki\/wp-content\/uploads\/2025\/01\/zoner-home-ftp-kayttajan-luonti-4-1024x503.png 1024w, https:\/\/www.zoner.fi\/tuki\/wp-content\/uploads\/2025\/01\/zoner-home-ftp-kayttajan-luonti-4-300x147.png 300w, https:\/\/www.zoner.fi\/tuki\/wp-content\/uploads\/2025\/01\/zoner-home-ftp-kayttajan-luonti-4-768x377.png 768w, https:\/\/www.zoner.fi\/tuki\/wp-content\/uploads\/2025\/01\/zoner-home-ftp-kayttajan-luonti-4.png 1229w\" sizes=\"auto, (max-width: 1024px) 100vw, 1024px\" \/><\/figure>\n\n\n\n<figure class=\"wp-block-image size-full\"><img loading=\"lazy\" decoding=\"async\" width=\"670\" height=\"497\" src=\"https:\/\/www.zoner.fi\/tuki\/wp-content\/uploads\/2025\/01\/zoner-home-ftp-kayttajan-luonti-5.png\" alt=\"\" class=\"wp-image-135084\" srcset=\"https:\/\/www.zoner.fi\/tuki\/wp-content\/uploads\/2025\/01\/zoner-home-ftp-kayttajan-luonti-5.png 670w, https:\/\/www.zoner.fi\/tuki\/wp-content\/uploads\/2025\/01\/zoner-home-ftp-kayttajan-luonti-5-300x223.png 300w\" sizes=\"auto, (max-width: 670px) 100vw, 670px\" \/><\/figure>\n","protected":false},"excerpt":{"rendered":"<p>T\u00e4ss\u00e4 ohjeessa k\u00e4ymme l\u00e4pi, kuinka voit luoda ylim\u00e4\u00e4r\u00e4isen FTP-tunnuksen webhotellin hallintapaneelista.<\/p>\n","protected":false},"author":18,"featured_media":0,"parent":137347,"menu_order":0,"comment_status":"closed","ping_status":"closed","template":"","meta":{"_relevanssi_hide_post":"","_relevanssi_hide_content":"","_relevanssi_pin_for_all":"","_relevanssi_pin_keywords":"","_relevanssi_unpin_keywords":"","_relevanssi_related_keywords":"","_relevanssi_related_include_ids":"","_relevanssi_related_exclude_ids":"","_relevanssi_related_no_append":"","_relevanssi_related_not_related":"","_relevanssi_related_posts":"1066,1063,1076","_relevanssi_noindex_reason":"","footnotes":""},"categories":[217],"tags":[93],"wf_page_folders":[],"class_list":{"0":"post-137476","1":"page","2":"type-page","3":"status-publish","5":"category-zoner-home-webhotellit","6":"tag-ftp-sftp-ssh"},"_links":{"self":[{"href":"https:\/\/www.zoner.fi\/tuki\/wp-json\/wp\/v2\/pages\/137476","targetHints":{"allow":["GET"]}}],"collection":[{"href":"https:\/\/www.zoner.fi\/tuki\/wp-json\/wp\/v2\/pages"}],"about":[{"href":"https:\/\/www.zoner.fi\/tuki\/wp-json\/wp\/v2\/types\/page"}],"author":[{"embeddable":true,"href":"https:\/\/www.zoner.fi\/tuki\/wp-json\/wp\/v2\/users\/18"}],"replies":[{"embeddable":true,"href":"https:\/\/www.zoner.fi\/tuki\/wp-json\/wp\/v2\/comments?post=137476"}],"version-history":[{"count":2,"href":"https:\/\/www.zoner.fi\/tuki\/wp-json\/wp\/v2\/pages\/137476\/revisions"}],"predecessor-version":[{"id":138117,"href":"https:\/\/www.zoner.fi\/tuki\/wp-json\/wp\/v2\/pages\/137476\/revisions\/138117"}],"up":[{"embeddable":true,"href":"https:\/\/www.zoner.fi\/tuki\/wp-json\/wp\/v2\/pages\/137347"}],"wp:attachment":[{"href":"https:\/\/www.zoner.fi\/tuki\/wp-json\/wp\/v2\/media?parent=137476"}],"wp:term":[{"taxonomy":"category","embeddable":true,"href":"https:\/\/www.zoner.fi\/tuki\/wp-json\/wp\/v2\/categories?post=137476"},{"taxonomy":"post_tag","embeddable":true,"href":"https:\/\/www.zoner.fi\/tuki\/wp-json\/wp\/v2\/tags?post=137476"},{"taxonomy":"wf_page_folders","embeddable":true,"href":"https:\/\/www.zoner.fi\/tuki\/wp-json\/wp\/v2\/wf_page_folders?post=137476"}],"curies":[{"name":"wp","href":"https:\/\/api.w.org\/{rel}","templated":true}]}}