{"id":137479,"date":"2025-09-17T15:02:40","date_gmt":"2025-09-17T12:02:40","guid":{"rendered":"https:\/\/www.zoner.fi\/tuki\/?page_id=137479"},"modified":"2025-09-17T15:02:42","modified_gmt":"2025-09-17T12:02:42","slug":"kansion-suojaus-salasanalla","status":"publish","type":"page","link":"https:\/\/www.zoner.fi\/tuki\/webhotellit\/kansion-suojaus-salasanalla\/","title":{"rendered":"Tiedoston tai kansion suojaaminen salasanalla"},"content":{"rendered":"\n<p><a href=\"https:\/\/www.zoner.fi\/webhotellit\/\">Webhotelli<\/a> mahdollistaa kokonaisen tiedostokansion sis\u00e4ll\u00f6n tai yksitt\u00e4isen tiedoston suojaamisen salasanalla est\u00e4\u00e4ksesi p\u00e4\u00e4syn sen sis\u00e4lt\u00e4miin tietoihin.<\/p>\n\n\n\n<h3 class=\"wp-block-heading\">Kansion suojaaminen<\/h3>\n\n\n\n<p>1. Kirjaudu Zoner Homeen osoitteessa <a href=\"https:\/\/home.zoner.fi\/\" target=\"_blank\" rel=\"noreferrer noopener\">https:\/\/home.zoner.fi<\/a><br>2. Avaa Zoner Homessa <strong>Omat tuotteet<\/strong> -v\u00e4lilehti.<br><img decoding=\"async\" src=\"https:\/\/www.zoner.fi\/tuki\/wp-content\/uploads\/2025\/01\/omat-tuotteet-zoner-home-1024x703.png\" alt=\"\"><br>3. Klikkaa <strong>Verkkosivustot<\/strong>-kohdassa sit\u00e4 webhotellia, jossa olevan kansion haluat suojata.<\/p>\n\n\n\n<p>4. Klikkaa vasemmassa valikossa kohtaa <strong>Turvallisuus<\/strong>. Turvallisuus-sivulla n\u00e4et listan kaikista suojatuista hakemistoista.<\/p>\n\n\n\n<p>Klikkaa <strong>Suojaa hakemisto<\/strong> -painiketta.<\/p>\n\n\n\n<figure class=\"wp-block-image size-large\"><img loading=\"lazy\" decoding=\"async\" width=\"1024\" height=\"706\" src=\"https:\/\/www.zoner.fi\/tuki\/wp-content\/uploads\/2025\/02\/zoner-home-suojaa-hakemisto-1024x706.png\" alt=\"\" class=\"wp-image-135392\" srcset=\"https:\/\/www.zoner.fi\/tuki\/wp-content\/uploads\/2025\/02\/zoner-home-suojaa-hakemisto-1024x706.png 1024w, https:\/\/www.zoner.fi\/tuki\/wp-content\/uploads\/2025\/02\/zoner-home-suojaa-hakemisto-300x207.png 300w, https:\/\/www.zoner.fi\/tuki\/wp-content\/uploads\/2025\/02\/zoner-home-suojaa-hakemisto-768x529.png 768w, https:\/\/www.zoner.fi\/tuki\/wp-content\/uploads\/2025\/02\/zoner-home-suojaa-hakemisto.png 1483w\" sizes=\"auto, (max-width: 1024px) 100vw, 1024px\" \/><\/figure>\n\n\n\n<p>5. Anna ponnahdusikkunassa hakemiston tiedot ja luo tarvittaessa uusi k\u00e4ytt\u00e4j\u00e4, jolla on oikeudet k\u00e4ytt\u00e4\u00e4 kansiota. Klikkaa lopuksi <strong>Luo<\/strong>-painiketta. <\/p>\n\n\n\n<figure class=\"wp-block-image size-large\"><img loading=\"lazy\" decoding=\"async\" width=\"1024\" height=\"706\" src=\"https:\/\/www.zoner.fi\/tuki\/wp-content\/uploads\/2025\/02\/zoner-home-suojaa-hakemisto-2-1024x706.png\" alt=\"\" class=\"wp-image-135393\" srcset=\"https:\/\/www.zoner.fi\/tuki\/wp-content\/uploads\/2025\/02\/zoner-home-suojaa-hakemisto-2-1024x706.png 1024w, https:\/\/www.zoner.fi\/tuki\/wp-content\/uploads\/2025\/02\/zoner-home-suojaa-hakemisto-2-300x207.png 300w, https:\/\/www.zoner.fi\/tuki\/wp-content\/uploads\/2025\/02\/zoner-home-suojaa-hakemisto-2-768x529.png 768w, https:\/\/www.zoner.fi\/tuki\/wp-content\/uploads\/2025\/02\/zoner-home-suojaa-hakemisto-2.png 1483w\" sizes=\"auto, (max-width: 1024px) 100vw, 1024px\" \/><\/figure>\n","protected":false},"excerpt":{"rendered":"<p>T\u00e4ss\u00e4 ohjeessa k\u00e4yd\u00e4\u00e4n l\u00e4pi tiedoston ja kansion suojaaminen .htaccess-tiedostolla.<\/p>\n","protected":false},"author":18,"featured_media":0,"parent":129010,"menu_order":0,"comment_status":"closed","ping_status":"closed","template":"","meta":{"_relevanssi_hide_post":"","_relevanssi_hide_content":"","_relevanssi_pin_for_all":"","_relevanssi_pin_keywords":"","_relevanssi_unpin_keywords":"","_relevanssi_related_keywords":"","_relevanssi_related_include_ids":"","_relevanssi_related_exclude_ids":"","_relevanssi_related_no_append":"","_relevanssi_related_not_related":"","_relevanssi_related_posts":"1076,1063,1066","_relevanssi_noindex_reason":"","footnotes":""},"categories":[217],"tags":[93],"wf_page_folders":[],"class_list":{"0":"post-137479","1":"page","2":"type-page","3":"status-publish","5":"category-zoner-home-webhotellit","6":"tag-ftp-sftp-ssh"},"_links":{"self":[{"href":"https:\/\/www.zoner.fi\/tuki\/wp-json\/wp\/v2\/pages\/137479","targetHints":{"allow":["GET"]}}],"collection":[{"href":"https:\/\/www.zoner.fi\/tuki\/wp-json\/wp\/v2\/pages"}],"about":[{"href":"https:\/\/www.zoner.fi\/tuki\/wp-json\/wp\/v2\/types\/page"}],"author":[{"embeddable":true,"href":"https:\/\/www.zoner.fi\/tuki\/wp-json\/wp\/v2\/users\/18"}],"replies":[{"embeddable":true,"href":"https:\/\/www.zoner.fi\/tuki\/wp-json\/wp\/v2\/comments?post=137479"}],"version-history":[{"count":1,"href":"https:\/\/www.zoner.fi\/tuki\/wp-json\/wp\/v2\/pages\/137479\/revisions"}],"predecessor-version":[{"id":137480,"href":"https:\/\/www.zoner.fi\/tuki\/wp-json\/wp\/v2\/pages\/137479\/revisions\/137480"}],"up":[{"embeddable":true,"href":"https:\/\/www.zoner.fi\/tuki\/wp-json\/wp\/v2\/pages\/129010"}],"wp:attachment":[{"href":"https:\/\/www.zoner.fi\/tuki\/wp-json\/wp\/v2\/media?parent=137479"}],"wp:term":[{"taxonomy":"category","embeddable":true,"href":"https:\/\/www.zoner.fi\/tuki\/wp-json\/wp\/v2\/categories?post=137479"},{"taxonomy":"post_tag","embeddable":true,"href":"https:\/\/www.zoner.fi\/tuki\/wp-json\/wp\/v2\/tags?post=137479"},{"taxonomy":"wf_page_folders","embeddable":true,"href":"https:\/\/www.zoner.fi\/tuki\/wp-json\/wp\/v2\/wf_page_folders?post=137479"}],"curies":[{"name":"wp","href":"https:\/\/api.w.org\/{rel}","templated":true}]}}