{"id":137493,"date":"2026-03-31T12:22:35","date_gmt":"2026-03-31T09:22:35","guid":{"rendered":"https:\/\/www.zoner.fi\/tuki\/?page_id=137493"},"modified":"2026-03-31T12:22:36","modified_gmt":"2026-03-31T09:22:36","slug":"php-versio","status":"publish","type":"page","link":"https:\/\/www.zoner.fi\/tuki\/webhotellit\/php-versio\/","title":{"rendered":"Miten valitsen PHP-version webhotellissa?"},"content":{"rendered":"\n<p>Zonerin <a href=\"\/webhotellit\/\">webhotellit<\/a> sis\u00e4lt\u00e4v\u00e4t oletusarvoisesti useita eri PHP-versioita. Joskus PHP-versio on vaihdettava toiseen, koska se on vanhentunut, tai esimerkiksi ep\u00e4sopivan apuohjelman tai lis\u00e4osan vuoksi.<\/p>\n\n\n\n<p>T\u00e4ss\u00e4 ohjeessa k\u00e4ymme l\u00e4pi, kuinka halutun PHP-version valitseminen onnistuu Zoner Home -webhotellin hallintapaneelista k\u00e4sin.<\/p>\n\n\n\n<ul class=\"wp-block-list\">\n<li><a href=\"#1\">Miksi on t\u00e4rke\u00e4\u00e4 k\u00e4ytt\u00e4\u00e4 tuettua PHP-versiota?<\/a><\/li>\n\n\n\n<li><a href=\"#jos-sivusto-ei-toimi\">Mit\u00e4 jos sivusto ei toimi uudemmalla PHP-versiolla?<\/a><\/li>\n\n\n\n<li><a href=\"#1\">Miten vaihdan PHP-versiota Zoner Home -webhotellissa?<\/a><\/li>\n<\/ul>\n\n\n\n<h2 class=\"wp-block-heading\" id=\"1\">Miksi on t\u00e4rke\u00e4\u00e4 k\u00e4ytt\u00e4\u00e4 tuettua PHP-versiota?<\/h2>\n\n\n\n<p>Tuettu PHP-versio saa s\u00e4\u00e4nn\u00f6llisesti virallisia tietoturvap\u00e4ivityksi\u00e4. N\u00e4et t\u00e4ll\u00e4 hetkell\u00e4 tuetut PHP-versiot <a href=\"https:\/\/www.php.net\/supported-versions.php\" target=\"_blank\" rel=\"noopener\">virallisilta PHP-sivuilta<\/a>.<\/p>\n\n\n\n<ul class=\"wp-block-list\">\n<li><strong>Parempi tietoturva<\/strong>&nbsp;&#8211; T\u00e4rkein syy p\u00e4ivitt\u00e4\u00e4 PHP-versio on tietoturva. Vanhentuneet PHP-versiot eiv\u00e4t saa virallisia tietoturvap\u00e4ivityksi\u00e4, joten niiden k\u00e4ytt\u00e4minen voi altistaa sivuston hakkereille.<\/li>\n\n\n\n<li><strong>Parempi suorituskyky<\/strong>&nbsp;&#8211; Jokainen uusi PHP-versio sis\u00e4lt\u00e4\u00e4 suorituskykyparannuksia, esim. nopeammat suoritusajat ja pienemm\u00e4n muistin k\u00e4yt\u00f6n. Sivustosi voi siis latautua nopeammin ja k\u00e4sitell\u00e4 suurempia k\u00e4vij\u00e4m\u00e4\u00e4ri\u00e4. Koskee erityisesti WordPress-sivustoja.<\/li>\n\n\n\n<li><strong>Uusia ominaisuuksia ja parannuksia<\/strong>&nbsp;&#8211; Uudempi PHP-versio sis\u00e4lt\u00e4\u00e4 todenn\u00e4k\u00f6isesti uusia ja parannettuja ominaisuuksia.<\/li>\n<\/ul>\n\n\n\n<h2 class=\"wp-block-heading\" id=\"jos-sivusto-ei-toimi\">Mit\u00e4 jos sivusto ei toimi uudemmalla PHP-versiolla?<\/h2>\n\n\n\n<p>Seuraa ensin alla olevia ohjeita vaihtaaksesi PHP-versio takaisin aiempaan, jolloin sivusto palaa toimintaan.<\/p>\n\n\n\n<p><strong>Huom!<\/strong> Vanhaan PHP-versioon vaihtaminen on vain tilap\u00e4inen ratkaisu, sill\u00e4 vanheneva versio poistuu aikanaan kokonaan k\u00e4yt\u00f6st\u00e4, mink\u00e4 j\u00e4lkeen sit\u00e4 ei ole en\u00e4\u00e4 mahdollista valita.<\/p>\n\n\n\n<h3 class=\"wp-block-heading\">Miten sivuston saa toimimaan uudella PHP-versiolla?<\/h3>\n\n\n\n<p>Lyhyt vastaus on &#8221;p\u00e4ivitt\u00e4m\u00e4ll\u00e4 sivusto&#8221;. Kun sivuston ohjelmisto ja lis\u00e4osat ovat ajan tasalla, niiden pit\u00e4isi toimia uudella PHP-versiolla. Jokainen sivusto on kuitenkin uniikki, joten t\u00e4ss\u00e4 yleisimpi\u00e4 toimenpiteit\u00e4 ongelman selvitykseen.<\/p>\n\n\n\n<h4 class=\"wp-block-heading\">Voiko joku tehd\u00e4 p\u00e4ivitykset puolestani?<\/h4>\n\n\n\n<p>Etenkin jos sivustoa ei ole p\u00e4ivitetty pitk\u00e4\u00e4n aikaan, p\u00e4ivitys voi aiheuttaa sivustolla odottamattomia ongelmia. Jos sivusto on jonkun muun rakentama, kannattaa t\u00e4llaisessa tilanteessa k\u00e4\u00e4nty\u00e4 ensisijaisesti sivuston tekij\u00e4n puoleen. My\u00f6s Zoner voi p\u00e4ivitt\u00e4\u00e4 PHP-version puolestasi <a href=\"https:\/\/www.zoner.fi\/asiantuntijatyot\/\">asiantuntijaty\u00f6n\u00e4<\/a>.<\/p>\n\n\n\n<p>Jos haluat varmistaa, ett\u00e4 WordPress-sivustosi on aina ajan tasalla niin PHP-version kuin muidenkin teknisten p\u00e4ivitysten osalta, suosittelemme <a href=\"https:\/\/www.zoner.fi\/zoner-care\/\">Zoner Care<\/a> -palvelua, jossa hoidamme sivuston teknisen yll\u00e4pidon puolestasi ja huolehdimme sen turvallisuudesta ja toiminnasta.<\/p>\n\n\n\n<h4 class=\"wp-block-heading\">P\u00e4ivitin sivuston, mutta se ei silti toimi uudella PHP:lla<\/h4>\n\n\n\n<p>Jos sivusto ei p\u00e4ivityksist\u00e4 huolimatta toimi uudella PHP-versiolla, t\u00e4ytyy tarkempaa syyp\u00e4\u00e4t\u00e4 etsi\u00e4 virhelokin kautta.<\/p>\n\n\n\n<p>Sivuston kaatuessa virhelokiin tulee siit\u00e4 merkint\u00e4. Lokiteksti voi olla vaikealukuista, mutta oleellista on vain l\u00f6yt\u00e4\u00e4 tekstin joukosta avainsanoja!<\/p>\n\n\n\n<ol class=\"wp-block-list\">\n<li>Jos teksti\u00e4 on paljon, paikanna ensin ajankohta, jolloin huomasit sivuston olevan kaatunut.<\/li>\n\n\n\n<li>Jos koko sivusto on ollut alhaalla, virhe sis\u00e4lt\u00e4\u00e4 todenn\u00e4k\u00f6isesti sanat &#8221;fatal error&#8221;. Ongelmasta riippuen virheilmoitus voi kuitenkin olla toisenlainen.<\/li>\n\n\n\n<li>Kun olet l\u00f6yt\u00e4nyt virheviestin, joka vaikuttaa liittyv\u00e4n sivuston kaatumiseen, etsi virheviestist\u00e4 kohtia, jotka kuulostavat viittaavan tiettyyn osaan sivustosta. Virhe viittaa usein tiedostopolkuun, joka voi sis\u00e4lt\u00e4\u00e4 tekstin &#8221;plugins\/lis\u00e4osannimi&#8221; tai &#8221;themes\/teemannimi&#8221;.<\/li>\n\n\n\n<li>Vaihda PHP-versio takaisin vanhaan. Kun sivusto toimii, poista k\u00e4yt\u00f6st\u00e4 osa, johon virheviesti viittaa. Vaihda PHP-versio takaisin uudempaan, odota minuutti ja tarkista toimiiko sivusto. Prosessin voi joutua toistamaan, jos ongelmakohtia on useampia.<\/li>\n\n\n\n<li>Kun sivusto toimii uudella PHP-versiolla, selvit\u00e4 k\u00e4yt\u00f6st\u00e4 poistettujen osien kehitt\u00e4jilt\u00e4 niiden p\u00e4ivitysten saatavuus. Jos kehitys on lopetettu, kyseisen komponentin saattaa joutua korvaamaan toisella.<\/li>\n<\/ol>\n\n\n\n<h2 class=\"wp-block-heading\" id=\"1\">Miten vaihdan PHP-versiota Zoner Home -webhotellissa?<\/h2>\n\n\n\n<p>1. Kirjaudu Zoner Homeen osoitteessa <a href=\"https:\/\/home.zoner.fi\/\" target=\"_blank\" rel=\"noreferrer noopener\">https:\/\/home.zoner.fi<\/a><\/p>\n\n\n\n<p>2. Avaa Zoner Homessa <strong>Omat tuotteet<\/strong> -v\u00e4lilehti.<\/p>\n\n\n\n<figure class=\"wp-block-image size-large\"><img loading=\"lazy\" decoding=\"async\" width=\"1024\" height=\"442\" src=\"https:\/\/www.zoner.fi\/tuki\/wp-content\/uploads\/2026\/03\/ZH_startti-1024x442.png\" alt=\"\" class=\"wp-image-138783\" srcset=\"https:\/\/www.zoner.fi\/tuki\/wp-content\/uploads\/2026\/03\/ZH_startti-1024x442.png 1024w, https:\/\/www.zoner.fi\/tuki\/wp-content\/uploads\/2026\/03\/ZH_startti-300x129.png 300w, https:\/\/www.zoner.fi\/tuki\/wp-content\/uploads\/2026\/03\/ZH_startti-768x331.png 768w, https:\/\/www.zoner.fi\/tuki\/wp-content\/uploads\/2026\/03\/ZH_startti.png 1475w\" sizes=\"auto, (max-width: 1024px) 100vw, 1024px\" \/><\/figure>\n\n\n\n<p>3. Klikkaa <strong>Verkkosivustot<\/strong>-kohdassa sit\u00e4 webhotellia, jonka php-versiota haluat muuttaa.<\/p>\n\n\n\n<figure class=\"wp-block-image size-large\"><img loading=\"lazy\" decoding=\"async\" width=\"1024\" height=\"380\" src=\"https:\/\/www.zoner.fi\/tuki\/wp-content\/uploads\/2026\/03\/ZH_omat-tuotteet-1024x380.png\" alt=\"\" class=\"wp-image-138784\" srcset=\"https:\/\/www.zoner.fi\/tuki\/wp-content\/uploads\/2026\/03\/ZH_omat-tuotteet-1024x380.png 1024w, https:\/\/www.zoner.fi\/tuki\/wp-content\/uploads\/2026\/03\/ZH_omat-tuotteet-300x111.png 300w, https:\/\/www.zoner.fi\/tuki\/wp-content\/uploads\/2026\/03\/ZH_omat-tuotteet-768x285.png 768w, https:\/\/www.zoner.fi\/tuki\/wp-content\/uploads\/2026\/03\/ZH_omat-tuotteet.png 1462w\" sizes=\"auto, (max-width: 1024px) 100vw, 1024px\" \/><\/figure>\n\n\n\n<p><br>3. Klikkaa vasemmassa valikossa kohtaa <strong>Verkkotunnukset<\/strong>.<\/p>\n\n\n\n<figure class=\"wp-block-image size-large\"><img loading=\"lazy\" decoding=\"async\" width=\"1024\" height=\"626\" src=\"https:\/\/www.zoner.fi\/tuki\/wp-content\/uploads\/2026\/03\/ZH_verkkotunnukset-1024x626.png\" alt=\"\" class=\"wp-image-138786\" srcset=\"https:\/\/www.zoner.fi\/tuki\/wp-content\/uploads\/2026\/03\/ZH_verkkotunnukset-1024x626.png 1024w, https:\/\/www.zoner.fi\/tuki\/wp-content\/uploads\/2026\/03\/ZH_verkkotunnukset-300x184.png 300w, https:\/\/www.zoner.fi\/tuki\/wp-content\/uploads\/2026\/03\/ZH_verkkotunnukset-768x470.png 768w, https:\/\/www.zoner.fi\/tuki\/wp-content\/uploads\/2026\/03\/ZH_verkkotunnukset.png 1468w\" sizes=\"auto, (max-width: 1024px) 100vw, 1024px\" \/><\/figure>\n\n\n\n<p><br>4. P\u00e4\u00e4set verkkotunnuksen asetuksiin klikkaamalla sen vieress\u00e4 olevaa kuvaketta, jossa on kolme pistett\u00e4. Valitse avautuneesta valikosta <strong>PHP-asetukset<\/strong>.<\/p>\n\n\n\n<figure class=\"wp-block-image size-large\"><img loading=\"lazy\" decoding=\"async\" width=\"1024\" height=\"541\" src=\"https:\/\/www.zoner.fi\/tuki\/wp-content\/uploads\/2026\/03\/ZH_verkkotunnus_php-1024x541.png\" alt=\"\" class=\"wp-image-138787\" srcset=\"https:\/\/www.zoner.fi\/tuki\/wp-content\/uploads\/2026\/03\/ZH_verkkotunnus_php-1024x541.png 1024w, https:\/\/www.zoner.fi\/tuki\/wp-content\/uploads\/2026\/03\/ZH_verkkotunnus_php-300x158.png 300w, https:\/\/www.zoner.fi\/tuki\/wp-content\/uploads\/2026\/03\/ZH_verkkotunnus_php-768x406.png 768w, https:\/\/www.zoner.fi\/tuki\/wp-content\/uploads\/2026\/03\/ZH_verkkotunnus_php.png 1255w\" sizes=\"auto, (max-width: 1024px) 100vw, 1024px\" \/><\/figure>\n\n\n\n<p>5. Valitse alasveto valikosta saatavilla oleva haluamasi <strong>PHP- versio<\/strong>.<\/p>\n\n\n\n<figure class=\"wp-block-image size-large\"><img loading=\"lazy\" decoding=\"async\" width=\"1004\" height=\"1024\" src=\"https:\/\/www.zoner.fi\/tuki\/wp-content\/uploads\/2026\/03\/ZH_php-1004x1024.png\" alt=\"\" class=\"wp-image-138788\" srcset=\"https:\/\/www.zoner.fi\/tuki\/wp-content\/uploads\/2026\/03\/ZH_php-1004x1024.png 1004w, https:\/\/www.zoner.fi\/tuki\/wp-content\/uploads\/2026\/03\/ZH_php-294x300.png 294w, https:\/\/www.zoner.fi\/tuki\/wp-content\/uploads\/2026\/03\/ZH_php-768x784.png 768w, https:\/\/www.zoner.fi\/tuki\/wp-content\/uploads\/2026\/03\/ZH_php.png 1233w\" sizes=\"auto, (max-width: 1004px) 100vw, 1004px\" \/><\/figure>\n\n\n\n<p><br>6. Olet nyt verkkotunnuksen PHP-asetuksissa, jossa voit muun muassa muuttaa PHP-versiota.<br>7. Tallenna asetukset klikkaamalla <strong>Tallenna<\/strong>.<\/p>\n\n\n\n<h3 class=\"wp-block-heading\">Voit s\u00e4\u00e4t\u00e4\u00e4 seuraavia PHP-asetuksia:<\/h3>\n\n\n\n<p><strong>PHP-versio:<br><\/strong>Useimmat sivustot k\u00e4ytt\u00e4v\u00e4t PHP:ta, ja siksi se on oletuksena aktivoitu. Voit valita&nbsp;avattavasta valikosta haluamasi PHP-version verkkotunnukselle.<\/p>\n\n\n\n<p><strong>allow_url_fopen:<br><\/strong>allow_url_fopen -sovelluksella on mahdollista k\u00e4ytt\u00e4\u00e4 tiedostoja, jotka eiv\u00e4t ole samalla palvelimella.<\/p>\n\n\n\n<p><strong>allow_url_include:<br><\/strong>T\u00e4m\u00e4 vaihtoehto on k\u00e4yt\u00f6ss\u00e4 vain, jos &#8221;allow_url_fopen&#8221; on my\u00f6s aktivoitu.<\/p>\n\n\n\n<p><strong>display_errors:<br><\/strong>Display_errors-asetus koskee PHP-virheilmoituksia. Jos display_errors on poistettu k\u00e4yt\u00f6st\u00e4, PHP ei anna virheilmoituksia tai varoituksia. Turvallisuussyist\u00e4 t\u00e4m\u00e4 asetus on aina poistettava k\u00e4yt\u00f6st\u00e4 tuotantoj\u00e4rjestelmiss\u00e4.<\/p>\n\n\n\n<p><strong>opcache.enable:<br><\/strong>K\u00e4ytt\u00e4m\u00e4ll\u00e4 OPcachea verkkosivustojesi latausaikoja voidaan lyhent\u00e4\u00e4 merkitt\u00e4v\u00e4sti nopeuttamalla huomattavasti PHP-sovellusten k\u00e4sittely\u00e4.<\/p>\n","protected":false},"excerpt":{"rendered":"<p>Zonerin webhotellit sis\u00e4lt\u00e4v\u00e4t oletusarvoisesti useita eri PHP-versioita. Joskus PHP-versio on vaihdettava toiseen, koska se on vanhentunut, tai esimerkiksi ep\u00e4sopivan apuohjelman tai lis\u00e4osan vuoksi. T\u00e4ss\u00e4 ohjeessa k\u00e4ymme l\u00e4pi, kuinka halutun PHP-version valitseminen onnistuu Zoner Home -webhotellin hallintapaneelista k\u00e4sin. Miksi on t\u00e4rke\u00e4\u00e4 k\u00e4ytt\u00e4\u00e4 tuettua PHP-versiota? Tuettu PHP-versio saa s\u00e4\u00e4nn\u00f6llisesti virallisia tietoturvap\u00e4ivityksi\u00e4. N\u00e4et t\u00e4ll\u00e4 hetkell\u00e4 tuetut PHP-versiot virallisilta &#8230; <a title=\"Miten valitsen PHP-version webhotellissa?\" class=\"read-more\" href=\"https:\/\/www.zoner.fi\/tuki\/webhotellit\/php-versio\/\" aria-label=\"Lue lis\u00e4\u00e4 aiheesta Miten valitsen PHP-version webhotellissa?\">Lue lis\u00e4\u00e4<\/a><\/p>\n","protected":false},"author":18,"featured_media":0,"parent":129010,"menu_order":0,"comment_status":"closed","ping_status":"closed","template":"","meta":{"_relevanssi_hide_post":"","_relevanssi_hide_content":"","_relevanssi_pin_for_all":"","_relevanssi_pin_keywords":"","_relevanssi_unpin_keywords":"","_relevanssi_related_keywords":"","_relevanssi_related_include_ids":"","_relevanssi_related_exclude_ids":"","_relevanssi_related_no_append":"","_relevanssi_related_not_related":"","_relevanssi_related_posts":"1076,1066,1063","_relevanssi_noindex_reason":"","footnotes":""},"categories":[217],"tags":[94],"wf_page_folders":[],"class_list":{"0":"post-137493","1":"page","2":"type-page","3":"status-publish","5":"category-zoner-home-webhotellit","6":"tag-html-php"},"_links":{"self":[{"href":"https:\/\/www.zoner.fi\/tuki\/wp-json\/wp\/v2\/pages\/137493","targetHints":{"allow":["GET"]}}],"collection":[{"href":"https:\/\/www.zoner.fi\/tuki\/wp-json\/wp\/v2\/pages"}],"about":[{"href":"https:\/\/www.zoner.fi\/tuki\/wp-json\/wp\/v2\/types\/page"}],"author":[{"embeddable":true,"href":"https:\/\/www.zoner.fi\/tuki\/wp-json\/wp\/v2\/users\/18"}],"replies":[{"embeddable":true,"href":"https:\/\/www.zoner.fi\/tuki\/wp-json\/wp\/v2\/comments?post=137493"}],"version-history":[{"count":9,"href":"https:\/\/www.zoner.fi\/tuki\/wp-json\/wp\/v2\/pages\/137493\/revisions"}],"predecessor-version":[{"id":138789,"href":"https:\/\/www.zoner.fi\/tuki\/wp-json\/wp\/v2\/pages\/137493\/revisions\/138789"}],"up":[{"embeddable":true,"href":"https:\/\/www.zoner.fi\/tuki\/wp-json\/wp\/v2\/pages\/129010"}],"wp:attachment":[{"href":"https:\/\/www.zoner.fi\/tuki\/wp-json\/wp\/v2\/media?parent=137493"}],"wp:term":[{"taxonomy":"category","embeddable":true,"href":"https:\/\/www.zoner.fi\/tuki\/wp-json\/wp\/v2\/categories?post=137493"},{"taxonomy":"post_tag","embeddable":true,"href":"https:\/\/www.zoner.fi\/tuki\/wp-json\/wp\/v2\/tags?post=137493"},{"taxonomy":"wf_page_folders","embeddable":true,"href":"https:\/\/www.zoner.fi\/tuki\/wp-json\/wp\/v2\/wf_page_folders?post=137493"}],"curies":[{"name":"wp","href":"https:\/\/api.w.org\/{rel}","templated":true}]}}