{"id":137508,"date":"2025-09-17T15:35:09","date_gmt":"2025-09-17T12:35:09","guid":{"rendered":"https:\/\/www.zoner.fi\/tuki\/?page_id=137508"},"modified":"2025-09-17T15:35:11","modified_gmt":"2025-09-17T12:35:11","slug":"roskapostisuodatin-webhotellissa","status":"publish","type":"page","link":"https:\/\/www.zoner.fi\/tuki\/webhotellit\/roskapostisuodatin-webhotellissa\/","title":{"rendered":"Roskapostinsuodatuksen m\u00e4\u00e4ritt\u00e4minen webhotellissa"},"content":{"rendered":"\n<p><a href=\"https:\/\/www.zoner.fi\/webhotellit\/\">Webhotellit <\/a>mahdollistavat roskapostisuodattimen k\u00e4yt\u00f6n. Roskapostisuodattimen avulla voit hallita sit\u00e4, miten roskapostiksi luokiteltuja viestej\u00e4 k\u00e4sitell\u00e4\u00e4n. Voit my\u00f6s asettaa s\u00e4hk\u00f6postiosoitteita mustalle (estetty) tai valkoiselle (sallittu) listalle.<\/p>\n\n\n\n<p>Viestit pisteytet\u00e4\u00e4n ja luokitellaan pisteytyksen perusteella roskapostiksi. Huomaa, ett\u00e4 joskus suodattimeen voi syyst\u00e4 tai toisesta joutua my\u00f6s viestej\u00e4, jotka eiv\u00e4t ole roskapostia. Suosittelemme tarkistamaan roskapostikansion s\u00e4\u00e4nn\u00f6llisesti!<\/p>\n\n\n\n<p>1. Kirjaudu Zoner Homeen osoitteessa <a href=\"https:\/\/home.zoner.fi\/\" target=\"_blank\" rel=\"noreferrer noopener\">https:\/\/home.zoner.fi<\/a><\/p>\n\n\n\n<p>2. Avaa Zoner Homessa <strong>Omat tuotteet<\/strong> -v\u00e4lilehti.<\/p>\n\n\n\n<p>3. Klikkaa <strong>Verkkosivustot<\/strong>-kohdassa sit\u00e4 webhotellia, johon kuuluvaan s\u00e4hk\u00f6postiin haluat m\u00e4\u00e4ritt\u00e4\u00e4 roskapostisuodattimen.<\/p>\n\n\n\n<p>4. Klikkaa vasemmassa valikossa kohtaa <strong>S\u00e4hk\u00f6posti<\/strong>. Klikkaa S\u00e4hk\u00f6posti-sivulla sit\u00e4 verkkotunnusta, jossa s\u00e4hk\u00f6postilaatikko sijaitsee.<\/p>\n\n\n\n<figure class=\"wp-block-image size-large\"><img loading=\"lazy\" decoding=\"async\" width=\"1024\" height=\"744\" src=\"https:\/\/www.zoner.fi\/tuki\/wp-content\/uploads\/2025\/01\/catch-all-osoitteen-luominen-zoner-homessa-1-1024x744.png\" alt=\"\" class=\"wp-image-135101\" srcset=\"https:\/\/www.zoner.fi\/tuki\/wp-content\/uploads\/2025\/01\/catch-all-osoitteen-luominen-zoner-homessa-1-1024x744.png 1024w, https:\/\/www.zoner.fi\/tuki\/wp-content\/uploads\/2025\/01\/catch-all-osoitteen-luominen-zoner-homessa-1-300x218.png 300w, https:\/\/www.zoner.fi\/tuki\/wp-content\/uploads\/2025\/01\/catch-all-osoitteen-luominen-zoner-homessa-1-768x558.png 768w, https:\/\/www.zoner.fi\/tuki\/wp-content\/uploads\/2025\/01\/catch-all-osoitteen-luominen-zoner-homessa-1.png 1463w\" sizes=\"auto, (max-width: 1024px) 100vw, 1024px\" \/><\/figure>\n\n\n\n<p>6. Klikkaa <strong>Roskapostisuodatin &amp; Catch-all<\/strong> -painiketta.<\/p>\n\n\n\n<figure class=\"wp-block-image size-large\"><img loading=\"lazy\" decoding=\"async\" width=\"1024\" height=\"744\" src=\"https:\/\/www.zoner.fi\/tuki\/wp-content\/uploads\/2025\/01\/catch-all-osoitteen-luominen-zoner-homessa-2-1024x744.png\" alt=\"\" class=\"wp-image-135102\" srcset=\"https:\/\/www.zoner.fi\/tuki\/wp-content\/uploads\/2025\/01\/catch-all-osoitteen-luominen-zoner-homessa-2-1024x744.png 1024w, https:\/\/www.zoner.fi\/tuki\/wp-content\/uploads\/2025\/01\/catch-all-osoitteen-luominen-zoner-homessa-2-300x218.png 300w, https:\/\/www.zoner.fi\/tuki\/wp-content\/uploads\/2025\/01\/catch-all-osoitteen-luominen-zoner-homessa-2-768x558.png 768w, https:\/\/www.zoner.fi\/tuki\/wp-content\/uploads\/2025\/01\/catch-all-osoitteen-luominen-zoner-homessa-2.png 1463w\" sizes=\"auto, (max-width: 1024px) 100vw, 1024px\" \/><\/figure>\n\n\n\n<p>7. T\u00e4ll\u00e4 sivulla voit m\u00e4\u00e4ritt\u00e4\u00e4 roskapostisuodattimen. <strong>Valitse ensin jokin kolmesta asetuksesta<\/strong> (1):<\/p>\n\n\n\n<ul class=\"wp-block-list\">\n<li><strong>Merkitse<\/strong>: Roskapostiksi tunnistettujen saapuvien s\u00e4hk\u00f6postien aiheeseen lis\u00e4t\u00e4\u00e4n valitsemasi teksti, esim *** SPAM ***.<\/li>\n\n\n\n<li><strong>Hylk\u00e4\u00e4<\/strong>: Roskapostiksi tunnistetut saapuvat s\u00e4hk\u00f6postit hyl\u00e4t\u00e4\u00e4n automaattisesti, ja l\u00e4hett\u00e4j\u00e4 saa siit\u00e4 tiedon.<\/li>\n\n\n\n<li><strong>Poista k\u00e4yt\u00f6st\u00e4<\/strong>: T\u00e4m\u00e4 vaihtoehto poistaa roskapostisuodattimen k\u00e4yt\u00f6st\u00e4, jolloin s\u00e4hk\u00f6postit v\u00e4litet\u00e4\u00e4n suoraan s\u00e4hk\u00f6postiosoitteeseesi ilman suodatusta.<\/li>\n<\/ul>\n\n\n\n<p>Klikkaa valkoista tai mustaa listaa (2) lis\u00e4t\u00e4ksesi siihen osoitteita:<\/p>\n\n\n\n<p><strong>Valkoinen lista<\/strong> &#8211; Lis\u00e4\u00e4 t\u00e4h\u00e4n s\u00e4hk\u00f6postiosoitteet, joista tulevat viestit haluat aina saada siin\u00e4kin tapauksessa, ett\u00e4 suodatin pit\u00e4isi niit\u00e4 roskapostina. Voit lis\u00e4t\u00e4 listalle kaikki tietyn verkkotunnuksen s\u00e4hk\u00f6postiosoitteet t\u00e4hden (*) avulla, esim. *@esimerkkiverkkotunus.fi<\/p>\n\n\n\n<p><strong>Musta lista<\/strong> &#8211; Mustalle listalle lis\u00e4tyist\u00e4 s\u00e4hk\u00f6postiosoitteista tai verkkotunnuksista l\u00e4hetetyt s\u00e4hk\u00f6postit hyl\u00e4t\u00e4\u00e4n aina. Voit lis\u00e4t\u00e4 listalle kaikki tietyn verkkotunnuksen s\u00e4hk\u00f6postiosoitteet t\u00e4hden (*) avulla, esim. *@esimerkkiverkkotunus.fi<\/p>\n\n\n\n<figure class=\"wp-block-image size-large\"><img loading=\"lazy\" decoding=\"async\" width=\"1024\" height=\"734\" src=\"https:\/\/www.zoner.fi\/tuki\/wp-content\/uploads\/2025\/02\/zoner-home-roskapostisuodatin-1-1024x734.png\" alt=\"\" class=\"wp-image-135285\" srcset=\"https:\/\/www.zoner.fi\/tuki\/wp-content\/uploads\/2025\/02\/zoner-home-roskapostisuodatin-1-1024x734.png 1024w, https:\/\/www.zoner.fi\/tuki\/wp-content\/uploads\/2025\/02\/zoner-home-roskapostisuodatin-1-300x215.png 300w, https:\/\/www.zoner.fi\/tuki\/wp-content\/uploads\/2025\/02\/zoner-home-roskapostisuodatin-1-768x550.png 768w, https:\/\/www.zoner.fi\/tuki\/wp-content\/uploads\/2025\/02\/zoner-home-roskapostisuodatin-1.png 1483w\" sizes=\"auto, (max-width: 1024px) 100vw, 1024px\" \/><\/figure>\n","protected":false},"excerpt":{"rendered":"<p>Ohjeessa k\u00e4yd\u00e4\u00e4n Spamassassin-roskapostisuodattimen k\u00e4ytt\u00f6notto ja m\u00e4\u00e4ritys.<\/p>\n","protected":false},"author":18,"featured_media":0,"parent":129010,"menu_order":0,"comment_status":"closed","ping_status":"closed","template":"","meta":{"_relevanssi_hide_post":"","_relevanssi_hide_content":"","_relevanssi_pin_for_all":"","_relevanssi_pin_keywords":"","_relevanssi_unpin_keywords":"","_relevanssi_related_keywords":"","_relevanssi_related_include_ids":"","_relevanssi_related_exclude_ids":"","_relevanssi_related_no_append":"","_relevanssi_related_not_related":"","_relevanssi_related_posts":"1063,1076,1066","_relevanssi_noindex_reason":"","footnotes":""},"categories":[194,217],"tags":[199,214],"wf_page_folders":[],"class_list":{"0":"post-137508","1":"page","2":"type-page","3":"status-publish","5":"category-zoner-home","6":"category-zoner-home-webhotellit","7":"tag-sahkoposti","8":"tag-sahkopostin-hallinta"},"_links":{"self":[{"href":"https:\/\/www.zoner.fi\/tuki\/wp-json\/wp\/v2\/pages\/137508","targetHints":{"allow":["GET"]}}],"collection":[{"href":"https:\/\/www.zoner.fi\/tuki\/wp-json\/wp\/v2\/pages"}],"about":[{"href":"https:\/\/www.zoner.fi\/tuki\/wp-json\/wp\/v2\/types\/page"}],"author":[{"embeddable":true,"href":"https:\/\/www.zoner.fi\/tuki\/wp-json\/wp\/v2\/users\/18"}],"replies":[{"embeddable":true,"href":"https:\/\/www.zoner.fi\/tuki\/wp-json\/wp\/v2\/comments?post=137508"}],"version-history":[{"count":1,"href":"https:\/\/www.zoner.fi\/tuki\/wp-json\/wp\/v2\/pages\/137508\/revisions"}],"predecessor-version":[{"id":137509,"href":"https:\/\/www.zoner.fi\/tuki\/wp-json\/wp\/v2\/pages\/137508\/revisions\/137509"}],"up":[{"embeddable":true,"href":"https:\/\/www.zoner.fi\/tuki\/wp-json\/wp\/v2\/pages\/129010"}],"wp:attachment":[{"href":"https:\/\/www.zoner.fi\/tuki\/wp-json\/wp\/v2\/media?parent=137508"}],"wp:term":[{"taxonomy":"category","embeddable":true,"href":"https:\/\/www.zoner.fi\/tuki\/wp-json\/wp\/v2\/categories?post=137508"},{"taxonomy":"post_tag","embeddable":true,"href":"https:\/\/www.zoner.fi\/tuki\/wp-json\/wp\/v2\/tags?post=137508"},{"taxonomy":"wf_page_folders","embeddable":true,"href":"https:\/\/www.zoner.fi\/tuki\/wp-json\/wp\/v2\/wf_page_folders?post=137508"}],"curies":[{"name":"wp","href":"https:\/\/api.w.org\/{rel}","templated":true}]}}