{"id":137511,"date":"2025-09-17T15:51:53","date_gmt":"2025-09-17T12:51:53","guid":{"rendered":"https:\/\/www.zoner.fi\/tuki\/?page_id=137511"},"modified":"2025-11-12T15:31:20","modified_gmt":"2025-11-12T13:31:20","slug":"lomavastaaja","status":"publish","type":"page","link":"https:\/\/www.zoner.fi\/tuki\/sahkopostiohjeet\/lomavastaaja\/","title":{"rendered":"Miten asetan lomavastaajan s\u00e4hk\u00f6postiin?"},"content":{"rendered":"\n<p><em>Ohje tarkistettu: 22.7.2025<\/em><\/p>\n\n\n\n<p>T\u00e4m\u00e4n ohjeen avulla saat s\u00e4hk\u00f6postiin automaattisen lomavastaajan.<\/p>\n\n\n\n<ul class=\"wp-block-list\">\n<li><a href=\"#1\">Lomavastaajan luominen <strong>Zoner Homessa<\/strong><\/a><\/li>\n\n\n\n<li><a href=\"#suodatin\">Lomavastaajan luominen <strong>Webmailissa<\/strong><\/a><\/li>\n<\/ul>\n\n\n\n<h2 class=\"wp-block-heading\" id=\"1\">Lomavastaajan luominen Zoner Homessa<\/h2>\n\n\n\n<p>Lomavastaajan m\u00e4\u00e4ritys onnistuu Zoner Home -hallintapaneelissa vain tilin p\u00e4\u00e4k\u00e4ytt\u00e4j\u00e4lt\u00e4. Jos et ole tilin p\u00e4\u00e4k\u00e4ytt\u00e4j\u00e4, voit pyyt\u00e4\u00e4 p\u00e4\u00e4k\u00e4ytt\u00e4j\u00e4\u00e4 m\u00e4\u00e4ritt\u00e4m\u00e4\u00e4n lomavastauksen puolestasi, tai m\u00e4\u00e4ritt\u00e4\u00e4 sen Webmailissa tai muussa k\u00e4ytt\u00e4m\u00e4ss\u00e4si s\u00e4hk\u00f6postiohjelmassa. Lue tarkemmat ohjeet alta.<\/p>\n\n\n\n<ul class=\"wp-block-list\">\n<li><a href=\"#paakayttaja\">Olen tilin p\u00e4\u00e4k\u00e4ytt\u00e4j\u00e4<\/a><\/li>\n\n\n\n<li><a href=\"#ei-paakayttaja\">En ole tilin p\u00e4\u00e4k\u00e4ytt\u00e4j\u00e4<\/a><\/li>\n<\/ul>\n\n\n\n<h3 class=\"wp-block-heading\" id=\"paakayttaja\">Lomavastaajan m\u00e4\u00e4ritys &#8211; Olen tilin p\u00e4\u00e4k\u00e4ytt\u00e4j\u00e4<\/h3>\n\n\n\n<p><strong>Jos olet tilin p\u00e4\u00e4k\u00e4ytt\u00e4j\u00e4<\/strong>, voit m\u00e4\u00e4ritt\u00e4\u00e4 lomavastaajan Zoner Homessa n\u00e4in:<\/p>\n\n\n\n<p>1. Kirjaudu Zoner Homeen osoitteessa <a href=\"https:\/\/home.zoner.fi\/\" target=\"_blank\" rel=\"noreferrer noopener\">https:\/\/home.zoner.fi<\/a><\/p>\n\n\n\n<p>2. Avaa Zoner Homessa <strong>Omat tuotteet<\/strong> -v\u00e4lilehti.<\/p>\n\n\n\n<p>3. Klikkaa <strong>Verkkosivustot<\/strong>-kohdassa sit\u00e4 webhotellia, jossa s\u00e4hk\u00f6posti sijaitsee.<\/p>\n\n\n\n<figure class=\"wp-block-image size-large\"><img loading=\"lazy\" decoding=\"async\" width=\"1024\" height=\"510\" src=\"https:\/\/www.zoner.fi\/tuki\/wp-content\/uploads\/2025\/01\/omat-tuotteet-zoner-home-2-1024x510.png\" alt=\"\" class=\"wp-image-135122\" srcset=\"https:\/\/www.zoner.fi\/tuki\/wp-content\/uploads\/2025\/01\/omat-tuotteet-zoner-home-2-1024x510.png 1024w, https:\/\/www.zoner.fi\/tuki\/wp-content\/uploads\/2025\/01\/omat-tuotteet-zoner-home-2-300x149.png 300w, https:\/\/www.zoner.fi\/tuki\/wp-content\/uploads\/2025\/01\/omat-tuotteet-zoner-home-2-768x383.png 768w, https:\/\/www.zoner.fi\/tuki\/wp-content\/uploads\/2025\/01\/omat-tuotteet-zoner-home-2.png 1399w\" sizes=\"auto, (max-width: 1024px) 100vw, 1024px\" \/><\/figure>\n\n\n\n<p>4. Klikkaa vasemmassa valikossa kohtaa <strong>S\u00e4hk\u00f6posti<\/strong>, ja klikkaa sitten verkkotunnusta, jossa s\u00e4hk\u00f6postiosoite sijaitsee:<\/p>\n\n\n\n<p>5. Voit avata s\u00e4hk\u00f6postiosoitteen asetukset klikkaamalla sen vieress\u00e4 olevaa kuvaketta, jossa on kolme pistett\u00e4. Klikkaa avautuneessa valikossa <strong>Automaattinen vastaus<\/strong>.<\/p>\n\n\n\n<figure class=\"wp-block-image size-large\"><img loading=\"lazy\" decoding=\"async\" width=\"1024\" height=\"747\" src=\"https:\/\/www.zoner.fi\/tuki\/wp-content\/uploads\/2025\/01\/lomavastaaja-zoner-home-1-1024x747.png\" alt=\"\" class=\"wp-image-135116\" srcset=\"https:\/\/www.zoner.fi\/tuki\/wp-content\/uploads\/2025\/01\/lomavastaaja-zoner-home-1-1024x747.png 1024w, https:\/\/www.zoner.fi\/tuki\/wp-content\/uploads\/2025\/01\/lomavastaaja-zoner-home-1-300x219.png 300w, https:\/\/www.zoner.fi\/tuki\/wp-content\/uploads\/2025\/01\/lomavastaaja-zoner-home-1-768x560.png 768w, https:\/\/www.zoner.fi\/tuki\/wp-content\/uploads\/2025\/01\/lomavastaaja-zoner-home-1.png 1388w\" sizes=\"auto, (max-width: 1024px) 100vw, 1024px\" \/><\/figure>\n\n\n\n<p>7. T\u00e4ll\u00e4 sivulla voit m\u00e4\u00e4ritt\u00e4\u00e4 automaattisen vastauksen voimassaolon, viestin sis\u00e4ll\u00f6n ja vastaanotettujen viestien edelleenl\u00e4hetyksen. Aseta ensin automaattisen vastauksen tilaksi <strong>K\u00e4yt\u00f6ss\u00e4<\/strong>:<\/p>\n\n\n\n<figure class=\"wp-block-image size-large\"><img loading=\"lazy\" decoding=\"async\" width=\"1024\" height=\"747\" src=\"https:\/\/www.zoner.fi\/tuki\/wp-content\/uploads\/2025\/01\/lomavastaaja-zoner-home-kaytossa-1024x747.png\" alt=\"\" class=\"wp-image-135118\" srcset=\"https:\/\/www.zoner.fi\/tuki\/wp-content\/uploads\/2025\/01\/lomavastaaja-zoner-home-kaytossa-1024x747.png 1024w, https:\/\/www.zoner.fi\/tuki\/wp-content\/uploads\/2025\/01\/lomavastaaja-zoner-home-kaytossa-300x219.png 300w, https:\/\/www.zoner.fi\/tuki\/wp-content\/uploads\/2025\/01\/lomavastaaja-zoner-home-kaytossa-768x560.png 768w, https:\/\/www.zoner.fi\/tuki\/wp-content\/uploads\/2025\/01\/lomavastaaja-zoner-home-kaytossa.png 1388w\" sizes=\"auto, (max-width: 1024px) 100vw, 1024px\" \/><\/figure>\n\n\n\n<p>8. Halutessasi voit kirjoittaa s\u00e4hk\u00f6postiosoitteen &#8221;L\u00e4het\u00e4 edelleen&#8221; -kohtaan.<br>(Kun automaattinen viesti l\u00e4hetet\u00e4\u00e4n, alkuper\u00e4inen viesti v\u00e4litet\u00e4\u00e4n t\u00e4h\u00e4n m\u00e4\u00e4ritettyyn s\u00e4hk\u00f6postiosoitteeseen.)<\/p>\n\n\n\n<p>9. Voit m\u00e4\u00e4ritt\u00e4\u00e4 p\u00e4iv\u00e4m\u00e4\u00e4r\u00e4n, jolloin automaattivastaaja poistuu automaattisesti k\u00e4yt\u00f6st\u00e4.<\/p>\n\n\n\n<p>10. Anna viestille aihe ja kirjoita viestin teksti &#8221;Viesti&#8221;-kentt\u00e4\u00e4n.<\/p>\n\n\n\n<p>11. Kun olet sy\u00f6tt\u00e4nyt kaikki tiedot, klikkaa <strong>Tallenna<\/strong>-painiketta tallentaaksesi muutokset.<\/p>\n\n\n\n<h3 class=\"wp-block-heading\" id=\"ei-paakayttaja\">Lomavastaajan m\u00e4\u00e4ritys &#8211; En ole tilin p\u00e4\u00e4k\u00e4ytt\u00e4j\u00e4<\/h3>\n\n\n\n<p>Jos <strong>et<\/strong> ole tilin p\u00e4\u00e4k\u00e4ytt\u00e4j\u00e4, et voi toistaiseksi m\u00e4\u00e4ritt\u00e4\u00e4 lomavastaajaa Zoner Homessa. Voit kuitenkin ottaa lomavastaajan helposti k\u00e4ytt\u00f6\u00f6n luomalla sit\u00e4 varten suodattimen Webmailissa &#8211; ohje:<\/p>\n\n\n\n<ul class=\"wp-block-list\">\n<li><strong><a href=\"https:\/\/www.zoner.fi\/tuki\/sahkopostiohjeet\/directadmin\/webmail-luo-automaattinen-vastaus-eli-lomavastaaja-suodattimien-avulla\/\">Webmail \u2013 Luo automaattinen vastaus eli lomavastaaja suodattimen avulla<\/a><\/strong><\/li>\n<\/ul>\n\n\n\n<p>Vaihtoehtoisesti voit ottaa s\u00e4hk\u00f6postin k\u00e4ytt\u00f6\u00f6n jossakin s\u00e4hk\u00f6postiohjelmassa, ja k\u00e4ytt\u00e4\u00e4 sen omaa toimintoa automaattisen vastauksen luomiseen:<\/p>\n\n\n\n<h3 class=\"wp-block-heading\">Outlook<\/h3>\n\n\n\n<ul class=\"wp-block-list\">\n<li><a href=\"https:\/\/www.zoner.fi\/tuki\/sahkopostiohjeet\/miten-yhdistan-sahkopostin-outlookiin\/\">Miten yhdist\u00e4n s\u00e4hk\u00f6postin Outlookiin?<\/a><\/li>\n\n\n\n<li><a href=\"https:\/\/www.zoner.fi\/tuki\/sahkopostiohjeet\/miten-luodaan-outlook-automaattinen-vastaus\/\">Miten luodaan Outlook automaattinen vastaus?<\/a><\/li>\n<\/ul>\n\n\n\n<h3 class=\"wp-block-heading\">Gmail<\/h3>\n\n\n\n<ul class=\"wp-block-list\">\n<li><a href=\"https:\/\/www.zoner.fi\/tuki\/sahkopostiohjeet\/miten-yhdistan-sahkopostin-gmailiin\/\">Miten yhdist\u00e4n s\u00e4hk\u00f6postin Gmailiin?<\/a><\/li>\n\n\n\n<li>Googlen oma ohje: <a href=\"https:\/\/support.google.com\/mail\/answer\/25922?hl=fi&amp;co=GENIE.Platform%3DDesktop\" target=\"_blank\" rel=\"noopener\">Automaattisen vastauksen l\u00e4hett\u00e4minen<\/a><\/li>\n<\/ul>\n\n\n\n<h3 class=\"wp-block-heading\">Mac Mail<\/h3>\n\n\n\n<ul class=\"wp-block-list\">\n<li><a href=\"https:\/\/www.zoner.fi\/tuki\/sahkopostiohjeet\/miten-asennan-sahkopostin-macin-mail-sovellukseen\/\">Miten asennan s\u00e4hk\u00f6postin Macin Mail-sovellukseen?<\/a><\/li>\n\n\n\n<li>Kuten Roundcube-webmailissa, my\u00f6s Macin Mailiss\u00e4 voit luoda s\u00e4\u00e4nt\u00f6j\u00e4, joiden avulla voit m\u00e4\u00e4ritt\u00e4\u00e4 automaattisen vastauksen. Lue <a href=\"http:\/\/S\u00e4hk\u00f6postiin vastaaminen tai s\u00e4hk\u00f6postin v\u00e4litt\u00e4minen tai seuraaminen Macin Mailissa\">Macin oma ohje<\/a>.<\/li>\n<\/ul>\n\n\n\n<h2 class=\"wp-block-heading\" id=\"suodatin\">Lomavastaajan luominen Webmailissa<\/h2>\n\n\n\n<p>Yll\u00e4 esitettyjen tapojen lis\u00e4ksi lomavastaajan voi luoda my\u00f6s suodattimen avulla webmailissa. Ohje: <a href=\"https:\/\/www.zoner.fi\/tuki\/sahkopostiohjeet\/directadmin\/webmail-luo-automaattinen-vastaus-eli-lomavastaaja-suodattimien-avulla\/\">Webmail \u2013 Luo automaattinen vastaus eli lomavastaaja suodattimen avulla<\/a><\/p>\n","protected":false},"excerpt":{"rendered":"<p>T\u00e4m\u00e4n ohjeen avulla saat s\u00e4hk\u00f6postiin automaattisen lomavastaajan. Ohje on jaettu kahteen osaan Webhotellin ja Zoner S\u00e4hk\u00f6postin k\u00e4ytt\u00e4jille.<\/p>\n","protected":false},"author":18,"featured_media":0,"parent":229,"menu_order":66,"comment_status":"closed","ping_status":"closed","template":"","meta":{"_relevanssi_hide_post":"","_relevanssi_hide_content":"","_relevanssi_pin_for_all":"","_relevanssi_pin_keywords":"","_relevanssi_unpin_keywords":"","_relevanssi_related_keywords":"","_relevanssi_related_include_ids":"","_relevanssi_related_exclude_ids":"","_relevanssi_related_no_append":"","_relevanssi_related_not_related":"","_relevanssi_related_posts":"1063,1076,1066","_relevanssi_noindex_reason":"","footnotes":""},"categories":[194,217],"tags":[199,214],"wf_page_folders":[],"class_list":{"0":"post-137511","1":"page","2":"type-page","3":"status-publish","5":"category-zoner-home","6":"category-zoner-home-webhotellit","7":"tag-sahkoposti","8":"tag-sahkopostin-hallinta"},"_links":{"self":[{"href":"https:\/\/www.zoner.fi\/tuki\/wp-json\/wp\/v2\/pages\/137511","targetHints":{"allow":["GET"]}}],"collection":[{"href":"https:\/\/www.zoner.fi\/tuki\/wp-json\/wp\/v2\/pages"}],"about":[{"href":"https:\/\/www.zoner.fi\/tuki\/wp-json\/wp\/v2\/types\/page"}],"author":[{"embeddable":true,"href":"https:\/\/www.zoner.fi\/tuki\/wp-json\/wp\/v2\/users\/18"}],"replies":[{"embeddable":true,"href":"https:\/\/www.zoner.fi\/tuki\/wp-json\/wp\/v2\/comments?post=137511"}],"version-history":[{"count":3,"href":"https:\/\/www.zoner.fi\/tuki\/wp-json\/wp\/v2\/pages\/137511\/revisions"}],"predecessor-version":[{"id":138050,"href":"https:\/\/www.zoner.fi\/tuki\/wp-json\/wp\/v2\/pages\/137511\/revisions\/138050"}],"up":[{"embeddable":true,"href":"https:\/\/www.zoner.fi\/tuki\/wp-json\/wp\/v2\/pages\/229"}],"wp:attachment":[{"href":"https:\/\/www.zoner.fi\/tuki\/wp-json\/wp\/v2\/media?parent=137511"}],"wp:term":[{"taxonomy":"category","embeddable":true,"href":"https:\/\/www.zoner.fi\/tuki\/wp-json\/wp\/v2\/categories?post=137511"},{"taxonomy":"post_tag","embeddable":true,"href":"https:\/\/www.zoner.fi\/tuki\/wp-json\/wp\/v2\/tags?post=137511"},{"taxonomy":"wf_page_folders","embeddable":true,"href":"https:\/\/www.zoner.fi\/tuki\/wp-json\/wp\/v2\/wf_page_folders?post=137511"}],"curies":[{"name":"wp","href":"https:\/\/api.w.org\/{rel}","templated":true}]}}