{"id":137522,"date":"2025-09-18T09:11:02","date_gmt":"2025-09-18T06:11:02","guid":{"rendered":"https:\/\/www.zoner.fi\/tuki\/?page_id=137522"},"modified":"2025-09-29T13:12:26","modified_gmt":"2025-09-29T10:12:26","slug":"esittelyssa-olevat-kategoriat","status":"publish","type":"page","link":"https:\/\/www.zoner.fi\/tuki\/kotisivukone\/zoner\/esittelyssa-olevat-kategoriat\/","title":{"rendered":"Esittele tuotteita &#8221;Valitut kategoriat&#8221; -komponentilla"},"content":{"rendered":"\n<p>Haluatko korostaa tiettyj\u00e4 Verkkokaupan kategorioita sivustollasi? Voit tehd\u00e4 sen helposti Zoner Kotisivukoneen &#8221;Valitut kategoriat&#8221; -komponentilla.\u00a0<\/p>\n\n\n\n<p>Jos olet jo lis\u00e4nnyt verkkokaupan sivustollesi, voit vet\u00e4\u00e4 &#8221;Valitut kategoriat&#8221; -komponentin mille tahansa sivulle, sijoittaa se haluamaasi paikkaan ja valita, mitk\u00e4 kategoriat haluat n\u00e4ytt\u00e4\u00e4. Kategoriat n\u00e4ytet\u00e4\u00e4n pienin\u00e4 kuvakkeina, joita klikkaamalla k\u00e4vij\u00e4 p\u00e4\u00e4see suoraan kyseiseen kategoriaan kaupassasi.<\/p>\n\n\n\n<h2 class=\"wp-block-heading\" id=\"step-1\">1. Etsi Esittelyss\u00e4 olevat kategoriat -komponentti<\/h2>\n\n\n\n<ol class=\"wp-block-list\">\n<li>Avaa <strong>Zoner Kotisivukone<\/strong> -editori<strong>&nbsp;<\/strong>ja klikkaa <strong>Verkkokauppa<\/strong>&nbsp;vasemmalla olevassa valikossa.<\/li>\n\n\n\n<li>Valitse\u00a0<strong>Valitut<\/strong> <strong>kategoriat<\/strong> -komponentti. Klikkaa sit\u00e4 tai ved\u00e4 se ty\u00f6tilaan haluamaasi paikkaan.<\/li>\n<\/ol>\n\n\n\n<figure class=\"wp-block-image size-large\"><img loading=\"lazy\" decoding=\"async\" width=\"1024\" height=\"682\" src=\"https:\/\/www.zoner.fi\/tuki\/wp-content\/uploads\/2025\/09\/featured-categories-1-1-1024x682.png\" alt=\"\" class=\"wp-image-137528\" srcset=\"https:\/\/www.zoner.fi\/tuki\/wp-content\/uploads\/2025\/09\/featured-categories-1-1-1024x682.png 1024w, https:\/\/www.zoner.fi\/tuki\/wp-content\/uploads\/2025\/09\/featured-categories-1-1-300x200.png 300w, https:\/\/www.zoner.fi\/tuki\/wp-content\/uploads\/2025\/09\/featured-categories-1-1-768x511.png 768w, https:\/\/www.zoner.fi\/tuki\/wp-content\/uploads\/2025\/09\/featured-categories-1-1-1536x1022.png 1536w, https:\/\/www.zoner.fi\/tuki\/wp-content\/uploads\/2025\/09\/featured-categories-1-1.png 1875w\" sizes=\"auto, (max-width: 1024px) 100vw, 1024px\" \/><\/figure>\n\n\n\n<h2 class=\"wp-block-heading\" id=\"step-2\">2. Valitse kategoriat<\/h2>\n\n\n\n<ol class=\"wp-block-list\">\n<li>Valitse, mitk\u00e4&nbsp;<strong>kategoriat<\/strong>&nbsp;haluat n\u00e4ytt\u00e4\u00e4. Jos kategorioita on paljon, etsi oikea kategoria yl\u00e4reunan hakupalkin avulla.<\/li>\n\n\n\n<li>Valitse kategoria<strong>&nbsp;rastittamalla laatikko<\/strong>&nbsp;sen vieress\u00e4. Kategoriat n\u00e4ytet\u00e4\u00e4n komponentissa vasemmalta oikealle, ja luettelon ylin kategoria n\u00e4ytet\u00e4\u00e4n ensin. Voit muuttaa j\u00e4rjestyst\u00e4 klikkaamalla<strong>&nbsp;kuuden pisteen kuvaketta<\/strong>: muuta kategorioiden paikkoja vet\u00e4m\u00e4ll\u00e4 ja pudottamalla.<\/li>\n\n\n\n<li>Klikkaa&nbsp;<strong>Valitse kategoriat<\/strong>&nbsp;-painiketta, kun olet valmis. Voit muuttaa kategorioita ja niiden j\u00e4rjestyst\u00e4 my\u00f6hemmin klikkaamalla&nbsp;<strong>Hallitse kategorioita<\/strong>&nbsp;-v\u00e4lilehte\u00e4 komponentin yl\u00e4osassa.<\/li>\n<\/ol>\n\n\n\n<figure class=\"wp-block-image size-large\"><img loading=\"lazy\" decoding=\"async\" width=\"1024\" height=\"682\" src=\"https:\/\/www.zoner.fi\/tuki\/wp-content\/uploads\/2025\/09\/featured-categories-2-1-1024x682.png\" alt=\"\" class=\"wp-image-137526\" srcset=\"https:\/\/www.zoner.fi\/tuki\/wp-content\/uploads\/2025\/09\/featured-categories-2-1-1024x682.png 1024w, https:\/\/www.zoner.fi\/tuki\/wp-content\/uploads\/2025\/09\/featured-categories-2-1-300x200.png 300w, https:\/\/www.zoner.fi\/tuki\/wp-content\/uploads\/2025\/09\/featured-categories-2-1-768x511.png 768w, https:\/\/www.zoner.fi\/tuki\/wp-content\/uploads\/2025\/09\/featured-categories-2-1-1536x1022.png 1536w, https:\/\/www.zoner.fi\/tuki\/wp-content\/uploads\/2025\/09\/featured-categories-2-1.png 1875w\" sizes=\"auto, (max-width: 1024px) 100vw, 1024px\" \/><\/figure>\n\n\n\n<h2 class=\"wp-block-heading\" id=\"step-3\">3. S\u00e4\u00e4d\u00e4 komponentin tyyli\u00e4 (valinnainen)<\/h2>\n\n\n\n<ol class=\"wp-block-list\">\n<li>Kategoriakomponentti on nyt lis\u00e4tty nyt sivullesi. Klikkaa&nbsp;<strong>Kategorian asetukset<\/strong>&nbsp;-v\u00e4lilehte\u00e4 komponentin yll\u00e4, jos haluat s\u00e4\u00e4t\u00e4\u00e4 sen tyyli\u00e4.<\/li>\n\n\n\n<li>Voit s\u00e4\u00e4t\u00e4\u00e4 tekstin muotoilua\u00a0<strong>Ominaisuudet-paneelissa<\/strong>.<\/li>\n\n\n\n<li>Poista valinta &#8221;N\u00e4yt\u00e4 kategorian kuva&#8221; valintaruudusta, jos haluat n\u00e4ytt\u00e4\u00e4 vain kategorian nimen.<\/li>\n\n\n\n<li>Muuta painikkeen tyyli\u00e4\u00a0<strong>kelluvassa valikossa<\/strong>,\u00a0kohdassa\u00a0<strong>Tyyli<\/strong><\/li>\n\n\n\n<li>Jos haluat muuttaa komponentin leveytt\u00e4, poista valinta ruudusta &#8221;Koko sivun leveys&#8221;. <\/li>\n\n\n\n<li><strong>Tallenna<\/strong>&nbsp;ja&nbsp;<strong>Julkaise <\/strong>sivustosi, jotta muutokset n\u00e4kyv\u00e4t verkossa.<\/li>\n<\/ol>\n\n\n\n<figure class=\"wp-block-image size-large\"><img loading=\"lazy\" decoding=\"async\" width=\"1024\" height=\"682\" src=\"https:\/\/www.zoner.fi\/tuki\/wp-content\/uploads\/2025\/09\/featured-categories-3-1-1024x682.png\" alt=\"\" class=\"wp-image-137527\" srcset=\"https:\/\/www.zoner.fi\/tuki\/wp-content\/uploads\/2025\/09\/featured-categories-3-1-1024x682.png 1024w, https:\/\/www.zoner.fi\/tuki\/wp-content\/uploads\/2025\/09\/featured-categories-3-1-300x200.png 300w, https:\/\/www.zoner.fi\/tuki\/wp-content\/uploads\/2025\/09\/featured-categories-3-1-768x511.png 768w, https:\/\/www.zoner.fi\/tuki\/wp-content\/uploads\/2025\/09\/featured-categories-3-1-1536x1022.png 1536w, https:\/\/www.zoner.fi\/tuki\/wp-content\/uploads\/2025\/09\/featured-categories-3-1.png 1875w\" sizes=\"auto, (max-width: 1024px) 100vw, 1024px\" \/><\/figure>\n","protected":false},"excerpt":{"rendered":"<p>Haluatko korostaa tiettyj\u00e4 Verkkokaupan kategorioita sivustollasi? Voit tehd\u00e4 sen helposti Zoner Kotisivukoneen &#8221;Valitut kategoriat&#8221; -komponentilla.\u00a0 Jos olet jo lis\u00e4nnyt verkkokaupan sivustollesi, voit vet\u00e4\u00e4 &#8221;Valitut kategoriat&#8221; -komponentin mille tahansa sivulle, sijoittaa se haluamaasi paikkaan ja valita, mitk\u00e4 kategoriat haluat n\u00e4ytt\u00e4\u00e4. Kategoriat n\u00e4ytet\u00e4\u00e4n pienin\u00e4 kuvakkeina, joita klikkaamalla k\u00e4vij\u00e4 p\u00e4\u00e4see suoraan kyseiseen kategoriaan kaupassasi. 1. Etsi Esittelyss\u00e4 olevat &#8230; <a title=\"Esittele tuotteita &#8221;Valitut kategoriat&#8221; -komponentilla\" class=\"read-more\" href=\"https:\/\/www.zoner.fi\/tuki\/kotisivukone\/zoner\/esittelyssa-olevat-kategoriat\/\" aria-label=\"Lue lis\u00e4\u00e4 aiheesta Esittele tuotteita &#8221;Valitut kategoriat&#8221; -komponentilla\">Lue lis\u00e4\u00e4<\/a><\/p>\n","protected":false},"author":18,"featured_media":0,"parent":137385,"menu_order":0,"comment_status":"closed","ping_status":"closed","template":"","meta":{"_relevanssi_hide_post":"","_relevanssi_hide_content":"","_relevanssi_pin_for_all":"","_relevanssi_pin_keywords":"","_relevanssi_unpin_keywords":"","_relevanssi_related_keywords":"","_relevanssi_related_include_ids":"","_relevanssi_related_exclude_ids":"","_relevanssi_related_no_append":"","_relevanssi_related_not_related":"","_relevanssi_related_posts":"130657,1076,130667,132301,132393,131384","_relevanssi_noindex_reason":"","footnotes":""},"categories":[166],"tags":[163],"wf_page_folders":[],"class_list":{"0":"post-137522","1":"page","2":"type-page","3":"status-publish","5":"category-zoner-kotisivukone","6":"tag-verkkokauppa"},"_links":{"self":[{"href":"https:\/\/www.zoner.fi\/tuki\/wp-json\/wp\/v2\/pages\/137522","targetHints":{"allow":["GET"]}}],"collection":[{"href":"https:\/\/www.zoner.fi\/tuki\/wp-json\/wp\/v2\/pages"}],"about":[{"href":"https:\/\/www.zoner.fi\/tuki\/wp-json\/wp\/v2\/types\/page"}],"author":[{"embeddable":true,"href":"https:\/\/www.zoner.fi\/tuki\/wp-json\/wp\/v2\/users\/18"}],"replies":[{"embeddable":true,"href":"https:\/\/www.zoner.fi\/tuki\/wp-json\/wp\/v2\/comments?post=137522"}],"version-history":[{"count":2,"href":"https:\/\/www.zoner.fi\/tuki\/wp-json\/wp\/v2\/pages\/137522\/revisions"}],"predecessor-version":[{"id":137777,"href":"https:\/\/www.zoner.fi\/tuki\/wp-json\/wp\/v2\/pages\/137522\/revisions\/137777"}],"up":[{"embeddable":true,"href":"https:\/\/www.zoner.fi\/tuki\/wp-json\/wp\/v2\/pages\/137385"}],"wp:attachment":[{"href":"https:\/\/www.zoner.fi\/tuki\/wp-json\/wp\/v2\/media?parent=137522"}],"wp:term":[{"taxonomy":"category","embeddable":true,"href":"https:\/\/www.zoner.fi\/tuki\/wp-json\/wp\/v2\/categories?post=137522"},{"taxonomy":"post_tag","embeddable":true,"href":"https:\/\/www.zoner.fi\/tuki\/wp-json\/wp\/v2\/tags?post=137522"},{"taxonomy":"wf_page_folders","embeddable":true,"href":"https:\/\/www.zoner.fi\/tuki\/wp-json\/wp\/v2\/wf_page_folders?post=137522"}],"curies":[{"name":"wp","href":"https:\/\/api.w.org\/{rel}","templated":true}]}}