{"id":137890,"date":"2026-01-26T08:59:20","date_gmt":"2026-01-26T06:59:20","guid":{"rendered":"https:\/\/www.zoner.fi\/tuki\/?page_id=137890"},"modified":"2026-01-26T08:59:22","modified_gmt":"2026-01-26T06:59:22","slug":"verkkotunnuksen-yhdistaminen-webhotelliin","status":"publish","type":"page","link":"https:\/\/www.zoner.fi\/tuki\/verkkotunnus\/zoner-home\/verkkotunnuksen-yhdistaminen-webhotelliin\/","title":{"rendered":"Miten yhdist\u00e4n verkkotunnuksen webhotelliin?"},"content":{"rendered":"\n<p>Verkkotunnuksen voi yhdist\u00e4\u00e4 webhotelliin Zoner Homessa.<\/p>\n\n\n\n<p>1. Kirjaudu Zoner Home -hallintapaneeliin osoitteessa <a href=\"https:\/\/home.zoner.fi\/\" target=\"_blank\" rel=\"noreferrer noopener\">https:\/\/home.zoner.fi<\/a>.<\/p>\n\n\n\n<p>2. Klikkaa yl\u00e4reunassa <strong>Omat tuotteet<\/strong>.<\/p>\n\n\n\n<p>3. Vierit\u00e4 kohtaan Verkkotunnukset. Klikkaa <strong>Yhdist\u00e4 <\/strong>sen verkkotunnuksen kohdalla, jonka haluat yhdist\u00e4\u00e4 webhotelliin.<\/p>\n\n\n\n<figure class=\"wp-block-image size-large\"><img loading=\"lazy\" decoding=\"async\" width=\"1024\" height=\"656\" src=\"https:\/\/www.zoner.fi\/tuki\/wp-content\/uploads\/2025\/10\/zoner-home-verkkotunnuksen-yhdistaminen-1024x656.png\" alt=\"\" class=\"wp-image-137893\" srcset=\"https:\/\/www.zoner.fi\/tuki\/wp-content\/uploads\/2025\/10\/zoner-home-verkkotunnuksen-yhdistaminen-1024x656.png 1024w, https:\/\/www.zoner.fi\/tuki\/wp-content\/uploads\/2025\/10\/zoner-home-verkkotunnuksen-yhdistaminen-300x192.png 300w, https:\/\/www.zoner.fi\/tuki\/wp-content\/uploads\/2025\/10\/zoner-home-verkkotunnuksen-yhdistaminen-768x492.png 768w, https:\/\/www.zoner.fi\/tuki\/wp-content\/uploads\/2025\/10\/zoner-home-verkkotunnuksen-yhdistaminen-1536x983.png 1536w, https:\/\/www.zoner.fi\/tuki\/wp-content\/uploads\/2025\/10\/zoner-home-verkkotunnuksen-yhdistaminen.png 1712w\" sizes=\"auto, (max-width: 1024px) 100vw, 1024px\" \/><\/figure>\n\n\n\n<p>4. Valitse, haluatko luoda verkkotunnukseen uuden sivuston, vai yhdist\u00e4\u00e4 sen aliaksena jo olemassa olevaan sivustoon.<\/p>\n\n\n\n<figure class=\"wp-block-image size-large\"><img loading=\"lazy\" decoding=\"async\" width=\"1024\" height=\"654\" src=\"https:\/\/www.zoner.fi\/tuki\/wp-content\/uploads\/2025\/10\/zoner-home-verkkotunnuksen-yhdistaminen-2-1024x654.png\" alt=\"\" class=\"wp-image-137896\" srcset=\"https:\/\/www.zoner.fi\/tuki\/wp-content\/uploads\/2025\/10\/zoner-home-verkkotunnuksen-yhdistaminen-2-1024x654.png 1024w, https:\/\/www.zoner.fi\/tuki\/wp-content\/uploads\/2025\/10\/zoner-home-verkkotunnuksen-yhdistaminen-2-300x192.png 300w, https:\/\/www.zoner.fi\/tuki\/wp-content\/uploads\/2025\/10\/zoner-home-verkkotunnuksen-yhdistaminen-2-768x490.png 768w, https:\/\/www.zoner.fi\/tuki\/wp-content\/uploads\/2025\/10\/zoner-home-verkkotunnuksen-yhdistaminen-2-1536x981.png 1536w, https:\/\/www.zoner.fi\/tuki\/wp-content\/uploads\/2025\/10\/zoner-home-verkkotunnuksen-yhdistaminen-2.png 1765w\" sizes=\"auto, (max-width: 1024px) 100vw, 1024px\" \/><\/figure>\n\n\n\n<p>5. Klikkaa <strong>Valitse <\/strong>sen webhotellin kohdalla, johon haluat yhdist\u00e4\u00e4 verkkotunnuksen.<\/p>\n\n\n\n<p><strong>Jos valitsit edellisess\u00e4 kohdassa &#8221;Luo alias&#8221;, <\/strong>voit t\u00e4ss\u00e4 kohtaa valita verkkotunnuksen, johon haluat liitt\u00e4\u00e4 aliaksen.<\/p>\n\n\n\n<figure class=\"wp-block-image size-large\"><img loading=\"lazy\" decoding=\"async\" width=\"1024\" height=\"654\" src=\"https:\/\/www.zoner.fi\/tuki\/wp-content\/uploads\/2025\/10\/zoner-home-verkkotunnuksen-yhdistaminen-3-1024x654.png\" alt=\"\" class=\"wp-image-137897\" srcset=\"https:\/\/www.zoner.fi\/tuki\/wp-content\/uploads\/2025\/10\/zoner-home-verkkotunnuksen-yhdistaminen-3-1024x654.png 1024w, https:\/\/www.zoner.fi\/tuki\/wp-content\/uploads\/2025\/10\/zoner-home-verkkotunnuksen-yhdistaminen-3-300x192.png 300w, https:\/\/www.zoner.fi\/tuki\/wp-content\/uploads\/2025\/10\/zoner-home-verkkotunnuksen-yhdistaminen-3-768x491.png 768w, https:\/\/www.zoner.fi\/tuki\/wp-content\/uploads\/2025\/10\/zoner-home-verkkotunnuksen-yhdistaminen-3-1536x981.png 1536w, https:\/\/www.zoner.fi\/tuki\/wp-content\/uploads\/2025\/10\/zoner-home-verkkotunnuksen-yhdistaminen-3.png 1761w\" sizes=\"auto, (max-width: 1024px) 100vw, 1024px\" \/><\/figure>\n\n\n\n<p>6. Kun verkkotunnus yhdistet\u00e4\u00e4n hosting-pakettiin, sen nykyiset DNS-asetukset korvataan Zonerin oletus DNS-asetuksilla. Vahvista rastittamalla valintaruutu ja klikkaamalla <strong>Tee m\u00e4\u00e4ritys valmiiksi<\/strong>.<\/p>\n\n\n\n<figure class=\"wp-block-image size-large\"><img loading=\"lazy\" decoding=\"async\" width=\"1024\" height=\"654\" src=\"https:\/\/www.zoner.fi\/tuki\/wp-content\/uploads\/2025\/10\/zoner-home-verkkotunnuksen-yhdistaminen-4-1024x654.png\" alt=\"\" class=\"wp-image-137898\" srcset=\"https:\/\/www.zoner.fi\/tuki\/wp-content\/uploads\/2025\/10\/zoner-home-verkkotunnuksen-yhdistaminen-4-1024x654.png 1024w, https:\/\/www.zoner.fi\/tuki\/wp-content\/uploads\/2025\/10\/zoner-home-verkkotunnuksen-yhdistaminen-4-300x192.png 300w, https:\/\/www.zoner.fi\/tuki\/wp-content\/uploads\/2025\/10\/zoner-home-verkkotunnuksen-yhdistaminen-4-768x491.png 768w, https:\/\/www.zoner.fi\/tuki\/wp-content\/uploads\/2025\/10\/zoner-home-verkkotunnuksen-yhdistaminen-4-1536x981.png 1536w, https:\/\/www.zoner.fi\/tuki\/wp-content\/uploads\/2025\/10\/zoner-home-verkkotunnuksen-yhdistaminen-4.png 1761w\" sizes=\"auto, (max-width: 1024px) 100vw, 1024px\" \/><\/figure>\n","protected":false},"excerpt":{"rendered":"<p>Domainin siirto palveluntarjoajalta toiselle onnistuu helposti. Siirtoon tarvitaan kuitenkin muutamia toimenpiteit\u00e4, jotka vaihtelevat hieman valitusta domainista.<\/p>\n","protected":false},"author":18,"featured_media":0,"parent":137379,"menu_order":28,"comment_status":"closed","ping_status":"closed","template":"","meta":{"_relevanssi_hide_post":"","_relevanssi_hide_content":"","_relevanssi_pin_for_all":"","_relevanssi_pin_keywords":"","_relevanssi_unpin_keywords":"","_relevanssi_related_keywords":"","_relevanssi_related_include_ids":"","_relevanssi_related_exclude_ids":"","_relevanssi_related_no_append":"","_relevanssi_related_not_related":"","_relevanssi_related_posts":"1076,1063,1066","_relevanssi_noindex_reason":"","footnotes":""},"categories":[192,209],"tags":[219,158],"wf_page_folders":[],"class_list":{"0":"post-137890","1":"page","2":"type-page","3":"status-publish","5":"category-directadmin","6":"category-directadmin-verkkotunnus","7":"tag-verkkotunnusten-hallinta","8":"tag-yleiset"},"_links":{"self":[{"href":"https:\/\/www.zoner.fi\/tuki\/wp-json\/wp\/v2\/pages\/137890","targetHints":{"allow":["GET"]}}],"collection":[{"href":"https:\/\/www.zoner.fi\/tuki\/wp-json\/wp\/v2\/pages"}],"about":[{"href":"https:\/\/www.zoner.fi\/tuki\/wp-json\/wp\/v2\/types\/page"}],"author":[{"embeddable":true,"href":"https:\/\/www.zoner.fi\/tuki\/wp-json\/wp\/v2\/users\/18"}],"replies":[{"embeddable":true,"href":"https:\/\/www.zoner.fi\/tuki\/wp-json\/wp\/v2\/comments?post=137890"}],"version-history":[{"count":5,"href":"https:\/\/www.zoner.fi\/tuki\/wp-json\/wp\/v2\/pages\/137890\/revisions"}],"predecessor-version":[{"id":138479,"href":"https:\/\/www.zoner.fi\/tuki\/wp-json\/wp\/v2\/pages\/137890\/revisions\/138479"}],"up":[{"embeddable":true,"href":"https:\/\/www.zoner.fi\/tuki\/wp-json\/wp\/v2\/pages\/137379"}],"wp:attachment":[{"href":"https:\/\/www.zoner.fi\/tuki\/wp-json\/wp\/v2\/media?parent=137890"}],"wp:term":[{"taxonomy":"category","embeddable":true,"href":"https:\/\/www.zoner.fi\/tuki\/wp-json\/wp\/v2\/categories?post=137890"},{"taxonomy":"post_tag","embeddable":true,"href":"https:\/\/www.zoner.fi\/tuki\/wp-json\/wp\/v2\/tags?post=137890"},{"taxonomy":"wf_page_folders","embeddable":true,"href":"https:\/\/www.zoner.fi\/tuki\/wp-json\/wp\/v2\/wf_page_folders?post=137890"}],"curies":[{"name":"wp","href":"https:\/\/api.w.org\/{rel}","templated":true}]}}