{"id":138442,"date":"2026-01-07T15:56:33","date_gmt":"2026-01-07T13:56:33","guid":{"rendered":"https:\/\/www.zoner.fi\/tuki\/?page_id=138442"},"modified":"2026-01-07T15:56:34","modified_gmt":"2026-01-07T13:56:34","slug":"sahkopostitilin-luominen-outlookiin","status":"publish","type":"page","link":"https:\/\/www.zoner.fi\/tuki\/webhotellit\/cpanel-reseller\/sahkopostitilin-luominen-outlookiin\/","title":{"rendered":"S\u00e4hk\u00f6postitilin luominen Outlookiin"},"content":{"rendered":"\n<p>S\u00e4hk\u00f6postitilin lis\u00e4\u00e4minen Outlookiin onnistuu yleens\u00e4 automaattisia asetuksia k\u00e4ytt\u00e4m\u00e4ll\u00e4. Mik\u00e4li automaattisten asetusten kanssa on ongelmia, t\u00e4ytyy tilin tiedot sy\u00f6tt\u00e4\u00e4 k\u00e4sin.<\/p>\n\n\n\n<ul class=\"wp-block-list\">\n<li><a href=\"#1\">Automaattinen tilin lis\u00e4ys<\/a><\/li>\n\n\n\n<li><a href=\"#2\">Tilin lis\u00e4\u00e4minen manuaalisesti<\/a><\/li>\n<\/ul>\n\n\n\n<h2 class=\"wp-block-heading\" id=\"1\">Automaattinen tilin lis\u00e4ys<\/h2>\n\n\n\n<p>1. Avaa Outlook ja valitse <strong>Tiedosto (File)<\/strong> -valikko.<\/p>\n\n\n\n<p>2. Valitse Info-v\u00e4lilehdelt\u00e4 kohta <strong>Lis\u00e4\u00e4 tili (Add account)<\/strong><\/p>\n\n\n\n<p>3. Kirjoita aukeavaan ikkunaan s\u00e4hk\u00f6postiosoite, jonka tilin haluat lis\u00e4t\u00e4 ja paina <strong>Yhdist\u00e4 (Connect)<\/strong>.<\/p>\n\n\n\n<p>4. Kun Outlook on tarkistanut tilin, sy\u00f6t\u00e4 seuraavaan ruutuun s\u00e4hk\u00f6postitilisi salasana ja paina <strong>Yhdist\u00e4 (Connect)<\/strong>.<\/p>\n\n\n\n<p>5. Jos tilin luominen Outlookiin onnistui, ilmoittaa Outlook siit\u00e4.<\/p>\n\n\n\n<p>6. T\u00e4m\u00e4n j\u00e4lkeen voit Valmis (Done) -napin yl\u00e4puolelta valita ruksilla, haluatko Outlookin ohjaavan tilin lis\u00e4yksen my\u00f6s Outlookin mobiiliversioon.<\/p>\n\n\n\n<p>7. Paina <strong>Valmis (Done)<\/strong>. Tili on nyt luotu Outlookiin.<\/p>\n\n\n\n<h2 class=\"wp-block-heading\" id=\"2\"><a id=\"manuaalinen\"><\/a>Tilin lis\u00e4\u00e4minen manuaalisesti<\/h2>\n\n\n\n<p>Suosittelemme, ett\u00e4 Outlook suljetaan uuden tilin lis\u00e4\u00e4misen ajaksi. Jos Outlook on k\u00e4ynniss\u00e4, saattaa uuden tilin lis\u00e4\u00e4minen keskeyty\u00e4 virheeseen.<\/p>\n\n\n\n<p>1. Avaa tietokoneen <strong>Ohjauspaneeli (Control Panel) <\/strong>painamalla K\u00e4ynnist\u00e4-painiketta, joko n\u00e4pp\u00e4imist\u00f6st\u00e4 tai ty\u00f6p\u00f6yd\u00e4n alaosasta (Windows-logo). Kirjoita hakuun &#8221;Ohjauspaneeli&#8221; (tai &#8221;Control Panel&#8221;) ja valitse tuloksista Ohjauspaneeli (Control Panel).<\/p>\n\n\n\n<p>2. Klikkaa Ohjauspaneelissa <strong>Mail (Microsoft Outlook)<\/strong> -kuvaketta. Kuvakkeen nimi voi my\u00f6s olla <strong>Posti<\/strong>.<br><em>(Suluissa oleva bittim\u00e4\u00e4r\u00e4 vaihtelee j\u00e4rjestelm\u00e4st\u00e4 riippuen<\/em>)<\/p>\n\n\n\n<p>3. Klikkaa S\u00e4hk\u00f6postiasetukset-ikkunassa <strong>S\u00e4hk\u00f6postitilit <\/strong>-painiketta<\/p>\n\n\n\n<p>4. Valitse Tiliasetukset-ikkunassa <strong>Uusi<\/strong>.<\/p>\n\n\n\n<p>5. &#8221;Lis\u00e4\u00e4 tili&#8221; -ikkunassa klikkaa <strong>M\u00e4\u00e4rit\u00e4 manuaalisesti tai lis\u00e4\u00e4 palvelintyyppej\u00e4<\/strong> -valintaa ja paina <strong>Seuraava &gt;<\/strong>.<\/p>\n\n\n\n<p>6. Valitse tilityypiksi <strong>POP tai IMAP <\/strong>-vaihtoehto. Paina \u201c<strong>Seuraava &gt;<\/strong>\u201c.<\/p>\n\n\n\n<p>7. T\u00e4yt\u00e4 kohdat <strong>K\u00e4ytt\u00e4j\u00e4n tiedot<\/strong>, <strong>Palvelimen tiedot<\/strong> ja <strong>Kirjaustiedot<\/strong>.<\/p>\n\n\n\n<h3 class=\"wp-block-heading\">K\u00e4ytt\u00e4j\u00e4n tiedot<\/h3>\n\n\n\n<p><strong>Kirjoita nimesi:<\/strong> Kirjoita nimi, jonka haluat n\u00e4kyv\u00e4n viestej\u00e4 l\u00e4hett\u00e4ess\u00e4si<br><strong>S\u00e4hk\u00f6postiosoite:<\/strong> Kirjoita s\u00e4hk\u00f6postilaatikkosi koko osoite esim. <em>essi.esimerkki@telia.fi<\/em><\/p>\n\n\n\n<h3 class=\"wp-block-heading\">Palvelimen tiedot<\/h3>\n\n\n\n<p><strong>Tilin tyyppi: <\/strong>Valitse alasvetovalikosta IMAP <strong>*<\/strong><br><strong>Saapuvan postin palvelin: <\/strong>xxxxx.teliahosting.com (palvelinosoitteen l\u00f6yd\u00e4t s\u00e4hk\u00f6postilaatikon <em>&#8221;Client configuration settings&#8221; &#8211;<\/em>viestist\u00e4 tai tarvittaessa olemalla yhteydess\u00e4 asiakaspalveluun)<br><strong>L\u00e4htev\u00e4n postin palvelin (SMTP): <\/strong>xxxxx.teliahosting.com (palvelinosoitteen l\u00f6yd\u00e4t s\u00e4hk\u00f6postilaatikon <em>&#8221;Client configuration settings&#8221; &#8211;<\/em>viestist\u00e4 tai tarvittaessa olemalla yhteydess\u00e4 asiakaspalveluun)<\/p>\n\n\n\n<p><strong>*<\/strong><em> = Suosittelemme aina ensisijaisesti IMAP-protokollan k\u00e4ytt\u00f6\u00e4. IMAP-protokollaa k\u00e4ytett\u00e4ess\u00e4 s\u00e4hk\u00f6postiviesteist\u00e4 s\u00e4ilytet\u00e4\u00e4n kopiota palveluntarjoajan s\u00e4hk\u00f6postipalvelimelle, jolloin s\u00e4hk\u00f6postilaatikkoa voidaan lukea esimerkiksi Webmailia, matkapuhelinta ja tablettia k\u00e4ytt\u00e4en. POP-protokolla poistaa haetut viestit palvelimelta ja tallentaa s\u00e4hk\u00f6postit ainoastaan p\u00e4\u00e4telaitteelle, johon ne on haettu. T\u00e4ll\u00f6in esimerkiksi laitteen vioittuessa viestien palautusmahdollisuutta ei ole.<\/em><\/p>\n\n\n\n<h3 class=\"wp-block-heading\">Kirjautumistiedot<\/h3>\n\n\n\n<p><strong>K\u00e4ytt\u00e4j\u00e4nimi<\/strong><strong>: <\/strong>S\u00e4hk\u00f6postiosoite kokonaisuudessaan&nbsp;<em><strong>(esimerkiksi: nimi@domain.fi)<\/strong><\/em><br><strong>Salasana: <\/strong>S\u00e4hk\u00f6postilaatikkosi salasana. \u201cMuista salasana\u201d valinta on hyv\u00e4 olla k\u00e4yt\u00f6ss\u00e4. Suojattua salasanan vahvistusta ei ole k\u00e4yt\u00f6ss\u00e4.<\/p>\n\n\n\n<p>8. Paina &#8221;Lis\u00e4\u00e4 asetuksia&#8221; -painiketta.<\/p>\n\n\n\n<p>9. Lis\u00e4asetuksissa mene L\u00e4htev\u00e4n postin palvelin (Outgoing Server) -v\u00e4lilehdelle ja laita ruksi kohtaan <strong>L\u00e4htev\u00e4n postin palvelin vaatii tunnistautumisen (My outgoing server (SMTP) requires authentication)<\/strong>. J\u00e4t\u00e4 k\u00e4ytt\u00f6\u00f6n valinta <strong>K\u00e4yt\u00e4 samoja asetuksia kuin saapuvan postin palvelimella (Use same settings as my incoming mail server)<\/strong>.<\/p>\n\n\n\n<p>10. Siirry <strong>Lis\u00e4asetukset (Advanced)<\/strong> -v\u00e4lilehdelle.<\/p>\n\n\n\n<p>11. Koska l\u00e4htev\u00e4n postin palvelin vaatii suojatun yhteyden, t\u00e4ytyy sille asettaa salaustyyppi ja k\u00e4ytett\u00e4v\u00e4 portti. Vaihtoehtoja ovat:<\/p>\n\n\n\n<ul class=\"wp-block-list\">\n<li><strong>SSL\/TLS<\/strong>, portti <strong>465<\/strong><\/li>\n\n\n\n<li><strong>STARTTLS<\/strong>, portti <strong>587<\/strong><\/li>\n<\/ul>\n\n\n\n<p>Valitse ensin salaustyyppi ja sen j\u00e4lkeen kirjoita portin numero laatikkoon.<\/p>\n\n\n\n<p>Suosittelemme kytkem\u00e4\u00e4n suojatun yhteyden p\u00e4\u00e4lle my\u00f6s saapuvan postin palvelimeen. Valitse salaukseksi SSL\/TLS ja portti vaihtuu automaatisesti arvoon 993.<\/p>\n\n\n\n<p>12. Palaa tilin yleisasetuksiin painamalla <strong>OK<\/strong>.<br>13. Kun kaikki tiedot ovat t\u00e4ytetty, klikkaa \u201c<strong>Seuraava ><\/strong>\u201c ja Outlook testaa tilin asetukset. Mik\u00e4li kaikki tiedot ovat oikein ja kunnossa, tili lis\u00e4t\u00e4\u00e4n Outlookiin. Voit sulkea Lis\u00e4\u00e4 tili -ikkunan painamalla \u201c<strong>Valmis<\/strong>\u201c.<\/p>\n\n\n\n<p>14. Kun tilin lis\u00e4\u00e4minen on valmis, voit valmistumisviestin ikkunasta lis\u00e4t\u00e4 halutessasi toisen tilin tai pyyt\u00e4\u00e4 Outlookia opastamaan tilin asennuksen my\u00f6s mobiililaitteelle.<br>Mik\u00e4li s\u00e4hk\u00f6postilaatikko ei heti n\u00e4y Outlookissa, niin sulje ja avaa Outlook. Saapuneet viestit eiv\u00e4t v\u00e4ltt\u00e4m\u00e4tt\u00e4 heti n\u00e4y, koska Outlook p\u00e4ivitt\u00e4\u00e4 viestilistaa postipalvelimelta. P\u00e4ivitt\u00e4misess\u00e4 voi kest\u00e4\u00e4 yhteyden nopeudesta ja s\u00e4hk\u00f6postien m\u00e4\u00e4r\u00e4st\u00e4 riippuen hetki.<\/p>\n","protected":false},"excerpt":{"rendered":"<p>S\u00e4hk\u00f6postitilin lis\u00e4\u00e4minen Outlookiin onnistuu yleens\u00e4 automaattisia asetuksia k\u00e4ytt\u00e4m\u00e4ll\u00e4. Mik\u00e4li automaattisten asetusten kanssa on ongelmia, t\u00e4ytyy tilin tiedot sy\u00f6tt\u00e4\u00e4 k\u00e4sin. Automaattinen tilin lis\u00e4ys 1. Avaa Outlook ja valitse Tiedosto (File) -valikko. 2. Valitse Info-v\u00e4lilehdelt\u00e4 kohta Lis\u00e4\u00e4 tili (Add account) 3. Kirjoita aukeavaan ikkunaan s\u00e4hk\u00f6postiosoite, jonka tilin haluat lis\u00e4t\u00e4 ja paina Yhdist\u00e4 (Connect). 4. Kun Outlook on &#8230; <a title=\"S\u00e4hk\u00f6postitilin luominen Outlookiin\" class=\"read-more\" href=\"https:\/\/www.zoner.fi\/tuki\/webhotellit\/cpanel-reseller\/sahkopostitilin-luominen-outlookiin\/\" aria-label=\"Lue lis\u00e4\u00e4 aiheesta S\u00e4hk\u00f6postitilin luominen Outlookiin\">Lue lis\u00e4\u00e4<\/a><\/p>\n","protected":false},"author":31,"featured_media":0,"parent":138354,"menu_order":0,"comment_status":"closed","ping_status":"closed","template":"","meta":{"_relevanssi_hide_post":"","_relevanssi_hide_content":"","_relevanssi_pin_for_all":"","_relevanssi_pin_keywords":"","_relevanssi_unpin_keywords":"","_relevanssi_related_keywords":"","_relevanssi_related_include_ids":"","_relevanssi_related_exclude_ids":"","_relevanssi_related_no_append":"","_relevanssi_related_not_related":"","_relevanssi_related_posts":"136267,132278,130667,132254,130578,136706","_relevanssi_noindex_reason":"","footnotes":""},"categories":[230],"tags":[158],"wf_page_folders":[],"class_list":{"0":"post-138442","1":"page","2":"type-page","3":"status-publish","5":"category-cpanel-reseller","6":"tag-yleiset"},"_links":{"self":[{"href":"https:\/\/www.zoner.fi\/tuki\/wp-json\/wp\/v2\/pages\/138442","targetHints":{"allow":["GET"]}}],"collection":[{"href":"https:\/\/www.zoner.fi\/tuki\/wp-json\/wp\/v2\/pages"}],"about":[{"href":"https:\/\/www.zoner.fi\/tuki\/wp-json\/wp\/v2\/types\/page"}],"author":[{"embeddable":true,"href":"https:\/\/www.zoner.fi\/tuki\/wp-json\/wp\/v2\/users\/31"}],"replies":[{"embeddable":true,"href":"https:\/\/www.zoner.fi\/tuki\/wp-json\/wp\/v2\/comments?post=138442"}],"version-history":[{"count":1,"href":"https:\/\/www.zoner.fi\/tuki\/wp-json\/wp\/v2\/pages\/138442\/revisions"}],"predecessor-version":[{"id":138443,"href":"https:\/\/www.zoner.fi\/tuki\/wp-json\/wp\/v2\/pages\/138442\/revisions\/138443"}],"up":[{"embeddable":true,"href":"https:\/\/www.zoner.fi\/tuki\/wp-json\/wp\/v2\/pages\/138354"}],"wp:attachment":[{"href":"https:\/\/www.zoner.fi\/tuki\/wp-json\/wp\/v2\/media?parent=138442"}],"wp:term":[{"taxonomy":"category","embeddable":true,"href":"https:\/\/www.zoner.fi\/tuki\/wp-json\/wp\/v2\/categories?post=138442"},{"taxonomy":"post_tag","embeddable":true,"href":"https:\/\/www.zoner.fi\/tuki\/wp-json\/wp\/v2\/tags?post=138442"},{"taxonomy":"wf_page_folders","embeddable":true,"href":"https:\/\/www.zoner.fi\/tuki\/wp-json\/wp\/v2\/wf_page_folders?post=138442"}],"curies":[{"name":"wp","href":"https:\/\/api.w.org\/{rel}","templated":true}]}}