{"id":138800,"date":"2026-04-02T12:39:54","date_gmt":"2026-04-02T09:39:54","guid":{"rendered":"https:\/\/www.zoner.fi\/tuki\/?page_id=138800"},"modified":"2026-04-02T12:46:10","modified_gmt":"2026-04-02T09:46:10","slug":"vero","status":"publish","type":"page","link":"https:\/\/www.zoner.fi\/tuki\/kotisivukone\/basekit\/vero\/","title":{"rendered":"Kotisivu: Vero"},"content":{"rendered":"\n<p>T\u00e4m\u00e4 ohje n\u00e4ytt\u00e4\u00e4, miten verkkokaupassa lis\u00e4t\u00e4\u00e4n veroprosentti tuotteille.<\/p>\n\n\n\n<ol class=\"wp-block-list\">\n<li>Navigoi Verkkokauppasi asetuksiin ja valitse <strong>Vero<\/strong><\/li>\n\n\n\n<li>Ota verotus k\u00e4ytt\u00f6\u00f6n valinnan avulla<\/li>\n\n\n\n<li>Mik\u00e4li verollista hintaa ei n\u00e4ytet\u00e4, niin hinta ei my\u00f6sk\u00e4\u00e4n n\u00e4y ostoskorissa<\/li>\n<\/ol>\n\n\n\n<figure class=\"wp-block-image size-large\"><img loading=\"lazy\" decoding=\"async\" width=\"1024\" height=\"624\" src=\"https:\/\/www.zoner.fi\/tuki\/wp-content\/uploads\/2026\/04\/vero-1024x624.png\" alt=\"\" class=\"wp-image-138801\" srcset=\"https:\/\/www.zoner.fi\/tuki\/wp-content\/uploads\/2026\/04\/vero-1024x624.png 1024w, https:\/\/www.zoner.fi\/tuki\/wp-content\/uploads\/2026\/04\/vero-300x183.png 300w, https:\/\/www.zoner.fi\/tuki\/wp-content\/uploads\/2026\/04\/vero-768x468.png 768w, https:\/\/www.zoner.fi\/tuki\/wp-content\/uploads\/2026\/04\/vero.png 1220w\" sizes=\"auto, (max-width: 1024px) 100vw, 1024px\" \/><\/figure>\n\n\n\n<p>3. Voit hallita vero prosenttia (%) valitsemalla esimerkin mukaisesti Suomi ja <strong>Muokkaa<\/strong><\/p>\n\n\n\n<figure class=\"wp-block-image size-full\"><img loading=\"lazy\" decoding=\"async\" width=\"899\" height=\"625\" src=\"https:\/\/www.zoner.fi\/tuki\/wp-content\/uploads\/2026\/04\/image-1.png\" alt=\"\" class=\"wp-image-138803\" srcset=\"https:\/\/www.zoner.fi\/tuki\/wp-content\/uploads\/2026\/04\/image-1.png 899w, https:\/\/www.zoner.fi\/tuki\/wp-content\/uploads\/2026\/04\/image-1-300x209.png 300w, https:\/\/www.zoner.fi\/tuki\/wp-content\/uploads\/2026\/04\/image-1-768x534.png 768w\" sizes=\"auto, (max-width: 899px) 100vw, 899px\" \/><\/figure>\n\n\n\n<p>3. Verkkokaupassasi voi olla ostettavia tuotteita tai palveluita eri veroprosentilla.<\/p>\n","protected":false},"excerpt":{"rendered":"<p>Ohje Basekit Kotisivuty\u00f6kalun vero prosentin s\u00e4\u00e4t\u00f6\u00f6n.<\/p>\n","protected":false},"author":48,"featured_media":0,"parent":137592,"menu_order":0,"comment_status":"closed","ping_status":"closed","template":"","meta":{"_relevanssi_hide_post":"","_relevanssi_hide_content":"","_relevanssi_pin_for_all":"","_relevanssi_pin_keywords":"","_relevanssi_unpin_keywords":"","_relevanssi_related_keywords":"","_relevanssi_related_include_ids":"","_relevanssi_related_exclude_ids":"","_relevanssi_related_no_append":"","_relevanssi_related_not_related":"","_relevanssi_related_posts":"138200,130935,135703,131506,130526,138550","_relevanssi_noindex_reason":"","footnotes":""},"categories":[222],"tags":[163],"wf_page_folders":[],"class_list":{"0":"post-138800","1":"page","2":"type-page","3":"status-publish","5":"category-basekit","6":"tag-verkkokauppa"},"_links":{"self":[{"href":"https:\/\/www.zoner.fi\/tuki\/wp-json\/wp\/v2\/pages\/138800","targetHints":{"allow":["GET"]}}],"collection":[{"href":"https:\/\/www.zoner.fi\/tuki\/wp-json\/wp\/v2\/pages"}],"about":[{"href":"https:\/\/www.zoner.fi\/tuki\/wp-json\/wp\/v2\/types\/page"}],"author":[{"embeddable":true,"href":"https:\/\/www.zoner.fi\/tuki\/wp-json\/wp\/v2\/users\/48"}],"replies":[{"embeddable":true,"href":"https:\/\/www.zoner.fi\/tuki\/wp-json\/wp\/v2\/comments?post=138800"}],"version-history":[{"count":2,"href":"https:\/\/www.zoner.fi\/tuki\/wp-json\/wp\/v2\/pages\/138800\/revisions"}],"predecessor-version":[{"id":138805,"href":"https:\/\/www.zoner.fi\/tuki\/wp-json\/wp\/v2\/pages\/138800\/revisions\/138805"}],"up":[{"embeddable":true,"href":"https:\/\/www.zoner.fi\/tuki\/wp-json\/wp\/v2\/pages\/137592"}],"wp:attachment":[{"href":"https:\/\/www.zoner.fi\/tuki\/wp-json\/wp\/v2\/media?parent=138800"}],"wp:term":[{"taxonomy":"category","embeddable":true,"href":"https:\/\/www.zoner.fi\/tuki\/wp-json\/wp\/v2\/categories?post=138800"},{"taxonomy":"post_tag","embeddable":true,"href":"https:\/\/www.zoner.fi\/tuki\/wp-json\/wp\/v2\/tags?post=138800"},{"taxonomy":"wf_page_folders","embeddable":true,"href":"https:\/\/www.zoner.fi\/tuki\/wp-json\/wp\/v2\/wf_page_folders?post=138800"}],"curies":[{"name":"wp","href":"https:\/\/api.w.org\/{rel}","templated":true}]}}