{"id":14,"date":"2021-10-19T17:11:59","date_gmt":"2021-10-19T14:11:59","guid":{"rendered":"https:\/\/www.zoner.fi\/tuki\/?page_id=14"},"modified":"2025-12-16T16:43:39","modified_gmt":"2025-12-16T14:43:39","slug":"paanakyma","status":"publish","type":"page","link":"https:\/\/www.zoner.fi\/tuki\/","title":{"rendered":"Zonerin tukiohjeet"},"content":{"rendered":"<div class=\"gb-container gb-container-2fb07105\">\n\n<h2 class=\"gb-headline gb-headline-c713dc93 gb-headline-text\" id=\"tiedotteet\">Viimeisimm\u00e4t tiedotteet<\/h2>\n\n\n\n<p class=\"gb-headline gb-headline-f832b54e gb-headline-text\">Julkaisemme tiedotteita uusista ominaisuuksista, mahdollisista h\u00e4iri\u00f6tilanteista ja muista asiakkaidemme kannalta t\u00e4rkeist\u00e4 asioista.  L\u00f6yd\u00e4t uusimmat tiedotteet alta ja kaikki tiedotteet <a href=\"https:\/\/www.zoner.fi\/tuki\/tiedotteet\/\">t\u00e4\u00e4lt\u00e4<\/a>.<\/p>\n\n\n\n<div class=\"wp-block-query tiedote is-layout-flow wp-block-query-is-layout-flow\"><ul class=\"columns-3 wp-block-post-template is-layout-grid wp-container-core-post-template-is-layout-2fc57c17 wp-block-post-template-is-layout-grid\"><li class=\"wp-block-post post-136199 post type-post status-publish format-standard hentry category-tiedotteet\">\n<div style=\"font-size:14px;\" class=\"wp-block-post-date has-text-color has-contrast-2-color\"><time datetime=\"2026-04-02T11:06:47+03:00\">2.4.2026<\/time><\/div>\n\n<h4 style=\"font-size:18px;\" class=\"wp-block-post-title has-text-color has-accent-color\"><a href=\"https:\/\/www.zoner.fi\/tuki\/aukioloajat\/\" target=\"_self\" >Aukioloajat<\/a><\/h4>\n\n<div style=\"font-size:16px;\" class=\"wp-block-post-excerpt\"><p class=\"wp-block-post-excerpt__excerpt\">Asiakaspalvelun aukioloajat ja poikkeamat<\/p><p class=\"wp-block-post-excerpt__more-text\"><a class=\"wp-block-post-excerpt__more-link\" href=\"https:\/\/www.zoner.fi\/tuki\/aukioloajat\/\">Lue koko tiedote<\/a><\/p><\/div>\n<\/li><li class=\"wp-block-post post-138764 post type-post status-publish format-standard hentry category-tiedotteet\">\n<div style=\"font-size:14px;\" class=\"wp-block-post-date has-text-color has-contrast-2-color\"><time datetime=\"2026-03-20T13:41:53+02:00\">20.3.2026<\/time><\/div>\n\n<h4 style=\"font-size:18px;\" class=\"wp-block-post-title has-text-color has-accent-color\"><a href=\"https:\/\/www.zoner.fi\/tuki\/hairio-zoner-home-webhotellipalvelun-php-versioiden-paivittamisessa-hallintapaneelin-kautta\/\" target=\"_self\" >H\u00e4iri\u00f6 Zoner Home webhotellipalvelun PHP-versioiden p\u00e4ivitt\u00e4misess\u00e4 hallintapaneelin kautta.<\/a><\/h4>\n\n<div style=\"font-size:16px;\" class=\"wp-block-post-excerpt\"><p class=\"wp-block-post-excerpt__excerpt\">Zoner Home -webhotellipalvelun PHP-version p\u00e4ivitys ei toimi.<\/p><p class=\"wp-block-post-excerpt__more-text\"><a class=\"wp-block-post-excerpt__more-link\" href=\"https:\/\/www.zoner.fi\/tuki\/hairio-zoner-home-webhotellipalvelun-php-versioiden-paivittamisessa-hallintapaneelin-kautta\/\">Lue koko tiedote<\/a><\/p><\/div>\n<\/li><li class=\"wp-block-post post-138621 post type-post status-publish format-standard hentry category-tiedotteet\">\n<div style=\"font-size:14px;\" class=\"wp-block-post-date has-text-color has-contrast-2-color\"><time datetime=\"2026-03-06T11:45:35+02:00\">6.3.2026<\/time><\/div>\n\n<h4 style=\"font-size:18px;\" class=\"wp-block-post-title has-text-color has-accent-color\"><a href=\"https:\/\/www.zoner.fi\/tuki\/hairio-zoner-kotisivukoneessa\/\" target=\"_self\" >H\u00e4iri\u00f6 Zoner Kotisivukoneessa.<\/a><\/h4>\n\n<div style=\"font-size:16px;\" class=\"wp-block-post-excerpt\"><p class=\"wp-block-post-excerpt__excerpt\">H\u00e4iri\u00f6 Kotisivukone-palvelussa<\/p><p class=\"wp-block-post-excerpt__more-text\"><a class=\"wp-block-post-excerpt__more-link\" href=\"https:\/\/www.zoner.fi\/tuki\/hairio-zoner-kotisivukoneessa\/\">Lue koko tiedote<\/a><\/p><\/div>\n<\/li><li class=\"wp-block-post post-138619 post type-post status-publish format-standard hentry category-tiedotteet\">\n<div style=\"font-size:14px;\" class=\"wp-block-post-date has-text-color has-contrast-2-color\"><time datetime=\"2026-03-05T11:32:58+02:00\">5.3.2026<\/time><\/div>\n\n<h4 style=\"font-size:18px;\" class=\"wp-block-post-title has-text-color has-accent-color\"><a href=\"https:\/\/www.zoner.fi\/tuki\/cpanel-palvelimien-php-versioiden-yhtenaistaminen\/\" target=\"_self\" >cPanel -palvelimien PHP-versioiden yhten\u00e4ist\u00e4minen<\/a><\/h4>\n\n<div style=\"font-size:16px;\" class=\"wp-block-post-excerpt\"><p class=\"wp-block-post-excerpt__excerpt\">cPanel -palvelimien PHP-versioiden yhten\u00e4ist\u00e4minen<\/p><p class=\"wp-block-post-excerpt__more-text\"><a class=\"wp-block-post-excerpt__more-link\" href=\"https:\/\/www.zoner.fi\/tuki\/cpanel-palvelimien-php-versioiden-yhtenaistaminen\/\">Lue koko tiedote<\/a><\/p><\/div>\n<\/li><li class=\"wp-block-post post-138598 post type-post status-publish format-standard hentry category-tiedotteet\">\n<div style=\"font-size:14px;\" class=\"wp-block-post-date has-text-color has-contrast-2-color\"><time datetime=\"2026-02-25T09:07:56+02:00\">25.2.2026<\/time><\/div>\n\n<h4 style=\"font-size:18px;\" class=\"wp-block-post-title has-text-color has-accent-color\"><a href=\"https:\/\/www.zoner.fi\/tuki\/www38-palvelimella-tietokannoissa-toimintahairio\/\" target=\"_self\" >www38 palvelimella tietokannoissa toimintah\u00e4iri\u00f6 (Korjattu)<\/a><\/h4>\n\n<div style=\"font-size:16px;\" class=\"wp-block-post-excerpt\"><p class=\"wp-block-post-excerpt__excerpt\">www38 palvelimella tietokannoissa toimintah\u00e4iri\u00f6<\/p><p class=\"wp-block-post-excerpt__more-text\"><a class=\"wp-block-post-excerpt__more-link\" href=\"https:\/\/www.zoner.fi\/tuki\/www38-palvelimella-tietokannoissa-toimintahairio\/\">Lue koko tiedote<\/a><\/p><\/div>\n<\/li><li class=\"wp-block-post post-138572 post type-post status-publish format-standard hentry category-tiedotteet\">\n<div style=\"font-size:14px;\" class=\"wp-block-post-date has-text-color has-contrast-2-color\"><time datetime=\"2026-02-17T10:25:41+02:00\">17.2.2026<\/time><\/div>\n\n<h4 style=\"font-size:18px;\" class=\"wp-block-post-title has-text-color has-accent-color\"><a href=\"https:\/\/www.zoner.fi\/tuki\/varoitus-huijausviesteja-liikkeella\/\" target=\"_self\" >Varoitus: Huijausviestej\u00e4 liikkeell\u00e4.<\/a><\/h4>\n\n<div style=\"font-size:16px;\" class=\"wp-block-post-excerpt\"><p class=\"wp-block-post-excerpt__excerpt\">Varoitus: Huijausviestej\u00e4 liikkeell\u00e4.<\/p><p class=\"wp-block-post-excerpt__more-text\"><a class=\"wp-block-post-excerpt__more-link\" href=\"https:\/\/www.zoner.fi\/tuki\/varoitus-huijausviesteja-liikkeella\/\">Lue koko tiedote<\/a><\/p><\/div>\n<\/li><\/ul><\/div>\n\n<\/div>\n\n<div class=\"gb-container gb-container-8814bafb alignfull\">\n<div class=\"gb-container gb-container-924331da\">\n<div class=\"gb-grid-wrapper gb-grid-wrapper-9222f77f\">\n<div class=\"gb-grid-column gb-grid-column-96c915e1\"><div class=\"gb-container gb-container-96c915e1\">\n\n<h2 class=\"gb-headline gb-headline-823c7673 gb-headline-text\">Asiantuntijaty\u00f6t<\/h2>\n\n\n\n<h3 class=\"gb-headline gb-headline-ff1ddbbb gb-headline-text\">\u00c4l\u00e4 huoli! Asiantuntijamme hoitavat asian puolestasi.<\/h3>\n\n\n\n<p class=\"has-base-3-color has-text-color has-link-color wp-elements-3a15bce4a0405a19471f03f808571c39\">Zonerin asiakkaana voit antaa asiantuntijan tehd\u00e4 tekniset ty\u00f6t puolestasi. Linkin kautta l\u00f6yd\u00e4t hinnat erilaisille asiantuntijat\u00f6ille.<\/p>\n\n\n\n<div class=\"wp-block-buttons is-layout-flex wp-block-buttons-is-layout-flex\">\n<div class=\"wp-block-button orange\"><a class=\"wp-block-button__link wp-element-button\" href=\"https:\/\/www.zoner.fi\/asiantuntijatyot\/\">Katso lis\u00e4\u00e4!<\/a><\/div>\n<\/div>\n\n<\/div><\/div>\n\n<div class=\"gb-grid-column gb-grid-column-fcfe4392\"><div class=\"gb-container gb-container-fcfe4392\">\n\n<figure class=\"gb-block-image gb-block-image-e2811527\"><img loading=\"lazy\" decoding=\"async\" width=\"400\" height=\"317\" class=\"gb-image gb-image-e2811527\" src=\"https:\/\/www.zoner.fi\/tuki\/wp-content\/uploads\/2025\/12\/Security-icon.svg\" alt=\"\" title=\"Security-icon\"\/><\/figure>\n\n<\/div><\/div>\n<\/div>\n\n\n<hr class=\"wp-block-separator has-alpha-channel-opacity is-style-default footer-viiva\"\/>\n\n<\/div>\n<\/div>","protected":false},"excerpt":{"rendered":"<p>Viimeisimm\u00e4t tiedotteet Julkaisemme tiedotteita uusista ominaisuuksista, mahdollisista h\u00e4iri\u00f6tilanteista ja muista asiakkaidemme kannalta t\u00e4rkeist\u00e4 asioista. L\u00f6yd\u00e4t uusimmat tiedotteet alta ja kaikki tiedotteet t\u00e4\u00e4lt\u00e4.<\/p>\n","protected":false},"author":1,"featured_media":0,"parent":0,"menu_order":25,"comment_status":"closed","ping_status":"closed","template":"","meta":{"_relevanssi_hide_post":"","_relevanssi_hide_content":"","_relevanssi_pin_for_all":"","_relevanssi_pin_keywords":"","_relevanssi_unpin_keywords":"","_relevanssi_related_keywords":"","_relevanssi_related_include_ids":"","_relevanssi_related_exclude_ids":"","_relevanssi_related_no_append":"","_relevanssi_related_not_related":"","_relevanssi_related_posts":"1063,1076,1066","_relevanssi_noindex_reason":"","footnotes":""},"categories":[],"tags":[],"wf_page_folders":[],"class_list":["post-14","page","type-page","status-publish"],"_links":{"self":[{"href":"https:\/\/www.zoner.fi\/tuki\/wp-json\/wp\/v2\/pages\/14","targetHints":{"allow":["GET"]}}],"collection":[{"href":"https:\/\/www.zoner.fi\/tuki\/wp-json\/wp\/v2\/pages"}],"about":[{"href":"https:\/\/www.zoner.fi\/tuki\/wp-json\/wp\/v2\/types\/page"}],"author":[{"embeddable":true,"href":"https:\/\/www.zoner.fi\/tuki\/wp-json\/wp\/v2\/users\/1"}],"replies":[{"embeddable":true,"href":"https:\/\/www.zoner.fi\/tuki\/wp-json\/wp\/v2\/comments?post=14"}],"version-history":[{"count":20,"href":"https:\/\/www.zoner.fi\/tuki\/wp-json\/wp\/v2\/pages\/14\/revisions"}],"predecessor-version":[{"id":138335,"href":"https:\/\/www.zoner.fi\/tuki\/wp-json\/wp\/v2\/pages\/14\/revisions\/138335"}],"wp:attachment":[{"href":"https:\/\/www.zoner.fi\/tuki\/wp-json\/wp\/v2\/media?parent=14"}],"wp:term":[{"taxonomy":"category","embeddable":true,"href":"https:\/\/www.zoner.fi\/tuki\/wp-json\/wp\/v2\/categories?post=14"},{"taxonomy":"post_tag","embeddable":true,"href":"https:\/\/www.zoner.fi\/tuki\/wp-json\/wp\/v2\/tags?post=14"},{"taxonomy":"wf_page_folders","embeddable":true,"href":"https:\/\/www.zoner.fi\/tuki\/wp-json\/wp\/v2\/wf_page_folders?post=14"}],"curies":[{"name":"wp","href":"https:\/\/api.w.org\/{rel}","templated":true}]}}