{"id":241,"date":"2021-05-14T15:19:02","date_gmt":"2021-05-14T12:19:02","guid":{"rendered":"https:\/\/www.zoner.fi\/tuki\/?page_id=241"},"modified":"2025-09-25T12:26:37","modified_gmt":"2025-09-25T09:26:37","slug":"mita-ovat-smtp-imap-ja-pop3","status":"publish","type":"page","link":"https:\/\/www.zoner.fi\/tuki\/sahkopostiohjeet\/mita-ovat-smtp-imap-ja-pop3\/","title":{"rendered":"Mit\u00e4 ovat SMTP, IMAP ja POP3?"},"content":{"rendered":"\n<p><em>Ohje tarkistettu: 14.5.2021<\/em><\/p>\n\n\n\n<p>T\u00e4ss\u00e4 tukiohjeessa k\u00e4yd\u00e4\u00e4n l\u00e4pi, mit\u00e4 termit STMP, IMAP ja POP3 tarkoittavat. STMP-protokollaa liittyy s\u00e4hk\u00f6postien l\u00e4hett\u00e4miseen, kun taas IMAP ja POP3 ovat protokollia, joiden avulla s\u00e4hk\u00f6postiohjelma p\u00e4\u00e4see k\u00e4siksi verkkolevytilassa oleviin s\u00e4hk\u00f6posteihin.<\/p>\n\n\n\n<h2 class=\"wp-block-heading\">SMTP<\/h2>\n\n\n\n<p>SMTP on lyhenne, joka tulee englannin kielen sanoista simple mail transfer protocol. Kyseess\u00e4 on TCP-pohjainen protokolla, jota k\u00e4ytet\u00e4\u00e4n s\u00e4hk\u00f6postien l\u00e4hett\u00e4miseen ja viestien v\u00e4litt\u00e4miseen s\u00e4hk\u00f6postipalvelimien kesken. Nykyisin monet postipalvelimet k\u00e4ytt\u00e4v\u00e4t my\u00f6s uudempaa ESMTP-protokollaa.<\/p>\n\n\n\n<h2 class=\"wp-block-heading\">IMAP<\/h2>\n\n\n\n<p>IMAP lyhenne tulee englannin kielen sanoista internet access message protocol. Kyseess\u00e4 on protokolla, jonka avulla s\u00e4hk\u00f6postiohjelma voi p\u00e4\u00e4st\u00e4 k\u00e4siksi verkkopalvelimella oleviin viesteihin. Suosittelemme ensisijaisesti kyseisen protokollan k\u00e4ytt\u00f6\u00e4.<\/p>\n\n\n\n<p>Protokolla mahdollistaa s\u00e4hk\u00f6postien lukemisen mill\u00e4 laitteella tahansa. S\u00e4hk\u00f6posteja ei my\u00f6sk\u00e4\u00e4n ladata tai tallenneta tietokoneelle, vaan niit\u00e4 luetaan suoraan s\u00e4hk\u00f6postipalvelusta. S\u00e4hk\u00f6postit s\u00e4ilyv\u00e4t jatkossakin verkkopalvelussa, mik\u00e4 mahdollistaa niiden lukemisen useilla eri laitteilla tai tarpeen mukaan my\u00f6s webmailista.<\/p>\n\n\n\n<p>IMAP-protokollaa k\u00e4ytet\u00e4\u00e4n ainoastaan s\u00e4hk\u00f6postien lukemiseen, eli sen avulla ei voida l\u00e4hett\u00e4\u00e4 s\u00e4hk\u00f6postia. L\u00e4hett\u00e4mist\u00e4 varten k\u00e4ytett\u00e4\u00e4n yleens\u00e4 SMTP-protokollaa.<\/p>\n\n\n\n<h2 class=\"wp-block-heading\">POP3<\/h2>\n\n\n\n<p>POP 3 on lyhenne englannin kielen sanoista post offive protocol ja numero kolme viittaa versioon kolme. Versio kolme on kyseisen protokollan viimeisin ja laajimmin k\u00e4ytetty versio.<\/p>\n\n\n\n<p>POP3-protokolla lataa s\u00e4hk\u00f6postit verkkopalvelimelta k\u00e4ytett\u00e4v\u00e4lle laitteelle, jonka j\u00e4lkeen se poistaa alkuper\u00e4iset viestit verkkopalvelusta. S\u00e4hk\u00f6posteja ei siis ole en\u00e4\u00e4 mahdollista lukea toiselta laitteelta tai webmailista.<\/p>\n\n\n\n<p>Jos k\u00e4yt\u00e4t kyseist\u00e4 protokollaa ja kirjaudut s\u00e4hk\u00f6postiisi uudelta laitteelta, aiemmat viestit eiv\u00e4t ole k\u00e4yt\u00f6ss\u00e4si. Protokolla tallentaa my\u00f6s l\u00e4htev\u00e4t viestit paikallisesti esimerkiksi k\u00e4ytett\u00e4v\u00e4lle tietokoneelle, eli my\u00f6sk\u00e4\u00e4n ne eiv\u00e4t ole k\u00e4ytett\u00e4viss\u00e4 muilta laitteilta.<\/p>\n","protected":false},"excerpt":{"rendered":"<p>T\u00e4ss\u00e4 tukiohjeessa k\u00e4yd\u00e4\u00e4n l\u00e4pi, mit\u00e4 termit STMP, IMAP ja POP3 tarkoittavat.<\/p>\n","protected":false},"author":1,"featured_media":0,"parent":229,"menu_order":67,"comment_status":"closed","ping_status":"closed","template":"","meta":{"_relevanssi_hide_post":"","_relevanssi_hide_content":"","_relevanssi_pin_for_all":"","_relevanssi_pin_keywords":"","_relevanssi_unpin_keywords":"","_relevanssi_related_keywords":"","_relevanssi_related_include_ids":"","_relevanssi_related_exclude_ids":"","_relevanssi_related_no_append":"","_relevanssi_related_not_related":"","_relevanssi_related_posts":"1066,1076,1063","_relevanssi_noindex_reason":"","footnotes":""},"categories":[196],"tags":[214],"wf_page_folders":[],"class_list":{"0":"post-241","1":"page","2":"type-page","3":"status-publish","5":"category-zoner-sahkoposti","6":"tag-sahkopostin-hallinta"},"_links":{"self":[{"href":"https:\/\/www.zoner.fi\/tuki\/wp-json\/wp\/v2\/pages\/241","targetHints":{"allow":["GET"]}}],"collection":[{"href":"https:\/\/www.zoner.fi\/tuki\/wp-json\/wp\/v2\/pages"}],"about":[{"href":"https:\/\/www.zoner.fi\/tuki\/wp-json\/wp\/v2\/types\/page"}],"author":[{"embeddable":true,"href":"https:\/\/www.zoner.fi\/tuki\/wp-json\/wp\/v2\/users\/1"}],"replies":[{"embeddable":true,"href":"https:\/\/www.zoner.fi\/tuki\/wp-json\/wp\/v2\/comments?post=241"}],"version-history":[{"count":2,"href":"https:\/\/www.zoner.fi\/tuki\/wp-json\/wp\/v2\/pages\/241\/revisions"}],"predecessor-version":[{"id":137681,"href":"https:\/\/www.zoner.fi\/tuki\/wp-json\/wp\/v2\/pages\/241\/revisions\/137681"}],"up":[{"embeddable":true,"href":"https:\/\/www.zoner.fi\/tuki\/wp-json\/wp\/v2\/pages\/229"}],"wp:attachment":[{"href":"https:\/\/www.zoner.fi\/tuki\/wp-json\/wp\/v2\/media?parent=241"}],"wp:term":[{"taxonomy":"category","embeddable":true,"href":"https:\/\/www.zoner.fi\/tuki\/wp-json\/wp\/v2\/categories?post=241"},{"taxonomy":"post_tag","embeddable":true,"href":"https:\/\/www.zoner.fi\/tuki\/wp-json\/wp\/v2\/tags?post=241"},{"taxonomy":"wf_page_folders","embeddable":true,"href":"https:\/\/www.zoner.fi\/tuki\/wp-json\/wp\/v2\/wf_page_folders?post=241"}],"curies":[{"name":"wp","href":"https:\/\/api.w.org\/{rel}","templated":true}]}}