{"id":290,"date":"2019-11-19T11:49:00","date_gmt":"2019-11-19T09:49:00","guid":{"rendered":"https:\/\/www.zoner.fi\/tuki\/?page_id=290"},"modified":"2025-11-12T15:38:20","modified_gmt":"2025-11-12T13:38:20","slug":"miten-vaihdan-zoner-sahkoposti-salasanan","status":"publish","type":"page","link":"https:\/\/www.zoner.fi\/tuki\/sahkopostiohjeet\/zoner-sahkoposti\/miten-vaihdan-zoner-sahkoposti-salasanan\/","title":{"rendered":"Miten vaihdan Zoner-s\u00e4hk\u00f6postin salasanan?"},"content":{"rendered":"\n<p><em>Ohje tarkistettu: 4.12.2019<\/em><\/p>\n\n\n\n<ul class=\"wp-block-list\">\n<li><a href=\"#1\">Salasanan vaihtaminen, kun vanha salasana on tiedossa<\/a><\/li>\n\n\n\n<li><a href=\"#2\">Salasanan vaihtaminen, kun vanha salasana ei ole tiedossa<\/a><\/li>\n<\/ul>\n\n\n\n<h2 class=\"wp-block-heading\" id=\"1\">Salasanan vaihtaminen, kun vanha salasana on tiedossa<\/h2>\n\n\n\n<p>1. Kirjaudu Webmailiin osoitteessa&nbsp;<a href=\"https:\/\/posti.zoner.fi\/webmail\" target=\"_blank\" rel=\"noopener\">posti.zoner.fi<\/a><\/p>\n\n\n\n<p>2. Klikkaa <strong>Asetukset<\/strong>.<\/p>\n\n\n\n<figure class=\"wp-block-image size-full\"><img loading=\"lazy\" decoding=\"async\" width=\"371\" height=\"44\" src=\"https:\/\/www.zoner.fi\/tuki\/wp-content\/uploads\/2021\/10\/zoner-sahkopostin-salasanan-vaihtaminen.jpg\" alt=\"\" class=\"wp-image-295\" srcset=\"https:\/\/www.zoner.fi\/tuki\/wp-content\/uploads\/2021\/10\/zoner-sahkopostin-salasanan-vaihtaminen.jpg 371w, https:\/\/www.zoner.fi\/tuki\/wp-content\/uploads\/2021\/10\/zoner-sahkopostin-salasanan-vaihtaminen-300x36.jpg 300w\" sizes=\"auto, (max-width: 371px) 100vw, 371px\" \/><\/figure>\n\n\n\n<p>3. Valitse <strong>Salasana<\/strong>. Sy\u00f6t\u00e4 vanha ja uusi salasana niille kuuluviin kenttiin ja klikkaa <strong>Tallenna<\/strong>.<\/p>\n\n\n\n<figure class=\"wp-block-image size-full\"><img loading=\"lazy\" decoding=\"async\" width=\"549\" height=\"227\" src=\"https:\/\/www.zoner.fi\/tuki\/wp-content\/uploads\/2021\/10\/zoner-sahkoposti-salasana.jpg\" alt=\"\" class=\"wp-image-296\" srcset=\"https:\/\/www.zoner.fi\/tuki\/wp-content\/uploads\/2021\/10\/zoner-sahkoposti-salasana.jpg 549w, https:\/\/www.zoner.fi\/tuki\/wp-content\/uploads\/2021\/10\/zoner-sahkoposti-salasana-300x124.jpg 300w\" sizes=\"auto, (max-width: 549px) 100vw, 549px\" \/><\/figure>\n\n\n\n<h2 class=\"wp-block-heading\" id=\"2\">Salasanan vaihtaminen, kun vanha salasana ei ole tallessa<\/h2>\n\n\n\n<p>1a. Mene\u00a0osoitteeseen\u00a0<a href=\"https:\/\/oma.zoner.fi\/\" target=\"_blank\" rel=\"noreferrer noopener\">oma.zoner.fi<\/a>\u00a0ja kirjaudu sis\u00e4\u00e4n Oma Zoner -tunnuksillasi.<br><br>1b. Mik\u00e4li k\u00e4yt\u00f6ss\u00e4si on Zoner Home, <a href=\"https:\/\/www.zoner.fi\/tuki\/zoner-home\/miten-kirjaudun-zoner-home-hallintapaneeliin\/\">kirjaudu sis\u00e4\u00e4n Zoner Home-hallintapaneeliin<\/a>, ja valitse etusivulta <strong>S\u00e4hk\u00f6posti <\/strong>\u2192 <strong>Hallitse s\u00e4hk\u00f6postia<\/strong>.<\/p>\n\n\n\n<p>2. Valitse yl\u00e4valikosta s\u00e4hk\u00f6posti.<\/p>\n\n\n\n<p>3.&nbsp;Valitse s\u00e4hk\u00f6postilaatikko, jonka salasanan haluat muuttaa.<\/p>\n\n\n\n<figure class=\"wp-block-image size-full\"><img loading=\"lazy\" decoding=\"async\" width=\"935\" height=\"270\" src=\"https:\/\/www.zoner.fi\/tuki\/wp-content\/uploads\/2021\/10\/zoner-sahkoposti-salasana-kadonnut.jpg\" alt=\"\" class=\"wp-image-300\" srcset=\"https:\/\/www.zoner.fi\/tuki\/wp-content\/uploads\/2021\/10\/zoner-sahkoposti-salasana-kadonnut.jpg 935w, https:\/\/www.zoner.fi\/tuki\/wp-content\/uploads\/2021\/10\/zoner-sahkoposti-salasana-kadonnut-300x87.jpg 300w, https:\/\/www.zoner.fi\/tuki\/wp-content\/uploads\/2021\/10\/zoner-sahkoposti-salasana-kadonnut-768x222.jpg 768w\" sizes=\"auto, (max-width: 935px) 100vw, 935px\" \/><\/figure>\n\n\n\n<p>4. Klikkaa salasanarivill\u00e4 olevaa nappia <strong>Muuta<\/strong>. Avautuneella sivulla voit vaihtaa salasanan.<\/p>\n\n\n\n<figure class=\"wp-block-image size-full\"><img loading=\"lazy\" decoding=\"async\" width=\"990\" height=\"512\" src=\"https:\/\/www.zoner.fi\/tuki\/wp-content\/uploads\/2021\/10\/zoner-sahkposti-salasana-hukassa.jpg\" alt=\"\" class=\"wp-image-302\" srcset=\"https:\/\/www.zoner.fi\/tuki\/wp-content\/uploads\/2021\/10\/zoner-sahkposti-salasana-hukassa.jpg 990w, https:\/\/www.zoner.fi\/tuki\/wp-content\/uploads\/2021\/10\/zoner-sahkposti-salasana-hukassa-300x155.jpg 300w, https:\/\/www.zoner.fi\/tuki\/wp-content\/uploads\/2021\/10\/zoner-sahkposti-salasana-hukassa-768x397.jpg 768w\" sizes=\"auto, (max-width: 990px) 100vw, 990px\" \/><\/figure>\n","protected":false},"excerpt":{"rendered":"<p>N\u00e4m\u00e4 ohjeet koskevat ainoastaan Zoner S\u00e4hk\u00f6posti -palvelua.<\/p>\n","protected":false},"author":1,"featured_media":0,"parent":137091,"menu_order":77,"comment_status":"closed","ping_status":"closed","template":"","meta":{"_relevanssi_hide_post":"","_relevanssi_hide_content":"","_relevanssi_pin_for_all":"","_relevanssi_pin_keywords":"","_relevanssi_unpin_keywords":"","_relevanssi_related_keywords":"","_relevanssi_related_include_ids":"","_relevanssi_related_exclude_ids":"","_relevanssi_related_no_append":"","_relevanssi_related_not_related":"","_relevanssi_related_posts":"1076,1066,1063","_relevanssi_noindex_reason":"","footnotes":""},"categories":[196],"tags":[214],"wf_page_folders":[],"class_list":{"0":"post-290","1":"page","2":"type-page","3":"status-publish","5":"category-zoner-sahkoposti","6":"tag-sahkopostin-hallinta"},"_links":{"self":[{"href":"https:\/\/www.zoner.fi\/tuki\/wp-json\/wp\/v2\/pages\/290","targetHints":{"allow":["GET"]}}],"collection":[{"href":"https:\/\/www.zoner.fi\/tuki\/wp-json\/wp\/v2\/pages"}],"about":[{"href":"https:\/\/www.zoner.fi\/tuki\/wp-json\/wp\/v2\/types\/page"}],"author":[{"embeddable":true,"href":"https:\/\/www.zoner.fi\/tuki\/wp-json\/wp\/v2\/users\/1"}],"replies":[{"embeddable":true,"href":"https:\/\/www.zoner.fi\/tuki\/wp-json\/wp\/v2\/comments?post=290"}],"version-history":[{"count":10,"href":"https:\/\/www.zoner.fi\/tuki\/wp-json\/wp\/v2\/pages\/290\/revisions"}],"predecessor-version":[{"id":138059,"href":"https:\/\/www.zoner.fi\/tuki\/wp-json\/wp\/v2\/pages\/290\/revisions\/138059"}],"up":[{"embeddable":true,"href":"https:\/\/www.zoner.fi\/tuki\/wp-json\/wp\/v2\/pages\/137091"}],"wp:attachment":[{"href":"https:\/\/www.zoner.fi\/tuki\/wp-json\/wp\/v2\/media?parent=290"}],"wp:term":[{"taxonomy":"category","embeddable":true,"href":"https:\/\/www.zoner.fi\/tuki\/wp-json\/wp\/v2\/categories?post=290"},{"taxonomy":"post_tag","embeddable":true,"href":"https:\/\/www.zoner.fi\/tuki\/wp-json\/wp\/v2\/tags?post=290"},{"taxonomy":"wf_page_folders","embeddable":true,"href":"https:\/\/www.zoner.fi\/tuki\/wp-json\/wp\/v2\/wf_page_folders?post=290"}],"curies":[{"name":"wp","href":"https:\/\/api.w.org\/{rel}","templated":true}]}}