{"id":304,"date":"2019-11-19T12:26:00","date_gmt":"2019-11-19T10:26:00","guid":{"rendered":"https:\/\/www.zoner.fi\/tuki\/?page_id=304"},"modified":"2025-11-12T15:39:12","modified_gmt":"2025-11-12T13:39:12","slug":"zoner-sahkoposti-asetukset","status":"publish","type":"page","link":"https:\/\/www.zoner.fi\/tuki\/sahkopostiohjeet\/zoner-sahkoposti-asetukset\/","title":{"rendered":"Zoner S\u00e4hk\u00f6posti -asetukset"},"content":{"rendered":"\n<p><em>Ohje tarkistettu: 16.10.2020<\/em><\/p>\n\n\n\n<p><strong>Huom!\u00a0<\/strong>N\u00e4m\u00e4 ohjeet koskevat ainoastaan Zoner <a href=\"https:\/\/www.zoner.fi\/sahkoposti\/\">S\u00e4hk\u00f6posti<\/a> -palvelua. Jos olet meid\u00e4n Webhotelli asiakas l\u00f6ytyv\u00e4t ohjeet\u00a0<a href=\"https:\/\/www.zoner.fi\/tuki\/sahkopostiohjeet\/directadmin\/webhotellin-sahkopostitilien-asetukset\/\">t\u00e4\u00e4lt\u00e4<\/a>.<\/p>\n\n\n\n<h2 class=\"wp-block-heading\">S\u00e4hk\u00f6postin asetukset<\/h2>\n\n\n\n<p><strong>Saapuvan postin palvelin<\/strong>:&nbsp;posti.zoner.fi<em><br><\/em><strong>L\u00e4htev\u00e4n postin palvelin<\/strong>:&nbsp;posti.zoner.fi<em><br><strong>Protokolla<\/strong>:&nbsp;IMAP<br><strong>SSL-suojaus<\/strong>:&nbsp;Kyll\u00e4<br><strong>Palvelin edellytt\u00e4\u00e4 kirjautumista<\/strong>:&nbsp;Kyll\u00e4<\/em><br><em><strong>K\u00e4ytt\u00e4j\u00e4tunnus<\/strong>:&nbsp;matti.meikalainen@yritys.fi<\/em><\/p>\n\n\n\n<h3 class=\"wp-block-heading\">Portit<\/h3>\n\n\n\n<figure class=\"wp-block-table\"><table><tbody><tr><td><strong>K\u00e4ytt\u00f6tapa<\/strong><\/td><td><strong>POP3<\/strong><\/td><td><strong>IMAP4<\/strong><\/td><\/tr><tr><td>saapuva posti SSL<\/td><td>995<\/td><td>993<\/td><\/tr><tr><td>l\u00e4htev\u00e4 posti SSL<\/td><td>465<\/td><td>465<\/td><\/tr><tr><td>saapuva posti salaamaton<\/td><td>110<\/td><td>143<\/td><\/tr><tr><td>l\u00e4htev\u00e4 posti salaamaton<\/td><td>587<\/td><td>587<\/td><\/tr><\/tbody><\/table><\/figure>\n\n\n<div id=\"rank-math-faq\" class=\"rank-math-block\">\n<div class=\"rank-math-list \">\n<div id=\"faq-question-1702284093807\" class=\"rank-math-list-item\">\n<h3 class=\"rank-math-question \">Kuinka iso s\u00e4hk\u00f6postiviesti voi olla maksimissaan tiedostokooltaan?<\/h3>\n<div class=\"rank-math-answer \">\n\n<p>50Mt.<\/p>\n\n<\/div>\n<\/div>\n<div id=\"faq-question-1702284126905\" class=\"rank-math-list-item\">\n<h3 class=\"rank-math-question \">Kuinka monta vastaanottajaa yhdell\u00e4 viestill\u00e4 voi olla?<\/h3>\n<div class=\"rank-math-answer \">\n\n<p>Maksimissaan 100 vastaanottajaa.<\/p>\n\n<\/div>\n<\/div>\n<div id=\"faq-question-1702284141679\" class=\"rank-math-list-item\">\n<h3 class=\"rank-math-question \">Kuinka monta viesti\u00e4 voin l\u00e4hett\u00e4\u00e4 omasta s\u00e4hk\u00f6postistani?<\/h3>\n<div class=\"rank-math-answer \">\n\n<p>Maksimissaan 240 viesti\u00e4 tunnissa.<\/p>\n\n<\/div>\n<\/div>\n<div id=\"faq-question-1702284156538\" class=\"rank-math-list-item\">\n<h3 class=\"rank-math-question \">Kuinka monelle vastaanottajalle voin l\u00e4hett\u00e4\u00e4 viestin tunnin sis\u00e4ll\u00e4<\/h3>\n<div class=\"rank-math-answer \">\n\n<p>240 vastaanottajalle.<\/p>\n\n<\/div>\n<\/div>\n<\/div>\n<\/div>\n\n\n<p><strong>POP vai IMAP? Protokollien erot:<\/strong><br><br><strong>POP3<\/strong>-protokollan kanssa on t\u00e4rke\u00e4\u00e4 huomioida, ett\u00e4 viestit voi yleisesti ottaen lukea vain kyseisell\u00e4 laitteella, josta yhteys on muodostettu. Viestit h\u00e4vi\u00e4\u00e4 kokonaan palvelimelta, ellei toisin erikseen m\u00e4\u00e4ritet\u00e4. Etuna t\u00e4ss\u00e4 voi olla se, ett\u00e4 palvelin ei rasitu niin paljon ja yhteytt\u00e4 ei tarvitse pit\u00e4\u00e4 aktiivisesti p\u00e4\u00e4ll\u00e4 viestej\u00e4 k\u00e4sitelless\u00e4.<br><br><strong>IMAP<\/strong>-protokolla sen sijaan s\u00e4ilytt\u00e4\u00e4 viestit aina palvelimella tallessa, vaikka s\u00e4hk\u00f6postia k\u00e4ytett\u00e4isiin eri laitteista. Se my\u00f6s tukee palvelimella olevia hakemistoja, joten viestit voidaan j\u00e4rjest\u00e4\u00e4 eri hakemistoihin. L\u00e4ht\u00f6kohtaisesti suosittelemme aina IMAP-protokollan k\u00e4ytt\u00f6\u00e4 sen johdosta, ett\u00e4 viestit pysyv\u00e4t paremmin tallessa vaikka k\u00e4ytett\u00e4v\u00e4 laite vaihtuisi v\u00e4liss\u00e4.<\/p>\n\n\n\n<p>Jos Ainoastaan s\u00e4hk\u00f6postiliikenne ohjataan Zonerille (Domainin yll\u00e4pito muualla), niin domainin yll\u00e4pitopalveluun pit\u00e4\u00e4 m\u00e4\u00e4ritt\u00e4\u00e4 Zonerin s\u00e4hk\u00f6postipalvelun MX-tietueet:<\/p>\n\n\n\n<p>mx1.zoner.fi<br>mx2.zoner.fi<\/p>\n\n\n\n<h3 class=\"wp-block-heading\">Webmail<\/h3>\n\n\n\n<p>Webmailin avulla voit lukea ja l\u00e4hett\u00e4\u00e4 s\u00e4hk\u00f6posteja k\u00e4ytt\u00e4en Internet-selainta. Voit ottaa yhteyden webmailiin mill\u00e4 tahansa nykyisell\u00e4 webselaimella (Firefox, IE, Safari, Opera). Webmailia pystyy k\u00e4ytt\u00e4m\u00e4\u00e4n my\u00f6s \u00e4lypuhelimilla tai tableteilla. Kirjautuminen palveluun tapahtuu k\u00e4ytt\u00e4j\u00e4tunnuksella (s\u00e4hk\u00f6postiosoite) ja omalla salasanalla. Webmail ohjelmistona k\u00e4yt\u00e4mme Roundcube-sovellusta.<\/p>\n\n\n\n<p>Webmail l\u00f6ytyy osoitteesta:&nbsp;<a href=\"https:\/\/posti.zoner.fi\/\" target=\"_blank\" rel=\"noopener\">https:\/\/posti.zoner.fi<\/a><\/p>\n","protected":false},"excerpt":{"rendered":"<p>N\u00e4m\u00e4 ohjeet koskevat ainoastaan Zoner S\u00e4hk\u00f6posti -palvelua.<\/p>\n","protected":false},"author":1,"featured_media":0,"parent":229,"menu_order":75,"comment_status":"closed","ping_status":"closed","template":"","meta":{"_relevanssi_hide_post":"","_relevanssi_hide_content":"","_relevanssi_pin_for_all":"","_relevanssi_pin_keywords":"","_relevanssi_unpin_keywords":"","_relevanssi_related_keywords":"","_relevanssi_related_include_ids":"","_relevanssi_related_exclude_ids":"","_relevanssi_related_no_append":"","_relevanssi_related_not_related":"","_relevanssi_related_posts":"1076,1066,1063","_relevanssi_noindex_reason":"","footnotes":""},"categories":[196],"tags":[214,215],"wf_page_folders":[],"class_list":{"0":"post-304","1":"page","2":"type-page","3":"status-publish","5":"category-zoner-sahkoposti","6":"tag-sahkopostin-hallinta","7":"tag-sahkopostiohjelmat"},"_links":{"self":[{"href":"https:\/\/www.zoner.fi\/tuki\/wp-json\/wp\/v2\/pages\/304","targetHints":{"allow":["GET"]}}],"collection":[{"href":"https:\/\/www.zoner.fi\/tuki\/wp-json\/wp\/v2\/pages"}],"about":[{"href":"https:\/\/www.zoner.fi\/tuki\/wp-json\/wp\/v2\/types\/page"}],"author":[{"embeddable":true,"href":"https:\/\/www.zoner.fi\/tuki\/wp-json\/wp\/v2\/users\/1"}],"replies":[{"embeddable":true,"href":"https:\/\/www.zoner.fi\/tuki\/wp-json\/wp\/v2\/comments?post=304"}],"version-history":[{"count":8,"href":"https:\/\/www.zoner.fi\/tuki\/wp-json\/wp\/v2\/pages\/304\/revisions"}],"predecessor-version":[{"id":138061,"href":"https:\/\/www.zoner.fi\/tuki\/wp-json\/wp\/v2\/pages\/304\/revisions\/138061"}],"up":[{"embeddable":true,"href":"https:\/\/www.zoner.fi\/tuki\/wp-json\/wp\/v2\/pages\/229"}],"wp:attachment":[{"href":"https:\/\/www.zoner.fi\/tuki\/wp-json\/wp\/v2\/media?parent=304"}],"wp:term":[{"taxonomy":"category","embeddable":true,"href":"https:\/\/www.zoner.fi\/tuki\/wp-json\/wp\/v2\/categories?post=304"},{"taxonomy":"post_tag","embeddable":true,"href":"https:\/\/www.zoner.fi\/tuki\/wp-json\/wp\/v2\/tags?post=304"},{"taxonomy":"wf_page_folders","embeddable":true,"href":"https:\/\/www.zoner.fi\/tuki\/wp-json\/wp\/v2\/wf_page_folders?post=304"}],"curies":[{"name":"wp","href":"https:\/\/api.w.org\/{rel}","templated":true}]}}