{"id":311,"date":"2019-11-18T16:39:00","date_gmt":"2019-11-18T14:39:00","guid":{"rendered":"https:\/\/www.zoner.fi\/tuki\/?page_id=311"},"modified":"2025-11-12T15:33:23","modified_gmt":"2025-11-12T13:33:23","slug":"miten-asennan-zoner-sahkopostin-iphoneen","status":"publish","type":"page","link":"https:\/\/www.zoner.fi\/tuki\/sahkopostiohjeet\/miten-asennan-zoner-sahkopostin-iphoneen\/","title":{"rendered":"Miten asennan Zoner S\u00e4hk\u00f6postin iPhoneen?"},"content":{"rendered":"\n<p><em>Ohje tarkistettu: 28.8.2020<\/em><\/p>\n\n\n\n<p>T\u00e4m\u00e4 ohje on suunnattu Zoner <a href=\"https:\/\/www.zoner.fi\/sahkoposti\/\">s\u00e4hk\u00f6posti<\/a> -k\u00e4ytt\u00e4jille. Jos k\u00e4yt\u00e4t webhotellin s\u00e4hk\u00f6postia, seuraa\u00a0<a href=\"https:\/\/www.zoner.fi\/tuki\/sahkopostiohjeet\/directadmin\/miten-asennan-webhotellin-sahkopostin-iphoneen\/\">sille suunnattua ohjetta<\/a>.<\/p>\n\n\n\n<p>T\u00e4m\u00e4 ohje soveltuu Applen iOS-laitteille iPhone ja iPad<\/p>\n\n\n\n<p>Mene asetukset -&gt; Tilit ja salasanat<\/p>\n\n\n\n<figure class=\"wp-block-image size-large\"><img loading=\"lazy\" decoding=\"async\" width=\"576\" height=\"1024\" src=\"https:\/\/www.zoner.fi\/tuki\/wp-content\/uploads\/2021\/10\/1-1-576x1024.png\" alt=\"\" class=\"wp-image-315\" srcset=\"https:\/\/www.zoner.fi\/tuki\/wp-content\/uploads\/2021\/10\/1-1-576x1024.png 576w, https:\/\/www.zoner.fi\/tuki\/wp-content\/uploads\/2021\/10\/1-1-169x300.png 169w, https:\/\/www.zoner.fi\/tuki\/wp-content\/uploads\/2021\/10\/1-1-768x1365.png 768w, https:\/\/www.zoner.fi\/tuki\/wp-content\/uploads\/2021\/10\/1-1-864x1536.png 864w, https:\/\/www.zoner.fi\/tuki\/wp-content\/uploads\/2021\/10\/1-1-1152x2048.png 1152w, https:\/\/www.zoner.fi\/tuki\/wp-content\/uploads\/2021\/10\/1-1.png 1242w\" sizes=\"auto, (max-width: 576px) 100vw, 576px\" \/><\/figure>\n\n\n\n<p>Lis\u00e4\u00e4 tili -&gt; Muu<\/p>\n\n\n\n<figure class=\"wp-block-image size-large\"><img loading=\"lazy\" decoding=\"async\" width=\"576\" height=\"1024\" src=\"https:\/\/www.zoner.fi\/tuki\/wp-content\/uploads\/2021\/10\/3-1-576x1024.png\" alt=\"\" class=\"wp-image-317\" srcset=\"https:\/\/www.zoner.fi\/tuki\/wp-content\/uploads\/2021\/10\/3-1-576x1024.png 576w, https:\/\/www.zoner.fi\/tuki\/wp-content\/uploads\/2021\/10\/3-1-169x300.png 169w, https:\/\/www.zoner.fi\/tuki\/wp-content\/uploads\/2021\/10\/3-1-768x1365.png 768w, https:\/\/www.zoner.fi\/tuki\/wp-content\/uploads\/2021\/10\/3-1-864x1536.png 864w, https:\/\/www.zoner.fi\/tuki\/wp-content\/uploads\/2021\/10\/3-1-1152x2048.png 1152w, https:\/\/www.zoner.fi\/tuki\/wp-content\/uploads\/2021\/10\/3-1.png 1242w\" sizes=\"auto, (max-width: 576px) 100vw, 576px\" \/><\/figure>\n\n\n\n<p>Lis\u00e4\u00e4 s\u00e4hk\u00f6postitili:<\/p>\n\n\n\n<figure class=\"wp-block-image size-large\"><img loading=\"lazy\" decoding=\"async\" width=\"576\" height=\"1024\" src=\"https:\/\/www.zoner.fi\/tuki\/wp-content\/uploads\/2021\/10\/4-1-576x1024.png\" alt=\"\" class=\"wp-image-320\" srcset=\"https:\/\/www.zoner.fi\/tuki\/wp-content\/uploads\/2021\/10\/4-1-576x1024.png 576w, https:\/\/www.zoner.fi\/tuki\/wp-content\/uploads\/2021\/10\/4-1-169x300.png 169w, https:\/\/www.zoner.fi\/tuki\/wp-content\/uploads\/2021\/10\/4-1-768x1365.png 768w, https:\/\/www.zoner.fi\/tuki\/wp-content\/uploads\/2021\/10\/4-1-864x1536.png 864w, https:\/\/www.zoner.fi\/tuki\/wp-content\/uploads\/2021\/10\/4-1-1152x2048.png 1152w, https:\/\/www.zoner.fi\/tuki\/wp-content\/uploads\/2021\/10\/4-1.png 1242w\" sizes=\"auto, (max-width: 576px) 100vw, 576px\" \/><\/figure>\n\n\n\n<p>\u2013 anna nimi<br>\u2013 s\u00e4hk\u00f6postiosoite<br>\u2013 salasana<br>\u2013 kuvaus<\/p>\n\n\n\n<figure class=\"wp-block-image size-large\"><img loading=\"lazy\" decoding=\"async\" width=\"576\" height=\"1024\" src=\"https:\/\/www.zoner.fi\/tuki\/wp-content\/uploads\/2021\/10\/5-576x1024.png\" alt=\"\" class=\"wp-image-322\" srcset=\"https:\/\/www.zoner.fi\/tuki\/wp-content\/uploads\/2021\/10\/5-576x1024.png 576w, https:\/\/www.zoner.fi\/tuki\/wp-content\/uploads\/2021\/10\/5-169x300.png 169w, https:\/\/www.zoner.fi\/tuki\/wp-content\/uploads\/2021\/10\/5-768x1365.png 768w, https:\/\/www.zoner.fi\/tuki\/wp-content\/uploads\/2021\/10\/5-864x1536.png 864w, https:\/\/www.zoner.fi\/tuki\/wp-content\/uploads\/2021\/10\/5-1152x2048.png 1152w, https:\/\/www.zoner.fi\/tuki\/wp-content\/uploads\/2021\/10\/5.png 1242w\" sizes=\"auto, (max-width: 576px) 100vw, 576px\" \/><\/figure>\n\n\n\n<p>-&gt; seuraava<\/p>\n\n\n\n<p>M\u00e4\u00e4rit\u00e4 tili: IMAP \/ POP&nbsp;&nbsp; (HUOM! Ohje tehty IMAP-s\u00e4hk\u00f6postille)<br>\u2013 nimi (pit\u00e4isi olla jo valmiina)<br>\u2013 s\u00e4hk\u00f6postiosoite (pit\u00e4isi olla jo valmiina)<br>\u2013 kuvaus (pit\u00e4isi olla jo valmiina)<\/p>\n\n\n\n<figure class=\"wp-block-image size-large\"><img loading=\"lazy\" decoding=\"async\" width=\"576\" height=\"1024\" src=\"https:\/\/www.zoner.fi\/tuki\/wp-content\/uploads\/2021\/10\/7-1-576x1024.png\" alt=\"\" class=\"wp-image-324\" srcset=\"https:\/\/www.zoner.fi\/tuki\/wp-content\/uploads\/2021\/10\/7-1-576x1024.png 576w, https:\/\/www.zoner.fi\/tuki\/wp-content\/uploads\/2021\/10\/7-1-169x300.png 169w, https:\/\/www.zoner.fi\/tuki\/wp-content\/uploads\/2021\/10\/7-1-768x1365.png 768w, https:\/\/www.zoner.fi\/tuki\/wp-content\/uploads\/2021\/10\/7-1-864x1536.png 864w, https:\/\/www.zoner.fi\/tuki\/wp-content\/uploads\/2021\/10\/7-1-1152x2048.png 1152w, https:\/\/www.zoner.fi\/tuki\/wp-content\/uploads\/2021\/10\/7-1.png 1242w\" sizes=\"auto, (max-width: 576px) 100vw, 576px\" \/><\/figure>\n\n\n\n<p>Saapuvan postin palvelin<br>\u2013 nimi:&nbsp;posti.zoner.fi<br>\u2013 tunnus: s\u00e4hk\u00f6postiosoite<br>\u2013 salasana: salasana<\/p>\n\n\n\n<p>L\u00e4htev\u00e4n postin palvelin<br>\u2013 nimi:&nbsp;posti.zoner.fi<br>\u2013 tunnus: s\u00e4hk\u00f6postiosoite<br>\u2013 salasana: salasana<\/p>\n\n\n\n<p>Kun tili on luotu, avaa tilin asetukset:<\/p>\n\n\n\n<figure class=\"wp-block-image size-large\"><img loading=\"lazy\" decoding=\"async\" width=\"576\" height=\"1024\" src=\"https:\/\/www.zoner.fi\/tuki\/wp-content\/uploads\/2021\/10\/10-576x1024.png\" alt=\"\" class=\"wp-image-326\" srcset=\"https:\/\/www.zoner.fi\/tuki\/wp-content\/uploads\/2021\/10\/10-576x1024.png 576w, https:\/\/www.zoner.fi\/tuki\/wp-content\/uploads\/2021\/10\/10-169x300.png 169w, https:\/\/www.zoner.fi\/tuki\/wp-content\/uploads\/2021\/10\/10-768x1365.png 768w, https:\/\/www.zoner.fi\/tuki\/wp-content\/uploads\/2021\/10\/10-864x1536.png 864w, https:\/\/www.zoner.fi\/tuki\/wp-content\/uploads\/2021\/10\/10-1152x2048.png 1152w, https:\/\/www.zoner.fi\/tuki\/wp-content\/uploads\/2021\/10\/10.png 1242w\" sizes=\"auto, (max-width: 576px) 100vw, 576px\" \/><\/figure>\n\n\n\n<p>Ja sielt\u00e4 s\u00e4hk\u00f6postiosoitteen kohdalta tarkastamaan miten tili toimii:<\/p>\n\n\n\n<figure class=\"wp-block-image size-large\"><img loading=\"lazy\" decoding=\"async\" width=\"576\" height=\"1024\" src=\"https:\/\/www.zoner.fi\/tuki\/wp-content\/uploads\/2021\/10\/12-576x1024.png\" alt=\"\" class=\"wp-image-330\" srcset=\"https:\/\/www.zoner.fi\/tuki\/wp-content\/uploads\/2021\/10\/12-576x1024.png 576w, https:\/\/www.zoner.fi\/tuki\/wp-content\/uploads\/2021\/10\/12-169x300.png 169w, https:\/\/www.zoner.fi\/tuki\/wp-content\/uploads\/2021\/10\/12-768x1365.png 768w, https:\/\/www.zoner.fi\/tuki\/wp-content\/uploads\/2021\/10\/12-864x1536.png 864w, https:\/\/www.zoner.fi\/tuki\/wp-content\/uploads\/2021\/10\/12-1152x2048.png 1152w, https:\/\/www.zoner.fi\/tuki\/wp-content\/uploads\/2021\/10\/12.png 1242w\" sizes=\"auto, (max-width: 576px) 100vw, 576px\" \/><\/figure>\n\n\n\n<p>Tarkasta asetukset varsinkin saapuvan postin asetukset: (HUOM! Ohjeet tehty IMAP-s\u00e4hk\u00f6postille)<\/p>\n\n\n\n<p>&#8211; SSL p\u00e4\u00e4ll\u00e4<br>&#8211; Todentaminen: Salasana<br>&#8211; Palvelimen portti: 993<\/p>\n\n\n\n<figure class=\"wp-block-image size-large\"><img loading=\"lazy\" decoding=\"async\" width=\"576\" height=\"1024\" src=\"https:\/\/www.zoner.fi\/tuki\/wp-content\/uploads\/2021\/10\/13-576x1024.png\" alt=\"\" class=\"wp-image-331\" srcset=\"https:\/\/www.zoner.fi\/tuki\/wp-content\/uploads\/2021\/10\/13-576x1024.png 576w, https:\/\/www.zoner.fi\/tuki\/wp-content\/uploads\/2021\/10\/13-169x300.png 169w, https:\/\/www.zoner.fi\/tuki\/wp-content\/uploads\/2021\/10\/13-768x1365.png 768w, https:\/\/www.zoner.fi\/tuki\/wp-content\/uploads\/2021\/10\/13-864x1536.png 864w, https:\/\/www.zoner.fi\/tuki\/wp-content\/uploads\/2021\/10\/13-1152x2048.png 1152w, https:\/\/www.zoner.fi\/tuki\/wp-content\/uploads\/2021\/10\/13.png 1242w\" sizes=\"auto, (max-width: 576px) 100vw, 576px\" \/><\/figure>\n\n\n\n<p>Sen j\u00e4lkeen takaisin tilin tietoihin ja sielt\u00e4 tarkastamaan l\u00e4htev\u00e4n postin asetukset: (HUOM! Ohjeet tehty IMAP s\u00e4hk\u00f6postille)<\/p>\n\n\n\n<figure class=\"wp-block-image size-large\"><img loading=\"lazy\" decoding=\"async\" width=\"576\" height=\"1024\" src=\"https:\/\/www.zoner.fi\/tuki\/wp-content\/uploads\/2021\/10\/14-576x1024.png\" alt=\"\" class=\"wp-image-332\" srcset=\"https:\/\/www.zoner.fi\/tuki\/wp-content\/uploads\/2021\/10\/14-576x1024.png 576w, https:\/\/www.zoner.fi\/tuki\/wp-content\/uploads\/2021\/10\/14-169x300.png 169w, https:\/\/www.zoner.fi\/tuki\/wp-content\/uploads\/2021\/10\/14-768x1365.png 768w, https:\/\/www.zoner.fi\/tuki\/wp-content\/uploads\/2021\/10\/14-864x1536.png 864w, https:\/\/www.zoner.fi\/tuki\/wp-content\/uploads\/2021\/10\/14-1152x2048.png 1152w, https:\/\/www.zoner.fi\/tuki\/wp-content\/uploads\/2021\/10\/14.png 1242w\" sizes=\"auto, (max-width: 576px) 100vw, 576px\" \/><\/figure>\n\n\n\n<p>&#8211; Katso ett\u00e4 tunnus ja salasana on m\u00e4\u00e4ritetty<br>&#8211; SSL p\u00e4\u00e4ll\u00e4<br>&#8211; Todentaminen: Salasana<br>&#8211; Palvelimen portti: 465<\/p>\n\n\n\n<figure class=\"wp-block-image size-large\"><img loading=\"lazy\" decoding=\"async\" width=\"576\" height=\"1024\" src=\"https:\/\/www.zoner.fi\/tuki\/wp-content\/uploads\/2021\/10\/16-576x1024.png\" alt=\"\" class=\"wp-image-333\" srcset=\"https:\/\/www.zoner.fi\/tuki\/wp-content\/uploads\/2021\/10\/16-576x1024.png 576w, https:\/\/www.zoner.fi\/tuki\/wp-content\/uploads\/2021\/10\/16-169x300.png 169w, https:\/\/www.zoner.fi\/tuki\/wp-content\/uploads\/2021\/10\/16-768x1365.png 768w, https:\/\/www.zoner.fi\/tuki\/wp-content\/uploads\/2021\/10\/16-864x1536.png 864w, https:\/\/www.zoner.fi\/tuki\/wp-content\/uploads\/2021\/10\/16-1152x2048.png 1152w, https:\/\/www.zoner.fi\/tuki\/wp-content\/uploads\/2021\/10\/16.png 1242w\" sizes=\"auto, (max-width: 576px) 100vw, 576px\" \/><\/figure>\n","protected":false},"excerpt":{"rendered":"<p>T\u00e4m\u00e4 ohje on suunnattu Zoner S\u00e4hk\u00f6postin k\u00e4ytt\u00e4jille.<\/p>\n","protected":false},"author":1,"featured_media":0,"parent":229,"menu_order":71,"comment_status":"closed","ping_status":"closed","template":"","meta":{"_relevanssi_hide_post":"","_relevanssi_hide_content":"","_relevanssi_pin_for_all":"","_relevanssi_pin_keywords":"","_relevanssi_unpin_keywords":"","_relevanssi_related_keywords":"","_relevanssi_related_include_ids":"","_relevanssi_related_exclude_ids":"","_relevanssi_related_no_append":"","_relevanssi_related_not_related":"","_relevanssi_related_posts":"1076,1066,1063","_relevanssi_noindex_reason":"","footnotes":""},"categories":[196],"tags":[215],"wf_page_folders":[],"class_list":{"0":"post-311","1":"page","2":"type-page","3":"status-publish","5":"category-zoner-sahkoposti","6":"tag-sahkopostiohjelmat"},"_links":{"self":[{"href":"https:\/\/www.zoner.fi\/tuki\/wp-json\/wp\/v2\/pages\/311","targetHints":{"allow":["GET"]}}],"collection":[{"href":"https:\/\/www.zoner.fi\/tuki\/wp-json\/wp\/v2\/pages"}],"about":[{"href":"https:\/\/www.zoner.fi\/tuki\/wp-json\/wp\/v2\/types\/page"}],"author":[{"embeddable":true,"href":"https:\/\/www.zoner.fi\/tuki\/wp-json\/wp\/v2\/users\/1"}],"replies":[{"embeddable":true,"href":"https:\/\/www.zoner.fi\/tuki\/wp-json\/wp\/v2\/comments?post=311"}],"version-history":[{"count":6,"href":"https:\/\/www.zoner.fi\/tuki\/wp-json\/wp\/v2\/pages\/311\/revisions"}],"predecessor-version":[{"id":138054,"href":"https:\/\/www.zoner.fi\/tuki\/wp-json\/wp\/v2\/pages\/311\/revisions\/138054"}],"up":[{"embeddable":true,"href":"https:\/\/www.zoner.fi\/tuki\/wp-json\/wp\/v2\/pages\/229"}],"wp:attachment":[{"href":"https:\/\/www.zoner.fi\/tuki\/wp-json\/wp\/v2\/media?parent=311"}],"wp:term":[{"taxonomy":"category","embeddable":true,"href":"https:\/\/www.zoner.fi\/tuki\/wp-json\/wp\/v2\/categories?post=311"},{"taxonomy":"post_tag","embeddable":true,"href":"https:\/\/www.zoner.fi\/tuki\/wp-json\/wp\/v2\/tags?post=311"},{"taxonomy":"wf_page_folders","embeddable":true,"href":"https:\/\/www.zoner.fi\/tuki\/wp-json\/wp\/v2\/wf_page_folders?post=311"}],"curies":[{"name":"wp","href":"https:\/\/api.w.org\/{rel}","templated":true}]}}