{"id":335,"date":"2019-11-18T16:49:00","date_gmt":"2019-11-18T14:49:00","guid":{"rendered":"https:\/\/www.zoner.fi\/tuki\/?page_id=335"},"modified":"2025-11-12T15:38:46","modified_gmt":"2025-11-12T13:38:46","slug":"miten-valitan-viestit-toiseen-osoitteeseen-zoner-sahkopostissa","status":"publish","type":"page","link":"https:\/\/www.zoner.fi\/tuki\/sahkopostiohjeet\/zoner-sahkoposti\/miten-valitan-viestit-toiseen-osoitteeseen-zoner-sahkopostissa\/","title":{"rendered":"Miten v\u00e4lit\u00e4n viestit toiseen osoitteeseen Zoner S\u00e4hk\u00f6postissa?"},"content":{"rendered":"\n<p><em>Ohje tarkistettu: 4.12.2019<\/em><\/p>\n\n\n\n<p>Zoner <a href=\"https:\/\/www.zoner.fi\/sahkoposti\/\">s\u00e4hk\u00f6posti<\/a> -asiakkaat voivat v\u00e4litt\u00e4\u00e4 viestit helposti toiseen s\u00e4hk\u00f6postiosoitteeseen t\u00e4m\u00e4n ohjeen avulla.<\/p>\n\n\n\n<p>1a. Mene&nbsp;osoitteeseen&nbsp;<a href=\"https:\/\/oma.zoner.fi\/\" target=\"_blank\" rel=\"noreferrer noopener\">oma.zoner.fi<\/a>&nbsp;ja kirjaudu sis\u00e4\u00e4n Oma Zoner -tunnuksillasi.<\/p>\n\n\n\n<p>1b. Mik\u00e4li k\u00e4yt\u00f6ss\u00e4si on Zoner Home, <a href=\"https:\/\/www.zoner.fi\/tuki\/zoner-home\/miten-kirjaudun-zoner-home-hallintapaneeliin\/\">kirjaudu sis\u00e4\u00e4n Zoner Home<\/a> -hallintapaneliisi ja valitse etusivulta <strong>S\u00e4hk\u00f6posti <\/strong>\u2192 <strong>Hallitse s\u00e4hk\u00f6postia<\/strong>.<\/p>\n\n\n\n<p>2. Valitse yl\u00e4valikosta <strong>s\u00e4hk\u00f6posti<\/strong>.<\/p>\n\n\n\n<p>3. Valitse s\u00e4hk\u00f6postilaatikko, johon haluat tehd\u00e4 muutoksia.<\/p>\n\n\n\n<figure class=\"wp-block-image size-full\"><img loading=\"lazy\" decoding=\"async\" width=\"935\" height=\"270\" src=\"https:\/\/www.zoner.fi\/tuki\/wp-content\/uploads\/2021\/10\/viestien-valittaminen-toiseen-sahkpostiosoitteeseen.jpg\" alt=\"\" class=\"wp-image-340\" srcset=\"https:\/\/www.zoner.fi\/tuki\/wp-content\/uploads\/2021\/10\/viestien-valittaminen-toiseen-sahkpostiosoitteeseen.jpg 935w, https:\/\/www.zoner.fi\/tuki\/wp-content\/uploads\/2021\/10\/viestien-valittaminen-toiseen-sahkpostiosoitteeseen-300x87.jpg 300w, https:\/\/www.zoner.fi\/tuki\/wp-content\/uploads\/2021\/10\/viestien-valittaminen-toiseen-sahkpostiosoitteeseen-768x222.jpg 768w\" sizes=\"auto, (max-width: 935px) 100vw, 935px\" \/><\/figure>\n\n\n\n<p>4. Klikkaa v\u00e4litysosoiterivill\u00e4 olevaa painiketta <strong>Muokkaa<\/strong>.<\/p>\n\n\n\n<figure class=\"wp-block-image size-full\"><img loading=\"lazy\" decoding=\"async\" width=\"990\" height=\"512\" src=\"https:\/\/www.zoner.fi\/tuki\/wp-content\/uploads\/2021\/10\/zoner-sahkposti-viestien-valitys-toiseen-sahkpostiin.jpg\" alt=\"\" class=\"wp-image-342\" srcset=\"https:\/\/www.zoner.fi\/tuki\/wp-content\/uploads\/2021\/10\/zoner-sahkposti-viestien-valitys-toiseen-sahkpostiin.jpg 990w, https:\/\/www.zoner.fi\/tuki\/wp-content\/uploads\/2021\/10\/zoner-sahkposti-viestien-valitys-toiseen-sahkpostiin-300x155.jpg 300w, https:\/\/www.zoner.fi\/tuki\/wp-content\/uploads\/2021\/10\/zoner-sahkposti-viestien-valitys-toiseen-sahkpostiin-768x397.jpg 768w\" sizes=\"auto, (max-width: 990px) 100vw, 990px\" \/><\/figure>\n\n\n\n<p>5. Kirjoita kentt\u00e4\u00e4n osoite, johon haluat v\u00e4litt\u00e4\u00e4 viestit, ja klikkaa <strong>Tallenna<\/strong>. V\u00e4litysosoitteeseen tulee vahvistusviesti, jossa oleva linkki pit\u00e4\u00e4 avata, jotta v\u00e4litys aktivoituu.<\/p>\n\n\n\n<figure class=\"wp-block-image size-large\"><img loading=\"lazy\" decoding=\"async\" width=\"1024\" height=\"231\" src=\"https:\/\/www.zoner.fi\/tuki\/wp-content\/uploads\/2021\/10\/zoner-sahkposti-viestien-valitys-1024x231.jpg\" alt=\"\" class=\"wp-image-344\" srcset=\"https:\/\/www.zoner.fi\/tuki\/wp-content\/uploads\/2021\/10\/zoner-sahkposti-viestien-valitys-1024x231.jpg 1024w, https:\/\/www.zoner.fi\/tuki\/wp-content\/uploads\/2021\/10\/zoner-sahkposti-viestien-valitys-300x68.jpg 300w, https:\/\/www.zoner.fi\/tuki\/wp-content\/uploads\/2021\/10\/zoner-sahkposti-viestien-valitys-768x173.jpg 768w, https:\/\/www.zoner.fi\/tuki\/wp-content\/uploads\/2021\/10\/zoner-sahkposti-viestien-valitys.jpg 1065w\" sizes=\"auto, (max-width: 1024px) 100vw, 1024px\" \/><\/figure>\n","protected":false},"excerpt":{"rendered":"<p>V\u00e4litysosoitteen m\u00e4\u00e4rityksen j\u00e4lkeen viestit ohjautuvat vain uuteen kohteeseen, eiv\u00e4tk\u00e4 j\u00e4\u00e4 ollenkaan Zonerin palvelun postilaatikkoon.<\/p>\n","protected":false},"author":1,"featured_media":0,"parent":137091,"menu_order":74,"comment_status":"closed","ping_status":"closed","template":"","meta":{"_relevanssi_hide_post":"","_relevanssi_hide_content":"","_relevanssi_pin_for_all":"","_relevanssi_pin_keywords":"","_relevanssi_unpin_keywords":"","_relevanssi_related_keywords":"","_relevanssi_related_include_ids":"","_relevanssi_related_exclude_ids":"","_relevanssi_related_no_append":"","_relevanssi_related_not_related":"","_relevanssi_related_posts":"1076,1066,1063","_relevanssi_noindex_reason":"","footnotes":""},"categories":[196],"tags":[214],"wf_page_folders":[],"class_list":{"0":"post-335","1":"page","2":"type-page","3":"status-publish","5":"category-zoner-sahkoposti","6":"tag-sahkopostin-hallinta"},"_links":{"self":[{"href":"https:\/\/www.zoner.fi\/tuki\/wp-json\/wp\/v2\/pages\/335","targetHints":{"allow":["GET"]}}],"collection":[{"href":"https:\/\/www.zoner.fi\/tuki\/wp-json\/wp\/v2\/pages"}],"about":[{"href":"https:\/\/www.zoner.fi\/tuki\/wp-json\/wp\/v2\/types\/page"}],"author":[{"embeddable":true,"href":"https:\/\/www.zoner.fi\/tuki\/wp-json\/wp\/v2\/users\/1"}],"replies":[{"embeddable":true,"href":"https:\/\/www.zoner.fi\/tuki\/wp-json\/wp\/v2\/comments?post=335"}],"version-history":[{"count":7,"href":"https:\/\/www.zoner.fi\/tuki\/wp-json\/wp\/v2\/pages\/335\/revisions"}],"predecessor-version":[{"id":138060,"href":"https:\/\/www.zoner.fi\/tuki\/wp-json\/wp\/v2\/pages\/335\/revisions\/138060"}],"up":[{"embeddable":true,"href":"https:\/\/www.zoner.fi\/tuki\/wp-json\/wp\/v2\/pages\/137091"}],"wp:attachment":[{"href":"https:\/\/www.zoner.fi\/tuki\/wp-json\/wp\/v2\/media?parent=335"}],"wp:term":[{"taxonomy":"category","embeddable":true,"href":"https:\/\/www.zoner.fi\/tuki\/wp-json\/wp\/v2\/categories?post=335"},{"taxonomy":"post_tag","embeddable":true,"href":"https:\/\/www.zoner.fi\/tuki\/wp-json\/wp\/v2\/tags?post=335"},{"taxonomy":"wf_page_folders","embeddable":true,"href":"https:\/\/www.zoner.fi\/tuki\/wp-json\/wp\/v2\/wf_page_folders?post=335"}],"curies":[{"name":"wp","href":"https:\/\/api.w.org\/{rel}","templated":true}]}}