{"id":346,"date":"2019-11-14T14:46:00","date_gmt":"2019-11-14T12:46:00","guid":{"rendered":"https:\/\/www.zoner.fi\/tuki\/?page_id=346"},"modified":"2026-02-18T12:51:51","modified_gmt":"2026-02-18T10:51:51","slug":"miten-luon-postilaatikon-zoner-sahkopostissa","status":"publish","type":"page","link":"https:\/\/www.zoner.fi\/tuki\/sahkopostiohjeet\/zoner-sahkoposti\/miten-luon-postilaatikon-zoner-sahkopostissa\/","title":{"rendered":"Miten luon postilaatikon Zoner S\u00e4hk\u00f6postissa?"},"content":{"rendered":"\n<p><em>Ohje tarkistettu: 17.2.2026<\/em><\/p>\n\n\n\n<p>Jos sinulla on Zoner <a href=\"https:\/\/www.zoner.fi\/sahkoposti\/\">s\u00e4hk\u00f6posti<\/a> -palvelu, voit luoda uusia s\u00e4hk\u00f6postilaatikoita helposti Oma Zonerissa.<\/p>\n\n\n\n<ul class=\"wp-block-list\">\n<li><a href=\"#uuden-laatikon-luominen\">Uuden s\u00e4hk\u00f6postilaatikon luominen<\/a><\/li>\n\n\n\n<li id=\"uuden-laatikon-luominen\"><a href=\"#sahkopostin-kayttaminen\">Miten k\u00e4yt\u00e4n s\u00e4hk\u00f6postia?<\/a><\/li>\n<\/ul>\n\n\n\n<h2 class=\"wp-block-heading\">Uuden s\u00e4hk\u00f6postilaatikon luominen<\/h2>\n\n\n\n<ol class=\"wp-block-list\">\n<li>Kirjaudu sis\u00e4\u00e4n <a href=\"https:\/\/home.zoner.fi\/\" target=\"_blank\" rel=\"noopener\">Zoner Home<\/a> -hallintapaneeliin ja klikkaa yl\u00e4reunassa <strong>Omat tuotteet<\/strong> -v\u00e4lilehte\u00e4.<\/li>\n\n\n\n<li>Klikkaa S\u00e4hk\u00f6posti-kohdassa <strong>Zoner S\u00e4hk\u00f6posti<\/strong>, niin Oma Zoner aukeaa uudella v\u00e4lilehdell\u00e4.<\/li>\n\n\n\n<li>Klikkaa Oma Zonerin yl\u00e4palkissa <strong>s\u00e4hk\u00f6posti<\/strong>-v\u00e4lilehte\u00e4.<\/li>\n\n\n\n<li>Klikkaa <strong>Lis\u00e4\u00e4 uusi<\/strong>.<\/li>\n\n\n\n<li>Sy\u00f6t\u00e4 seuraavat tiedot ja klikkaa lopuksi <strong>Tallenna<\/strong>:<\/li>\n<\/ol>\n\n\n\n<ul class=\"wp-block-list\">\n<li><strong>S\u00e4hk\u00f6postilaatikon koko:<\/strong>&nbsp;Valitse&nbsp;s\u00e4hk\u00f6postilaatikon koko.<\/li>\n\n\n\n<li><strong>S\u00e4hk\u00f6postiosoite:<\/strong>&nbsp;Kirjoita haluamasi <a href=\"https:\/\/www.zoner.fi\/sahkoposti\/hyva-sahkopostiosoite\/\">s\u00e4hk\u00f6postiosoite<\/a> kokonaisuudessaan.<\/li>\n\n\n\n<li><strong>Salasana:<\/strong>&nbsp;Haluamasi salasana.<\/li>\n\n\n\n<li><strong>Salasana uudestaan:<\/strong>\u00a0Sama salasana uudestaan.<\/li>\n<\/ul>\n\n\n\n<figure class=\"wp-block-image size-full\"><img loading=\"lazy\" decoding=\"async\" width=\"1696\" height=\"914\" src=\"https:\/\/www.zoner.fi\/tuki\/wp-content\/uploads\/2026\/02\/uusi-sahkoposti-gif.gif\" alt=\"\" class=\"wp-image-138591\"\/><\/figure>\n\n\n\n<h2 class=\"wp-block-heading\" id=\"sahkopostin-kayttaminen\">Miten k\u00e4yt\u00e4n s\u00e4hk\u00f6postia?<\/h2>\n\n\n\n<p>Voit k\u00e4ytt\u00e4\u00e4 s\u00e4hk\u00f6postia <a href=\"https:\/\/posti.zoner.fi\/\" target=\"_blank\" rel=\"noopener\">Webmailin <\/a>kautta tai ottaa sen k\u00e4ytt\u00f6\u00f6n haluamassasi s\u00e4hk\u00f6postiohjelmassa:<\/p>\n\n\n\n<ul class=\"wp-block-list\">\n<li><a href=\"https:\/\/www.zoner.fi\/tuki\/sahkopostiohjeet\/directadmin\/miten-yhdistan-sahkopostin-outlookiin\/\">Miten asennan s\u00e4hk\u00f6postin Outlookiin?<\/a><\/li>\n\n\n\n<li><a href=\"https:\/\/www.zoner.fi\/tuki\/sahkopostiohjeet\/directadmin\/miten-asennan-webhotellin-sahkopostin-iphoneen\/\">Miten asennan s\u00e4hk\u00f6postin iPhoneen?<\/a><\/li>\n\n\n\n<li><a href=\"https:\/\/www.zoner.fi\/tuki\/sahkopostiohjeet\/directadmin\/miten-asennan-sahkopostin-thunderbirdiin\/\">Miten asennan s\u00e4hk\u00f6postin Thunderbirdiin?<\/a><\/li>\n\n\n\n<li><a href=\"https:\/\/www.zoner.fi\/tuki\/sahkopostiohjeet\/directadmin\/miten-asennan-sahkopostin-android-puhelimeen\/\">Miten asennan s\u00e4hk\u00f6postin Android-puhelimeen?<\/a><\/li>\n\n\n\n<li><a href=\"https:\/\/www.zoner.fi\/tuki\/sahkopostiohjeet\/directadmin\/miten-asennan-sahkopostin-windowsin-sahkopostisovellukseen\/\">Miten asennan s\u00e4hk\u00f6postin Windowsin s\u00e4hk\u00f6postisovellukseen?<\/a><\/li>\n\n\n\n<li><a href=\"https:\/\/www.zoner.fi\/tuki\/sahkopostiohjeet\/directadmin\/miten-yhdistan-sahkopostin-gmailiin\/\">Miten yhdist\u00e4n s\u00e4hk\u00f6postin Gmailiin?<\/a><\/li>\n<\/ul>\n","protected":false},"excerpt":{"rendered":"<p>Mene osoitteeseen oma.zoner.fi ja kirjaudu sis\u00e4\u00e4n Oma Zoner -tunnuksilla.<\/p>\n","protected":false},"author":1,"featured_media":0,"parent":137091,"menu_order":76,"comment_status":"closed","ping_status":"closed","template":"","meta":{"_relevanssi_hide_post":"","_relevanssi_hide_content":"","_relevanssi_pin_for_all":"","_relevanssi_pin_keywords":"","_relevanssi_unpin_keywords":"","_relevanssi_related_keywords":"","_relevanssi_related_include_ids":"","_relevanssi_related_exclude_ids":"","_relevanssi_related_no_append":"","_relevanssi_related_not_related":"","_relevanssi_related_posts":"1076,1066,1063","_relevanssi_noindex_reason":"","footnotes":""},"categories":[196],"tags":[214],"wf_page_folders":[],"class_list":{"0":"post-346","1":"page","2":"type-page","3":"status-publish","5":"category-zoner-sahkoposti","6":"tag-sahkopostin-hallinta"},"_links":{"self":[{"href":"https:\/\/www.zoner.fi\/tuki\/wp-json\/wp\/v2\/pages\/346","targetHints":{"allow":["GET"]}}],"collection":[{"href":"https:\/\/www.zoner.fi\/tuki\/wp-json\/wp\/v2\/pages"}],"about":[{"href":"https:\/\/www.zoner.fi\/tuki\/wp-json\/wp\/v2\/types\/page"}],"author":[{"embeddable":true,"href":"https:\/\/www.zoner.fi\/tuki\/wp-json\/wp\/v2\/users\/1"}],"replies":[{"embeddable":true,"href":"https:\/\/www.zoner.fi\/tuki\/wp-json\/wp\/v2\/comments?post=346"}],"version-history":[{"count":13,"href":"https:\/\/www.zoner.fi\/tuki\/wp-json\/wp\/v2\/pages\/346\/revisions"}],"predecessor-version":[{"id":138593,"href":"https:\/\/www.zoner.fi\/tuki\/wp-json\/wp\/v2\/pages\/346\/revisions\/138593"}],"up":[{"embeddable":true,"href":"https:\/\/www.zoner.fi\/tuki\/wp-json\/wp\/v2\/pages\/137091"}],"wp:attachment":[{"href":"https:\/\/www.zoner.fi\/tuki\/wp-json\/wp\/v2\/media?parent=346"}],"wp:term":[{"taxonomy":"category","embeddable":true,"href":"https:\/\/www.zoner.fi\/tuki\/wp-json\/wp\/v2\/categories?post=346"},{"taxonomy":"post_tag","embeddable":true,"href":"https:\/\/www.zoner.fi\/tuki\/wp-json\/wp\/v2\/tags?post=346"},{"taxonomy":"wf_page_folders","embeddable":true,"href":"https:\/\/www.zoner.fi\/tuki\/wp-json\/wp\/v2\/wf_page_folders?post=346"}],"curies":[{"name":"wp","href":"https:\/\/api.w.org\/{rel}","templated":true}]}}