{"id":352,"date":"2019-03-04T15:10:00","date_gmt":"2019-03-04T13:10:00","guid":{"rendered":"https:\/\/www.zoner.fi\/tuki\/?page_id=352"},"modified":"2025-09-17T15:45:48","modified_gmt":"2025-09-17T12:45:48","slug":"miten-asennan-sahkopostin-windowsin-sahkopostisovellukseen","status":"publish","type":"page","link":"https:\/\/www.zoner.fi\/tuki\/sahkopostiohjeet\/directadmin\/miten-asennan-sahkopostin-windowsin-sahkopostisovellukseen\/","title":{"rendered":"Miten asennan s\u00e4hk\u00f6postin Windowsin s\u00e4hk\u00f6postisovellukseen?"},"content":{"rendered":"\n<p><em>Ohje tarkistettu: 22.6.2021<\/em><\/p>\n\n\n\n<p>T\u00e4ss\u00e4 ohjeessa k\u00e4ymme l\u00e4pi, kuinka saat s\u00e4hk\u00f6postit k\u00e4ytt\u00f6\u00f6si, kun ohjelmistona on Windowsin oma s\u00e4hk\u00f6postiohjelma. Jos sinulla ei ole viel\u00e4 s\u00e4hk\u00f6postia, tutustu Zoner&nbsp;<a rel=\"noreferrer noopener\" href=\"https:\/\/www.zoner.fi\/sahkoposti\/\" target=\"_blank\">S\u00e4hk\u00f6posti<\/a>&nbsp;-palveluun \u2013 saat s\u00e4hk\u00f6postin helposti k\u00e4ytt\u00f6\u00f6si omalla verkkotunnuksellasi.<\/p>\n\n\n\n<h2 class=\"wp-block-heading\" id=\"1\">1. Tarkista s\u00e4hk\u00f6postipalvelin<\/h2>\n\n\n\n<p>Tarkista ja merkitse muistiin s\u00e4hk\u00f6postisi saapuvan postin palvelin (incoming mail server) ja l\u00e4htev\u00e4n postin palvelin (outgoing mail server) alla olevalla ty\u00f6kalulla. Sy\u00f6t\u00e4 kentt\u00e4\u00e4n s\u00e4hk\u00f6postiosoite, jonka haluat yhdist\u00e4\u00e4 Windowsin s\u00e4hk\u00f6postiohjelmaan, ja klikkaa <strong>Tarkista<\/strong>:<\/p>\n\n\n    <div class=\"zoner-email-checker\">\r\n        <div class=\"checker-form\">\r\n            <h2 class=\"form-title\">Verkkotunnuksen tarkistusty\u00f6kalu<\/h2>\r\n            <p class=\"form-subtitle\">Tarkista verkkotunnuksesi s\u00e4hk\u00f6postim\u00e4\u00e4ritykset ja palvelimen tiedot.<\/p>\r\n            \r\n            <form id=\"emailForm\" method=\"POST\">\r\n                <div class=\"input-group\">\r\n                    <input type=\"text\" id=\"email\" name=\"email\" class=\"email-input\" \r\n                           placeholder=\"Sy\u00f6t\u00e4 verkkotunnus (esimerkiksi: zoner.fi)\" required>\r\n                    <button type=\"submit\" class=\"check-btn\" id=\"submitBtn\">\r\n                        <span>Tarkista<\/span>\r\n                        <div class=\"spinner\" id=\"spinner\"><\/div>\r\n                    <\/button>\r\n                <\/div>\r\n            <\/form>\r\n        <\/div>\r\n\r\n        <div id=\"results\" class=\"results-container\"><\/div>\r\n    <\/div>\r\n\r\n    <script>\r\n        document.getElementById('emailForm').addEventListener('submit', async function(e) {\r\n            e.preventDefault();\r\n            \r\n            const submitBtn = document.getElementById('submitBtn');\r\n            const spinner = document.getElementById('spinner');\r\n            const results = document.getElementById('results');\r\n            \r\n            submitBtn.disabled = true;\r\n            spinner.style.display = 'block';\r\n            results.innerHTML = '';\r\n            \r\n            try {\r\n                const formData = new FormData(this);\r\n                const response = await fetch('', {\r\n                    method: 'POST',\r\n                    body: formData\r\n                });\r\n\r\n                const data = await response.json();\r\n                \r\n                if (data.messages && data.messages.length > 0) {\r\n                    data.messages.forEach(message => {\r\n                        results.innerHTML += message;\r\n                    });\r\n                } else {\r\n                    results.innerHTML = '<div class=\"error-container\"><h3 class=\"error-title\">Virheellinen sy\u00f6te<\/h3><p class=\"error-message\">No response received from server.<\/p><\/div>';\r\n                }\r\n            } catch (error) {\r\n                results.innerHTML = '<div class=\"error-container\"><h3 class=\"error-title\">Virheellinen sy\u00f6te<\/h3><p class=\"error-message\">Unable to process request. Please try again.<\/p><\/div>';\r\n            } finally {\r\n                submitBtn.disabled = false;\r\n                spinner.style.display = 'none';\r\n            }\r\n        });\r\n        \r\n        \/\/ FTP Toggle function - make it global\r\n        window.showFtpInfo = function(type, button) {\r\n            \/\/ Remove active class from all buttons\r\n            document.querySelectorAll('.ftp-toggle-btn').forEach(btn => {\r\n                btn.classList.remove('active');\r\n            });\r\n            \r\n            \/\/ Add active class to clicked button\r\n            button.classList.add('active');\r\n            \r\n            \/\/ Hide all ftp info divs\r\n            document.querySelectorAll('.ftp-info').forEach(info => {\r\n                info.classList.remove('active');\r\n            });\r\n            \r\n            \/\/ Show selected ftp info\r\n            const targetInfo = document.getElementById(type + '-info');\r\n            if (targetInfo) {\r\n                targetInfo.classList.add('active');\r\n            }\r\n        };\r\n        \r\n        \/\/ Copy to clipboard function\r\n        window.copyToClipboard = function(text, button) {\r\n            if (navigator.clipboard && window.isSecureContext) {\r\n                navigator.clipboard.writeText(text).then(function() {\r\n                    showCopyFeedback(button);\r\n                }).catch(function(err) {\r\n                    fallbackCopy(text, button);\r\n                });\r\n            } else {\r\n                fallbackCopy(text, button);\r\n            }\r\n        };\r\n        \r\n        \/\/ Fallback copy method for older browsers\r\n        function fallbackCopy(text, button) {\r\n            const textArea = document.createElement('textarea');\r\n            textArea.value = text;\r\n            textArea.style.position = 'fixed';\r\n            textArea.style.left = '-999999px';\r\n            textArea.style.top = '-999999px';\r\n            document.body.appendChild(textArea);\r\n            textArea.focus();\r\n            textArea.select();\r\n            \r\n            try {\r\n                document.execCommand('copy');\r\n                showCopyFeedback(button);\r\n            } catch (err) {\r\n                console.error('Copy failed', err);\r\n            }\r\n            \r\n            document.body.removeChild(textArea);\r\n        }\r\n        \r\n        \/\/ Show copy feedback\r\n        function showCopyFeedback(button) {\r\n            const originalHTML = button.innerHTML;\r\n            const originalClass = button.className;\r\n            \r\n            button.innerHTML = '\u2713 Copied!';\r\n            button.classList.add('copied');\r\n            button.disabled = true;\r\n            \r\n            setTimeout(function() {\r\n                button.innerHTML = originalHTML;\r\n                button.className = originalClass;\r\n                button.disabled = false;\r\n            }, 2000);\r\n        }\r\n        \r\n        \/\/ Copy multiple lines\r\n        window.copyMultiLine = function(lines, button) {\r\n            const text = lines.join('\\n');\r\n            window.copyToClipboard(text, button);\r\n        };\r\n        \r\n        \/\/ Copy email settings\r\n        window.copyEmailSettings = function(button) {\r\n            const settingsContainer = button.closest('.info-group').querySelector('.settings-text');\r\n            if (settingsContainer) {\r\n                \/\/ Get the HTML content and convert <br> tags to newlines\r\n                let html = settingsContainer.innerHTML;\r\n                let text = html.replace(\/<br\\s*\\\/?>\/gi, '\\n')\r\n                              .replace(\/<[^>]*>\/g, '') \/\/ Remove other HTML tags\r\n                              .replace(\/&nbsp;\/g, ' ') \/\/ Replace &nbsp; with spaces\r\n                              .trim();\r\n                window.copyToClipboard(text, button);\r\n            }\r\n        };\r\n    <\/script>\r\n    \n\n\n\n<h2 class=\"wp-block-heading\">2. Yhdist\u00e4 s\u00e4hk\u00f6posti Windowsin s\u00e4hk\u00f6postiohjelmaan<\/h2>\n\n\n\n<p>1. Avaa aluksi Windowsin s\u00e4hk\u00f6postiohjelma. Sovellus l\u00f6ytyy Windows 10 tai 11 -k\u00e4ytt\u00f6j\u00e4rjestelmist\u00e4 etsim\u00e4ll\u00e4 s\u00e4hk\u00f6postia.<\/p>\n\n\n\n<figure class=\"wp-block-image size-full\"><img loading=\"lazy\" decoding=\"async\" width=\"327\" height=\"65\" src=\"https:\/\/www.zoner.fi\/tuki\/wp-content\/uploads\/2024\/03\/Windows_ohje4.jpg\" alt=\"\" class=\"wp-image-131603\" srcset=\"https:\/\/www.zoner.fi\/tuki\/wp-content\/uploads\/2024\/03\/Windows_ohje4.jpg 327w, https:\/\/www.zoner.fi\/tuki\/wp-content\/uploads\/2024\/03\/Windows_ohje4-300x60.jpg 300w\" sizes=\"auto, (max-width: 327px) 100vw, 327px\" \/><\/figure>\n\n\n\n<p>2. Luo ensin s\u00e4hk\u00f6postitili. Klikkaa <strong>Lis\u00e4\u00e4 tili<\/strong>.<\/p>\n\n\n\n<figure class=\"wp-block-image size-full\"><img loading=\"lazy\" decoding=\"async\" width=\"1033\" height=\"297\" src=\"https:\/\/www.zoner.fi\/tuki\/wp-content\/uploads\/2024\/03\/Windows_ohje1.jpg\" alt=\"\" class=\"wp-image-131599\" srcset=\"https:\/\/www.zoner.fi\/tuki\/wp-content\/uploads\/2024\/03\/Windows_ohje1.jpg 1033w, https:\/\/www.zoner.fi\/tuki\/wp-content\/uploads\/2024\/03\/Windows_ohje1-300x86.jpg 300w, https:\/\/www.zoner.fi\/tuki\/wp-content\/uploads\/2024\/03\/Windows_ohje1-1024x294.jpg 1024w, https:\/\/www.zoner.fi\/tuki\/wp-content\/uploads\/2024\/03\/Windows_ohje1-768x221.jpg 768w\" sizes=\"auto, (max-width: 1033px) 100vw, 1033px\" \/><\/figure>\n\n\n\n<p>3. Valitse avautuvasta ikkunasta kohta <strong>Lis\u00e4asetukset<\/strong>.<\/p>\n\n\n\n<figure class=\"wp-block-image size-full\"><img loading=\"lazy\" decoding=\"async\" width=\"457\" height=\"515\" src=\"https:\/\/www.zoner.fi\/tuki\/wp-content\/uploads\/2024\/03\/Windows_ohje2.jpg\" alt=\"\" class=\"wp-image-131601\" srcset=\"https:\/\/www.zoner.fi\/tuki\/wp-content\/uploads\/2024\/03\/Windows_ohje2.jpg 457w, https:\/\/www.zoner.fi\/tuki\/wp-content\/uploads\/2024\/03\/Windows_ohje2-266x300.jpg 266w\" sizes=\"auto, (max-width: 457px) 100vw, 457px\" \/><\/figure>\n\n\n\n<p>4. Valitse <strong>Internet-s\u00e4hk\u00f6posti<\/strong>.<\/p>\n\n\n\n<figure class=\"wp-block-image size-full\"><img loading=\"lazy\" decoding=\"async\" width=\"458\" height=\"512\" src=\"https:\/\/www.zoner.fi\/tuki\/wp-content\/uploads\/2024\/03\/Windows_ohje3.jpg\" alt=\"\" class=\"wp-image-131602\" srcset=\"https:\/\/www.zoner.fi\/tuki\/wp-content\/uploads\/2024\/03\/Windows_ohje3.jpg 458w, https:\/\/www.zoner.fi\/tuki\/wp-content\/uploads\/2024\/03\/Windows_ohje3-268x300.jpg 268w\" sizes=\"auto, (max-width: 458px) 100vw, 458px\" \/><\/figure>\n\n\n\n<p>5. T\u00e4yt\u00e4 seuraavaksi k\u00e4ytetyn s\u00e4hk\u00f6postipalvelun tiedot seuraavasti:<\/p>\n\n\n\n<ul class=\"wp-block-list\">\n<li><strong>S\u00e4hk\u00f6postiosoite:<\/strong>&nbsp;Asennettava s\u00e4hk\u00f6postiosoite.<\/li>\n\n\n\n<li><strong>K\u00e4ytt\u00e4j\u00e4nimi:<\/strong>&nbsp;Asennettava s\u00e4hk\u00f6postiosoite.<\/li>\n\n\n\n<li><strong>Salasana:<\/strong>&nbsp;S\u00e4hk\u00f6postin salasana.<\/li>\n\n\n\n<li><strong>Tilin nimi:<\/strong>&nbsp;Nimi, joka n\u00e4kyy sovelluksessa tilin nimen\u00e4.<\/li>\n\n\n\n<li><strong>K\u00e4yt\u00e4 t\u00e4t\u00e4 nime\u00e4 viestin l\u00e4hett\u00e4miseen:<\/strong>&nbsp;Nimi, joka n\u00e4kyy viestin vastaanottajalle.<\/li>\n\n\n\n<li><strong>Saapuvan s\u00e4hk\u00f6postin palvelin:<\/strong> incoming mail server, jonka sait ty\u00f6kalusta <a href=\"#1\">kohdassa 1<\/a>.<\/li>\n\n\n\n<li><strong>Tilin laji:<\/strong>&nbsp;IMAP4<\/li>\n\n\n\n<li><strong>L\u00e4htev\u00e4n (SMTP) s\u00e4hk\u00f6postin palvelin:<\/strong>\u00a0outgoing mail server, jonka sait ty\u00f6kalusta <a href=\"#1\">kohdassa 1<\/a>.<\/li>\n\n\n\n<li><strong>L\u00e4htev\u00e4n postin palvelin vaatii todennusta:<\/strong>&nbsp;Kyll\u00e4<\/li>\n\n\n\n<li><strong>K\u00e4yt\u00e4 samaa k\u00e4ytt\u00e4j\u00e4nime\u00e4 ja salasanaa s\u00e4hk\u00f6postin l\u00e4hett\u00e4miseen:<\/strong>&nbsp;Kyll\u00e4<\/li>\n\n\n\n<li><strong>Edellyt\u00e4 SSL-salausta saapuvalle s\u00e4hk\u00f6postille:<\/strong>&nbsp;Vapaavalintainen<\/li>\n\n\n\n<li><strong>Edellyt\u00e4 SSL-salausta l\u00e4htev\u00e4lle s\u00e4hk\u00f6postille:&nbsp;<\/strong>Vapaavalintainen<\/li>\n<\/ul>\n\n\n<div class=\"gb-grid-wrapper gb-grid-wrapper-59850a81\">\n<div class=\"gb-grid-column gb-grid-column-42e3be17\"><div class=\"gb-container gb-container-42e3be17\"><div class=\"gb-inside-container\">\n\n<figure class=\"wp-block-image size-full\"><img loading=\"lazy\" decoding=\"async\" width=\"300\" height=\"343\" src=\"https:\/\/www.zoner.fi\/tuki\/wp-content\/uploads\/2021\/10\/windows10-sahkoposti-tilin-asetukset.jpg\" alt=\"\" class=\"wp-image-369\" srcset=\"https:\/\/www.zoner.fi\/tuki\/wp-content\/uploads\/2021\/10\/windows10-sahkoposti-tilin-asetukset.jpg 300w, https:\/\/www.zoner.fi\/tuki\/wp-content\/uploads\/2021\/10\/windows10-sahkoposti-tilin-asetukset-262x300.jpg 262w\" sizes=\"auto, (max-width: 300px) 100vw, 300px\" \/><\/figure>\n\n<\/div><\/div><\/div>\n\n<div class=\"gb-grid-column gb-grid-column-3150ba51\"><div class=\"gb-container gb-container-3150ba51\"><div class=\"gb-inside-container\">\n\n<figure class=\"wp-block-image size-full\"><img loading=\"lazy\" decoding=\"async\" width=\"300\" height=\"337\" src=\"https:\/\/www.zoner.fi\/tuki\/wp-content\/uploads\/2021\/10\/windows10-sahkoposti-tilin-asetukset-2.jpg\" alt=\"\" class=\"wp-image-370\" srcset=\"https:\/\/www.zoner.fi\/tuki\/wp-content\/uploads\/2021\/10\/windows10-sahkoposti-tilin-asetukset-2.jpg 300w, https:\/\/www.zoner.fi\/tuki\/wp-content\/uploads\/2021\/10\/windows10-sahkoposti-tilin-asetukset-2-267x300.jpg 267w\" sizes=\"auto, (max-width: 300px) 100vw, 300px\" \/><\/figure>\n\n\n\n<div style=\"height:20px\" aria-hidden=\"true\" class=\"wp-block-spacer\"><\/div>\n\n<\/div><\/div><\/div>\n<\/div>\n\n\n<p>6. Klikkaa <strong>Kirjaudu sis\u00e4\u00e4n<\/strong>. Tilin luominen on valmis.<\/p>\n\n\n\n<h3 class=\"wp-block-heading\">Ongelmia tilin aktivoimisessa?<\/h3>\n\n\n\n<p>Jos luodun tilin kanssa ilmenee ongelmia, kannattaa tilin asetukset tarkistaa klikkaamalla halutun tilin kohdalta ja painamalla tilin alle ilmestyv\u00e4 &#8221;Hallinta&#8221;- painiketta.<\/p>\n\n\n\n<figure class=\"wp-block-image size-large\"><img loading=\"lazy\" decoding=\"async\" width=\"1024\" height=\"309\" src=\"https:\/\/www.zoner.fi\/tuki\/wp-content\/uploads\/2024\/03\/Windows_ohje5-1024x309.jpg\" alt=\"\" class=\"wp-image-131604\" srcset=\"https:\/\/www.zoner.fi\/tuki\/wp-content\/uploads\/2024\/03\/Windows_ohje5-1024x309.jpg 1024w, https:\/\/www.zoner.fi\/tuki\/wp-content\/uploads\/2024\/03\/Windows_ohje5-300x90.jpg 300w, https:\/\/www.zoner.fi\/tuki\/wp-content\/uploads\/2024\/03\/Windows_ohje5-768x231.jpg 768w, https:\/\/www.zoner.fi\/tuki\/wp-content\/uploads\/2024\/03\/Windows_ohje5.jpg 1072w\" sizes=\"auto, (max-width: 1024px) 100vw, 1024px\" \/><\/figure>\n\n\n\n<p>Valitaan &#8221;Postilaatikon synkronointiasetusten muuttaminen&#8221;.<\/p>\n\n\n\n<figure class=\"wp-block-image size-full\"><img loading=\"lazy\" decoding=\"async\" width=\"457\" height=\"140\" src=\"https:\/\/www.zoner.fi\/tuki\/wp-content\/uploads\/2024\/03\/Windows_ohje6.jpg\" alt=\"\" class=\"wp-image-131605\" srcset=\"https:\/\/www.zoner.fi\/tuki\/wp-content\/uploads\/2024\/03\/Windows_ohje6.jpg 457w, https:\/\/www.zoner.fi\/tuki\/wp-content\/uploads\/2024\/03\/Windows_ohje6-300x92.jpg 300w\" sizes=\"auto, (max-width: 457px) 100vw, 457px\" \/><\/figure>\n\n\n\n<p>Varmista ett\u00e4 synkronointiasetukset ovat halutulla tavalla. Varmista my\u00f6s, ett\u00e4 &#8221;Synkronointiasetukset&#8221; -kohdassa s\u00e4hk\u00f6postin tila on &#8221;k\u00e4yt\u00f6ss\u00e4&#8221;.<\/p>\n\n\n\n<figure class=\"wp-block-image size-full\"><img loading=\"lazy\" decoding=\"async\" width=\"454\" height=\"629\" src=\"https:\/\/www.zoner.fi\/tuki\/wp-content\/uploads\/2024\/03\/Windows_ohje7.jpg\" alt=\"\" class=\"wp-image-131606\" srcset=\"https:\/\/www.zoner.fi\/tuki\/wp-content\/uploads\/2024\/03\/Windows_ohje7.jpg 454w, https:\/\/www.zoner.fi\/tuki\/wp-content\/uploads\/2024\/03\/Windows_ohje7-217x300.jpg 217w\" sizes=\"auto, (max-width: 454px) 100vw, 454px\" \/><\/figure>\n","protected":false},"excerpt":{"rendered":"<p>T\u00e4ss\u00e4 ohjeessa k\u00e4ymme l\u00e4pi, kuinka saat s\u00e4hk\u00f6postit k\u00e4ytt\u00f6\u00f6si, kun ohjelmistona on Windows 10 s\u00e4hk\u00f6postiohjelma.<\/p>\n","protected":false},"author":1,"featured_media":0,"parent":137084,"menu_order":72,"comment_status":"closed","ping_status":"closed","template":"","meta":{"_relevanssi_hide_post":"","_relevanssi_hide_content":"","_relevanssi_pin_for_all":"","_relevanssi_pin_keywords":"","_relevanssi_unpin_keywords":"","_relevanssi_related_keywords":"","_relevanssi_related_include_ids":"","_relevanssi_related_exclude_ids":"","_relevanssi_related_no_append":"","_relevanssi_related_not_related":"","_relevanssi_related_posts":"1063,1066,1076","_relevanssi_noindex_reason":"","footnotes":""},"categories":[213,218,190,195,192,193,194,217,196],"tags":[199,215],"wf_page_folders":[],"class_list":{"0":"post-352","1":"page","2":"type-page","3":"status-publish","5":"category-cpanel-webhotelli-fi-sahkoposti","6":"category-cpanel-webhotelli-fi-webhotellit","7":"category-cpanel-wepardi","8":"category-cpanel-wepardi-sahkoposti","9":"category-directadmin","10":"category-directadmin-sahkoposti","11":"category-zoner-home","12":"category-zoner-home-webhotellit","13":"category-zoner-sahkoposti","14":"tag-sahkoposti","15":"tag-sahkopostiohjelmat"},"_links":{"self":[{"href":"https:\/\/www.zoner.fi\/tuki\/wp-json\/wp\/v2\/pages\/352","targetHints":{"allow":["GET"]}}],"collection":[{"href":"https:\/\/www.zoner.fi\/tuki\/wp-json\/wp\/v2\/pages"}],"about":[{"href":"https:\/\/www.zoner.fi\/tuki\/wp-json\/wp\/v2\/types\/page"}],"author":[{"embeddable":true,"href":"https:\/\/www.zoner.fi\/tuki\/wp-json\/wp\/v2\/users\/1"}],"replies":[{"embeddable":true,"href":"https:\/\/www.zoner.fi\/tuki\/wp-json\/wp\/v2\/comments?post=352"}],"version-history":[{"count":9,"href":"https:\/\/www.zoner.fi\/tuki\/wp-json\/wp\/v2\/pages\/352\/revisions"}],"predecessor-version":[{"id":137283,"href":"https:\/\/www.zoner.fi\/tuki\/wp-json\/wp\/v2\/pages\/352\/revisions\/137283"}],"up":[{"embeddable":true,"href":"https:\/\/www.zoner.fi\/tuki\/wp-json\/wp\/v2\/pages\/137084"}],"wp:attachment":[{"href":"https:\/\/www.zoner.fi\/tuki\/wp-json\/wp\/v2\/media?parent=352"}],"wp:term":[{"taxonomy":"category","embeddable":true,"href":"https:\/\/www.zoner.fi\/tuki\/wp-json\/wp\/v2\/categories?post=352"},{"taxonomy":"post_tag","embeddable":true,"href":"https:\/\/www.zoner.fi\/tuki\/wp-json\/wp\/v2\/tags?post=352"},{"taxonomy":"wf_page_folders","embeddable":true,"href":"https:\/\/www.zoner.fi\/tuki\/wp-json\/wp\/v2\/wf_page_folders?post=352"}],"curies":[{"name":"wp","href":"https:\/\/api.w.org\/{rel}","templated":true}]}}