{"id":420,"date":"2019-02-20T15:38:00","date_gmt":"2019-02-20T13:38:00","guid":{"rendered":"https:\/\/www.zoner.fi\/tuki\/?page_id=420"},"modified":"2025-11-26T13:21:11","modified_gmt":"2025-11-26T11:21:11","slug":"miten-kopioin-sahkopostiviestit-uuteen-postilaatikkoon","status":"publish","type":"page","link":"https:\/\/www.zoner.fi\/tuki\/sahkopostiohjeet\/directadmin\/miten-kopioin-sahkopostiviestit-uuteen-postilaatikkoon\/","title":{"rendered":"S\u00e4hk\u00f6postien kopiointi vanhalta palveluntarjoajalta"},"content":{"rendered":"\n<p><em>Ohje tarkistettu: 26.11.2025<\/em><\/p>\n\n\n\n<p>T\u00e4ss\u00e4 ohjeessa k\u00e4ymme l\u00e4pi, kuinka s\u00e4hk\u00f6postien kopiointi vanhalta palveluntarjoajalta onnistuu Zonerin tarjoaman ty\u00f6kalun avulla. Ty\u00f6kalua ei voi k\u00e4ytt\u00e4\u00e4 kopioidessa s\u00e4hk\u00f6posteja Microsoft 365 tai Google Workspacesta.<\/p>\n\n\n\n<p>Zoner tarjoaa s\u00e4hk\u00f6postien kopiointia varten veloituksetta imapcopy-websovelluksen, jolla voit kopioida viestit kansiorakenteineen yhdest\u00e4 s\u00e4hk\u00f6postilaatikosta toiseen. Huomioithan, ett\u00e4 kopiointi onnistuu vain Zonerin palveluihin luotuihin s\u00e4hk\u00f6postilaatikoihin.<\/p>\n\n\n\n<h2 class=\"wp-block-heading\">S\u00e4hk\u00f6postien siirto Zonerille<\/h2>\n\n\n\n<p>Mik\u00e4li olet samalla siirt\u00e4m\u00e4ss\u00e4 verkkotunnusta Zonerille, on suositeltavaa luoda kaikki k\u00e4yt\u00f6ss\u00e4 olevat s\u00e4hk\u00f6postilaatikot valmiiksi ennen siirtoa ja suorittaa s\u00e4hk\u00f6postien kopiointi vasta 24 h kuluttua nimipalvelinten vaihdosta. N\u00e4in voit varmistaa, ett\u00e4 viestisi eiv\u00e4t katoa bittiavaruuteen siirron aikana, vaan saapuvat perille joko vanhaan tai uuteen palveluun.<\/p>\n\n\n\n<p>Kun nimipalvelinten vaihdosta on kulunut 24 h, ohjautuu s\u00e4hk\u00f6postiliikenne vain uuteen palveluun, ja kaikki vanhat viestit voidaan kopioida uuteen s\u00e4hk\u00f6postilaatikkoon. Jos kopioit viestit ennen verkkotunnuksen siirron valmistumista, niist\u00e4 osa voi tulla kopioiduksi kahdesti tai j\u00e4\u00e4d\u00e4 siirtym\u00e4tt\u00e4.<\/p>\n\n\n\n<h3 class=\"wp-block-heading\">Luo uudet s\u00e4hk\u00f6postilaatikot<\/h3>\n\n\n\n<p><strong>Jos k\u00e4yt\u00e4t webhotellin s\u00e4hk\u00f6postipalveluita:<\/strong><\/p>\n\n\n\n<p>Luo kaikki haluamasi s\u00e4hk\u00f6postilaatikot valmiiksi webhotellin hallintapaneelissa.Katso ohjeet alta palvelualustasi mukaisesti:&nbsp;<br><br>&#8211; Zoner Home: <a href=\"https:\/\/www.zoner.fi\/tuki\/sahkopostiohjeet\/zoner-home\/sahkopostilaatikon-luonti\/\">S\u00e4hk\u00f6postilaatikoiden luonti Zoner Homessa<\/a><br>&#8211; DirectAdmin: <a href=\"https:\/\/www.zoner.fi\/tuki\/sahkopostiohjeet\/directadmin\/miten-luon-sahkopostilaatikon-webhotellissa\/\">S\u00e4hk\u00f6postilaatikoiden luonti DirectAdminissa<\/a><br>&#8211; cPanel Webhotelli.fi: <a href=\"https:\/\/www.zoner.fi\/tuki\/webhotellit\/cpanel-wepardi\/uuden-sahkopostilaatikon-luonti\/\">S\u00e4hk\u00f6postilaatikoiden luonti Wepardin cPaneelissa<\/a><br>&#8211; cPanel Wepardi: <a href=\"https:\/\/www.zoner.fi\/tuki\/webhotellit\/cpanel-webhotelli-fi\/sahkopostitilin-luominen\/\">S\u00e4hk\u00f6postilaatikoiden luonti Webhotelli.fi:n cPaneelissa<\/a><\/p>\n\n\n\n<h3 class=\"wp-block-heading\">S\u00e4hk\u00f6postien kopiointi IMAPCOPY-palvelulla<\/h3>\n\n\n\n<p>1. Mene osoitteeseen&nbsp;<a rel=\"noreferrer noopener\" href=\"https:\/\/imapcopy.zoner.fi\/\" target=\"_blank\">https:\/\/imapcopy.zoner.fi\/<\/a>&nbsp;ja paina ALOITA-painiketta.<\/p>\n\n\n\n<figure class=\"wp-block-image size-full\"><img loading=\"lazy\" decoding=\"async\" width=\"1015\" height=\"518\" src=\"https:\/\/www.zoner.fi\/tuki\/wp-content\/uploads\/2021\/10\/imapcopy-aloitus.jpg\" alt=\"\" class=\"wp-image-426\" srcset=\"https:\/\/www.zoner.fi\/tuki\/wp-content\/uploads\/2021\/10\/imapcopy-aloitus.jpg 1015w, https:\/\/www.zoner.fi\/tuki\/wp-content\/uploads\/2021\/10\/imapcopy-aloitus-300x153.jpg 300w, https:\/\/www.zoner.fi\/tuki\/wp-content\/uploads\/2021\/10\/imapcopy-aloitus-768x392.jpg 768w\" sizes=\"auto, (max-width: 1015px) 100vw, 1015px\" \/><\/figure>\n\n\n\n<p><strong>Valitse seuraavaksi tilannettasi vastaava ohje:<\/strong><\/p>\n\n\n\n<p><strong>a) S\u00e4hk\u00f6postien kopiointi vanhasta palvelusta Zonerin Webhotelliin<\/strong><\/p>\n\n\n\n<p>Sy\u00f6t\u00e4 vanhan palveluntarjoajan s\u00e4hk\u00f6postipalvelimen ja s\u00e4hk\u00f6postilaatikon tiedot kohtaan <strong>Kopioitavan s\u00e4hk\u00f6postin tiedot<\/strong>.<\/p>\n\n\n\n<p>K\u00e4ytt\u00e4j\u00e4tunnus on usein s\u00e4hk\u00f6postilaatikon osoite kokonaisuudessaan, mutta t\u00e4m\u00e4, kuten muutkin s\u00e4hk\u00f6postilaatikkoa koskevat tiedot, kannattaa varmistaa vanhalta palveluntarjoajaltasi.<\/p>\n\n\n\n<figure class=\"wp-block-image size-full\"><img loading=\"lazy\" decoding=\"async\" width=\"600\" height=\"418\" src=\"https:\/\/www.zoner.fi\/tuki\/wp-content\/uploads\/2021\/10\/sahkopostien-kopionti.jpg\" alt=\"\" class=\"wp-image-428\" srcset=\"https:\/\/www.zoner.fi\/tuki\/wp-content\/uploads\/2021\/10\/sahkopostien-kopionti.jpg 600w, https:\/\/www.zoner.fi\/tuki\/wp-content\/uploads\/2021\/10\/sahkopostien-kopionti-300x209.jpg 300w\" sizes=\"auto, (max-width: 600px) 100vw, 600px\" \/><\/figure>\n\n\n\n<p>Sy\u00f6t\u00e4 uuden, Zonerin Webhotellissa sijaitsevan s\u00e4hk\u00f6postilaatikkosi tiedot kohtaan <strong>Zoner:n s\u00e4hk\u00f6postin tiedot<\/strong>.<\/p>\n\n\n\n<p>K\u00e4ytt\u00e4j\u00e4tunnus = s\u00e4hk\u00f6postiosoite kokonaisuudessaan<br>Salasana = aiemmin luomasi s\u00e4hk\u00f6postilaatikon salasana<\/p>\n\n\n\n<p>Sy\u00f6t\u00e4 <strong>S\u00e4hk\u00f6postipalvelin<\/strong>-kohtaan webhotellisi palvelimen osoite. N\u00e4et palvelimen osoitteen selaimesi osoiterivilt\u00e4, kun olet kirjautumassa webhotellin hallintapaneeliin. Palvelimen osoite l\u00f6ytyy my\u00f6s webhotellin tilaamisen yhteydess\u00e4 saamastasi asetuksia sis\u00e4lt\u00e4v\u00e4st\u00e4 viestist\u00e4. Jos hallitset webhotellia suoraan Zoner Home -hallintapaneelissa, voit tarkistaa palvelimen ty\u00f6kalulla &#8211; lue ohje <a href=\"https:\/\/www.zoner.fi\/tuki\/sahkopostiohjeet\/directadmin\/webhotellin-sahkopostitilien-asetukset\/\">t\u00e4\u00e4lt\u00e4<\/a>.<\/p>\n\n\n\n<p>Kirjoita s\u00e4hk\u00f6postipalvelimen osoite muodossa www25.zoner.fi eli j\u00e4t\u00e4 etuliite&nbsp;<em>https:\/\/<\/em>&nbsp;sek\u00e4 loppuliite&nbsp;<em>:2222<\/em>&nbsp;pois. Vaihda numeron tilalle oman palvelimesi numero.<\/p>\n\n\n\n<p>Sy\u00f6t\u00e4 my\u00f6s puhelinnumerosi, niin saat ilmoituksen tekstiviestill\u00e4, kun kopiointi on suoritettu loppuun.<\/p>\n\n\n\n<p><strong>b) S\u00e4hk\u00f6postien kopionti vanhasta palvelusta Zoner S\u00e4hk\u00f6postiin<\/strong><\/p>\n\n\n\n<p>Sy\u00f6t\u00e4 vanhan palveluntarjoajasi s\u00e4hk\u00f6postipalvelimen ja s\u00e4hk\u00f6postilaatikon tiedot kohtaan <strong>Kopioitavan s\u00e4hk\u00f6postin tiedot<\/strong>.<\/p>\n\n\n\n<p>K\u00e4ytt\u00e4j\u00e4tunnus on usein s\u00e4hk\u00f6postilaatikon osoite kokonaisuudessaan, mutta t\u00e4m\u00e4, kuten muutkin s\u00e4hk\u00f6postilaatikkoa koskevat tiedot, kannattaa varmistaa vanhalta palveluntarjoajaltasi.<\/p>\n\n\n\n<figure class=\"wp-block-image size-full\"><img loading=\"lazy\" decoding=\"async\" width=\"602\" height=\"422\" src=\"https:\/\/www.zoner.fi\/tuki\/wp-content\/uploads\/2021\/10\/imapcopy-valinnat-zoner-sahkopostipalvelu.jpg\" alt=\"\" class=\"wp-image-430\" srcset=\"https:\/\/www.zoner.fi\/tuki\/wp-content\/uploads\/2021\/10\/imapcopy-valinnat-zoner-sahkopostipalvelu.jpg 602w, https:\/\/www.zoner.fi\/tuki\/wp-content\/uploads\/2021\/10\/imapcopy-valinnat-zoner-sahkopostipalvelu-300x210.jpg 300w\" sizes=\"auto, (max-width: 602px) 100vw, 602px\" \/><\/figure>\n\n\n\n<p>Sy\u00f6t\u00e4 uuden, Oma Zonerissa sijaitsevan s\u00e4hk\u00f6postilaatikkosi tiedot kohtaan <strong>Zoner:n s\u00e4hk\u00f6postin tiedot<\/strong>.<\/p>\n\n\n\n<p>K\u00e4ytt\u00e4j\u00e4tunnus = s\u00e4hk\u00f6postiosoite kokonaisuudessaan<br>Salasana = aiemmin luomasi s\u00e4hk\u00f6postilaatikon salasana<\/p>\n\n\n\n<p>Sy\u00f6t\u00e4 <strong>S\u00e4hk\u00f6postipalvelin<\/strong>-kohtaan osoite posti.zoner.fi<\/p>\n\n\n\n<p>Sy\u00f6t\u00e4 my\u00f6s puhelinnumerosi, niin saat ilmoituksen tekstiviestill\u00e4, kun kopiointi on suoritettu loppuun.<\/p>\n\n\n\n<p><strong>c) S\u00e4hk\u00f6postien kopionti Zoner webhotellista Zoner S\u00e4hk\u00f6postiin<\/strong><\/p>\n\n\n\n<p>Sy\u00f6t\u00e4 Zoner webhotellissa sijaitsevan s\u00e4hk\u00f6postilaatikkosi tiedot kohtaan <strong>Kopioitavan s\u00e4hk\u00f6postin tiedot<\/strong>.<\/p>\n\n\n\n<p>K\u00e4ytt\u00e4j\u00e4tunnus = s\u00e4hk\u00f6postiosoite kokonaisuudessaan<br>Salasana = s\u00e4hk\u00f6postilaatikon salasana<\/p>\n\n\n\n<p>Sy\u00f6t\u00e4 <strong>S\u00e4hk\u00f6postipalvelin<\/strong>-kohtaan webhotellisi palvelimen osoite. N\u00e4et palvelimen osoitteen selaimesi osoiterivilt\u00e4, kun olet kirjautumassa webhotellin hallintapaneeliin. Palvelimen osoite l\u00f6ytyy my\u00f6s webhotellin tilaamisen yhteydess\u00e4 saamastasi asetuksia sis\u00e4lt\u00e4v\u00e4st\u00e4 viestist\u00e4. Jos hallitset webhotellia suoraan Zoner Home -hallintapaneelissa, voit tarkistaa palvelimen <a href=\"https:\/\/www.zoner.fi\/tuki\/sahkopostiohjeet\/directadmin\/webhotellin-sahkopostitilien-asetukset\/\">ty\u00f6kalullamme<\/a>.<\/p>\n\n\n\n<p>Kirjoita s\u00e4hk\u00f6postipalvelimen osoite muodossa www25.zoner.fi eli j\u00e4t\u00e4 etuliite&nbsp;<em>https:\/\/<\/em>&nbsp;sek\u00e4 loppuliite&nbsp;<em>:2222<\/em>&nbsp;pois. Vaihda numeron tilalle oman palvelimesi numero.<\/p>\n\n\n\n<figure class=\"wp-block-image size-full\"><img loading=\"lazy\" decoding=\"async\" width=\"603\" height=\"423\" src=\"https:\/\/www.zoner.fi\/tuki\/wp-content\/uploads\/2021\/10\/imapcopy-valinnat-zoner-sahkoposti-1.jpg\" alt=\"\" class=\"wp-image-432\" srcset=\"https:\/\/www.zoner.fi\/tuki\/wp-content\/uploads\/2021\/10\/imapcopy-valinnat-zoner-sahkoposti-1.jpg 603w, https:\/\/www.zoner.fi\/tuki\/wp-content\/uploads\/2021\/10\/imapcopy-valinnat-zoner-sahkoposti-1-300x210.jpg 300w\" sizes=\"auto, (max-width: 603px) 100vw, 603px\" \/><\/figure>\n\n\n\n<p>Sy\u00f6t\u00e4 uuden, Oma Zonerissa sijaitsevan s\u00e4hk\u00f6postilaatikkosi tiedot kohtaan <strong>Zoner:n s\u00e4hk\u00f6postin tiedot<\/strong>.<\/p>\n\n\n\n<p>K\u00e4ytt\u00e4j\u00e4tunnus = s\u00e4hk\u00f6postiosoite kokonaisuudessaan<br>Salasana = Aiemmin luomasi s\u00e4hk\u00f6postilaatikon salasana<\/p>\n\n\n\n<p>Sy\u00f6t\u00e4 <strong>S\u00e4hk\u00f6postipalvelin<\/strong>-kohtaan osoite posti.zoner.fi<\/p>\n\n\n\n<p>Sy\u00f6t\u00e4 my\u00f6s puhelinnumerosi, niin saat ilmoituksen tekstiviestill\u00e4, kun kopiointi on suoritettu loppuun.<\/p>\n","protected":false},"excerpt":{"rendered":"<p>T\u00e4ss\u00e4 ohjeessa k\u00e4ymme l\u00e4pi, kuinka s\u00e4hk\u00f6postien kopiointi vanhalta palveluntarjoajalta onnistuu Zonerin tarjoaman ty\u00f6kalun avulla<\/p>\n","protected":false},"author":1,"featured_media":0,"parent":137084,"menu_order":69,"comment_status":"closed","ping_status":"closed","template":"","meta":{"_relevanssi_hide_post":"","_relevanssi_hide_content":"","_relevanssi_pin_for_all":"","_relevanssi_pin_keywords":"","_relevanssi_unpin_keywords":"","_relevanssi_related_keywords":"","_relevanssi_related_include_ids":"","_relevanssi_related_exclude_ids":"","_relevanssi_related_no_append":"","_relevanssi_related_not_related":"","_relevanssi_related_posts":"1063,1066,1076","_relevanssi_noindex_reason":"","footnotes":""},"categories":[193,196],"tags":[214],"wf_page_folders":[],"class_list":{"0":"post-420","1":"page","2":"type-page","3":"status-publish","5":"category-directadmin-sahkoposti","6":"category-zoner-sahkoposti","7":"tag-sahkopostin-hallinta"},"_links":{"self":[{"href":"https:\/\/www.zoner.fi\/tuki\/wp-json\/wp\/v2\/pages\/420","targetHints":{"allow":["GET"]}}],"collection":[{"href":"https:\/\/www.zoner.fi\/tuki\/wp-json\/wp\/v2\/pages"}],"about":[{"href":"https:\/\/www.zoner.fi\/tuki\/wp-json\/wp\/v2\/types\/page"}],"author":[{"embeddable":true,"href":"https:\/\/www.zoner.fi\/tuki\/wp-json\/wp\/v2\/users\/1"}],"replies":[{"embeddable":true,"href":"https:\/\/www.zoner.fi\/tuki\/wp-json\/wp\/v2\/comments?post=420"}],"version-history":[{"count":14,"href":"https:\/\/www.zoner.fi\/tuki\/wp-json\/wp\/v2\/pages\/420\/revisions"}],"predecessor-version":[{"id":138185,"href":"https:\/\/www.zoner.fi\/tuki\/wp-json\/wp\/v2\/pages\/420\/revisions\/138185"}],"up":[{"embeddable":true,"href":"https:\/\/www.zoner.fi\/tuki\/wp-json\/wp\/v2\/pages\/137084"}],"wp:attachment":[{"href":"https:\/\/www.zoner.fi\/tuki\/wp-json\/wp\/v2\/media?parent=420"}],"wp:term":[{"taxonomy":"category","embeddable":true,"href":"https:\/\/www.zoner.fi\/tuki\/wp-json\/wp\/v2\/categories?post=420"},{"taxonomy":"post_tag","embeddable":true,"href":"https:\/\/www.zoner.fi\/tuki\/wp-json\/wp\/v2\/tags?post=420"},{"taxonomy":"wf_page_folders","embeddable":true,"href":"https:\/\/www.zoner.fi\/tuki\/wp-json\/wp\/v2\/wf_page_folders?post=420"}],"curies":[{"name":"wp","href":"https:\/\/api.w.org\/{rel}","templated":true}]}}