{"id":434,"date":"2021-10-28T15:45:28","date_gmt":"2021-10-28T12:45:28","guid":{"rendered":"https:\/\/www.zoner.fi\/tuki\/?page_id=434"},"modified":"2025-09-25T17:14:43","modified_gmt":"2025-09-25T14:14:43","slug":"wp-one","status":"publish","type":"page","link":"https:\/\/www.zoner.fi\/tuki\/wp-one\/","title":{"rendered":"WP.one"},"content":{"rendered":"<div class=\"gb-container gb-container-1e7d6ff7 alignfull\">\n<div class=\"gb-container gb-container-6a55b7b0\" id=\"wp-one-lisaosa\">\n<div class=\"gb-grid-wrapper gb-grid-wrapper-28ef970c\">\n<div class=\"gb-grid-column gb-grid-column-3b1a2cfc\"><div class=\"gb-container gb-container-3b1a2cfc\">\n\n<h2 class=\"gb-headline gb-headline-ba08c3e3 gb-headline-text\">WP.one <br>lis\u00e4osa<\/h2>\n\n<\/div><\/div>\n\n<div class=\"gb-grid-column gb-grid-column-d04d73a3\"><div class=\"gb-container gb-container-d04d73a3\">\n\n<div class=\"gb-grid-wrapper gb-grid-wrapper-ffdc6932 gb-query-loop-wrapper\">\n<div class=\"gb-grid-column gb-grid-column-f6e6e4c1 gb-query-loop-item post-439 page type-page status-publish has-post-thumbnail category-wp-rocket tag-wp-rocket tag-wp-one-lisaosa\"><div class=\"gb-container gb-container-f6e6e4c1\">\n<h2 class=\"gb-headline gb-headline-8c087836\"><span class=\"gb-icon\"><svg aria-hidden=\"true\" role=\"img\" height=\"1em\" width=\"1em\" viewbox=\"0 0 256 512\" xmlns=\"http:\/\/www.w3.org\/2000\/svg\"><path fill=\"currentColor\" d=\"M224.3 273l-136 136c-9.4 9.4-24.6 9.4-33.9 0l-22.6-22.6c-9.4-9.4-9.4-24.6 0-33.9l96.4-96.4-96.4-96.4c-9.4-9.4-9.4-24.6 0-33.9L54.3 103c9.4-9.4 24.6-9.4 33.9 0l136 136c9.5 9.4 9.5 24.6.1 34z\"><\/path><\/svg><\/span><span class=\"gb-headline-text\"><a href=\"https:\/\/www.zoner.fi\/tuki\/wp-one\/miten-otan-kayttoon-wp-rocket-valimuistin-wp-onessa\/\">Miten otan k\u00e4ytt\u00f6\u00f6n WP Rocket -v\u00e4limuistin WP.onessa?<\/a><\/span><\/h2>\n<\/div><\/div>\n\n<div class=\"gb-grid-column gb-grid-column-f6e6e4c1 gb-query-loop-item post-460 page type-page status-publish category-wp-one tag-wp-one-lisaosa\"><div class=\"gb-container gb-container-f6e6e4c1\">\n<h2 class=\"gb-headline gb-headline-8c087836\"><span class=\"gb-icon\"><svg aria-hidden=\"true\" role=\"img\" height=\"1em\" width=\"1em\" viewbox=\"0 0 256 512\" xmlns=\"http:\/\/www.w3.org\/2000\/svg\"><path fill=\"currentColor\" d=\"M224.3 273l-136 136c-9.4 9.4-24.6 9.4-33.9 0l-22.6-22.6c-9.4-9.4-9.4-24.6 0-33.9l96.4-96.4-96.4-96.4c-9.4-9.4-9.4-24.6 0-33.9L54.3 103c9.4-9.4 24.6-9.4 33.9 0l136 136c9.5 9.4 9.5 24.6.1 34z\"><\/path><\/svg><\/span><span class=\"gb-headline-text\"><a href=\"https:\/\/www.zoner.fi\/tuki\/wp-one\/miten-hallitsen-wp-onen-valimuistia\/\">Miten hallitsen WP.onen v\u00e4limuistia?<\/a><\/span><\/h2>\n<\/div><\/div>\n\n<div class=\"gb-grid-column gb-grid-column-f6e6e4c1 gb-query-loop-item post-456 page type-page status-publish category-wp-one tag-wp-one-lisaosa\"><div class=\"gb-container gb-container-f6e6e4c1\">\n<h2 class=\"gb-headline gb-headline-8c087836\"><span class=\"gb-icon\"><svg aria-hidden=\"true\" role=\"img\" height=\"1em\" width=\"1em\" viewbox=\"0 0 256 512\" xmlns=\"http:\/\/www.w3.org\/2000\/svg\"><path fill=\"currentColor\" d=\"M224.3 273l-136 136c-9.4 9.4-24.6 9.4-33.9 0l-22.6-22.6c-9.4-9.4-9.4-24.6 0-33.9l96.4-96.4-96.4-96.4c-9.4-9.4-9.4-24.6 0-33.9L54.3 103c9.4-9.4 24.6-9.4 33.9 0l136 136c9.5 9.4 9.5 24.6.1 34z\"><\/path><\/svg><\/span><span class=\"gb-headline-text\"><a href=\"https:\/\/www.zoner.fi\/tuki\/wp-one\/miten-luen-wp-one-lokeja\/\">Miten luen WP.one-lokeja?<\/a><\/span><\/h2>\n<\/div><\/div>\n\n<div class=\"gb-grid-column gb-grid-column-f6e6e4c1 gb-query-loop-item post-453 page type-page status-publish category-wp-one tag-wp-one-lisaosa\"><div class=\"gb-container gb-container-f6e6e4c1\">\n<h2 class=\"gb-headline gb-headline-8c087836\"><span class=\"gb-icon\"><svg aria-hidden=\"true\" role=\"img\" height=\"1em\" width=\"1em\" viewbox=\"0 0 256 512\" xmlns=\"http:\/\/www.w3.org\/2000\/svg\"><path fill=\"currentColor\" d=\"M224.3 273l-136 136c-9.4 9.4-24.6 9.4-33.9 0l-22.6-22.6c-9.4-9.4-9.4-24.6 0-33.9l96.4-96.4-96.4-96.4c-9.4-9.4-9.4-24.6 0-33.9L54.3 103c9.4-9.4 24.6-9.4 33.9 0l136 136c9.5 9.4 9.5 24.6.1 34z\"><\/path><\/svg><\/span><span class=\"gb-headline-text\"><a href=\"https:\/\/www.zoner.fi\/tuki\/wp-one\/miten-hallitsen-wp-one-paivityksia\/\">Miten hallitsen WP.one-p\u00e4ivityksi\u00e4?<\/a><\/span><\/h2>\n<\/div><\/div>\n\n<div class=\"gb-grid-column gb-grid-column-f6e6e4c1 gb-query-loop-item post-464 page type-page status-publish category-wp-one tag-wp-one-lisaosa\"><div class=\"gb-container gb-container-f6e6e4c1\">\n<h2 class=\"gb-headline gb-headline-8c087836\"><span class=\"gb-icon\"><svg aria-hidden=\"true\" role=\"img\" height=\"1em\" width=\"1em\" viewbox=\"0 0 256 512\" xmlns=\"http:\/\/www.w3.org\/2000\/svg\"><path fill=\"currentColor\" d=\"M224.3 273l-136 136c-9.4 9.4-24.6 9.4-33.9 0l-22.6-22.6c-9.4-9.4-9.4-24.6 0-33.9l96.4-96.4-96.4-96.4c-9.4-9.4-9.4-24.6 0-33.9L54.3 103c9.4-9.4 24.6-9.4 33.9 0l136 136c9.5 9.4 9.5 24.6.1 34z\"><\/path><\/svg><\/span><span class=\"gb-headline-text\"><a href=\"https:\/\/www.zoner.fi\/tuki\/wp-one\/miten-wp-onen-varmuuskopiointi-toimii\/\">Miten WP.onen varmuuskopiointi toimii?<\/a><\/span><\/h2>\n<\/div><\/div>\n\n<div class=\"gb-grid-column gb-grid-column-f6e6e4c1 gb-query-loop-item post-508 page type-page status-publish category-wp-one tag-wp-one-lisaosa\"><div class=\"gb-container gb-container-f6e6e4c1\">\n<h2 class=\"gb-headline gb-headline-8c087836\"><span class=\"gb-icon\"><svg aria-hidden=\"true\" role=\"img\" height=\"1em\" width=\"1em\" viewbox=\"0 0 256 512\" xmlns=\"http:\/\/www.w3.org\/2000\/svg\"><path fill=\"currentColor\" d=\"M224.3 273l-136 136c-9.4 9.4-24.6 9.4-33.9 0l-22.6-22.6c-9.4-9.4-9.4-24.6 0-33.9l96.4-96.4-96.4-96.4c-9.4-9.4-9.4-24.6 0-33.9L54.3 103c9.4-9.4 24.6-9.4 33.9 0l136 136c9.5 9.4 9.5 24.6.1 34z\"><\/path><\/svg><\/span><span class=\"gb-headline-text\"><a href=\"https:\/\/www.zoner.fi\/tuki\/wp-one\/mita-wp-cloud-lisaosa-tekee\/\">Mik\u00e4 on WP.one lis\u00e4osa?<\/a><\/span><\/h2>\n<\/div><\/div>\n\n<div class=\"gb-grid-column gb-grid-column-f6e6e4c1 gb-query-loop-item post-501 page type-page status-publish category-wp-one tag-wp-one-lisaosa\"><div class=\"gb-container gb-container-f6e6e4c1\">\n<h2 class=\"gb-headline gb-headline-8c087836\"><span class=\"gb-icon\"><svg aria-hidden=\"true\" role=\"img\" height=\"1em\" width=\"1em\" viewbox=\"0 0 256 512\" xmlns=\"http:\/\/www.w3.org\/2000\/svg\"><path fill=\"currentColor\" d=\"M224.3 273l-136 136c-9.4 9.4-24.6 9.4-33.9 0l-22.6-22.6c-9.4-9.4-9.4-24.6 0-33.9l96.4-96.4-96.4-96.4c-9.4-9.4-9.4-24.6 0-33.9L54.3 103c9.4-9.4 24.6-9.4 33.9 0l136 136c9.5 9.4 9.5 24.6.1 34z\"><\/path><\/svg><\/span><span class=\"gb-headline-text\"><a href=\"https:\/\/www.zoner.fi\/tuki\/wp-one\/miten-otan-kayttoon-sivuston-kehitysympariston\/\">Miten otan k\u00e4ytt\u00f6\u00f6n kehitysymp\u00e4rist\u00f6n?<\/a><\/span><\/h2>\n<\/div><\/div>\n<\/div>\n\n<\/div><\/div>\n<\/div>\n<\/div>\n<\/div>\n\n<div class=\"gb-container gb-container-1d18af62 alignfull\">\n<div class=\"gb-container gb-container-6a979e36\" id=\"hallintapaneeli\">\n<div class=\"gb-grid-wrapper gb-grid-wrapper-7d3429c5\">\n<div class=\"gb-grid-column gb-grid-column-0bb694a2\"><div class=\"gb-container gb-container-0bb694a2\">\n\n<h2 class=\"gb-headline gb-headline-33bb7291 gb-headline-text\">Hallintapaneeli<\/h2>\n\n<\/div><\/div>\n\n<div class=\"gb-grid-column gb-grid-column-705b4237\"><div class=\"gb-container gb-container-705b4237\">\n\n<div class=\"gb-grid-wrapper gb-grid-wrapper-a167430d gb-query-loop-wrapper\">\n<div class=\"gb-grid-column gb-grid-column-5c214158 gb-query-loop-item post-137888 page type-page status-publish category-wp-one tag-hallintapaneeli\"><div class=\"gb-container gb-container-5c214158\">\n<h2 class=\"gb-headline gb-headline-1018b807\"><span class=\"gb-icon\"><svg aria-hidden=\"true\" role=\"img\" height=\"1em\" width=\"1em\" viewbox=\"0 0 256 512\" xmlns=\"http:\/\/www.w3.org\/2000\/svg\"><path fill=\"currentColor\" d=\"M224.3 273l-136 136c-9.4 9.4-24.6 9.4-33.9 0l-22.6-22.6c-9.4-9.4-9.4-24.6 0-33.9l96.4-96.4-96.4-96.4c-9.4-9.4-9.4-24.6 0-33.9L54.3 103c9.4-9.4 24.6-9.4 33.9 0l136 136c9.5 9.4 9.5 24.6.1 34z\"><\/path><\/svg><\/span><span class=\"gb-headline-text\"><a href=\"https:\/\/www.zoner.fi\/tuki\/wp-one\/wpone-beta\/\">WP.one beta-testaajaksi liittyminen<\/a><\/span><\/h2>\n<\/div><\/div>\n\n<div class=\"gb-grid-column gb-grid-column-5c214158 gb-query-loop-item post-132224 page type-page status-publish category-wp-one tag-hallintapaneeli\"><div class=\"gb-container gb-container-5c214158\">\n<h2 class=\"gb-headline gb-headline-1018b807\"><span class=\"gb-icon\"><svg aria-hidden=\"true\" role=\"img\" height=\"1em\" width=\"1em\" viewbox=\"0 0 256 512\" xmlns=\"http:\/\/www.w3.org\/2000\/svg\"><path fill=\"currentColor\" d=\"M224.3 273l-136 136c-9.4 9.4-24.6 9.4-33.9 0l-22.6-22.6c-9.4-9.4-9.4-24.6 0-33.9l96.4-96.4-96.4-96.4c-9.4-9.4-9.4-24.6 0-33.9L54.3 103c9.4-9.4 24.6-9.4 33.9 0l136 136c9.5 9.4 9.5 24.6.1 34z\"><\/path><\/svg><\/span><span class=\"gb-headline-text\"><a href=\"https:\/\/www.zoner.fi\/tuki\/wp-one\/miten-luon-alidomainsivuja-wp-onessa\/\">Miten luon alidomainsivuja WP.onessa?<\/a><\/span><\/h2>\n<\/div><\/div>\n\n<div class=\"gb-grid-column gb-grid-column-5c214158 gb-query-loop-item post-132158 page type-page status-publish category-wp-one tag-hallintapaneeli\"><div class=\"gb-container gb-container-5c214158\">\n<h2 class=\"gb-headline gb-headline-1018b807\"><span class=\"gb-icon\"><svg aria-hidden=\"true\" role=\"img\" height=\"1em\" width=\"1em\" viewbox=\"0 0 256 512\" xmlns=\"http:\/\/www.w3.org\/2000\/svg\"><path fill=\"currentColor\" d=\"M224.3 273l-136 136c-9.4 9.4-24.6 9.4-33.9 0l-22.6-22.6c-9.4-9.4-9.4-24.6 0-33.9l96.4-96.4-96.4-96.4c-9.4-9.4-9.4-24.6 0-33.9L54.3 103c9.4-9.4 24.6-9.4 33.9 0l136 136c9.5 9.4 9.5 24.6.1 34z\"><\/path><\/svg><\/span><span class=\"gb-headline-text\"><a href=\"https:\/\/www.zoner.fi\/tuki\/wp-one\/wp-one-palvelun-verkkosivusto-ja-palvelintilastot\/\">WP.one-palvelun verkkosivusto- ja palvelintilastot<\/a><\/span><\/h2>\n<\/div><\/div>\n\n<div class=\"gb-grid-column gb-grid-column-5c214158 gb-query-loop-item post-132148 page type-page status-publish category-wp-one tag-hallintapaneeli\"><div class=\"gb-container gb-container-5c214158\">\n<h2 class=\"gb-headline gb-headline-1018b807\"><span class=\"gb-icon\"><svg aria-hidden=\"true\" role=\"img\" height=\"1em\" width=\"1em\" viewbox=\"0 0 256 512\" xmlns=\"http:\/\/www.w3.org\/2000\/svg\"><path fill=\"currentColor\" d=\"M224.3 273l-136 136c-9.4 9.4-24.6 9.4-33.9 0l-22.6-22.6c-9.4-9.4-9.4-24.6 0-33.9l96.4-96.4-96.4-96.4c-9.4-9.4-9.4-24.6 0-33.9L54.3 103c9.4-9.4 24.6-9.4 33.9 0l136 136c9.5 9.4 9.5 24.6.1 34z\"><\/path><\/svg><\/span><span class=\"gb-headline-text\"><a href=\"https:\/\/www.zoner.fi\/tuki\/wp-one\/miten-aloitan-wp-one-palvelun-kayttamisen\/\">Miten aloitan WP.one-palvelun k\u00e4ytt\u00e4misen?<\/a><\/span><\/h2>\n<\/div><\/div>\n\n<div class=\"gb-grid-column gb-grid-column-5c214158 gb-query-loop-item post-132211 page type-page status-publish category-wp-one tag-hallintapaneeli\"><div class=\"gb-container gb-container-5c214158\">\n<h2 class=\"gb-headline gb-headline-1018b807\"><span class=\"gb-icon\"><svg aria-hidden=\"true\" role=\"img\" height=\"1em\" width=\"1em\" viewbox=\"0 0 256 512\" xmlns=\"http:\/\/www.w3.org\/2000\/svg\"><path fill=\"currentColor\" d=\"M224.3 273l-136 136c-9.4 9.4-24.6 9.4-33.9 0l-22.6-22.6c-9.4-9.4-9.4-24.6 0-33.9l96.4-96.4-96.4-96.4c-9.4-9.4-9.4-24.6 0-33.9L54.3 103c9.4-9.4 24.6-9.4 33.9 0l136 136c9.5 9.4 9.5 24.6.1 34z\"><\/path><\/svg><\/span><span class=\"gb-headline-text\"><a href=\"https:\/\/www.zoner.fi\/tuki\/wp-one\/miten-lisaan-lisaverkkotunnuksen-wp-oneen\/\">Miten lis\u00e4\u00e4n lis\u00e4verkkotunnuksen WP.oneen?\u00a0<\/a><\/span><\/h2>\n<\/div><\/div>\n\n<div class=\"gb-grid-column gb-grid-column-5c214158 gb-query-loop-item post-132152 page type-page status-publish category-wp-one tag-hallintapaneeli\"><div class=\"gb-container gb-container-5c214158\">\n<h2 class=\"gb-headline gb-headline-1018b807\"><span class=\"gb-icon\"><svg aria-hidden=\"true\" role=\"img\" height=\"1em\" width=\"1em\" viewbox=\"0 0 256 512\" xmlns=\"http:\/\/www.w3.org\/2000\/svg\"><path fill=\"currentColor\" d=\"M224.3 273l-136 136c-9.4 9.4-24.6 9.4-33.9 0l-22.6-22.6c-9.4-9.4-9.4-24.6 0-33.9l96.4-96.4-96.4-96.4c-9.4-9.4-9.4-24.6 0-33.9L54.3 103c9.4-9.4 24.6-9.4 33.9 0l136 136c9.5 9.4 9.5 24.6.1 34z\"><\/path><\/svg><\/span><span class=\"gb-headline-text\"><a href=\"https:\/\/www.zoner.fi\/tuki\/wp-one\/miten-muutan-dns-asetuksia-wp-one-palvelussa\/\">Miten muutan DNS-asetuksia WP.one-palvelussa?<\/a><\/span><\/h2>\n<\/div><\/div>\n\n<div class=\"gb-grid-column gb-grid-column-5c214158 gb-query-loop-item post-132204 page type-page status-publish category-wp-one tag-hallintapaneeli\"><div class=\"gb-container gb-container-5c214158\">\n<h2 class=\"gb-headline gb-headline-1018b807\"><span class=\"gb-icon\"><svg aria-hidden=\"true\" role=\"img\" height=\"1em\" width=\"1em\" viewbox=\"0 0 256 512\" xmlns=\"http:\/\/www.w3.org\/2000\/svg\"><path fill=\"currentColor\" d=\"M224.3 273l-136 136c-9.4 9.4-24.6 9.4-33.9 0l-22.6-22.6c-9.4-9.4-9.4-24.6 0-33.9l96.4-96.4-96.4-96.4c-9.4-9.4-9.4-24.6 0-33.9L54.3 103c9.4-9.4 24.6-9.4 33.9 0l136 136c9.5 9.4 9.5 24.6.1 34z\"><\/path><\/svg><\/span><span class=\"gb-headline-text\"><a href=\"https:\/\/www.zoner.fi\/tuki\/wp-one\/miten-vaihdan-ssh-sftp-salasanan-wp-onessa\/\">Miten vaihdan SSH\/SFTP-salasanan WP.onessa?\u00a0<\/a><\/span><\/h2>\n<\/div><\/div>\n\n<div class=\"gb-grid-column gb-grid-column-5c214158 gb-query-loop-item post-132193 page type-page status-publish category-wp-one tag-hallintapaneeli\"><div class=\"gb-container gb-container-5c214158\">\n<h2 class=\"gb-headline gb-headline-1018b807\"><span class=\"gb-icon\"><svg aria-hidden=\"true\" role=\"img\" height=\"1em\" width=\"1em\" viewbox=\"0 0 256 512\" xmlns=\"http:\/\/www.w3.org\/2000\/svg\"><path fill=\"currentColor\" d=\"M224.3 273l-136 136c-9.4 9.4-24.6 9.4-33.9 0l-22.6-22.6c-9.4-9.4-9.4-24.6 0-33.9l96.4-96.4-96.4-96.4c-9.4-9.4-9.4-24.6 0-33.9L54.3 103c9.4-9.4 24.6-9.4 33.9 0l136 136c9.5 9.4 9.5 24.6.1 34z\"><\/path><\/svg><\/span><span class=\"gb-headline-text\"><a href=\"https:\/\/www.zoner.fi\/tuki\/wp-one\/miten-palautan-varmuuskopion-wp-onessa\/\">Miten palautan varmuuskopion WP.onessa?\u00a0<\/a><\/span><\/h2>\n<\/div><\/div>\n\n<div class=\"gb-grid-column gb-grid-column-5c214158 gb-query-loop-item post-132182 page type-page status-publish category-wp-one tag-hallintapaneeli\"><div class=\"gb-container gb-container-5c214158\">\n<h2 class=\"gb-headline gb-headline-1018b807\"><span class=\"gb-icon\"><svg aria-hidden=\"true\" role=\"img\" height=\"1em\" width=\"1em\" viewbox=\"0 0 256 512\" xmlns=\"http:\/\/www.w3.org\/2000\/svg\"><path fill=\"currentColor\" d=\"M224.3 273l-136 136c-9.4 9.4-24.6 9.4-33.9 0l-22.6-22.6c-9.4-9.4-9.4-24.6 0-33.9l96.4-96.4-96.4-96.4c-9.4-9.4-9.4-24.6 0-33.9L54.3 103c9.4-9.4 24.6-9.4 33.9 0l136 136c9.5 9.4 9.5 24.6.1 34z\"><\/path><\/svg><\/span><span class=\"gb-headline-text\"><a href=\"https:\/\/www.zoner.fi\/tuki\/wp-one\/miten-lisaan-uuden-sivuston-wp-oneen\/\">Miten lis\u00e4\u00e4n uuden sivuston WP.oneen?\u00a0<\/a><\/span><\/h2>\n<\/div><\/div>\n\n<div class=\"gb-grid-column gb-grid-column-5c214158 gb-query-loop-item post-132174 page type-page status-publish category-wp-one tag-hallintapaneeli\"><div class=\"gb-container gb-container-5c214158\">\n<h2 class=\"gb-headline gb-headline-1018b807\"><span class=\"gb-icon\"><svg aria-hidden=\"true\" role=\"img\" height=\"1em\" width=\"1em\" viewbox=\"0 0 256 512\" xmlns=\"http:\/\/www.w3.org\/2000\/svg\"><path fill=\"currentColor\" d=\"M224.3 273l-136 136c-9.4 9.4-24.6 9.4-33.9 0l-22.6-22.6c-9.4-9.4-9.4-24.6 0-33.9l96.4-96.4-96.4-96.4c-9.4-9.4-9.4-24.6 0-33.9L54.3 103c9.4-9.4 24.6-9.4 33.9 0l136 136c9.5 9.4 9.5 24.6.1 34z\"><\/path><\/svg><\/span><span class=\"gb-headline-text\"><a href=\"https:\/\/www.zoner.fi\/tuki\/wp-one\/miten-paivitan-wp-one-pakettini\/\">Miten p\u00e4ivit\u00e4n WP.one-pakettini?\u00a0<\/a><\/span><\/h2>\n<\/div><\/div>\n\n<div class=\"gb-grid-column gb-grid-column-5c214158 gb-query-loop-item post-132166 page type-page status-publish category-wp-one tag-hallintapaneeli\"><div class=\"gb-container gb-container-5c214158\">\n<h2 class=\"gb-headline gb-headline-1018b807\"><span class=\"gb-icon\"><svg aria-hidden=\"true\" role=\"img\" height=\"1em\" width=\"1em\" viewbox=\"0 0 256 512\" xmlns=\"http:\/\/www.w3.org\/2000\/svg\"><path fill=\"currentColor\" d=\"M224.3 273l-136 136c-9.4 9.4-24.6 9.4-33.9 0l-22.6-22.6c-9.4-9.4-9.4-24.6 0-33.9l96.4-96.4-96.4-96.4c-9.4-9.4-9.4-24.6 0-33.9L54.3 103c9.4-9.4 24.6-9.4 33.9 0l136 136c9.5 9.4 9.5 24.6.1 34z\"><\/path><\/svg><\/span><span class=\"gb-headline-text\"><a href=\"https:\/\/www.zoner.fi\/tuki\/wp-one\/miten-lisaan-kayttajia-wp-oneen\/\">Miten lis\u00e4\u00e4n k\u00e4ytt\u00e4ji\u00e4 WP.oneen?\u00a0<\/a><\/span><\/h2>\n<\/div><\/div>\n\n<div class=\"gb-grid-column gb-grid-column-5c214158 gb-query-loop-item post-130584 page type-page status-publish category-wp-one tag-hallintapaneeli\"><div class=\"gb-container gb-container-5c214158\">\n<h2 class=\"gb-headline gb-headline-1018b807\"><span class=\"gb-icon\"><svg aria-hidden=\"true\" role=\"img\" height=\"1em\" width=\"1em\" viewbox=\"0 0 256 512\" xmlns=\"http:\/\/www.w3.org\/2000\/svg\"><path fill=\"currentColor\" d=\"M224.3 273l-136 136c-9.4 9.4-24.6 9.4-33.9 0l-22.6-22.6c-9.4-9.4-9.4-24.6 0-33.9l96.4-96.4-96.4-96.4c-9.4-9.4-9.4-24.6 0-33.9L54.3 103c9.4-9.4 24.6-9.4 33.9 0l136 136c9.5 9.4 9.5 24.6.1 34z\"><\/path><\/svg><\/span><span class=\"gb-headline-text\"><a href=\"https:\/\/www.zoner.fi\/tuki\/wp-one\/miten-valitsen-php-version-wp-onessa\/\">Miten valitsen PHP-version WP.onessa<\/a><\/span><\/h2>\n<\/div><\/div>\n\n<div class=\"gb-grid-column gb-grid-column-5c214158 gb-query-loop-item post-130468 page type-page status-publish category-wp-one tag-hallintapaneeli\"><div class=\"gb-container gb-container-5c214158\">\n<h2 class=\"gb-headline gb-headline-1018b807\"><span class=\"gb-icon\"><svg aria-hidden=\"true\" role=\"img\" height=\"1em\" width=\"1em\" viewbox=\"0 0 256 512\" xmlns=\"http:\/\/www.w3.org\/2000\/svg\"><path fill=\"currentColor\" d=\"M224.3 273l-136 136c-9.4 9.4-24.6 9.4-33.9 0l-22.6-22.6c-9.4-9.4-9.4-24.6 0-33.9l96.4-96.4-96.4-96.4c-9.4-9.4-9.4-24.6 0-33.9L54.3 103c9.4-9.4 24.6-9.4 33.9 0l136 136c9.5 9.4 9.5 24.6.1 34z\"><\/path><\/svg><\/span><span class=\"gb-headline-text\"><a href=\"https:\/\/www.zoner.fi\/tuki\/wp-one\/miten-hallitsen-kayttajia-wp-one-hallintapaneelissa\/\">Miten hallitsen k\u00e4ytt\u00e4ji\u00e4 WP.one-hallintapaneelissa?<\/a><\/span><\/h2>\n<\/div><\/div>\n<\/div>\n\n<\/div><\/div>\n<\/div>\n<\/div>\n<\/div>\n\n<div class=\"gb-container gb-container-48cab68d alignfull\">\n<div class=\"gb-container gb-container-2cf50a53\" id=\"verkkokurssi\">\n<div class=\"gb-grid-wrapper gb-grid-wrapper-41f73e46\">\n<div class=\"gb-grid-column gb-grid-column-06722ae3\"><div class=\"gb-container gb-container-06722ae3\">\n\n<h2 class=\"gb-headline gb-headline-bbe655e4 gb-headline-text\">Verkkokurssi<\/h2>\n\n<\/div><\/div>\n\n<div class=\"gb-grid-column gb-grid-column-5475091e\"><div class=\"gb-container gb-container-5475091e\">\n\n<div class=\"gb-grid-wrapper gb-grid-wrapper-64d6ec75 gb-query-loop-wrapper\">\n<div class=\"gb-grid-column gb-grid-column-00318fb7 gb-query-loop-item post-497 page type-page status-publish category-wp-one tag-verkkokurssi\"><div class=\"gb-container gb-container-00318fb7\">\n<h2 class=\"gb-headline gb-headline-89d06eb3\"><span class=\"gb-icon\"><svg aria-hidden=\"true\" role=\"img\" height=\"1em\" width=\"1em\" viewbox=\"0 0 256 512\" xmlns=\"http:\/\/www.w3.org\/2000\/svg\"><path fill=\"currentColor\" d=\"M224.3 273l-136 136c-9.4 9.4-24.6 9.4-33.9 0l-22.6-22.6c-9.4-9.4-9.4-24.6 0-33.9l96.4-96.4-96.4-96.4c-9.4-9.4-9.4-24.6 0-33.9L54.3 103c9.4-9.4 24.6-9.4 33.9 0l136 136c9.5 9.4 9.5 24.6.1 34z\"><\/path><\/svg><\/span><span class=\"gb-headline-text\"><a href=\"https:\/\/www.zoner.fi\/tuki\/wp-one\/yleista-tietoa-verkkokurssipohjasta\/\">Yleist\u00e4 tietoa verkkokurssipohjasta<\/a><\/span><\/h2>\n<\/div><\/div>\n\n<div class=\"gb-grid-column gb-grid-column-00318fb7 gb-query-loop-item post-491 page type-page status-publish category-wp-one tag-verkkokurssi\"><div class=\"gb-container gb-container-00318fb7\">\n<h2 class=\"gb-headline gb-headline-89d06eb3\"><span class=\"gb-icon\"><svg aria-hidden=\"true\" role=\"img\" height=\"1em\" width=\"1em\" viewbox=\"0 0 256 512\" xmlns=\"http:\/\/www.w3.org\/2000\/svg\"><path fill=\"currentColor\" d=\"M224.3 273l-136 136c-9.4 9.4-24.6 9.4-33.9 0l-22.6-22.6c-9.4-9.4-9.4-24.6 0-33.9l96.4-96.4-96.4-96.4c-9.4-9.4-9.4-24.6 0-33.9L54.3 103c9.4-9.4 24.6-9.4 33.9 0l136 136c9.5 9.4 9.5 24.6.1 34z\"><\/path><\/svg><\/span><span class=\"gb-headline-text\"><a href=\"https:\/\/www.zoner.fi\/tuki\/wp-one\/miten-muokkaan-sivuston-ulkoasua-asetuksia-ja-logoa\/\">Miten muokkaan sivuston ulkoasua, asetuksia ja logoa?<\/a><\/span><\/h2>\n<\/div><\/div>\n\n<div class=\"gb-grid-column gb-grid-column-00318fb7 gb-query-loop-item post-482 page type-page status-publish category-wp-one tag-verkkokurssi\"><div class=\"gb-container gb-container-00318fb7\">\n<h2 class=\"gb-headline gb-headline-89d06eb3\"><span class=\"gb-icon\"><svg aria-hidden=\"true\" role=\"img\" height=\"1em\" width=\"1em\" viewbox=\"0 0 256 512\" xmlns=\"http:\/\/www.w3.org\/2000\/svg\"><path fill=\"currentColor\" d=\"M224.3 273l-136 136c-9.4 9.4-24.6 9.4-33.9 0l-22.6-22.6c-9.4-9.4-9.4-24.6 0-33.9l96.4-96.4-96.4-96.4c-9.4-9.4-9.4-24.6 0-33.9L54.3 103c9.4-9.4 24.6-9.4 33.9 0l136 136c9.5 9.4 9.5 24.6.1 34z\"><\/path><\/svg><\/span><span class=\"gb-headline-text\"><a href=\"https:\/\/www.zoner.fi\/tuki\/wp-one\/miten-luon-maksullisen-kurssin\/\">Miten luon maksullisen kurssin?<\/a><\/span><\/h2>\n<\/div><\/div>\n\n<div class=\"gb-grid-column gb-grid-column-00318fb7 gb-query-loop-item post-479 page type-page status-publish category-wp-one tag-verkkokurssi\"><div class=\"gb-container gb-container-00318fb7\">\n<h2 class=\"gb-headline gb-headline-89d06eb3\"><span class=\"gb-icon\"><svg aria-hidden=\"true\" role=\"img\" height=\"1em\" width=\"1em\" viewbox=\"0 0 256 512\" xmlns=\"http:\/\/www.w3.org\/2000\/svg\"><path fill=\"currentColor\" d=\"M224.3 273l-136 136c-9.4 9.4-24.6 9.4-33.9 0l-22.6-22.6c-9.4-9.4-9.4-24.6 0-33.9l96.4-96.4-96.4-96.4c-9.4-9.4-9.4-24.6 0-33.9L54.3 103c9.4-9.4 24.6-9.4 33.9 0l136 136c9.5 9.4 9.5 24.6.1 34z\"><\/path><\/svg><\/span><span class=\"gb-headline-text\"><a href=\"https:\/\/www.zoner.fi\/tuki\/wp-one\/miten-luon-kurssin\/\">Miten luon kurssin?<\/a><\/span><\/h2>\n<\/div><\/div>\n\n<div class=\"gb-grid-column gb-grid-column-00318fb7 gb-query-loop-item post-468 page type-page status-publish category-wp-one tag-verkkokurssi\"><div class=\"gb-container gb-container-00318fb7\">\n<h2 class=\"gb-headline gb-headline-89d06eb3\"><span class=\"gb-icon\"><svg aria-hidden=\"true\" role=\"img\" height=\"1em\" width=\"1em\" viewbox=\"0 0 256 512\" xmlns=\"http:\/\/www.w3.org\/2000\/svg\"><path fill=\"currentColor\" d=\"M224.3 273l-136 136c-9.4 9.4-24.6 9.4-33.9 0l-22.6-22.6c-9.4-9.4-9.4-24.6 0-33.9l96.4-96.4-96.4-96.4c-9.4-9.4-9.4-24.6 0-33.9L54.3 103c9.4-9.4 24.6-9.4 33.9 0l136 136c9.5 9.4 9.5 24.6.1 34z\"><\/path><\/svg><\/span><span class=\"gb-headline-text\"><a href=\"https:\/\/www.zoner.fi\/tuki\/wp-one\/miten-muokkaan-sivustoa-elementorilla\/\">Miten muokkaan sivustoa Elementorilla?<\/a><\/span><\/h2>\n<\/div><\/div>\n<\/div>\n\n<\/div><\/div>\n<\/div>\n<\/div>\n<\/div>\n\n<div class=\"gb-container gb-container-a312080f alignfull\">\n<div class=\"gb-container gb-container-6e82d28c\" id=\"sivuston-siirto\">\n<div class=\"gb-grid-wrapper gb-grid-wrapper-3a874a85\">\n<div class=\"gb-grid-column gb-grid-column-090218fb\"><div class=\"gb-container gb-container-090218fb\">\n\n<h2 class=\"gb-headline gb-headline-d1cf8de8 gb-headline-text\">Sivuston siirto<\/h2>\n\n<\/div><\/div>\n\n<div class=\"gb-grid-column gb-grid-column-13046003\"><div class=\"gb-container gb-container-13046003\">\n\n<div class=\"gb-grid-wrapper gb-grid-wrapper-488d1d47 gb-query-loop-wrapper\">\n<div class=\"gb-grid-column gb-grid-column-c8295d55 gb-query-loop-item post-515 page type-page status-publish category-wp-one tag-sivuston-siirto\"><div class=\"gb-container gb-container-c8295d55\">\n<h2 class=\"gb-headline gb-headline-c81988be\"><span class=\"gb-icon\"><svg aria-hidden=\"true\" role=\"img\" height=\"1em\" width=\"1em\" viewbox=\"0 0 256 512\" xmlns=\"http:\/\/www.w3.org\/2000\/svg\"><path fill=\"currentColor\" d=\"M224.3 273l-136 136c-9.4 9.4-24.6 9.4-33.9 0l-22.6-22.6c-9.4-9.4-9.4-24.6 0-33.9l96.4-96.4-96.4-96.4c-9.4-9.4-9.4-24.6 0-33.9L54.3 103c9.4-9.4 24.6-9.4 33.9 0l136 136c9.5 9.4 9.5 24.6.1 34z\"><\/path><\/svg><\/span><span class=\"gb-headline-text\"><a href=\"https:\/\/www.zoner.fi\/tuki\/wp-one\/miten-siirran-sivuston-wp-one-palveluun\/\">Miten siirr\u00e4n sivuston WP.one-palveluun?<\/a><\/span><\/h2>\n<\/div><\/div>\n<\/div>\n\n<\/div><\/div>\n<\/div>\n<\/div>\n<\/div>","protected":false},"excerpt":{"rendered":"","protected":false},"author":1,"featured_media":0,"parent":0,"menu_order":51,"comment_status":"closed","ping_status":"closed","template":"","meta":{"_relevanssi_hide_post":"","_relevanssi_hide_content":"","_relevanssi_pin_for_all":"","_relevanssi_pin_keywords":"","_relevanssi_unpin_keywords":"","_relevanssi_related_keywords":"","_relevanssi_related_include_ids":"","_relevanssi_related_exclude_ids":"","_relevanssi_related_no_append":"","_relevanssi_related_not_related":"","_relevanssi_related_posts":"1076,1063,1066","_relevanssi_noindex_reason":"","footnotes":""},"categories":[],"tags":[],"wf_page_folders":[],"class_list":["post-434","page","type-page","status-publish"],"_links":{"self":[{"href":"https:\/\/www.zoner.fi\/tuki\/wp-json\/wp\/v2\/pages\/434","targetHints":{"allow":["GET"]}}],"collection":[{"href":"https:\/\/www.zoner.fi\/tuki\/wp-json\/wp\/v2\/pages"}],"about":[{"href":"https:\/\/www.zoner.fi\/tuki\/wp-json\/wp\/v2\/types\/page"}],"author":[{"embeddable":true,"href":"https:\/\/www.zoner.fi\/tuki\/wp-json\/wp\/v2\/users\/1"}],"replies":[{"embeddable":true,"href":"https:\/\/www.zoner.fi\/tuki\/wp-json\/wp\/v2\/comments?post=434"}],"version-history":[{"count":20,"href":"https:\/\/www.zoner.fi\/tuki\/wp-json\/wp\/v2\/pages\/434\/revisions"}],"predecessor-version":[{"id":137755,"href":"https:\/\/www.zoner.fi\/tuki\/wp-json\/wp\/v2\/pages\/434\/revisions\/137755"}],"wp:attachment":[{"href":"https:\/\/www.zoner.fi\/tuki\/wp-json\/wp\/v2\/media?parent=434"}],"wp:term":[{"taxonomy":"category","embeddable":true,"href":"https:\/\/www.zoner.fi\/tuki\/wp-json\/wp\/v2\/categories?post=434"},{"taxonomy":"post_tag","embeddable":true,"href":"https:\/\/www.zoner.fi\/tuki\/wp-json\/wp\/v2\/tags?post=434"},{"taxonomy":"wf_page_folders","embeddable":true,"href":"https:\/\/www.zoner.fi\/tuki\/wp-json\/wp\/v2\/wf_page_folders?post=434"}],"curies":[{"name":"wp","href":"https:\/\/api.w.org\/{rel}","templated":true}]}}