{"id":439,"date":"2021-09-14T17:19:00","date_gmt":"2021-09-14T14:19:00","guid":{"rendered":"https:\/\/www.zoner.fi\/tuki\/?page_id=439"},"modified":"2025-09-10T12:27:09","modified_gmt":"2025-09-10T09:27:09","slug":"miten-otan-kayttoon-wp-rocket-valimuistin-wp-onessa","status":"publish","type":"page","link":"https:\/\/www.zoner.fi\/tuki\/wp-one\/miten-otan-kayttoon-wp-rocket-valimuistin-wp-onessa\/","title":{"rendered":"Miten otan k\u00e4ytt\u00f6\u00f6n WP Rocket -v\u00e4limuistin WP.onessa?"},"content":{"rendered":"\n<p><em>Ohje tarkistettu: 9.10.2025<\/em><\/p>\n\n\n\n<p>Suosittu nopeusoptimointilis\u00e4osa <a href=\"https:\/\/www.zoner.fi\/wordpress\/wp-rocket\/\">WP Rocket<\/a> sis\u00e4ltyy kaikkiin WP.one-paketteihin ilman lis\u00e4maksua! T\u00e4m\u00e4n ohjeen avulla otat sen helposti k\u00e4ytt\u00f6\u00f6n.<\/p>\n\n\n\n<ul class=\"wp-block-list\">\n<li><a href=\"#1\">Ota WP Rocket v\u00e4limuisti k\u00e4ytt\u00f6\u00f6n<\/a><\/li>\n\n\n\n<li><a href=\"#2\">Tyhjenn\u00e4 WP Rocket v\u00e4limuisti <\/a><\/li>\n<\/ul>\n\n\n\n<h2 class=\"wp-block-heading\" id=\"1\">Ota WP Rocket v\u00e4limuisti k\u00e4ytt\u00f6\u00f6n<\/h2>\n\n\n\n<p>1. Kirjaudu WordPress-hallintapaneeliin.<\/p>\n\n\n\n<p>2. Valitse vasemmasta reunasta <strong>WP.one<\/strong>-lis\u00e4osa ja sen j\u00e4lkeen <strong>V\u00e4limuisti<\/strong>.<\/p>\n\n\n\n<figure class=\"wp-block-image size-full\"><img loading=\"lazy\" decoding=\"async\" width=\"500\" height=\"342\" src=\"https:\/\/www.zoner.fi\/tuki\/wp-content\/uploads\/2025\/09\/wp-one-lisaosa-valimuisti.png\" alt=\"\" class=\"wp-image-137217\" srcset=\"https:\/\/www.zoner.fi\/tuki\/wp-content\/uploads\/2025\/09\/wp-one-lisaosa-valimuisti.png 500w, https:\/\/www.zoner.fi\/tuki\/wp-content\/uploads\/2025\/09\/wp-one-lisaosa-valimuisti-300x205.png 300w\" sizes=\"auto, (max-width: 500px) 100vw, 500px\" \/><\/figure>\n\n\n\n<p>3. L\u00f6yd\u00e4t sivun alaosasta WP-Rocket-osion. Klikkaa <strong>Asenna WP Rocket<\/strong> -painiketta.<\/p>\n\n\n\n<figure class=\"wp-block-image size-large\"><img loading=\"lazy\" decoding=\"async\" width=\"790\" height=\"1024\" src=\"https:\/\/www.zoner.fi\/tuki\/wp-content\/uploads\/2021\/10\/wprocket-kayttoonotto-2-790x1024.jpg\" alt=\"\" class=\"wp-image-443\" srcset=\"https:\/\/www.zoner.fi\/tuki\/wp-content\/uploads\/2021\/10\/wprocket-kayttoonotto-2-790x1024.jpg 790w, https:\/\/www.zoner.fi\/tuki\/wp-content\/uploads\/2021\/10\/wprocket-kayttoonotto-2-232x300.jpg 232w, https:\/\/www.zoner.fi\/tuki\/wp-content\/uploads\/2021\/10\/wprocket-kayttoonotto-2-768x995.jpg 768w, https:\/\/www.zoner.fi\/tuki\/wp-content\/uploads\/2021\/10\/wprocket-kayttoonotto-2.jpg 910w\" sizes=\"auto, (max-width: 790px) 100vw, 790px\" \/><\/figure>\n\n\n\n<p>4. Klikkaa WP Rocketin asennuksen valmistuttua viel\u00e4 samaan kohtaan ilmestyv\u00e4\u00e4 <strong>Ota k\u00e4ytt\u00f6\u00f6n<\/strong> -painiketta.<\/p>\n\n\n\n<figure class=\"wp-block-image size-full\"><img loading=\"lazy\" decoding=\"async\" width=\"1022\" height=\"261\" src=\"https:\/\/www.zoner.fi\/tuki\/wp-content\/uploads\/2021\/10\/ota-wprocket-kayttoon.jpg\" alt=\"\" class=\"wp-image-445\" srcset=\"https:\/\/www.zoner.fi\/tuki\/wp-content\/uploads\/2021\/10\/ota-wprocket-kayttoon.jpg 1022w, https:\/\/www.zoner.fi\/tuki\/wp-content\/uploads\/2021\/10\/ota-wprocket-kayttoon-300x77.jpg 300w, https:\/\/www.zoner.fi\/tuki\/wp-content\/uploads\/2021\/10\/ota-wprocket-kayttoon-768x196.jpg 768w\" sizes=\"auto, (max-width: 1022px) 100vw, 1022px\" \/><\/figure>\n\n\n\n<p>5.&nbsp; Lis\u00e4osa on nyt asennettu.<\/p>\n\n\n\n<h3 class=\"wp-block-heading\" id=\"2\">Tyhjenn\u00e4 WP Rocketin v\u00e4limuisti<\/h3>\n\n\n\n<p>WP Rocket -v\u00e4limuistin tyhjent\u00e4minen onnistuu suoraan WordPress-hallintapaneelin kautta. L\u00f6yd\u00e4t yl\u00e4reunasta WP Rocket -pudotusvalikon, jossa kohta <strong>Tyhjenn\u00e4 v\u00e4limuisti<\/strong>.<\/p>\n\n\n\n<figure class=\"wp-block-image size-full\"><img loading=\"lazy\" decoding=\"async\" width=\"393\" height=\"229\" src=\"https:\/\/www.zoner.fi\/tuki\/wp-content\/uploads\/2021\/10\/wp-rocket-tyhjenna-valimuisti.jpg\" alt=\"\" class=\"wp-image-450\" srcset=\"https:\/\/www.zoner.fi\/tuki\/wp-content\/uploads\/2021\/10\/wp-rocket-tyhjenna-valimuisti.jpg 393w, https:\/\/www.zoner.fi\/tuki\/wp-content\/uploads\/2021\/10\/wp-rocket-tyhjenna-valimuisti-300x175.jpg 300w\" sizes=\"auto, (max-width: 393px) 100vw, 393px\" \/><\/figure>\n\n\n\n<p>Suoraan yl\u00e4palkissa oleva <strong>Tyhjenn\u00e4 v\u00e4limuisti<\/strong> -painike tyhjent\u00e4\u00e4 sek\u00e4 palvelimen v\u00e4limuistin ett\u00e4 WP Rocketin v\u00e4limuistin samalla kertaa.<\/p>\n\n\n\n<h3 class=\"wp-block-heading\">Lis\u00e4\u00e4 WP Rocket ohjeita<\/h3>\n\n\n\n<p>L\u00f6yd\u00e4t&nbsp;<a rel=\"noreferrer noopener\" href=\"https:\/\/docs.wp-rocket.me\/article\/59-getting-started\" target=\"_blank\">t\u00e4\u00e4lt\u00e4 WP Rocketin aloitusohjeen<\/a>&nbsp;(englanniksi), jossa tietoa mm. lis\u00e4osan oletusasetuksista ja sen tekemist\u00e4 optimoinneista.<\/p>\n","protected":false},"excerpt":{"rendered":"<p>Suosittu nopeusoptimointilis\u00e4osa WP Rocket sis\u00e4ltyy nyt kaikkiin WP-Cloud-paketteihin ilman lis\u00e4maksua.<\/p>\n","protected":false},"author":1,"featured_media":129980,"parent":434,"menu_order":61,"comment_status":"closed","ping_status":"closed","template":"","meta":{"_relevanssi_hide_post":"","_relevanssi_hide_content":"","_relevanssi_pin_for_all":"","_relevanssi_pin_keywords":"","_relevanssi_unpin_keywords":"","_relevanssi_related_keywords":"","_relevanssi_related_include_ids":"","_relevanssi_related_exclude_ids":"","_relevanssi_related_no_append":"","_relevanssi_related_not_related":"","_relevanssi_related_posts":"1066,1063,1076","_relevanssi_noindex_reason":"","footnotes":""},"categories":[121],"tags":[123,107],"wf_page_folders":[],"class_list":{"0":"post-439","1":"page","2":"type-page","3":"status-publish","4":"has-post-thumbnail","6":"category-wp-rocket","7":"tag-wp-rocket","8":"tag-wp-one-lisaosa"},"_links":{"self":[{"href":"https:\/\/www.zoner.fi\/tuki\/wp-json\/wp\/v2\/pages\/439","targetHints":{"allow":["GET"]}}],"collection":[{"href":"https:\/\/www.zoner.fi\/tuki\/wp-json\/wp\/v2\/pages"}],"about":[{"href":"https:\/\/www.zoner.fi\/tuki\/wp-json\/wp\/v2\/types\/page"}],"author":[{"embeddable":true,"href":"https:\/\/www.zoner.fi\/tuki\/wp-json\/wp\/v2\/users\/1"}],"replies":[{"embeddable":true,"href":"https:\/\/www.zoner.fi\/tuki\/wp-json\/wp\/v2\/comments?post=439"}],"version-history":[{"count":6,"href":"https:\/\/www.zoner.fi\/tuki\/wp-json\/wp\/v2\/pages\/439\/revisions"}],"predecessor-version":[{"id":137220,"href":"https:\/\/www.zoner.fi\/tuki\/wp-json\/wp\/v2\/pages\/439\/revisions\/137220"}],"up":[{"embeddable":true,"href":"https:\/\/www.zoner.fi\/tuki\/wp-json\/wp\/v2\/pages\/434"}],"wp:featuredmedia":[{"embeddable":true,"href":"https:\/\/www.zoner.fi\/tuki\/wp-json\/wp\/v2\/media\/129980"}],"wp:attachment":[{"href":"https:\/\/www.zoner.fi\/tuki\/wp-json\/wp\/v2\/media?parent=439"}],"wp:term":[{"taxonomy":"category","embeddable":true,"href":"https:\/\/www.zoner.fi\/tuki\/wp-json\/wp\/v2\/categories?post=439"},{"taxonomy":"post_tag","embeddable":true,"href":"https:\/\/www.zoner.fi\/tuki\/wp-json\/wp\/v2\/tags?post=439"},{"taxonomy":"wf_page_folders","embeddable":true,"href":"https:\/\/www.zoner.fi\/tuki\/wp-json\/wp\/v2\/wf_page_folders?post=439"}],"curies":[{"name":"wp","href":"https:\/\/api.w.org\/{rel}","templated":true}]}}