{"id":453,"date":"2021-07-14T12:51:00","date_gmt":"2021-07-14T09:51:00","guid":{"rendered":"https:\/\/www.zoner.fi\/tuki\/?page_id=453"},"modified":"2025-09-11T16:54:37","modified_gmt":"2025-09-11T13:54:37","slug":"miten-hallitsen-wp-one-paivityksia","status":"publish","type":"page","link":"https:\/\/www.zoner.fi\/tuki\/wp-one\/miten-hallitsen-wp-one-paivityksia\/","title":{"rendered":"Miten hallitsen WP.one-p\u00e4ivityksi\u00e4?"},"content":{"rendered":"\n<p><em>Ohje tarkistettu: 14.7.2021<\/em><\/p>\n\n\n\n<p>WP.one-lis\u00e4osan P\u00e4ivitykset-v\u00e4lilehdell\u00e4 voit muokata WP.onen automaattista p\u00e4ivitystoimintoa. Voit esim. ohittaa yksitt\u00e4isen lis\u00e4osan tai teeman p\u00e4ivityslistasta tai ottaa automaattisen p\u00e4ivityksen kokonaan pois p\u00e4\u00e4lt\u00e4, mit\u00e4 emme kuitenkaan suosittele.<\/p>\n\n\n\n<figure class=\"wp-block-image size-full\"><img loading=\"lazy\" decoding=\"async\" width=\"768\" height=\"704\" src=\"https:\/\/www.zoner.fi\/tuki\/wp-content\/uploads\/2021\/10\/WPC-updates-768x704-1.png\" alt=\"\" class=\"wp-image-454\" srcset=\"https:\/\/www.zoner.fi\/tuki\/wp-content\/uploads\/2021\/10\/WPC-updates-768x704-1.png 768w, https:\/\/www.zoner.fi\/tuki\/wp-content\/uploads\/2021\/10\/WPC-updates-768x704-1-300x275.png 300w\" sizes=\"auto, (max-width: 768px) 100vw, 768px\" \/><\/figure>\n\n\n\n<p>V\u00e4lilehden kautta voit my\u00f6s muokata osoitetta, johon saat ilmoituksen p\u00e4ivityksen j\u00e4lkeen. Ilmoituksen voi ottaa my\u00f6s kokonaan pois p\u00e4\u00e4lt\u00e4.<\/p>\n\n\n\n<p>P\u00e4ivitykset-sivulla voit my\u00f6s ottaa visuaalisen testaamisen pois p\u00e4\u00e4lt\u00e4. Se voi olla hy\u00f6dyllist\u00e4, jos sivustolla on paljon liikkuvia kuvia kuten videoita, animaatioita tai kuvakaruselleja.<\/p>\n\n\n\n<p>Jos teet muutoksia asetuksiin, tallenna ne painamalla <strong>Tallenna muutokset<\/strong> -nappia.<\/p>\n","protected":false},"excerpt":{"rendered":"<p>WP-Cloud lis\u00e4osan P\u00e4ivitykset v\u00e4lilehdell\u00e4 on mahdollistaa muokata WP-Cloudin automaattista p\u00e4ivitystoimintoa.<\/p>\n","protected":false},"author":1,"featured_media":0,"parent":434,"menu_order":60,"comment_status":"closed","ping_status":"closed","template":"","meta":{"_relevanssi_hide_post":"","_relevanssi_hide_content":"","_relevanssi_pin_for_all":"","_relevanssi_pin_keywords":"","_relevanssi_unpin_keywords":"","_relevanssi_related_keywords":"","_relevanssi_related_include_ids":"","_relevanssi_related_exclude_ids":"","_relevanssi_related_no_append":"","_relevanssi_related_not_related":"","_relevanssi_related_posts":"1063,1066,1076","_relevanssi_noindex_reason":"","footnotes":""},"categories":[48],"tags":[107],"wf_page_folders":[],"class_list":{"0":"post-453","1":"page","2":"type-page","3":"status-publish","5":"category-wp-one","6":"tag-wp-one-lisaosa"},"_links":{"self":[{"href":"https:\/\/www.zoner.fi\/tuki\/wp-json\/wp\/v2\/pages\/453","targetHints":{"allow":["GET"]}}],"collection":[{"href":"https:\/\/www.zoner.fi\/tuki\/wp-json\/wp\/v2\/pages"}],"about":[{"href":"https:\/\/www.zoner.fi\/tuki\/wp-json\/wp\/v2\/types\/page"}],"author":[{"embeddable":true,"href":"https:\/\/www.zoner.fi\/tuki\/wp-json\/wp\/v2\/users\/1"}],"replies":[{"embeddable":true,"href":"https:\/\/www.zoner.fi\/tuki\/wp-json\/wp\/v2\/comments?post=453"}],"version-history":[{"count":4,"href":"https:\/\/www.zoner.fi\/tuki\/wp-json\/wp\/v2\/pages\/453\/revisions"}],"predecessor-version":[{"id":137305,"href":"https:\/\/www.zoner.fi\/tuki\/wp-json\/wp\/v2\/pages\/453\/revisions\/137305"}],"up":[{"embeddable":true,"href":"https:\/\/www.zoner.fi\/tuki\/wp-json\/wp\/v2\/pages\/434"}],"wp:attachment":[{"href":"https:\/\/www.zoner.fi\/tuki\/wp-json\/wp\/v2\/media?parent=453"}],"wp:term":[{"taxonomy":"category","embeddable":true,"href":"https:\/\/www.zoner.fi\/tuki\/wp-json\/wp\/v2\/categories?post=453"},{"taxonomy":"post_tag","embeddable":true,"href":"https:\/\/www.zoner.fi\/tuki\/wp-json\/wp\/v2\/tags?post=453"},{"taxonomy":"wf_page_folders","embeddable":true,"href":"https:\/\/www.zoner.fi\/tuki\/wp-json\/wp\/v2\/wf_page_folders?post=453"}],"curies":[{"name":"wp","href":"https:\/\/api.w.org\/{rel}","templated":true}]}}