{"id":460,"date":"2021-07-14T14:46:00","date_gmt":"2021-07-14T11:46:00","guid":{"rendered":"https:\/\/www.zoner.fi\/tuki\/?page_id=460"},"modified":"2025-09-10T13:08:46","modified_gmt":"2025-09-10T10:08:46","slug":"miten-hallitsen-wp-onen-valimuistia","status":"publish","type":"page","link":"https:\/\/www.zoner.fi\/tuki\/wp-one\/miten-hallitsen-wp-onen-valimuistia\/","title":{"rendered":"Miten hallitsen WP.onen v\u00e4limuistia?"},"content":{"rendered":"\n<p><em>Ohje tarkistettu: 24.2.202<\/em>3<\/p>\n\n\n\n<p>WP.one <a href=\"https:\/\/www.zoner.fi\/wordpress\/wp-one\/\">WordPress hosting <\/a>k\u00e4ytt\u00e4\u00e4 tehokasta sivuv\u00e4limuistia joka mahdollistaa sivun nopean latautumisen sivustolla vierailijoille. T\u00e4m\u00e4n lis\u00e4ksi WP.one-palveluihin on saatavilla lis\u00e4palveluna erillinen Redis-v\u00e4limuisti joka v\u00e4limuistittaa tietokantakyselyit\u00e4 jolloin niit\u00e4 ei ladata uudestaan jokaisella sivulatauksella.<\/p>\n\n\n\n<ul class=\"wp-block-list\">\n<li><a href=\"#1\">V\u00e4limuistien hallinta<\/a><\/li>\n\n\n\n<li><a href=\"#2\">V\u00e4limuistien tyhjent\u00e4minen<\/a><\/li>\n<\/ul>\n\n\n\n<h2 class=\"wp-block-heading\" id=\"1\">V\u00e4limuistien hallinta<\/h2>\n\n\n\n<p>WP.one-lis\u00e4osan V\u00e4limuisti-v\u00e4lilehdell\u00e4 voit hallita WP.onen v\u00e4limuisteja joko ottamalla ne pois p\u00e4\u00e4lt\u00e4 tai laittamalla p\u00e4\u00e4lle.<\/p>\n\n\n\n<figure class=\"wp-block-image size-large\"><img loading=\"lazy\" decoding=\"async\" width=\"1024\" height=\"654\" src=\"https:\/\/www.zoner.fi\/tuki\/wp-content\/uploads\/2025\/09\/wp-one-lisaosa-valimuisti-3-1024x654.png\" alt=\"\" class=\"wp-image-137225\" srcset=\"https:\/\/www.zoner.fi\/tuki\/wp-content\/uploads\/2025\/09\/wp-one-lisaosa-valimuisti-3-1024x654.png 1024w, https:\/\/www.zoner.fi\/tuki\/wp-content\/uploads\/2025\/09\/wp-one-lisaosa-valimuisti-3-300x192.png 300w, https:\/\/www.zoner.fi\/tuki\/wp-content\/uploads\/2025\/09\/wp-one-lisaosa-valimuisti-3-768x490.png 768w, https:\/\/www.zoner.fi\/tuki\/wp-content\/uploads\/2025\/09\/wp-one-lisaosa-valimuisti-3-1536x981.png 1536w, https:\/\/www.zoner.fi\/tuki\/wp-content\/uploads\/2025\/09\/wp-one-lisaosa-valimuisti-3.png 1754w\" sizes=\"auto, (max-width: 1024px) 100vw, 1024px\" \/><\/figure>\n\n\n\n<h3 class=\"wp-block-heading\">&#8221;V\u00e4limuisti ei mahdollisesti toimi oikein&#8221; -ilmoitus<\/h3>\n\n\n\n<p>WP.one-lis\u00e4osan V\u00e4limuisti-sivulla saattaa n\u00e4ky\u00e4 seuraava viesti:<\/p>\n\n\n\n<p><em>Tila: V\u00e4limuisti ei mahdollisesti toimi oikein. P\u00e4ivit\u00e4 t\u00e4m\u00e4 sivu tarkistaaksesi toimiiko v\u00e4limuisti oikein. Jos t\u00e4m\u00e4 teksti ilmestyy uudestaan, v\u00e4limuisti ei toimi oikein ja se johtuu todenn\u00e4k\u00f6isesti jostain lis\u00e4osasta. Jos tarvitset apua, ota meihin yhteytt\u00e4 tuki-v\u00e4lilehden kautta.<\/em><\/p>\n\n\n\n<p>Jos viesti ei l\u00e4hde pois n\u00e4kyvist\u00e4 sivua p\u00e4ivitt\u00e4m\u00e4ll\u00e4, jokin sivuston lis\u00e4osa aiheuttaa todenn\u00e4k\u00f6isesti yhteensopivuusongelman sivuv\u00e4limuistin kanssa. T\u00e4llaisia lis\u00e4osia ovat mm. erilaiset kielilis\u00e4osat sek\u00e4 jotkin Woocommerce-asetukset.<\/p>\n\n\n\n<h3 class=\"wp-block-heading\">CDN:n ohitus<\/h3>\n\n\n\n<p>V\u00e4limuisti sivulta on my\u00f6s mahdollista ohittaa CDN (Content Delivery Netwodk) -v\u00e4limuisti joka on hy\u00f6dyllist\u00e4 mik\u00e4li sivustolla oleviin staattisiin tiedostoihin on tehty suoraan muokkauksia.<\/p>\n\n\n\n<h2 class=\"wp-block-heading\" id=\"2\">V\u00e4limuistien tyhjent\u00e4minen<\/h2>\n\n\n\n<p>Sivuston v\u00e4limuistin voi tyhjent\u00e4\u00e4 WordPress-hallinnan yl\u00e4palkin \u201dTyhjenn\u00e4 v\u00e4limuisti\u201d -painikkeesta.<\/p>\n\n\n\n<figure class=\"wp-block-image size-large\"><img loading=\"lazy\" decoding=\"async\" width=\"1024\" height=\"320\" src=\"https:\/\/www.zoner.fi\/tuki\/wp-content\/uploads\/2025\/09\/wp-one-lisaosa-valimuisti-2-1024x320.png\" alt=\"\" class=\"wp-image-137224\" srcset=\"https:\/\/www.zoner.fi\/tuki\/wp-content\/uploads\/2025\/09\/wp-one-lisaosa-valimuisti-2-1024x320.png 1024w, https:\/\/www.zoner.fi\/tuki\/wp-content\/uploads\/2025\/09\/wp-one-lisaosa-valimuisti-2-300x94.png 300w, https:\/\/www.zoner.fi\/tuki\/wp-content\/uploads\/2025\/09\/wp-one-lisaosa-valimuisti-2-768x240.png 768w, https:\/\/www.zoner.fi\/tuki\/wp-content\/uploads\/2025\/09\/wp-one-lisaosa-valimuisti-2-1536x480.png 1536w, https:\/\/www.zoner.fi\/tuki\/wp-content\/uploads\/2025\/09\/wp-one-lisaosa-valimuisti-2.png 1753w\" sizes=\"auto, (max-width: 1024px) 100vw, 1024px\" \/><\/figure>\n\n\n\n<p><\/p>\n","protected":false},"excerpt":{"rendered":"<p>WP-Cloud palvelu k\u00e4ytt\u00e4\u00e4 tehokasta sivuv\u00e4limuistia joka mahdollistaa sivun nopean latautumisen sivustolla vierailijoille.<\/p>\n","protected":false},"author":1,"featured_media":0,"parent":434,"menu_order":62,"comment_status":"closed","ping_status":"closed","template":"","meta":{"_relevanssi_hide_post":"","_relevanssi_hide_content":"","_relevanssi_pin_for_all":"","_relevanssi_pin_keywords":"","_relevanssi_unpin_keywords":"","_relevanssi_related_keywords":"","_relevanssi_related_include_ids":"","_relevanssi_related_exclude_ids":"","_relevanssi_related_no_append":"","_relevanssi_related_not_related":"","_relevanssi_related_posts":"1063,1066,1076","_relevanssi_noindex_reason":"","footnotes":""},"categories":[48],"tags":[107],"wf_page_folders":[],"class_list":{"0":"post-460","1":"page","2":"type-page","3":"status-publish","5":"category-wp-one","6":"tag-wp-one-lisaosa"},"_links":{"self":[{"href":"https:\/\/www.zoner.fi\/tuki\/wp-json\/wp\/v2\/pages\/460","targetHints":{"allow":["GET"]}}],"collection":[{"href":"https:\/\/www.zoner.fi\/tuki\/wp-json\/wp\/v2\/pages"}],"about":[{"href":"https:\/\/www.zoner.fi\/tuki\/wp-json\/wp\/v2\/types\/page"}],"author":[{"embeddable":true,"href":"https:\/\/www.zoner.fi\/tuki\/wp-json\/wp\/v2\/users\/1"}],"replies":[{"embeddable":true,"href":"https:\/\/www.zoner.fi\/tuki\/wp-json\/wp\/v2\/comments?post=460"}],"version-history":[{"count":7,"href":"https:\/\/www.zoner.fi\/tuki\/wp-json\/wp\/v2\/pages\/460\/revisions"}],"predecessor-version":[{"id":137226,"href":"https:\/\/www.zoner.fi\/tuki\/wp-json\/wp\/v2\/pages\/460\/revisions\/137226"}],"up":[{"embeddable":true,"href":"https:\/\/www.zoner.fi\/tuki\/wp-json\/wp\/v2\/pages\/434"}],"wp:attachment":[{"href":"https:\/\/www.zoner.fi\/tuki\/wp-json\/wp\/v2\/media?parent=460"}],"wp:term":[{"taxonomy":"category","embeddable":true,"href":"https:\/\/www.zoner.fi\/tuki\/wp-json\/wp\/v2\/categories?post=460"},{"taxonomy":"post_tag","embeddable":true,"href":"https:\/\/www.zoner.fi\/tuki\/wp-json\/wp\/v2\/tags?post=460"},{"taxonomy":"wf_page_folders","embeddable":true,"href":"https:\/\/www.zoner.fi\/tuki\/wp-json\/wp\/v2\/wf_page_folders?post=460"}],"curies":[{"name":"wp","href":"https:\/\/api.w.org\/{rel}","templated":true}]}}