{"id":464,"date":"2021-07-13T15:44:00","date_gmt":"2021-07-13T12:44:00","guid":{"rendered":"https:\/\/www.zoner.fi\/tuki\/?page_id=464"},"modified":"2025-09-11T16:51:23","modified_gmt":"2025-09-11T13:51:23","slug":"miten-wp-onen-varmuuskopiointi-toimii","status":"publish","type":"page","link":"https:\/\/www.zoner.fi\/tuki\/wp-one\/miten-wp-onen-varmuuskopiointi-toimii\/","title":{"rendered":"Miten WP.onen varmuuskopiointi toimii?"},"content":{"rendered":"\n<p><em>Ohje tarkistettu: 13.7.2021<\/em><\/p>\n\n\n\n<p>WP.one palvelussa otetaan automaattisesti varmuuskopioita joka y\u00f6, ja ne siirrett\u00e4\u00e4n automaattisesti ulkoiselle palvelimelle, jotta ne eiv\u00e4t kuluta palvelimen levytilaa.<\/p>\n\n\n\n<p>Suosittelemme lis\u00e4ksi, ett\u00e4 varmuuskopioit sivustosi s\u00e4\u00e4nn\u00f6llisesti my\u00f6s itse esim. UpdrafPlus-lis\u00e4osalla, joka mahdollistaa ajastetut varmuuskopiot, palautukset sek\u00e4 mahdollisuuden siirt\u00e4\u00e4 varmuuskopio suoraan ulkoiseen palveluun kuten Google Drive.<\/p>\n\n\n\n<p>WP.one-lis\u00e4osan kautta voit my\u00f6s ottaa omia varmuuskopioita ja ladata ne omalle koneellesi.<\/p>\n\n\n\n<figure class=\"wp-block-image size-full\"><img loading=\"lazy\" decoding=\"async\" width=\"768\" height=\"330\" src=\"https:\/\/www.zoner.fi\/tuki\/wp-content\/uploads\/2021\/10\/backups-768x330-1.png\" alt=\"\" class=\"wp-image-466\" srcset=\"https:\/\/www.zoner.fi\/tuki\/wp-content\/uploads\/2021\/10\/backups-768x330-1.png 768w, https:\/\/www.zoner.fi\/tuki\/wp-content\/uploads\/2021\/10\/backups-768x330-1-300x129.png 300w\" sizes=\"auto, (max-width: 768px) 100vw, 768px\" \/><\/figure>\n\n\n\n<p>Itsetehdyn varmuuskopion voi palauttaa itse, mutta t\u00e4m\u00e4 vaatii hyv\u00e4\u00e4 SSH \/ SFTP osaamista, joten suosittelemme pyyt\u00e4m\u00e4\u00e4n meilt\u00e4 apua palautuksen tekemisess\u00e4.<\/p>\n","protected":false},"excerpt":{"rendered":"<p>WP-Cloud palvelussa otetaan automaattisesti varmuuskopiota joka y\u00f6 ja ne siirrett\u00e4\u00e4n automaattisesti ulkoiselle palvelimelle jotta ne eiv\u00e4t kuluta palvelimen levytilaa.<\/p>\n","protected":false},"author":1,"featured_media":0,"parent":434,"menu_order":63,"comment_status":"closed","ping_status":"closed","template":"","meta":{"_relevanssi_hide_post":"","_relevanssi_hide_content":"","_relevanssi_pin_for_all":"","_relevanssi_pin_keywords":"","_relevanssi_unpin_keywords":"","_relevanssi_related_keywords":"","_relevanssi_related_include_ids":"","_relevanssi_related_exclude_ids":"","_relevanssi_related_no_append":"","_relevanssi_related_not_related":"","_relevanssi_related_posts":"1066,1076,1063","_relevanssi_noindex_reason":"","footnotes":""},"categories":[48],"tags":[107],"wf_page_folders":[],"class_list":{"0":"post-464","1":"page","2":"type-page","3":"status-publish","5":"category-wp-one","6":"tag-wp-one-lisaosa"},"_links":{"self":[{"href":"https:\/\/www.zoner.fi\/tuki\/wp-json\/wp\/v2\/pages\/464","targetHints":{"allow":["GET"]}}],"collection":[{"href":"https:\/\/www.zoner.fi\/tuki\/wp-json\/wp\/v2\/pages"}],"about":[{"href":"https:\/\/www.zoner.fi\/tuki\/wp-json\/wp\/v2\/types\/page"}],"author":[{"embeddable":true,"href":"https:\/\/www.zoner.fi\/tuki\/wp-json\/wp\/v2\/users\/1"}],"replies":[{"embeddable":true,"href":"https:\/\/www.zoner.fi\/tuki\/wp-json\/wp\/v2\/comments?post=464"}],"version-history":[{"count":4,"href":"https:\/\/www.zoner.fi\/tuki\/wp-json\/wp\/v2\/pages\/464\/revisions"}],"predecessor-version":[{"id":137303,"href":"https:\/\/www.zoner.fi\/tuki\/wp-json\/wp\/v2\/pages\/464\/revisions\/137303"}],"up":[{"embeddable":true,"href":"https:\/\/www.zoner.fi\/tuki\/wp-json\/wp\/v2\/pages\/434"}],"wp:attachment":[{"href":"https:\/\/www.zoner.fi\/tuki\/wp-json\/wp\/v2\/media?parent=464"}],"wp:term":[{"taxonomy":"category","embeddable":true,"href":"https:\/\/www.zoner.fi\/tuki\/wp-json\/wp\/v2\/categories?post=464"},{"taxonomy":"post_tag","embeddable":true,"href":"https:\/\/www.zoner.fi\/tuki\/wp-json\/wp\/v2\/tags?post=464"},{"taxonomy":"wf_page_folders","embeddable":true,"href":"https:\/\/www.zoner.fi\/tuki\/wp-json\/wp\/v2\/wf_page_folders?post=464"}],"curies":[{"name":"wp","href":"https:\/\/api.w.org\/{rel}","templated":true}]}}