{"id":468,"date":"2020-08-17T15:46:00","date_gmt":"2020-08-17T12:46:00","guid":{"rendered":"https:\/\/www.zoner.fi\/tuki\/?page_id=468"},"modified":"2025-07-08T11:54:52","modified_gmt":"2025-07-08T08:54:52","slug":"miten-muokkaan-sivustoa-elementorilla","status":"publish","type":"page","link":"https:\/\/www.zoner.fi\/tuki\/wp-one\/miten-muokkaan-sivustoa-elementorilla\/","title":{"rendered":"Miten muokkaan sivustoa Elementorilla?"},"content":{"rendered":"\n<p><em>Ohje tarkistettu: 17.8.2020<\/em><\/p>\n\n\n\n<figure class=\"wp-block-embed is-type-video is-provider-vimeo wp-block-embed-vimeo wp-embed-aspect-16-9 wp-has-aspect-ratio\"><div class=\"wp-block-embed__wrapper\">\n<iframe loading=\"lazy\" title=\"Sivujen muokkaus Elementor-sivurakentajalla\" src=\"https:\/\/player.vimeo.com\/video\/434681545?h=9f3b19be89&amp;dnt=1&amp;app_id=122963\" width=\"1200\" height=\"675\" frameborder=\"0\" allow=\"autoplay; fullscreen; picture-in-picture\" allowfullscreen><\/iframe>\n<\/div><\/figure>\n\n\n\n<figure class=\"wp-block-embed is-type-video is-provider-vimeo wp-block-embed-vimeo wp-embed-aspect-16-9 wp-has-aspect-ratio\"><div class=\"wp-block-embed__wrapper\">\n<iframe loading=\"lazy\" title=\"Lis&amp;auml;vinkkej&amp;auml; Elementor-sivurakentajan k&amp;auml;ytt&amp;ouml;&amp;ouml;n\" src=\"https:\/\/player.vimeo.com\/video\/434680576?h=316dbc9bf5&amp;dnt=1&amp;app_id=122963\" width=\"1200\" height=\"675\" frameborder=\"0\" allow=\"autoplay; fullscreen; picture-in-picture\" allowfullscreen><\/iframe>\n<\/div><\/figure>\n\n\n\n<p>Olemme rakentaneet sivustolle oletusulkoasun Elementor-sivunrakentajalla. Sivuja p\u00e4\u00e4set muokkaamaan kirjautumalla ensin sis\u00e4lle ohjausn\u00e4kym\u00e4\u00e4n ja menem\u00e4ll\u00e4 sitten sivuston asiakasn\u00e4kym\u00e4\u00e4n esim. vasemman yl\u00e4kulman talokuvakkeesta. Mene sivulle, jota haluat muokata ja klikkaa sivun yl\u00e4reunasta Muokkaa Elementorilla.<\/p>\n\n\n\n<figure class=\"wp-block-image size-full\"><img loading=\"lazy\" decoding=\"async\" width=\"494\" height=\"162\" src=\"https:\/\/www.zoner.fi\/tuki\/wp-content\/uploads\/2021\/10\/muokkaa-elementorilla.jpg\" alt=\"\" class=\"wp-image-473\" srcset=\"https:\/\/www.zoner.fi\/tuki\/wp-content\/uploads\/2021\/10\/muokkaa-elementorilla.jpg 494w, https:\/\/www.zoner.fi\/tuki\/wp-content\/uploads\/2021\/10\/muokkaa-elementorilla-300x98.jpg 300w\" sizes=\"auto, (max-width: 494px) 100vw, 494px\" \/><\/figure>\n\n\n\n<p>Sinulle aukeaa muokkausn\u00e4kym\u00e4, jossa ruudun vasemmassa reunassa on erilaisia vaihtoehtoja sis\u00e4lt\u00e4v\u00e4 muokkausruutu ja oikealla puolella n\u00e4et muokattavan sivun.<\/p>\n\n\n\n<figure class=\"wp-block-image size-full\"><img loading=\"lazy\" decoding=\"async\" width=\"800\" height=\"393\" src=\"https:\/\/www.zoner.fi\/tuki\/wp-content\/uploads\/2021\/10\/elementor-nakyma.jpg\" alt=\"\" class=\"wp-image-475\" srcset=\"https:\/\/www.zoner.fi\/tuki\/wp-content\/uploads\/2021\/10\/elementor-nakyma.jpg 800w, https:\/\/www.zoner.fi\/tuki\/wp-content\/uploads\/2021\/10\/elementor-nakyma-300x147.jpg 300w, https:\/\/www.zoner.fi\/tuki\/wp-content\/uploads\/2021\/10\/elementor-nakyma-768x377.jpg 768w\" sizes=\"auto, (max-width: 800px) 100vw, 800px\" \/><\/figure>\n\n\n\n<p>Kun viet hiirt\u00e4 muokattavan sivun osien p\u00e4\u00e4lle, n\u00e4et erilaisia kehystettyj\u00e4 alueita.<\/p>\n\n\n\n<figure class=\"wp-block-image size-full\"><img loading=\"lazy\" decoding=\"async\" width=\"800\" height=\"179\" src=\"https:\/\/www.zoner.fi\/tuki\/wp-content\/uploads\/2021\/10\/elementor-alueet.jpg\" alt=\"\" class=\"wp-image-476\" srcset=\"https:\/\/www.zoner.fi\/tuki\/wp-content\/uploads\/2021\/10\/elementor-alueet.jpg 800w, https:\/\/www.zoner.fi\/tuki\/wp-content\/uploads\/2021\/10\/elementor-alueet-300x67.jpg 300w, https:\/\/www.zoner.fi\/tuki\/wp-content\/uploads\/2021\/10\/elementor-alueet-768x172.jpg 768w\" sizes=\"auto, (max-width: 800px) 100vw, 800px\" \/><\/figure>\n\n\n\n<p>Suurempi vaaleansininen kehys merkitsee rivi\u00e4 eli osiota, joka kattaa koko sivun leveyssuunnassa.<br>Osion sis\u00e4ll\u00e4 on mustalla merkittyj\u00e4 sarakkeita.<br>Sarakkeen sis\u00e4ll\u00e4 on vaaleansinisell\u00e4 kyn\u00e4-kuvakkeella merkittyj\u00e4 yksitt\u00e4isi\u00e4 elementtej\u00e4.<\/p>\n\n\n\n<p>Jokaista aluetta p\u00e4\u00e4see muokkaamaan klikkaamalla sit\u00e4 hiirell\u00e4, jolloin vasemman reunan muokkausn\u00e4kym\u00e4\u00e4n tulee ko. alueen\/osan muokkausvaihtoehdot. Muokkausn\u00e4kym\u00e4ss\u00e4 on yleens\u00e4 kolme v\u00e4lilehte\u00e4: Sis\u00e4lt\u00f6, tyyli ja edistynyt. K\u00e4y asetuksia l\u00e4pi, niin l\u00f6yd\u00e4t valtavasti vaihtoehtoja! Alueen saa monistettua tai poistettua klikkaamalla alueen p\u00e4\u00e4ll\u00e4 hiiren oikeanpuoleista n\u00e4pp\u00e4int\u00e4.<\/p>\n\n\n\n<p>Kun muokkaus on valmis, tallenna muutokset klikkaamalla P\u00e4ivit\u00e4-painiketta.<\/p>\n\n\n\n<p>Elementorista on tehty paljon hyvin havainnollisia ohjevideoita&nbsp;<a href=\"https:\/\/www.youtube.com\/channel\/UCt9kG_EDX8zwGSC1-ycJJVA\" target=\"_blank\" rel=\"noreferrer noopener\">https:\/\/www.youtube.com\/channel\/UCt9kG_EDX8zwGSC1-ycJJVA<\/a><\/p>\n\n\n\n<p>P\u00e4\u00e4set pois muokkaustilasta klikkaamalla vasemman yl\u00e4kulman valikkopainiketta ja valitsemalla N\u00e4yt\u00e4 sivu tai Palaa ohjausn\u00e4kym\u00e4\u00e4n.<\/p>\n","protected":false},"excerpt":{"rendered":"<p>Ohjeistus Elementor-sivurakentajan k\u00e4ytt\u00f6\u00f6n.<\/p>\n","protected":false},"author":1,"featured_media":0,"parent":434,"menu_order":54,"comment_status":"closed","ping_status":"closed","template":"","meta":{"_relevanssi_hide_post":"","_relevanssi_hide_content":"","_relevanssi_pin_for_all":"","_relevanssi_pin_keywords":"","_relevanssi_unpin_keywords":"","_relevanssi_related_keywords":"","_relevanssi_related_include_ids":"","_relevanssi_related_exclude_ids":"","_relevanssi_related_no_append":"","_relevanssi_related_not_related":"","_relevanssi_related_posts":"1076,1066,1063","_relevanssi_noindex_reason":"","footnotes":""},"categories":[48],"tags":[105],"wf_page_folders":[],"class_list":{"0":"post-468","1":"page","2":"type-page","3":"status-publish","5":"category-wp-one","6":"tag-verkkokurssi"},"_links":{"self":[{"href":"https:\/\/www.zoner.fi\/tuki\/wp-json\/wp\/v2\/pages\/468","targetHints":{"allow":["GET"]}}],"collection":[{"href":"https:\/\/www.zoner.fi\/tuki\/wp-json\/wp\/v2\/pages"}],"about":[{"href":"https:\/\/www.zoner.fi\/tuki\/wp-json\/wp\/v2\/types\/page"}],"author":[{"embeddable":true,"href":"https:\/\/www.zoner.fi\/tuki\/wp-json\/wp\/v2\/users\/1"}],"replies":[{"embeddable":true,"href":"https:\/\/www.zoner.fi\/tuki\/wp-json\/wp\/v2\/comments?post=468"}],"version-history":[{"count":2,"href":"https:\/\/www.zoner.fi\/tuki\/wp-json\/wp\/v2\/pages\/468\/revisions"}],"predecessor-version":[{"id":129860,"href":"https:\/\/www.zoner.fi\/tuki\/wp-json\/wp\/v2\/pages\/468\/revisions\/129860"}],"up":[{"embeddable":true,"href":"https:\/\/www.zoner.fi\/tuki\/wp-json\/wp\/v2\/pages\/434"}],"wp:attachment":[{"href":"https:\/\/www.zoner.fi\/tuki\/wp-json\/wp\/v2\/media?parent=468"}],"wp:term":[{"taxonomy":"category","embeddable":true,"href":"https:\/\/www.zoner.fi\/tuki\/wp-json\/wp\/v2\/categories?post=468"},{"taxonomy":"post_tag","embeddable":true,"href":"https:\/\/www.zoner.fi\/tuki\/wp-json\/wp\/v2\/tags?post=468"},{"taxonomy":"wf_page_folders","embeddable":true,"href":"https:\/\/www.zoner.fi\/tuki\/wp-json\/wp\/v2\/wf_page_folders?post=468"}],"curies":[{"name":"wp","href":"https:\/\/api.w.org\/{rel}","templated":true}]}}