{"id":479,"date":"2020-08-17T15:58:00","date_gmt":"2020-08-17T12:58:00","guid":{"rendered":"https:\/\/www.zoner.fi\/tuki\/?page_id=479"},"modified":"2025-07-08T11:53:20","modified_gmt":"2025-07-08T08:53:20","slug":"miten-luon-kurssin","status":"publish","type":"page","link":"https:\/\/www.zoner.fi\/tuki\/wp-one\/miten-luon-kurssin\/","title":{"rendered":"Miten luon kurssin?"},"content":{"rendered":"\n<p><em>Ohje tarkistettu: 17.8.2020<\/em><\/p>\n\n\n\n<figure class=\"wp-block-embed is-type-video is-provider-vimeo wp-block-embed-vimeo wp-embed-aspect-16-9 wp-has-aspect-ratio\"><div class=\"wp-block-embed__wrapper\">\n<iframe loading=\"lazy\" title=\"Kurssin luominen WP-Cloud Verkkokurssi -palvelussa\" src=\"https:\/\/player.vimeo.com\/video\/434682140?h=c463a94b58&amp;dnt=1&amp;app_id=122963\" width=\"1200\" height=\"675\" frameborder=\"0\" allow=\"autoplay; fullscreen; picture-in-picture\" allowfullscreen><\/iframe>\n<\/div><\/figure>\n\n\n\n<p>Kurssi voi sis\u00e4lt\u00e4\u00e4 yhden tai useamman oppitunnin ja oppitunnin voi jakaa aiheisiin. Lis\u00e4ksi kurssiin voi liitt\u00e4\u00e4 erilaisia testej\u00e4 kysymyksineen. Jokaisella osiolla on asetuksia, joilla voi m\u00e4\u00e4ritt\u00e4\u00e4 esim. julkaisuajankohtaa sek\u00e4 kurssin suorittamisj\u00e4rjestyst\u00e4 ja ehtoja. Eri kohdista l\u00f6ytyy ohjetekstej\u00e4 kysymysmerkki\u00e4 klikkaamalla, suosittelen tutustumaan niihin!<\/p>\n\n\n\n<p>Mene ohjausn\u00e4kym\u00e4n vasemman reunan valikosta kohtaan LearnDash LMS -&gt; Kurssit ja klikkaa ruudun oikeasta kulmasta Lis\u00e4\u00e4 uusi.<\/p>\n\n\n\n<p>Anna kurssille otsikko ja lis\u00e4\u00e4 kurssille kuvaus. Kurssin sivu -kohdassa n\u00e4kyv\u00e4 sis\u00e4lt\u00f6 n\u00e4kyy kurssin myyntisivulla kaikille k\u00e4ytt\u00e4jille.<\/p>\n\n\n\n<p>Siirry Rakentaja-v\u00e4lilehdelle ja lis\u00e4\u00e4 kurssille oppitunteja ja testej\u00e4. Kohtien sis\u00e4ll\u00f6t muokataan tallentamisen j\u00e4lkeen. Voit k\u00e4yd\u00e4 viel\u00e4 muokkaamassa kurssin asetuksia ja tallenna kurssi sitten luonnoksena.<\/p>\n\n\n\n<p>Siirry nyt kohtaan Oppitunnit ja muokkaa kurssille luomiasi oppitunteja lis\u00e4\u00e4m\u00e4ll\u00e4 niihin sis\u00e4lt\u00f6\u00e4 (teksti\u00e4, videota, kuvia, \u00e4\u00e4nitiedostoja). Tallenna tekem\u00e4si muutokset.<\/p>\n\n\n\n<p>Voit my\u00f6s lis\u00e4t\u00e4 oppitunteja, aiheita ja testej\u00e4 ensin ja liitt\u00e4\u00e4 ne sitten kurssiin rakentajan avulla.<\/p>\n","protected":false},"excerpt":{"rendered":"<p>Kurssin luominen WP-Cloud verkkokurssi &#8211; palvelussa<\/p>\n","protected":false},"author":1,"featured_media":0,"parent":434,"menu_order":52,"comment_status":"closed","ping_status":"closed","template":"","meta":{"_relevanssi_hide_post":"","_relevanssi_hide_content":"","_relevanssi_pin_for_all":"","_relevanssi_pin_keywords":"","_relevanssi_unpin_keywords":"","_relevanssi_related_keywords":"","_relevanssi_related_include_ids":"","_relevanssi_related_exclude_ids":"","_relevanssi_related_no_append":"","_relevanssi_related_not_related":"","_relevanssi_related_posts":"1066,1063,1076","_relevanssi_noindex_reason":"","footnotes":""},"categories":[48],"tags":[105],"wf_page_folders":[],"class_list":{"0":"post-479","1":"page","2":"type-page","3":"status-publish","5":"category-wp-one","6":"tag-verkkokurssi"},"_links":{"self":[{"href":"https:\/\/www.zoner.fi\/tuki\/wp-json\/wp\/v2\/pages\/479","targetHints":{"allow":["GET"]}}],"collection":[{"href":"https:\/\/www.zoner.fi\/tuki\/wp-json\/wp\/v2\/pages"}],"about":[{"href":"https:\/\/www.zoner.fi\/tuki\/wp-json\/wp\/v2\/types\/page"}],"author":[{"embeddable":true,"href":"https:\/\/www.zoner.fi\/tuki\/wp-json\/wp\/v2\/users\/1"}],"replies":[{"embeddable":true,"href":"https:\/\/www.zoner.fi\/tuki\/wp-json\/wp\/v2\/comments?post=479"}],"version-history":[{"count":2,"href":"https:\/\/www.zoner.fi\/tuki\/wp-json\/wp\/v2\/pages\/479\/revisions"}],"predecessor-version":[{"id":129861,"href":"https:\/\/www.zoner.fi\/tuki\/wp-json\/wp\/v2\/pages\/479\/revisions\/129861"}],"up":[{"embeddable":true,"href":"https:\/\/www.zoner.fi\/tuki\/wp-json\/wp\/v2\/pages\/434"}],"wp:attachment":[{"href":"https:\/\/www.zoner.fi\/tuki\/wp-json\/wp\/v2\/media?parent=479"}],"wp:term":[{"taxonomy":"category","embeddable":true,"href":"https:\/\/www.zoner.fi\/tuki\/wp-json\/wp\/v2\/categories?post=479"},{"taxonomy":"post_tag","embeddable":true,"href":"https:\/\/www.zoner.fi\/tuki\/wp-json\/wp\/v2\/tags?post=479"},{"taxonomy":"wf_page_folders","embeddable":true,"href":"https:\/\/www.zoner.fi\/tuki\/wp-json\/wp\/v2\/wf_page_folders?post=479"}],"curies":[{"name":"wp","href":"https:\/\/api.w.org\/{rel}","templated":true}]}}