{"id":482,"date":"2020-08-17T16:07:00","date_gmt":"2020-08-17T13:07:00","guid":{"rendered":"https:\/\/www.zoner.fi\/tuki\/?page_id=482"},"modified":"2025-07-08T11:53:56","modified_gmt":"2025-07-08T08:53:56","slug":"miten-luon-maksullisen-kurssin","status":"publish","type":"page","link":"https:\/\/www.zoner.fi\/tuki\/wp-one\/miten-luon-maksullisen-kurssin\/","title":{"rendered":"Miten luon maksullisen kurssin?"},"content":{"rendered":"\n<p><em>Ohje tarkistettu: 17.8.2020<\/em><\/p>\n\n\n\n<figure class=\"wp-block-embed is-type-video is-provider-vimeo wp-block-embed-vimeo wp-embed-aspect-16-9 wp-has-aspect-ratio\"><div class=\"wp-block-embed__wrapper\">\n<iframe loading=\"lazy\" title=\"Verkkokurssin lis&amp;auml;&amp;auml;minen WooCommerce-kauppaan\" src=\"https:\/\/player.vimeo.com\/video\/434682358?h=407b99442d&amp;dnt=1&amp;app_id=122963\" width=\"1200\" height=\"675\" frameborder=\"0\" allow=\"autoplay; fullscreen; picture-in-picture\" allowfullscreen><\/iframe>\n<\/div><\/figure>\n\n\n\n<p>Suomalaisten pankkien maksupainikkeiden saaminen k\u00e4ytt\u00f6\u00f6n teett\u00e4\u00e4 v\u00e4h\u00e4n ty\u00f6t\u00e4, mutta kaikki kohdat kannattaa k\u00e4yd\u00e4 l\u00e4pi, niin saat luotua asiakkaillesi helpon ja sujuvan ostokokemuksen.<\/p>\n\n\n\n<p>1. Kurssin asetuksista valitaan tasoksi Maksullinen verkkokurssi, myynti verkkokaupan painikkeiden kautta.<\/p>\n\n\n\n<p>Anna kurssin hinta euroina (esim. 100 \u20ac) ja kirjoita kohtaan Painike URL seuraava osoite: \/cartflows_step\/course-checkout\/<\/p>\n\n\n\n<figure class=\"wp-block-image size-full\"><img loading=\"lazy\" decoding=\"async\" width=\"800\" height=\"210\" src=\"https:\/\/www.zoner.fi\/tuki\/wp-content\/uploads\/2021\/10\/maksullinen-kurssi-asetukset.jpg\" alt=\"\" class=\"wp-image-485\" srcset=\"https:\/\/www.zoner.fi\/tuki\/wp-content\/uploads\/2021\/10\/maksullinen-kurssi-asetukset.jpg 800w, https:\/\/www.zoner.fi\/tuki\/wp-content\/uploads\/2021\/10\/maksullinen-kurssi-asetukset-300x79.jpg 300w, https:\/\/www.zoner.fi\/tuki\/wp-content\/uploads\/2021\/10\/maksullinen-kurssi-asetukset-768x202.jpg 768w\" sizes=\"auto, (max-width: 800px) 100vw, 800px\" \/><\/figure>\n\n\n\n<p>2. Tallenna tekem\u00e4si muutokset ja mene sitten vasemman reunan valikossa kohtaan Tuotteet -&gt; Lis\u00e4\u00e4 uusi<\/p>\n\n\n\n<p>Anna tuotenimi (kurssin nimi)<\/p>\n\n\n\n<p>Anna Tuotetiedot-kohtaan kurssin hinta ja hae kohtaan LearnDash Courses \u00e4sken luomasi kurssi.<\/p>\n\n\n\n<figure class=\"wp-block-image size-full\"><img loading=\"lazy\" decoding=\"async\" width=\"800\" height=\"270\" src=\"https:\/\/www.zoner.fi\/tuki\/wp-content\/uploads\/2021\/10\/tuotetiedot-laatikko.jpg\" alt=\"\" class=\"wp-image-487\" srcset=\"https:\/\/www.zoner.fi\/tuki\/wp-content\/uploads\/2021\/10\/tuotetiedot-laatikko.jpg 800w, https:\/\/www.zoner.fi\/tuki\/wp-content\/uploads\/2021\/10\/tuotetiedot-laatikko-300x101.jpg 300w, https:\/\/www.zoner.fi\/tuki\/wp-content\/uploads\/2021\/10\/tuotetiedot-laatikko-768x259.jpg 768w\" sizes=\"auto, (max-width: 800px) 100vw, 800px\" \/><\/figure>\n\n\n\n<p>Julkaise tuote.<\/p>\n\n\n\n<p>3. Siirry seuraavaksi vasemman reunan valikosta kohtaan CartFlows -&gt; Flows ja klikkaa auki Checkout.<\/p>\n\n\n\n<p>Klikkaa Checkout-rivilt\u00e4 kyn\u00e4kuvaketta -&gt; Edit<\/p>\n\n\n\n<p>Valitse Checkout Layout -ruudusta v\u00e4lilehti Select Product ja klikkaa Add New Product. Hae lis\u00e4\u00e4m\u00e4si kurssituote listasta.<\/p>\n\n\n\n<figure class=\"wp-block-image size-full\"><img loading=\"lazy\" decoding=\"async\" width=\"804\" height=\"314\" src=\"https:\/\/www.zoner.fi\/tuki\/wp-content\/uploads\/2021\/10\/checkout-layout.jpg\" alt=\"\" class=\"wp-image-489\" srcset=\"https:\/\/www.zoner.fi\/tuki\/wp-content\/uploads\/2021\/10\/checkout-layout.jpg 804w, https:\/\/www.zoner.fi\/tuki\/wp-content\/uploads\/2021\/10\/checkout-layout-300x117.jpg 300w, https:\/\/www.zoner.fi\/tuki\/wp-content\/uploads\/2021\/10\/checkout-layout-768x300.jpg 768w\" sizes=\"auto, (max-width: 804px) 100vw, 804px\" \/><\/figure>\n\n\n\n<p>Tallenna muutokset sivun oikeasta reunasta P\u00e4ivit\u00e4-painikkeella.<\/p>\n","protected":false},"excerpt":{"rendered":"<p>Ohjeistus maksullisen kurssin tekemiseen WooCommercella.<\/p>\n","protected":false},"author":1,"featured_media":0,"parent":434,"menu_order":53,"comment_status":"closed","ping_status":"closed","template":"","meta":{"_relevanssi_hide_post":"","_relevanssi_hide_content":"","_relevanssi_pin_for_all":"","_relevanssi_pin_keywords":"","_relevanssi_unpin_keywords":"","_relevanssi_related_keywords":"","_relevanssi_related_include_ids":"","_relevanssi_related_exclude_ids":"","_relevanssi_related_no_append":"","_relevanssi_related_not_related":"","_relevanssi_related_posts":"1076,1066,1063","_relevanssi_noindex_reason":"","footnotes":""},"categories":[48],"tags":[105],"wf_page_folders":[],"class_list":{"0":"post-482","1":"page","2":"type-page","3":"status-publish","5":"category-wp-one","6":"tag-verkkokurssi"},"_links":{"self":[{"href":"https:\/\/www.zoner.fi\/tuki\/wp-json\/wp\/v2\/pages\/482","targetHints":{"allow":["GET"]}}],"collection":[{"href":"https:\/\/www.zoner.fi\/tuki\/wp-json\/wp\/v2\/pages"}],"about":[{"href":"https:\/\/www.zoner.fi\/tuki\/wp-json\/wp\/v2\/types\/page"}],"author":[{"embeddable":true,"href":"https:\/\/www.zoner.fi\/tuki\/wp-json\/wp\/v2\/users\/1"}],"replies":[{"embeddable":true,"href":"https:\/\/www.zoner.fi\/tuki\/wp-json\/wp\/v2\/comments?post=482"}],"version-history":[{"count":2,"href":"https:\/\/www.zoner.fi\/tuki\/wp-json\/wp\/v2\/pages\/482\/revisions"}],"predecessor-version":[{"id":129862,"href":"https:\/\/www.zoner.fi\/tuki\/wp-json\/wp\/v2\/pages\/482\/revisions\/129862"}],"up":[{"embeddable":true,"href":"https:\/\/www.zoner.fi\/tuki\/wp-json\/wp\/v2\/pages\/434"}],"wp:attachment":[{"href":"https:\/\/www.zoner.fi\/tuki\/wp-json\/wp\/v2\/media?parent=482"}],"wp:term":[{"taxonomy":"category","embeddable":true,"href":"https:\/\/www.zoner.fi\/tuki\/wp-json\/wp\/v2\/categories?post=482"},{"taxonomy":"post_tag","embeddable":true,"href":"https:\/\/www.zoner.fi\/tuki\/wp-json\/wp\/v2\/tags?post=482"},{"taxonomy":"wf_page_folders","embeddable":true,"href":"https:\/\/www.zoner.fi\/tuki\/wp-json\/wp\/v2\/wf_page_folders?post=482"}],"curies":[{"name":"wp","href":"https:\/\/api.w.org\/{rel}","templated":true}]}}