{"id":491,"date":"2020-08-17T16:11:00","date_gmt":"2020-08-17T13:11:00","guid":{"rendered":"https:\/\/www.zoner.fi\/tuki\/?page_id=491"},"modified":"2025-07-08T11:56:18","modified_gmt":"2025-07-08T08:56:18","slug":"miten-muokkaan-sivuston-ulkoasua-asetuksia-ja-logoa","status":"publish","type":"page","link":"https:\/\/www.zoner.fi\/tuki\/wp-one\/miten-muokkaan-sivuston-ulkoasua-asetuksia-ja-logoa\/","title":{"rendered":"Miten muokkaan sivuston ulkoasua, asetuksia ja logoa?"},"content":{"rendered":"\n<p><em>Ohje tarkistettu: 17.8.2020<\/em><\/p>\n\n\n\n<figure class=\"wp-block-embed is-type-video is-provider-vimeo wp-block-embed-vimeo wp-embed-aspect-16-9 wp-has-aspect-ratio\"><div class=\"wp-block-embed__wrapper\">\n<iframe loading=\"lazy\" title=\"Sivuston ulkoasun ja asetusten muokkaus\" src=\"https:\/\/player.vimeo.com\/video\/434682668?h=eae8564caf&amp;dnt=1&amp;app_id=122963\" width=\"1200\" height=\"675\" frameborder=\"0\" allow=\"autoplay; fullscreen; picture-in-picture\" allowfullscreen><\/iframe>\n<\/div><\/figure>\n\n\n\n<p>Sivustolta l\u00f6ytyy asetuksia useasta eri kohdasta. T\u00e4ss\u00e4 ohjeessa k\u00e4ymme l\u00e4pi t\u00e4rkeimm\u00e4t.<\/p>\n\n\n\n<p>Vasemman reunan valikosta l\u00f6ytyy kohta Asetukset ja sen alta useita kohtia, joissa m\u00e4\u00e4ritet\u00e4\u00e4n mm. sivuston kieli ja aika-asetukset.<\/p>\n\n\n\n<p>Verkkokaupan asetukset l\u00f6ytyv\u00e4t kohdasta WooCommerce -&gt; Asetukset. Sielt\u00e4 suosittelen k\u00e4ym\u00e4\u00e4n l\u00e4pi ja t\u00e4ydent\u00e4m\u00e4\u00e4n v\u00e4hint\u00e4\u00e4n v\u00e4lilehden Yleiset sek\u00e4 S-posti, josta l\u00f6ytyv\u00e4t asiakkaille l\u00e4htevien s\u00e4hk\u00f6postiviestien asetukset.<\/p>\n\n\n\n<p>Voit muokata koko sivuston ulkoasuun liittyvi\u00e4 elementtej\u00e4 keskitetysti muokkaimen avulla, joka sis\u00e4lt\u00e4\u00e4 mm. sivuston v\u00e4rit ja typografia (fontit) sek\u00e4 sivun rakenteen asetteluja. T\u00e4\u00e4lt\u00e4 vaihdetaan my\u00f6s sivuston logo.<\/p>\n\n\n\n<p>Mene ohjausn\u00e4kym\u00e4n vasemman reunan valikosta kohtaan Ulkoasu -&gt; Mukauta<\/p>\n\n\n\n<p>Klikkaa auki osioita kohta kohdalta ja k\u00e4y l\u00e4pi erilaisia asetuksia. N\u00e4et tekem\u00e4si muutokset ruudun oikealla puolella esikatselun\u00e4kym\u00e4ss\u00e4, mutta muutokset eiv\u00e4t siirry asiakasn\u00e4kym\u00e4\u00e4n ennen kuin klikkaat Julkaise ruudun yl\u00e4reunasta. Vasemman yl\u00e4kulman rastista voit poistua n\u00e4kym\u00e4st\u00e4 tallentamatta muutoksia.<\/p>\n\n\n\n<figure class=\"wp-block-image size-full\"><img loading=\"lazy\" decoding=\"async\" width=\"349\" height=\"753\" src=\"https:\/\/www.zoner.fi\/tuki\/wp-content\/uploads\/2021\/10\/mukautin-kohdat.jpg\" alt=\"\" class=\"wp-image-495\" srcset=\"https:\/\/www.zoner.fi\/tuki\/wp-content\/uploads\/2021\/10\/mukautin-kohdat.jpg 349w, https:\/\/www.zoner.fi\/tuki\/wp-content\/uploads\/2021\/10\/mukautin-kohdat-139x300.jpg 139w\" sizes=\"auto, (max-width: 349px) 100vw, 349px\" \/><\/figure>\n\n\n\n<p>T\u00e4ss\u00e4 t\u00e4rkeimm\u00e4t muokattavat asetukset:<\/p>\n\n\n\n<p>Yleinen: Pit\u00e4\u00e4 sis\u00e4ll\u00e4\u00e4n mm. typografiaan, sivun asetteluun ja v\u00e4reihin liittyvi\u00e4 asetuksia<br>Otsikkopalkki: T\u00e4\u00e4lt\u00e4 voit vaihtaa sivuston logon omaan logoosi ja muokata valikkopalkin asettelua sek\u00e4 ulkoasua.<\/p>\n\n\n\n<p>Jos haluat edet\u00e4 valitsemallamme ulkoasun rakenteella, ei muita kohtia tarvitse muokata.<\/p>\n","protected":false},"excerpt":{"rendered":"<p>Ohjeistus kuinka pystyt itse muokkaamaan sivuston ulkoasua.<\/p>\n","protected":false},"author":1,"featured_media":0,"parent":434,"menu_order":55,"comment_status":"closed","ping_status":"closed","template":"","meta":{"_relevanssi_hide_post":"","_relevanssi_hide_content":"","_relevanssi_pin_for_all":"","_relevanssi_pin_keywords":"","_relevanssi_unpin_keywords":"","_relevanssi_related_keywords":"","_relevanssi_related_include_ids":"","_relevanssi_related_exclude_ids":"","_relevanssi_related_no_append":"","_relevanssi_related_not_related":"","_relevanssi_related_posts":"1066,1076,1063","_relevanssi_noindex_reason":"","footnotes":""},"categories":[48],"tags":[105],"wf_page_folders":[],"class_list":{"0":"post-491","1":"page","2":"type-page","3":"status-publish","5":"category-wp-one","6":"tag-verkkokurssi"},"_links":{"self":[{"href":"https:\/\/www.zoner.fi\/tuki\/wp-json\/wp\/v2\/pages\/491","targetHints":{"allow":["GET"]}}],"collection":[{"href":"https:\/\/www.zoner.fi\/tuki\/wp-json\/wp\/v2\/pages"}],"about":[{"href":"https:\/\/www.zoner.fi\/tuki\/wp-json\/wp\/v2\/types\/page"}],"author":[{"embeddable":true,"href":"https:\/\/www.zoner.fi\/tuki\/wp-json\/wp\/v2\/users\/1"}],"replies":[{"embeddable":true,"href":"https:\/\/www.zoner.fi\/tuki\/wp-json\/wp\/v2\/comments?post=491"}],"version-history":[{"count":2,"href":"https:\/\/www.zoner.fi\/tuki\/wp-json\/wp\/v2\/pages\/491\/revisions"}],"predecessor-version":[{"id":129863,"href":"https:\/\/www.zoner.fi\/tuki\/wp-json\/wp\/v2\/pages\/491\/revisions\/129863"}],"up":[{"embeddable":true,"href":"https:\/\/www.zoner.fi\/tuki\/wp-json\/wp\/v2\/pages\/434"}],"wp:attachment":[{"href":"https:\/\/www.zoner.fi\/tuki\/wp-json\/wp\/v2\/media?parent=491"}],"wp:term":[{"taxonomy":"category","embeddable":true,"href":"https:\/\/www.zoner.fi\/tuki\/wp-json\/wp\/v2\/categories?post=491"},{"taxonomy":"post_tag","embeddable":true,"href":"https:\/\/www.zoner.fi\/tuki\/wp-json\/wp\/v2\/tags?post=491"},{"taxonomy":"wf_page_folders","embeddable":true,"href":"https:\/\/www.zoner.fi\/tuki\/wp-json\/wp\/v2\/wf_page_folders?post=491"}],"curies":[{"name":"wp","href":"https:\/\/api.w.org\/{rel}","templated":true}]}}