{"id":497,"date":"2020-08-17T16:14:49","date_gmt":"2020-08-17T13:14:49","guid":{"rendered":"https:\/\/www.zoner.fi\/tuki\/?page_id=497"},"modified":"2025-07-08T11:57:56","modified_gmt":"2025-07-08T08:57:56","slug":"yleista-tietoa-verkkokurssipohjasta","status":"publish","type":"page","link":"https:\/\/www.zoner.fi\/tuki\/wp-one\/yleista-tietoa-verkkokurssipohjasta\/","title":{"rendered":"Yleist\u00e4 tietoa verkkokurssipohjasta"},"content":{"rendered":"\n<p><em>Ohje tarkistettu: 17.8.2020<\/em><\/p>\n\n\n\n<figure class=\"wp-block-embed is-type-video is-provider-vimeo wp-block-embed-vimeo wp-embed-aspect-16-9 wp-has-aspect-ratio\"><div class=\"wp-block-embed__wrapper\">\n<iframe loading=\"lazy\" title=\"Yleist&amp;auml; tietoa WP-Cloud Verkkokurssi -palvelusta\" src=\"https:\/\/player.vimeo.com\/video\/434682902?h=f37364e61e&amp;dnt=1&amp;app_id=122963\" width=\"1200\" height=\"675\" frameborder=\"0\" allow=\"autoplay; fullscreen; picture-in-picture\" allowfullscreen><\/iframe>\n<\/div><\/figure>\n\n\n\n<p>Tervetuloa k\u00e4ytt\u00e4m\u00e4\u00e4n Zonerin verkkokurssipohjaa! T\u00e4ss\u00e4 artikkelissa k\u00e4yd\u00e4\u00e4n v\u00e4h\u00e4n l\u00e4pi sivuston muokkaukseen ja verkkokurssien rakentamiseen liittyvi\u00e4 asioita.<\/p>\n\n\n\n<p>Sivusto on rakennettu WordPress-julkaisuj\u00e4rjestem\u00e4n avulla. WordPress on yksi maailman suosituimmista nettisivujen julkaisualustoista ja se on monipuolisuudessaan vertaansa vailla.<\/p>\n\n\n\n<p>Verkkokauppatoiminnot on j\u00e4rjestetty WooCommerce-kauppalis\u00e4osan kautta, joka toimii saumattomasti yhteen WordPressin kanssa. Maksunv\u00e4litt\u00e4j\u00e4ksi suosittelemme kotimaista Paytrailia.<\/p>\n\n\n\n<p>Verkkokurssialustana toimii LearnDash LMS, josta l\u00f6ytyy runsaasti erilaisia toimintoja ammattimaisen verkkokurssin rakentamiseen.<\/p>\n\n\n\n<p>Sivuston ulkoasun rakentajana olemme k\u00e4ytt\u00e4neet visuaalista Elementor-lis\u00e4osaa.<\/p>\n\n\n\n<p>Olemme rakentaneet sivustosi pohjaksi yhdenlaisen ulkoasun ja tehneet valmiiksi perusasetukset, joiden avulla myynnin voi aloittaa helposti. Sinun on kuitenkin hyv\u00e4 k\u00e4yd\u00e4 kaikki ohjeissa mainitut asetukset l\u00e4pi ja muokata ne vastaamaan omia tarpeitasi.<\/p>\n\n\n\n<p>N\u00e4m\u00e4 ohjeet keskittyv\u00e4t asennetun ulkoasun muokkaukseen sek\u00e4 kurssin tekemiseen ja sen laittamiseen myyntiin. Tarvitset perustaidot WordPress-sivustosta, mutta p\u00e4\u00e4set varmasti liikkeelle my\u00f6s, vaikka j\u00e4rjestelm\u00e4 ei olisi sinulle tuttu. P\u00e4\u00e4asia, ett\u00e4 osaat lukea ohjeita ja uskallat kokeilla erilaisia vaihtoehtoja.<\/p>\n\n\n\n<p>WordPressist\u00e4, WooCommercesta, LearnDashista ja Elementorista l\u00f6ytyy runsaasti ohjevideoita esimerkiksi YouTubesta ja suosittelemmekin katsomaan niit\u00e4, jos t\u00f6rm\u00e4\u00e4t ongelmaan asetusten tai muokkauksen kanssa.<\/p>\n","protected":false},"excerpt":{"rendered":"<p>T\u00e4ss\u00e4 artikkelissa k\u00e4yd\u00e4\u00e4n v\u00e4h\u00e4n l\u00e4pi sivuston muokkaukseen ja verkkokurssien rakentamiseen liittyvi\u00e4 asioita.<\/p>\n","protected":false},"author":1,"featured_media":0,"parent":434,"menu_order":64,"comment_status":"closed","ping_status":"closed","template":"","meta":{"_relevanssi_hide_post":"","_relevanssi_hide_content":"","_relevanssi_pin_for_all":"","_relevanssi_pin_keywords":"","_relevanssi_unpin_keywords":"","_relevanssi_related_keywords":"","_relevanssi_related_include_ids":"","_relevanssi_related_exclude_ids":"","_relevanssi_related_no_append":"","_relevanssi_related_not_related":"","_relevanssi_related_posts":"1063,1076,1066","_relevanssi_noindex_reason":"","footnotes":""},"categories":[48],"tags":[105],"wf_page_folders":[],"class_list":{"0":"post-497","1":"page","2":"type-page","3":"status-publish","5":"category-wp-one","6":"tag-verkkokurssi"},"_links":{"self":[{"href":"https:\/\/www.zoner.fi\/tuki\/wp-json\/wp\/v2\/pages\/497","targetHints":{"allow":["GET"]}}],"collection":[{"href":"https:\/\/www.zoner.fi\/tuki\/wp-json\/wp\/v2\/pages"}],"about":[{"href":"https:\/\/www.zoner.fi\/tuki\/wp-json\/wp\/v2\/types\/page"}],"author":[{"embeddable":true,"href":"https:\/\/www.zoner.fi\/tuki\/wp-json\/wp\/v2\/users\/1"}],"replies":[{"embeddable":true,"href":"https:\/\/www.zoner.fi\/tuki\/wp-json\/wp\/v2\/comments?post=497"}],"version-history":[{"count":1,"href":"https:\/\/www.zoner.fi\/tuki\/wp-json\/wp\/v2\/pages\/497\/revisions"}],"predecessor-version":[{"id":129369,"href":"https:\/\/www.zoner.fi\/tuki\/wp-json\/wp\/v2\/pages\/497\/revisions\/129369"}],"up":[{"embeddable":true,"href":"https:\/\/www.zoner.fi\/tuki\/wp-json\/wp\/v2\/pages\/434"}],"wp:attachment":[{"href":"https:\/\/www.zoner.fi\/tuki\/wp-json\/wp\/v2\/media?parent=497"}],"wp:term":[{"taxonomy":"category","embeddable":true,"href":"https:\/\/www.zoner.fi\/tuki\/wp-json\/wp\/v2\/categories?post=497"},{"taxonomy":"post_tag","embeddable":true,"href":"https:\/\/www.zoner.fi\/tuki\/wp-json\/wp\/v2\/tags?post=497"},{"taxonomy":"wf_page_folders","embeddable":true,"href":"https:\/\/www.zoner.fi\/tuki\/wp-json\/wp\/v2\/wf_page_folders?post=497"}],"curies":[{"name":"wp","href":"https:\/\/api.w.org\/{rel}","templated":true}]}}