{"id":508,"date":"2019-11-21T16:21:00","date_gmt":"2019-11-21T14:21:00","guid":{"rendered":"https:\/\/www.zoner.fi\/tuki\/?page_id=508"},"modified":"2025-09-10T12:47:30","modified_gmt":"2025-09-10T09:47:30","slug":"mita-wp-cloud-lisaosa-tekee","status":"publish","type":"page","link":"https:\/\/www.zoner.fi\/tuki\/wp-one\/mita-wp-cloud-lisaosa-tekee\/","title":{"rendered":"Mik\u00e4 on WP.one lis\u00e4osa?"},"content":{"rendered":"\n<p>Jokaiseen WP.one <a href=\"https:\/\/www.zoner.fi\/wordpress\/wp-one\/\">WordPress hosting<\/a> -palvelussa olevaan sivustoon on oletuksena asennettu WP.one-lis\u00e4osa, joka mahdollistaa WP.one-toimintojen suorittamisen suoraan WP Adminissa. Lis\u00e4osa lis\u00e4\u00e4 WP Adminin yl\u00e4laitaan painikkeet, jolla voit vaihtaa tuotantotilan ja kehitysymp\u00e4rist\u00f6n v\u00e4lill\u00e4 ja tyhjent\u00e4\u00e4 v\u00e4limuistin. Lis\u00e4ksi vasemmasta valikosta l\u00f6ytyy \u201dWP.one\u201d-osio.<\/p>\n\n\n\n<p>WP.one-lis\u00e4osan kautta voit muun muassa hallita automaattisia p\u00e4ivityksi\u00e4, poistaa v\u00e4limuistit k\u00e4yt\u00f6st\u00e4, aktivoida kehitysymp\u00e4rist\u00f6n sek\u00e4 tutkia sivuston lokeja.<\/p>\n\n\n\n<p>Lis\u00e4osa voit ottaa k\u00e4ytt\u00f6\u00f6n automaattisesti HTTP 2.0 Server Push -teknologian, joka nopeuttaa sivuston tyylitiedostojen ja skriptien latautumisaikaa huomattavasti. T\u00e4m\u00e4n toiminnon saa tarvittaessa pois p\u00e4\u00e4lt\u00e4, jos lis\u00e4\u00e4t wp-config.php tiedostoon alla olevan muuttujan.<\/p>\n\n\n\n<pre class=\"wp-block-code\"><code>define( 'DISABLE_HTTP2_PUSH', false );<\/code><\/pre>\n\n\n\n<p>WP.one lis\u00e4osan kautta voi my\u00f6s luoda varmuuskopioita sivustosta ja seurata omia ottamia varmuuskopioita.<\/p>\n\n\n\n<h3 class=\"wp-block-heading\">Whitelabel toiminnot<\/h3>\n\n\n\n<p>Halutessasi saat poistettua merkinn\u00e4t WP.onesta, ja voit korvata ne esim. oman firman nimell\u00e4 j\u00e4lleenmyynti\u00e4 varten.<\/p>\n\n\n\n<p>T\u00e4m\u00e4 onnistuu lis\u00e4\u00e4m\u00e4ll\u00e4 wp-config.php tiedostoon rivit:<\/p>\n\n\n\n<pre class=\"wp-block-code\"><code>define( 'WHITELABEL', true );\ndefine( 'WHITELABEL_TITLE', 'Lis\u00e4osan n\u00e4kyv\u00e4 uusi nimi' );<\/code><\/pre>\n\n\n\n<h3 class=\"wp-block-heading\">Voinko poistaa WP.one-lis\u00e4osan?<\/h3>\n\n\n\n<p>Mik\u00e4li kohtaat ongelmia lis\u00e4osan k\u00e4yt\u00f6n kanssa, ota yhteytt\u00e4 asiakaspalveluumme niin voimme tutkia ongelmaa tarkemmin ja korjata sen seuraavan p\u00e4ivityksen yhteydess\u00e4. Mik\u00e4li koet lis\u00e4osan tarpeettomaksi sivustollesi, voit poistaa sen k\u00e4yt\u00f6st\u00e4 lis\u00e4\u00e4m\u00e4ll\u00e4 wp-config.php-tiedostoon seuraavan rivin:<\/p>\n\n\n\n<pre class=\"wp-block-code\"><code>define(\u2019WPCLOUD_DISABLE_MU\u2019, true);\n<\/code><\/pre>\n","protected":false},"excerpt":{"rendered":"<p>Jokaiseen WP-Cloudissa k\u00e4yt\u00f6ss\u00e4 olevaan sivustoon on oletuksena asennettu WP-Cloud-lis\u00e4osa, joka mahdollistaa WP-Cloud-palvelimien toimintojen suorittamisen suoraan WordPress-sivustosi ohjausn\u00e4kym\u00e4st\u00e4.<\/p>\n","protected":false},"author":1,"featured_media":0,"parent":434,"menu_order":59,"comment_status":"closed","ping_status":"closed","template":"","meta":{"_relevanssi_hide_post":"","_relevanssi_hide_content":"","_relevanssi_pin_for_all":"","_relevanssi_pin_keywords":"","_relevanssi_unpin_keywords":"","_relevanssi_related_keywords":"","_relevanssi_related_include_ids":"","_relevanssi_related_exclude_ids":"","_relevanssi_related_no_append":"","_relevanssi_related_not_related":"","_relevanssi_related_posts":"1066,1063,1076","_relevanssi_noindex_reason":"","footnotes":""},"categories":[48],"tags":[107],"wf_page_folders":[],"class_list":{"0":"post-508","1":"page","2":"type-page","3":"status-publish","5":"category-wp-one","6":"tag-wp-one-lisaosa"},"_links":{"self":[{"href":"https:\/\/www.zoner.fi\/tuki\/wp-json\/wp\/v2\/pages\/508","targetHints":{"allow":["GET"]}}],"collection":[{"href":"https:\/\/www.zoner.fi\/tuki\/wp-json\/wp\/v2\/pages"}],"about":[{"href":"https:\/\/www.zoner.fi\/tuki\/wp-json\/wp\/v2\/types\/page"}],"author":[{"embeddable":true,"href":"https:\/\/www.zoner.fi\/tuki\/wp-json\/wp\/v2\/users\/1"}],"replies":[{"embeddable":true,"href":"https:\/\/www.zoner.fi\/tuki\/wp-json\/wp\/v2\/comments?post=508"}],"version-history":[{"count":5,"href":"https:\/\/www.zoner.fi\/tuki\/wp-json\/wp\/v2\/pages\/508\/revisions"}],"predecessor-version":[{"id":137222,"href":"https:\/\/www.zoner.fi\/tuki\/wp-json\/wp\/v2\/pages\/508\/revisions\/137222"}],"up":[{"embeddable":true,"href":"https:\/\/www.zoner.fi\/tuki\/wp-json\/wp\/v2\/pages\/434"}],"wp:attachment":[{"href":"https:\/\/www.zoner.fi\/tuki\/wp-json\/wp\/v2\/media?parent=508"}],"wp:term":[{"taxonomy":"category","embeddable":true,"href":"https:\/\/www.zoner.fi\/tuki\/wp-json\/wp\/v2\/categories?post=508"},{"taxonomy":"post_tag","embeddable":true,"href":"https:\/\/www.zoner.fi\/tuki\/wp-json\/wp\/v2\/tags?post=508"},{"taxonomy":"wf_page_folders","embeddable":true,"href":"https:\/\/www.zoner.fi\/tuki\/wp-json\/wp\/v2\/wf_page_folders?post=508"}],"curies":[{"name":"wp","href":"https:\/\/api.w.org\/{rel}","templated":true}]}}