{"id":515,"date":"2019-11-21T16:26:00","date_gmt":"2019-11-21T14:26:00","guid":{"rendered":"https:\/\/www.zoner.fi\/tuki\/?page_id=515"},"modified":"2025-08-05T16:26:00","modified_gmt":"2025-08-05T13:26:00","slug":"miten-siirran-sivuston-wp-one-palveluun","status":"publish","type":"page","link":"https:\/\/www.zoner.fi\/tuki\/wp-one\/miten-siirran-sivuston-wp-one-palveluun\/","title":{"rendered":"Miten siirr\u00e4n sivuston WP.one-palveluun?"},"content":{"rendered":"\n<p><em>Ohje tarkistettu: 5.8.2025<\/em><\/p>\n\n\n\n<p>T\u00e4ss\u00e4 ohjeessa k\u00e4ymme l\u00e4pi, kuinka WordPress-sivuston siirto palvelimelta toiselle onnistuu ja erilaisia ty\u00f6kaluja siirtoa varten. T\u00e4m\u00e4 ohje on tarkoitettu <a href=\"https:\/\/www.zoner.fi\/wordpress\/wp-one\/\">WordPress-hosting <\/a>asiakkaille.<\/p>\n\n\n\n<p>Siirto onnistuu helpointen, jos pyyd\u00e4t WP.one-asiakaspalvelua tekem\u00e4\u00e4n sen puolestasi. WP.one-tilaukseen kuuluu aina yksi ilmainen sivuston siirto.<\/p>\n\n\n\n<ul class=\"wp-block-list\">\n<li><a href=\"#1\">Maksuton WordPress-sivuston siirto WP.one-palveluun (1 siirto\/tilaus)<\/a><\/li>\n\n\n\n<li><a href=\"#2\">Siirto All-In-One WP Migration -lis\u00e4osan avulla<\/a><\/li>\n\n\n\n<li><a href=\"#3\">WordPress-sivuston siirto .TAR \/ SQL -tiedostoilla (edistynyt)<\/a><\/li>\n\n\n\n<li><a href=\"#4\">Sivuston manuaalinen siirto (edistynyt)<\/a><\/li>\n<\/ul>\n\n\n\n<h2 class=\"wp-block-heading\" id=\"1\">Maksuton WordPress-sivuston siirto WP.one-palveluun (1 siirto\/tilaus)<\/h2>\n\n\n\n<p>Jokaiseen WP.one-palvelutilaukseen kuuluu yksi (1) maksuton WordPress-sivuston siirto toiselta palveluntarjoajalta WP.one-palveluun. Sivuston siirtoa varten riitt\u00e4\u00e4, ett\u00e4 toimitat tilauksen yhteydess\u00e4 siirrett\u00e4v\u00e4n sivuston p\u00e4\u00e4k\u00e4ytt\u00e4j\u00e4tunnukset.<\/p>\n\n\n\n<p>Huolehdimme puolestasi kaikista teknisist\u00e4 toimenpiteist\u00e4 siirron aikana, jolloin voit keskitty\u00e4 normaaliin liiketoimintaasi asiantuntijoiden siirt\u00e4ess\u00e4 sivustoasi. Sivuston siirto WP.one-palvelimelle kest\u00e4\u00e4 sivuston koosta riippuen 5 \u2013 30 minuuttia, mink\u00e4 aikana sivuston toimintaan tulee katkos. <\/p>\n\n\n\n<h2 class=\"wp-block-heading\" id=\"2\">Sivuston siirto: All-In-One WP Migration -lis\u00e4osa<\/h2>\n\n\n\n<p>Sivuston siirron voi tehd\u00e4 my\u00f6s All-In-One WP Migration -lis\u00e4osan avulla. Kopioi sivuston tiedostot alla kuvatulla tavalla ja l\u00e4het\u00e4 ne sitten WP.one-asiakaspalvelulle, niin teemme siirron puolestasi.<\/p>\n\n\n\n<p>1.) Asenna lis\u00e4osa WordPressin ohjausn\u00e4kym\u00e4n kautta kohdasta Lis\u00e4osat -&gt; Lis\u00e4\u00e4 uusi -&gt; All-In-One WP Migration -&gt; Asenna -&gt; Ota k\u00e4ytt\u00f6\u00f6n.<\/p>\n\n\n\n<p>2.) Tee sivustosta siirrett\u00e4v\u00e4 varmuuskopiotiedosto vasemman laidan \u201dAll-In-One WP Migration\u201d -&gt; \u201dExport\u201d-painikkeen takaa (Export to -&gt; File). T\u00e4m\u00e4n j\u00e4lkeen lis\u00e4osa luo sivustostasi siirrett\u00e4v\u00e4n tiedostopaketin, jonka valmistumisen merkiksi n\u00e4yt\u00f6lle tulee viesti \u201dDownload now\u201d.<\/p>\n\n\n\n<p>3.) Kopioi latauspainikkeen linkki klikkaamalla hiiren oikealla painikkeella.<\/p>\n\n\n\n<p>4.) L\u00e4het\u00e4 siirtotiedoston linkki WP.one tukeen niin siirr\u00e4mme sivustosi.<\/p>\n\n\n\n<p><em>* Huomioithan, ett\u00e4 sivustoon teht\u00e4v\u00e4t muutokset siirtotiedoston ottamisen j\u00e4lkeen eiv\u00e4t siirry WP.oneen!<\/em><\/p>\n\n\n\n<p><em>** Mik\u00e4li haluat siirron teht\u00e4v\u00e4n mahdollisimman lyhyell\u00e4 katkolla sivuston toiminnassa, ota yhteytt\u00e4 asiakaspalveluumme, jotta voimme tehd\u00e4 sivuston siirron sinulle sopivaan ajankohtaan.<\/em><\/p>\n\n\n\n<h4 class=\"wp-block-heading\">Sivuston siirto suoraan All-In-One WP Migration -lis\u00e4osalla<\/h4>\n\n\n\n<p>Sivuston siirto suoraan All in one WP migration -lis\u00e4osalla onnistuu vain liitt\u00e4m\u00e4ll\u00e4 luotu siirtotiedosto lis\u00e4osan omalla tuontity\u00f6kalulla. T\u00e4ll\u00f6in palvelimen omat rajat saattavat tulla vastaan isoja sivustoja siirt\u00e4ess\u00e4. All in one WP migration -lis\u00e4osan kautta luotuja varmuuskopioita ei voi n\u00e4in ollen palauttaa lataamatta niit\u00e4 ensin omalle laitteelle.<\/p>\n\n\n\n<p>All in one WP migration -lis\u00e4osan maksullisessa versiossa ei ole vastaavaa rajoitusta.<\/p>\n\n\n\n<h2 class=\"wp-block-heading\" id=\"3\">WordPress-sivuston siirto .TAR \/ SQL -tiedostoilla (edistynyt)<\/h2>\n\n\n\n<p>Mik\u00e4li et voi k\u00e4ytt\u00e4\u00e4 All-In-One WP Migration-lis\u00e4osaa, voit kopioida sivustosi tiedot siirtoa varten seuraavasti. Pyyd\u00e4 tarvittaessa apua vanhalta palveluntarjoajaltasi.<\/p>\n\n\n\n<p>1) Luo sivuston tiedostoista .tar, .tar.gz tai .zip -paketti.<\/p>\n\n\n\n<p>2) Luo sivuston tietokannasta .sql-p\u00e4\u00e4tteinen tiedosto. Saat .sql-tiedoston esimerkiksi k\u00e4ytt\u00e4m\u00e4ll\u00e4 phpMyAdmin-ty\u00f6kalua, (suositus) WP-Cli-ty\u00f6kalua (wp db export) tai k\u00e4ytt\u00e4m\u00e4ll\u00e4 mysql-komentoa SSH:n kautta komentorivilt\u00e4.<\/p>\n\n\n\n<p>3) Siirr\u00e4 molemmat tiedostot sivuston tiedostojuureen, jotta siirtoty\u00f6kalumme voi hakea sen HTTP\/HTTPS-yhteyden kautta.<\/p>\n\n\n\n<p>4) Jaa linkit ladattaviin tiedostoihin WP.onen asiakaspalveluun, niin siirr\u00e4mme sivuston ja teemme tarvittavat tekniset muutokset sivuston siirron onnistumiseksi.<\/p>\n\n\n\n<h2 class=\"wp-block-heading\" id=\"4\">Sivuston manuaalinen siirto (edistynyt)<\/h2>\n\n\n\n<p>1) Tilaa WordPress-paketti normaalisti verkkosivustomme kautta.<\/p>\n\n\n\n<p>2) Tilauksen valmistuttua saat s\u00e4hk\u00f6postiisi palvelimen IP-osoitteet, v\u00e4liaikaisen kirjautumisosoitteen, WordPress-sivuston tunnukset sek\u00e4 SSH-avaimen, jolla voit ottaa SSH\/SFTP-yhteyden palvelimeen. K\u00e4yt\u00f6ss\u00e4si olevalla v\u00e4liaikaisella osoitteella (sivustonimi.zoner.site), jossa voit testata siirtoa ennen sen julkaisemista ensisijaiselle verkkotunnukselle.<\/p>\n\n\n\n<p>3) Siirr\u00e4 WordPress-sivuston tiedostot ja tietokanta palvelimelle SFTP:n avulla.<\/p>\n\n\n\n<p>4) Palauta tietokanta k\u00e4ytt\u00e4m\u00e4ll\u00e4 WP-Cli-ty\u00f6kalua (wp db import tiedostonimi.sql). Tietokannan tunnukset l\u00f6ytyv\u00e4t sinulle luodun sivuston wp-config.php-tiedostosta. Tarvittaessa pyyd\u00e4 uudet MySQL-tunnukset asiakaspalvelustamme.<\/p>\n\n\n\n<p>5) Kun olet varmistunut sivuston toimivuudesta, muuta k\u00e4ytt\u00e4m\u00e4nne nimipalvelimet osoittamaan s\u00e4hk\u00f6postissa olleisiin IP-osoitteisiin. Sivusto aktivoi automaattisesti sivuston SSL-varmenteen, kun nimipalvelimet osoittavat uudelle palvelimelle.<\/p>\n\n\n\n<p>* Lis\u00e4\u00e4th\u00e4n my\u00f6s staging. CNAME @ -tietueen, jos haluat Staging-\/Dev-ymp\u00e4rist\u00f6n k\u00e4ytt\u00f6\u00f6si (Koskee vain WP.one-palvelun asiakkaita).<\/p>\n","protected":false},"excerpt":{"rendered":"<p>T\u00e4ss\u00e4 ohjeistuksessa k\u00e4ymme l\u00e4pi, kuinka WordPress-sivuston siirto palvelimelta toiselle onnistuu ja erilaisia ty\u00f6kaluja siirtoa varten.<\/p>\n","protected":false},"author":1,"featured_media":0,"parent":434,"menu_order":56,"comment_status":"closed","ping_status":"closed","template":"","meta":{"_relevanssi_hide_post":"","_relevanssi_hide_content":"","_relevanssi_pin_for_all":"","_relevanssi_pin_keywords":"","_relevanssi_unpin_keywords":"","_relevanssi_related_keywords":"","_relevanssi_related_include_ids":"","_relevanssi_related_exclude_ids":"","_relevanssi_related_no_append":"","_relevanssi_related_not_related":"","_relevanssi_related_posts":"1066,1076,1063","_relevanssi_noindex_reason":"","footnotes":""},"categories":[48],"tags":[106],"wf_page_folders":[],"class_list":{"0":"post-515","1":"page","2":"type-page","3":"status-publish","5":"category-wp-one","6":"tag-sivuston-siirto"},"_links":{"self":[{"href":"https:\/\/www.zoner.fi\/tuki\/wp-json\/wp\/v2\/pages\/515","targetHints":{"allow":["GET"]}}],"collection":[{"href":"https:\/\/www.zoner.fi\/tuki\/wp-json\/wp\/v2\/pages"}],"about":[{"href":"https:\/\/www.zoner.fi\/tuki\/wp-json\/wp\/v2\/types\/page"}],"author":[{"embeddable":true,"href":"https:\/\/www.zoner.fi\/tuki\/wp-json\/wp\/v2\/users\/1"}],"replies":[{"embeddable":true,"href":"https:\/\/www.zoner.fi\/tuki\/wp-json\/wp\/v2\/comments?post=515"}],"version-history":[{"count":8,"href":"https:\/\/www.zoner.fi\/tuki\/wp-json\/wp\/v2\/pages\/515\/revisions"}],"predecessor-version":[{"id":136743,"href":"https:\/\/www.zoner.fi\/tuki\/wp-json\/wp\/v2\/pages\/515\/revisions\/136743"}],"up":[{"embeddable":true,"href":"https:\/\/www.zoner.fi\/tuki\/wp-json\/wp\/v2\/pages\/434"}],"wp:attachment":[{"href":"https:\/\/www.zoner.fi\/tuki\/wp-json\/wp\/v2\/media?parent=515"}],"wp:term":[{"taxonomy":"category","embeddable":true,"href":"https:\/\/www.zoner.fi\/tuki\/wp-json\/wp\/v2\/categories?post=515"},{"taxonomy":"post_tag","embeddable":true,"href":"https:\/\/www.zoner.fi\/tuki\/wp-json\/wp\/v2\/tags?post=515"},{"taxonomy":"wf_page_folders","embeddable":true,"href":"https:\/\/www.zoner.fi\/tuki\/wp-json\/wp\/v2\/wf_page_folders?post=515"}],"curies":[{"name":"wp","href":"https:\/\/api.w.org\/{rel}","templated":true}]}}