{"id":528,"date":"2020-02-10T16:40:00","date_gmt":"2020-02-10T14:40:00","guid":{"rendered":"https:\/\/www.zoner.fi\/tuki\/?page_id=528"},"modified":"2025-11-28T14:45:24","modified_gmt":"2025-11-28T12:45:24","slug":"miten-tyhjennan-selaimen-valimuistin","status":"publish","type":"page","link":"https:\/\/www.zoner.fi\/tuki\/muut-ohjeet\/miten-tyhjennan-selaimen-valimuistin\/","title":{"rendered":"Miten tyhjenn\u00e4n selaimen v\u00e4limuistin?"},"content":{"rendered":"\n<p><\/p>\n\n\n\n<p><em>Ohje tarkistettu: 10.2.2020<\/em><\/p>\n\n\n\n<p>Useimmat verkkoselaimet tallentavat tilap\u00e4isi\u00e4 tietoja sivustoista v\u00e4limuistiin. T\u00e4st\u00e4 on yleens\u00e4 hy\u00f6ty\u00e4 k\u00e4ytt\u00e4j\u00e4lle, koska v\u00e4limuistiin tallennetaan esimerkiksi valmiiksi versioita sivustoista, mik\u00e4 lyhent\u00e4\u00e4 latausaikaa. V\u00e4limuistiin voidaan tallentaa my\u00f6s tiettyj\u00e4 asetuksia, kuten kielivalintoja, jotta k\u00e4ytt\u00e4j\u00e4 ei joudu tekem\u00e4\u00e4n niit\u00e4 jokaisella kerralla erikseen.<\/p>\n\n\n\n<p>L\u00f6yd\u00e4t t\u00e4st\u00e4 ohjeet v\u00e4limuistin tyhjent\u00e4miseen yleisimmill\u00e4 verkkoselaimilla: Google Chrome, Internet Explorer, Microsoft Edge, Mozilla Firefox, Safari ja Opera.<\/p>\n\n\n\n<p>Selaimen v\u00e4limuistin tyhjennys voi tulla tarpeeseen esimerkiksi sellaisessa tilanteessa, ett\u00e4 selain n\u00e4ytt\u00e4\u00e4 vanhentunutta versiota sivustosta tai sivusto ei toimi oikein. Esimerkiksi jos sivustolle tekee muutoksia, voi v\u00e4limuistiin tallentuneet tiedot aiheuttaa sen, etteiv\u00e4t muutokset tule heti n\u00e4kyviin. Selaimen v\u00e4limuistin tyhjent\u00e4minen on tarpeellista my\u00f6s silloin, kun vieraillaan verkkopankissa tai s\u00e4hk\u00f6postin selainversiossa jaetulta tietokoneelta.<\/p>\n\n\n\n<h2 class=\"wp-block-heading\">Google Chrome<\/h2>\n\n\n\n<p>1. Klikkaa selaimen oikeassa yl\u00e4reunassa olevaa kolmea pistett\u00e4 avataksesi valikon. Valitse aukeavasta valikosta asetukset-kohta.<\/p>\n\n\n\n<figure class=\"wp-block-image size-full\"><img loading=\"lazy\" decoding=\"async\" width=\"800\" height=\"463\" src=\"https:\/\/www.zoner.fi\/tuki\/wp-content\/uploads\/2021\/10\/chrome-1.jpg\" alt=\"\" class=\"wp-image-531\" srcset=\"https:\/\/www.zoner.fi\/tuki\/wp-content\/uploads\/2021\/10\/chrome-1.jpg 800w, https:\/\/www.zoner.fi\/tuki\/wp-content\/uploads\/2021\/10\/chrome-1-300x174.jpg 300w, https:\/\/www.zoner.fi\/tuki\/wp-content\/uploads\/2021\/10\/chrome-1-768x444.jpg 768w\" sizes=\"auto, (max-width: 800px) 100vw, 800px\" \/><\/figure>\n\n\n\n<p>2. Vierit\u00e4 sivua alas ja paina lis\u00e4asetukset.<\/p>\n\n\n\n<figure class=\"wp-block-image size-full\"><img loading=\"lazy\" decoding=\"async\" width=\"800\" height=\"250\" src=\"https:\/\/www.zoner.fi\/tuki\/wp-content\/uploads\/2021\/10\/chrome-3.jpg\" alt=\"\" class=\"wp-image-533\" srcset=\"https:\/\/www.zoner.fi\/tuki\/wp-content\/uploads\/2021\/10\/chrome-3.jpg 800w, https:\/\/www.zoner.fi\/tuki\/wp-content\/uploads\/2021\/10\/chrome-3-300x94.jpg 300w, https:\/\/www.zoner.fi\/tuki\/wp-content\/uploads\/2021\/10\/chrome-3-768x240.jpg 768w\" sizes=\"auto, (max-width: 800px) 100vw, 800px\" \/><\/figure>\n\n\n\n<p>3. Valitse poista selaustiedot.<\/p>\n\n\n\n<figure class=\"wp-block-image size-full\"><img loading=\"lazy\" decoding=\"async\" width=\"800\" height=\"250\" src=\"https:\/\/www.zoner.fi\/tuki\/wp-content\/uploads\/2021\/10\/chrome-4.jpg\" alt=\"\" class=\"wp-image-534\" srcset=\"https:\/\/www.zoner.fi\/tuki\/wp-content\/uploads\/2021\/10\/chrome-4.jpg 800w, https:\/\/www.zoner.fi\/tuki\/wp-content\/uploads\/2021\/10\/chrome-4-300x94.jpg 300w, https:\/\/www.zoner.fi\/tuki\/wp-content\/uploads\/2021\/10\/chrome-4-768x240.jpg 768w\" sizes=\"auto, (max-width: 800px) 100vw, 800px\" \/><\/figure>\n\n\n\n<p>4. Aukeavasta ponnahdusikkunasta voit p\u00e4\u00e4tt\u00e4\u00e4, mitk\u00e4 kaikki tiedot haluat poistaa. Muokkaa tarvittaessa tietojen poistamisen aikav\u00e4li\u00e4 ja valitse sen j\u00e4lkeen poista tiedot.<\/p>\n\n\n\n<figure class=\"wp-block-image size-full\"><img loading=\"lazy\" decoding=\"async\" width=\"510\" height=\"481\" src=\"https:\/\/www.zoner.fi\/tuki\/wp-content\/uploads\/2021\/10\/chrome-5.jpg\" alt=\"\" class=\"wp-image-536\" srcset=\"https:\/\/www.zoner.fi\/tuki\/wp-content\/uploads\/2021\/10\/chrome-5.jpg 510w, https:\/\/www.zoner.fi\/tuki\/wp-content\/uploads\/2021\/10\/chrome-5-300x283.jpg 300w\" sizes=\"auto, (max-width: 510px) 100vw, 510px\" \/><\/figure>\n\n\n\n<h2 class=\"wp-block-heading\">Internet Explorer<\/h2>\n\n\n\n<p>1. Paina oikeassa yl\u00e4kulmassa olevaa hammasrataskuvaketta.<\/p>\n\n\n\n<p>2. Mene kohtaan suojaus ja valitse sen j\u00e4lkeen aukeavasta valikosta poista selaushistoria -kohta.<\/p>\n\n\n\n<figure class=\"wp-block-image size-full\"><img loading=\"lazy\" decoding=\"async\" width=\"800\" height=\"250\" src=\"https:\/\/www.zoner.fi\/tuki\/wp-content\/uploads\/2021\/10\/ie-1.jpg\" alt=\"\" class=\"wp-image-539\" srcset=\"https:\/\/www.zoner.fi\/tuki\/wp-content\/uploads\/2021\/10\/ie-1.jpg 800w, https:\/\/www.zoner.fi\/tuki\/wp-content\/uploads\/2021\/10\/ie-1-300x94.jpg 300w, https:\/\/www.zoner.fi\/tuki\/wp-content\/uploads\/2021\/10\/ie-1-768x240.jpg 768w\" sizes=\"auto, (max-width: 800px) 100vw, 800px\" \/><\/figure>\n\n\n\n<p>3. Valitse seuraavaksi aukeavasta ikkunasta poistettavat kohteet ja paina lopuksi poista-nappia.<\/p>\n\n\n\n<figure class=\"wp-block-image size-full\"><img loading=\"lazy\" decoding=\"async\" width=\"385\" height=\"541\" src=\"https:\/\/www.zoner.fi\/tuki\/wp-content\/uploads\/2021\/10\/ie-2.jpg\" alt=\"\" class=\"wp-image-540\" srcset=\"https:\/\/www.zoner.fi\/tuki\/wp-content\/uploads\/2021\/10\/ie-2.jpg 385w, https:\/\/www.zoner.fi\/tuki\/wp-content\/uploads\/2021\/10\/ie-2-213x300.jpg 213w\" sizes=\"auto, (max-width: 385px) 100vw, 385px\" \/><\/figure>\n\n\n\n<h2 class=\"wp-block-heading\">Microsoft Edge<\/h2>\n\n\n\n<p>Selaimen v\u00e4limuistin tyhjennys tapahtuu hieman eri tavalla riippuen siit\u00e4, onko k\u00e4yt\u00f6ss\u00e4 Microsoft Edgen uusi versio vai jokin aiemmista versioista.<\/p>\n\n\n\n<h3 class=\"wp-block-heading\">Uusi versio (julkaistu 15.1.2020)<\/h3>\n\n\n\n<p>1. Paina oikean yl\u00e4kulman kolmea pistett\u00e4 ja valitse aukeavasta valikosta historia.<\/p>\n\n\n\n<figure class=\"wp-block-image size-full\"><img loading=\"lazy\" decoding=\"async\" width=\"800\" height=\"300\" src=\"https:\/\/www.zoner.fi\/tuki\/wp-content\/uploads\/2021\/10\/edge-1.jpg\" alt=\"\" class=\"wp-image-542\" srcset=\"https:\/\/www.zoner.fi\/tuki\/wp-content\/uploads\/2021\/10\/edge-1.jpg 800w, https:\/\/www.zoner.fi\/tuki\/wp-content\/uploads\/2021\/10\/edge-1-300x113.jpg 300w, https:\/\/www.zoner.fi\/tuki\/wp-content\/uploads\/2021\/10\/edge-1-768x288.jpg 768w\" sizes=\"auto, (max-width: 800px) 100vw, 800px\" \/><\/figure>\n\n\n\n<p>2. Seuraavaksi aukeaa uusi valikko, josta valitaan kohta: tyhjenn\u00e4 selaustiedot.<\/p>\n\n\n\n<figure class=\"wp-block-image size-full\"><img loading=\"lazy\" decoding=\"async\" width=\"800\" height=\"250\" src=\"https:\/\/www.zoner.fi\/tuki\/wp-content\/uploads\/2021\/10\/edge-2.jpg\" alt=\"\" class=\"wp-image-544\" srcset=\"https:\/\/www.zoner.fi\/tuki\/wp-content\/uploads\/2021\/10\/edge-2.jpg 800w, https:\/\/www.zoner.fi\/tuki\/wp-content\/uploads\/2021\/10\/edge-2-300x94.jpg 300w, https:\/\/www.zoner.fi\/tuki\/wp-content\/uploads\/2021\/10\/edge-2-768x240.jpg 768w\" sizes=\"auto, (max-width: 800px) 100vw, 800px\" \/><\/figure>\n\n\n\n<p>3. Valitse aukeavasta ponnahdusikkunasta poistettavat kohteet ja ajan jakso, jolla tiedot poistetaan. Paina lopuksi tyhjenn\u00e4 nyt.<\/p>\n\n\n\n<figure class=\"wp-block-image size-full\"><img loading=\"lazy\" decoding=\"async\" width=\"406\" height=\"432\" src=\"https:\/\/www.zoner.fi\/tuki\/wp-content\/uploads\/2021\/10\/edge-3.jpg\" alt=\"\" class=\"wp-image-545\" srcset=\"https:\/\/www.zoner.fi\/tuki\/wp-content\/uploads\/2021\/10\/edge-3.jpg 406w, https:\/\/www.zoner.fi\/tuki\/wp-content\/uploads\/2021\/10\/edge-3-282x300.jpg 282w\" sizes=\"auto, (max-width: 406px) 100vw, 406px\" \/><\/figure>\n\n\n\n<h3 class=\"wp-block-heading\">Aiemmat versiot<\/h3>\n\n\n\n<p>1. Paina oikean yl\u00e4kulman kolmea pistett\u00e4 avataksesi valikon, jonka j\u00e4lkeen valitse asetukset-kohta.<\/p>\n\n\n\n<figure class=\"wp-block-image size-full\"><img loading=\"lazy\" decoding=\"async\" width=\"800\" height=\"414\" src=\"https:\/\/www.zoner.fi\/tuki\/wp-content\/uploads\/2021\/10\/vanha-edge-1.jpg\" alt=\"\" class=\"wp-image-548\" srcset=\"https:\/\/www.zoner.fi\/tuki\/wp-content\/uploads\/2021\/10\/vanha-edge-1.jpg 800w, https:\/\/www.zoner.fi\/tuki\/wp-content\/uploads\/2021\/10\/vanha-edge-1-300x155.jpg 300w, https:\/\/www.zoner.fi\/tuki\/wp-content\/uploads\/2021\/10\/vanha-edge-1-768x397.jpg 768w\" sizes=\"auto, (max-width: 800px) 100vw, 800px\" \/><\/figure>\n\n\n\n<p>2. Paina uudesta valikosta lukkokuvaketta ja valitse sen j\u00e4lkeen kohta: valitse tyhjennett\u00e4v\u00e4t kohteet.<\/p>\n\n\n\n<figure class=\"wp-block-image size-full\"><img loading=\"lazy\" decoding=\"async\" width=\"800\" height=\"267\" src=\"https:\/\/www.zoner.fi\/tuki\/wp-content\/uploads\/2021\/10\/vanha-edge-2.jpg\" alt=\"\" class=\"wp-image-549\" srcset=\"https:\/\/www.zoner.fi\/tuki\/wp-content\/uploads\/2021\/10\/vanha-edge-2.jpg 800w, https:\/\/www.zoner.fi\/tuki\/wp-content\/uploads\/2021\/10\/vanha-edge-2-300x100.jpg 300w, https:\/\/www.zoner.fi\/tuki\/wp-content\/uploads\/2021\/10\/vanha-edge-2-768x256.jpg 768w\" sizes=\"auto, (max-width: 800px) 100vw, 800px\" \/><\/figure>\n\n\n\n<p>3. Valitse aukeavasta n\u00e4kym\u00e4st\u00e4 poistettavat kohteet ja paina lopuksi tyhjenn\u00e4.<\/p>\n\n\n\n<figure class=\"wp-block-image size-full\"><img loading=\"lazy\" decoding=\"async\" width=\"800\" height=\"418\" src=\"https:\/\/www.zoner.fi\/tuki\/wp-content\/uploads\/2021\/10\/vanha-edge-3.jpg\" alt=\"\" class=\"wp-image-550\" srcset=\"https:\/\/www.zoner.fi\/tuki\/wp-content\/uploads\/2021\/10\/vanha-edge-3.jpg 800w, https:\/\/www.zoner.fi\/tuki\/wp-content\/uploads\/2021\/10\/vanha-edge-3-300x157.jpg 300w, https:\/\/www.zoner.fi\/tuki\/wp-content\/uploads\/2021\/10\/vanha-edge-3-768x401.jpg 768w\" sizes=\"auto, (max-width: 800px) 100vw, 800px\" \/><\/figure>\n\n\n\n<h2 class=\"wp-block-heading\">Mozilla Firefox<\/h2>\n\n\n\n<p>1. Paina selaimen oikeassa yl\u00e4reunassa n\u00e4kyv\u00e4\u00e4 kolmen viivan kuvaketta avataksesi valikon. Valitse aukeavasta valikosta asetukset-kohta.<\/p>\n\n\n\n<figure class=\"wp-block-image size-full\"><img loading=\"lazy\" decoding=\"async\" width=\"798\" height=\"312\" src=\"https:\/\/www.zoner.fi\/tuki\/wp-content\/uploads\/2021\/10\/firefox-1.jpg\" alt=\"\" class=\"wp-image-552\" srcset=\"https:\/\/www.zoner.fi\/tuki\/wp-content\/uploads\/2021\/10\/firefox-1.jpg 798w, https:\/\/www.zoner.fi\/tuki\/wp-content\/uploads\/2021\/10\/firefox-1-300x117.jpg 300w, https:\/\/www.zoner.fi\/tuki\/wp-content\/uploads\/2021\/10\/firefox-1-768x300.jpg 768w\" sizes=\"auto, (max-width: 798px) 100vw, 798px\" \/><\/figure>\n\n\n\n<p>2. Siirry tietosuoja ja turvallisuus -v\u00e4lilehdelle. Paina sen j\u00e4lkeen tyhjenn\u00e4 tiedot -painiketta.<\/p>\n\n\n\n<figure class=\"wp-block-image size-full\"><img loading=\"lazy\" decoding=\"async\" width=\"800\" height=\"457\" src=\"https:\/\/www.zoner.fi\/tuki\/wp-content\/uploads\/2021\/10\/firefox-3.jpg\" alt=\"\" class=\"wp-image-553\" srcset=\"https:\/\/www.zoner.fi\/tuki\/wp-content\/uploads\/2021\/10\/firefox-3.jpg 800w, https:\/\/www.zoner.fi\/tuki\/wp-content\/uploads\/2021\/10\/firefox-3-300x171.jpg 300w, https:\/\/www.zoner.fi\/tuki\/wp-content\/uploads\/2021\/10\/firefox-3-768x439.jpg 768w\" sizes=\"auto, (max-width: 800px) 100vw, 800px\" \/><\/figure>\n\n\n\n<p>3. Valitse poistettavat tiedot ja paina lopuksi tyhjenn\u00e4.<\/p>\n\n\n\n<figure class=\"wp-block-image size-full\"><img loading=\"lazy\" decoding=\"async\" width=\"562\" height=\"339\" src=\"https:\/\/www.zoner.fi\/tuki\/wp-content\/uploads\/2021\/10\/firefox-4.jpg\" alt=\"\" class=\"wp-image-555\" srcset=\"https:\/\/www.zoner.fi\/tuki\/wp-content\/uploads\/2021\/10\/firefox-4.jpg 562w, https:\/\/www.zoner.fi\/tuki\/wp-content\/uploads\/2021\/10\/firefox-4-300x181.jpg 300w\" sizes=\"auto, (max-width: 562px) 100vw, 562px\" \/><\/figure>\n\n\n\n<h2 class=\"wp-block-heading\">Safari<\/h2>\n\n\n\n<p>1. Paina yl\u00e4valikosta Safari-kohtaa ja valitse aukeavasta valikosta tyhjenn\u00e4 historia.<\/p>\n\n\n\n<figure class=\"wp-block-image size-full\"><img loading=\"lazy\" decoding=\"async\" width=\"800\" height=\"250\" src=\"https:\/\/www.zoner.fi\/tuki\/wp-content\/uploads\/2021\/10\/safari-1.jpg\" alt=\"\" class=\"wp-image-559\" srcset=\"https:\/\/www.zoner.fi\/tuki\/wp-content\/uploads\/2021\/10\/safari-1.jpg 800w, https:\/\/www.zoner.fi\/tuki\/wp-content\/uploads\/2021\/10\/safari-1-300x94.jpg 300w, https:\/\/www.zoner.fi\/tuki\/wp-content\/uploads\/2021\/10\/safari-1-768x240.jpg 768w\" sizes=\"auto, (max-width: 800px) 100vw, 800px\" \/><\/figure>\n\n\n\n<p>2. Muokkaa tarvittaessa historian poistamista koskevaa aikav\u00e4li\u00e4 ja valitse lopuksi tyhjenn\u00e4 historia.<\/p>\n\n\n\n<figure class=\"wp-block-image size-full\"><img loading=\"lazy\" decoding=\"async\" width=\"427\" height=\"179\" src=\"https:\/\/www.zoner.fi\/tuki\/wp-content\/uploads\/2021\/10\/safari-2.jpg\" alt=\"\" class=\"wp-image-560\" srcset=\"https:\/\/www.zoner.fi\/tuki\/wp-content\/uploads\/2021\/10\/safari-2.jpg 427w, https:\/\/www.zoner.fi\/tuki\/wp-content\/uploads\/2021\/10\/safari-2-300x126.jpg 300w\" sizes=\"auto, (max-width: 427px) 100vw, 427px\" \/><\/figure>\n\n\n\n<h2 class=\"wp-block-heading\">Opera<\/h2>\n\n\n\n<p>1. Valitse selaimen oikeasta yl\u00e4reunasta pika-asetukset.<\/p>\n\n\n\n<figure class=\"wp-block-image size-full\"><img loading=\"lazy\" decoding=\"async\" width=\"800\" height=\"200\" src=\"https:\/\/www.zoner.fi\/tuki\/wp-content\/uploads\/2021\/10\/opera-1.jpg\" alt=\"\" class=\"wp-image-562\" srcset=\"https:\/\/www.zoner.fi\/tuki\/wp-content\/uploads\/2021\/10\/opera-1.jpg 800w, https:\/\/www.zoner.fi\/tuki\/wp-content\/uploads\/2021\/10\/opera-1-300x75.jpg 300w, https:\/\/www.zoner.fi\/tuki\/wp-content\/uploads\/2021\/10\/opera-1-768x192.jpg 768w\" sizes=\"auto, (max-width: 800px) 100vw, 800px\" \/><\/figure>\n\n\n\n<p>2. Vierit\u00e4 aukeavaa pika-asetusvalikkoa alasp\u00e4in, kunnes tulee kohta: tyhjenn\u00e4 selaustiedot. Paina sit\u00e4.<\/p>\n\n\n\n<figure class=\"wp-block-image size-full\"><img loading=\"lazy\" decoding=\"async\" width=\"364\" height=\"628\" src=\"https:\/\/www.zoner.fi\/tuki\/wp-content\/uploads\/2021\/10\/opera-2.jpg\" alt=\"\" class=\"wp-image-564\" srcset=\"https:\/\/www.zoner.fi\/tuki\/wp-content\/uploads\/2021\/10\/opera-2.jpg 364w, https:\/\/www.zoner.fi\/tuki\/wp-content\/uploads\/2021\/10\/opera-2-174x300.jpg 174w\" sizes=\"auto, (max-width: 364px) 100vw, 364px\" \/><\/figure>\n\n\n\n<p>3. Valitse aukeavasta ponnahdusikkunasta poistamisen aikav\u00e4li sek\u00e4 poistettavat kohteet. Sen j\u00e4lkeen paina poista tiedot.<\/p>\n\n\n\n<figure class=\"wp-block-image size-full\"><img loading=\"lazy\" decoding=\"async\" width=\"515\" height=\"488\" src=\"https:\/\/www.zoner.fi\/tuki\/wp-content\/uploads\/2021\/10\/opera-3.jpg\" alt=\"\" class=\"wp-image-565\" srcset=\"https:\/\/www.zoner.fi\/tuki\/wp-content\/uploads\/2021\/10\/opera-3.jpg 515w, https:\/\/www.zoner.fi\/tuki\/wp-content\/uploads\/2021\/10\/opera-3-300x284.jpg 300w\" sizes=\"auto, (max-width: 515px) 100vw, 515px\" \/><\/figure>\n","protected":false},"excerpt":{"rendered":"<p>L\u00f6yd\u00e4t t\u00e4st\u00e4 ohjeet v\u00e4limuistin tyhjent\u00e4miseen yleisimmill\u00e4 verkkoselaimilla: Google Chrome, Internet Explorer, Microsoft Edge, Mozilla Firefox, Safari ja Opera.<\/p>\n","protected":false},"author":1,"featured_media":0,"parent":132280,"menu_order":23,"comment_status":"closed","ping_status":"closed","template":"","meta":{"_relevanssi_hide_post":"","_relevanssi_hide_content":"","_relevanssi_pin_for_all":"","_relevanssi_pin_keywords":"","_relevanssi_unpin_keywords":"","_relevanssi_related_keywords":"","_relevanssi_related_include_ids":"","_relevanssi_related_exclude_ids":"","_relevanssi_related_no_append":"","_relevanssi_related_not_related":"","_relevanssi_related_posts":"1076,1066,1063","_relevanssi_noindex_reason":"","footnotes":""},"categories":[228],"tags":[91],"wf_page_folders":[],"class_list":{"0":"post-528","1":"page","2":"type-page","3":"status-publish","5":"category-selain-ja-evasteet","6":"tag-selain-ja-evasteet"},"_links":{"self":[{"href":"https:\/\/www.zoner.fi\/tuki\/wp-json\/wp\/v2\/pages\/528","targetHints":{"allow":["GET"]}}],"collection":[{"href":"https:\/\/www.zoner.fi\/tuki\/wp-json\/wp\/v2\/pages"}],"about":[{"href":"https:\/\/www.zoner.fi\/tuki\/wp-json\/wp\/v2\/types\/page"}],"author":[{"embeddable":true,"href":"https:\/\/www.zoner.fi\/tuki\/wp-json\/wp\/v2\/users\/1"}],"replies":[{"embeddable":true,"href":"https:\/\/www.zoner.fi\/tuki\/wp-json\/wp\/v2\/comments?post=528"}],"version-history":[{"count":3,"href":"https:\/\/www.zoner.fi\/tuki\/wp-json\/wp\/v2\/pages\/528\/revisions"}],"predecessor-version":[{"id":137676,"href":"https:\/\/www.zoner.fi\/tuki\/wp-json\/wp\/v2\/pages\/528\/revisions\/137676"}],"up":[{"embeddable":true,"href":"https:\/\/www.zoner.fi\/tuki\/wp-json\/wp\/v2\/pages\/132280"}],"wp:attachment":[{"href":"https:\/\/www.zoner.fi\/tuki\/wp-json\/wp\/v2\/media?parent=528"}],"wp:term":[{"taxonomy":"category","embeddable":true,"href":"https:\/\/www.zoner.fi\/tuki\/wp-json\/wp\/v2\/categories?post=528"},{"taxonomy":"post_tag","embeddable":true,"href":"https:\/\/www.zoner.fi\/tuki\/wp-json\/wp\/v2\/tags?post=528"},{"taxonomy":"wf_page_folders","embeddable":true,"href":"https:\/\/www.zoner.fi\/tuki\/wp-json\/wp\/v2\/wf_page_folders?post=528"}],"curies":[{"name":"wp","href":"https:\/\/api.w.org\/{rel}","templated":true}]}}