{"id":574,"date":"2019-11-15T16:20:00","date_gmt":"2019-11-15T14:20:00","guid":{"rendered":"https:\/\/www.zoner.fi\/tuki\/?page_id=574"},"modified":"2025-09-25T16:50:52","modified_gmt":"2025-09-25T13:50:52","slug":"miten-maaritan-ssl-salauksen-kotisivukoneen-sivustoon","status":"publish","type":"page","link":"https:\/\/www.zoner.fi\/tuki\/kotisivukone\/legacy\/miten-maaritan-ssl-salauksen-kotisivukoneen-sivustoon\/","title":{"rendered":"SSL-salauksen k\u00e4ytt\u00f6\u00f6notto"},"content":{"rendered":"\n<p><em>Ohje tarkistettu: 28.10.2021<\/em><\/p>\n\n\n\n<p>SSL-salauksen k\u00e4ytt\u00f6 kaikilla sivustoilla on enemm\u00e4n kuin suositeltavaa. Lue t\u00e4\u00e4lt\u00e4 lis\u00e4\u00e4&nbsp;<a href=\"https:\/\/www.zoner.fi\/tietoturva\/ssl-salaus\/\">SSL-salauksesta<\/a>.<\/p>\n\n\n\n<p>T\u00e4ss\u00e4 ohjeessa k\u00e4ymme l\u00e4pi vaihe vaiheelta, kuinka Zonerin&nbsp;<a href=\"https:\/\/www.zoner.fi\/kotisivukone\/\">Kotisivukoneella<\/a>&nbsp;tehdyn sivuston saa hy\u00f6dynt\u00e4m\u00e4\u00e4n salattua yhteytt\u00e4.<\/p>\n\n\n\n<p>1. Aluksi tulee hakea <a href=\"https:\/\/www.zoner.fi\/tietoturva\/ssl-sertifikaatti\/\">SSL-sertifikaatti<\/a>, jonka saa luotua webhotellin hallintapaneelissa. T\u00e4m\u00e4n voit tehd\u00e4 helposti&nbsp;<a href=\"https:\/\/www.zoner.fi\/tuki\/webhotellit\/miten-otan-kayttoon-lets-encrypt-ssl-sertifikaatin\/\">t\u00e4m\u00e4n ohjeen avulla<\/a>.<\/p>\n\n\n\n<p>2. Siirry sivujen muokkaukseen webhotellin Kotisivukone-kohdasta. Klikkaa Asetukset -valikko auki ja valitse Asetukset.<\/p>\n\n\n\n<figure class=\"wp-block-image size-full\"><img loading=\"lazy\" decoding=\"async\" width=\"1720\" height=\"407\" src=\"https:\/\/www.zoner.fi\/tuki\/wp-content\/uploads\/2024\/03\/Kotisivukone_SSL1.jpg\" alt=\"\" class=\"wp-image-131608\" srcset=\"https:\/\/www.zoner.fi\/tuki\/wp-content\/uploads\/2024\/03\/Kotisivukone_SSL1.jpg 1720w, https:\/\/www.zoner.fi\/tuki\/wp-content\/uploads\/2024\/03\/Kotisivukone_SSL1-300x71.jpg 300w, https:\/\/www.zoner.fi\/tuki\/wp-content\/uploads\/2024\/03\/Kotisivukone_SSL1-1024x242.jpg 1024w, https:\/\/www.zoner.fi\/tuki\/wp-content\/uploads\/2024\/03\/Kotisivukone_SSL1-768x182.jpg 768w, https:\/\/www.zoner.fi\/tuki\/wp-content\/uploads\/2024\/03\/Kotisivukone_SSL1-1536x363.jpg 1536w\" sizes=\"auto, (max-width: 1720px) 100vw, 1720px\" \/><\/figure>\n\n\n\n<p>3. Asetuksissa on kohta \u201dJulkaise sivu HTTPS-pakolla\u201d. Valitse t\u00e4m\u00e4 ja klikkaa Suorita.<\/p>\n\n\n\n<figure class=\"wp-block-image size-full\"><img loading=\"lazy\" decoding=\"async\" width=\"865\" height=\"475\" src=\"https:\/\/www.zoner.fi\/tuki\/wp-content\/uploads\/2024\/03\/Kotisivukone_SSL2.jpg\" alt=\"\" class=\"wp-image-131610\" srcset=\"https:\/\/www.zoner.fi\/tuki\/wp-content\/uploads\/2024\/03\/Kotisivukone_SSL2.jpg 865w, https:\/\/www.zoner.fi\/tuki\/wp-content\/uploads\/2024\/03\/Kotisivukone_SSL2-300x165.jpg 300w, https:\/\/www.zoner.fi\/tuki\/wp-content\/uploads\/2024\/03\/Kotisivukone_SSL2-768x422.jpg 768w\" sizes=\"auto, (max-width: 865px) 100vw, 865px\" \/><\/figure>\n\n\n\n<p>4. Paina lopuksi Julkaise. Sivujen liikenne on nyt salattu ja osoiterivill\u00e4 on lukon kuva merkkin\u00e4 salauksesta.<\/p>\n\n\n\n<figure class=\"wp-block-image size-full\"><img loading=\"lazy\" decoding=\"async\" width=\"1719\" height=\"436\" src=\"https:\/\/www.zoner.fi\/tuki\/wp-content\/uploads\/2024\/03\/Kotisivukone_SSL3.jpg\" alt=\"\" class=\"wp-image-131611\" srcset=\"https:\/\/www.zoner.fi\/tuki\/wp-content\/uploads\/2024\/03\/Kotisivukone_SSL3.jpg 1719w, https:\/\/www.zoner.fi\/tuki\/wp-content\/uploads\/2024\/03\/Kotisivukone_SSL3-300x76.jpg 300w, https:\/\/www.zoner.fi\/tuki\/wp-content\/uploads\/2024\/03\/Kotisivukone_SSL3-1024x260.jpg 1024w, https:\/\/www.zoner.fi\/tuki\/wp-content\/uploads\/2024\/03\/Kotisivukone_SSL3-768x195.jpg 768w, https:\/\/www.zoner.fi\/tuki\/wp-content\/uploads\/2024\/03\/Kotisivukone_SSL3-1536x390.jpg 1536w\" sizes=\"auto, (max-width: 1719px) 100vw, 1719px\" \/><\/figure>\n","protected":false},"excerpt":{"rendered":"<p>T\u00e4ss\u00e4 ohjeessa k\u00e4ymme l\u00e4pi vaihe vaiheelta, kuinka Zonerin Kotisivukoneella tehdyn sivuston saa hy\u00f6dynt\u00e4m\u00e4\u00e4n salattua yhteytt\u00e4.<\/p>\n","protected":false},"author":1,"featured_media":0,"parent":137590,"menu_order":20,"comment_status":"closed","ping_status":"closed","template":"","meta":{"_relevanssi_hide_post":"","_relevanssi_hide_content":"","_relevanssi_pin_for_all":"","_relevanssi_pin_keywords":"","_relevanssi_unpin_keywords":"","_relevanssi_related_keywords":"","_relevanssi_related_include_ids":"","_relevanssi_related_exclude_ids":"","_relevanssi_related_no_append":"","_relevanssi_related_not_related":"","_relevanssi_related_posts":"1076,1063,1066","_relevanssi_noindex_reason":"","footnotes":""},"categories":[69],"tags":[87],"wf_page_folders":[],"class_list":{"0":"post-574","1":"page","2":"type-page","3":"status-publish","5":"category-legacy-kotisivukone","6":"tag-kotisivukone"},"_links":{"self":[{"href":"https:\/\/www.zoner.fi\/tuki\/wp-json\/wp\/v2\/pages\/574","targetHints":{"allow":["GET"]}}],"collection":[{"href":"https:\/\/www.zoner.fi\/tuki\/wp-json\/wp\/v2\/pages"}],"about":[{"href":"https:\/\/www.zoner.fi\/tuki\/wp-json\/wp\/v2\/types\/page"}],"author":[{"embeddable":true,"href":"https:\/\/www.zoner.fi\/tuki\/wp-json\/wp\/v2\/users\/1"}],"replies":[{"embeddable":true,"href":"https:\/\/www.zoner.fi\/tuki\/wp-json\/wp\/v2\/comments?post=574"}],"version-history":[{"count":5,"href":"https:\/\/www.zoner.fi\/tuki\/wp-json\/wp\/v2\/pages\/574\/revisions"}],"predecessor-version":[{"id":131612,"href":"https:\/\/www.zoner.fi\/tuki\/wp-json\/wp\/v2\/pages\/574\/revisions\/131612"}],"up":[{"embeddable":true,"href":"https:\/\/www.zoner.fi\/tuki\/wp-json\/wp\/v2\/pages\/137590"}],"wp:attachment":[{"href":"https:\/\/www.zoner.fi\/tuki\/wp-json\/wp\/v2\/media?parent=574"}],"wp:term":[{"taxonomy":"category","embeddable":true,"href":"https:\/\/www.zoner.fi\/tuki\/wp-json\/wp\/v2\/categories?post=574"},{"taxonomy":"post_tag","embeddable":true,"href":"https:\/\/www.zoner.fi\/tuki\/wp-json\/wp\/v2\/tags?post=574"},{"taxonomy":"wf_page_folders","embeddable":true,"href":"https:\/\/www.zoner.fi\/tuki\/wp-json\/wp\/v2\/wf_page_folders?post=574"}],"curies":[{"name":"wp","href":"https:\/\/api.w.org\/{rel}","templated":true}]}}