{"id":581,"date":"2019-11-14T16:24:00","date_gmt":"2019-11-14T14:24:00","guid":{"rendered":"https:\/\/www.zoner.fi\/tuki\/?page_id=581"},"modified":"2025-11-12T14:41:01","modified_gmt":"2025-11-12T12:41:01","slug":"miten-lahetan-sahkopostiviesteja-kotisivukoneella-tehdylta-sivustolta","status":"publish","type":"page","link":"https:\/\/www.zoner.fi\/tuki\/kotisivukone\/legacy\/miten-lahetan-sahkopostiviesteja-kotisivukoneella-tehdylta-sivustolta\/","title":{"rendered":"Viestien l\u00e4hett\u00e4minen kotisivukoneella luoduilta sivuilta (SMTP)"},"content":{"rendered":"\n<p><em>Ohje tarkistettu: 8.7.2021<\/em><\/p>\n\n\n\n<p>T\u00e4m\u00e4 m\u00e4\u00e4ritys tarvitaan, jotta verkkosivut pystyv\u00e4t l\u00e4hett\u00e4m\u00e4\u00e4n s\u00e4hk\u00f6postiviestej\u00e4&nbsp;<a href=\"https:\/\/www.zoner.fi\/kotisivukone\/\">Zoner Kotisivukoneen<\/a>&nbsp;avulla luodulta sivustolta, esimerkiksi yhteydenottolomakkeen kautta.<\/p>\n\n\n\n<p>Luo uusi Zonerin s\u00e4hk\u00f6postilaatikko. Voit my\u00f6s k\u00e4ytt\u00e4\u00e4 vanhaa olemassa olevaa laatikkoa, mutta suosittelemme uuden luontia.\u00a0<a href=\"https:\/\/www.zoner.fi\/tuki\/sahkopostiohjeet\/directadmin\/miten-luon-sahkopostilaatikon-webhotellissa\/\">Ohje postilaatikon luomiseen<\/a>.<br><br>Lomakkeen asetuksia p\u00e4\u00e4see muuttamaan klikkaamalla lomakkeen aktiiviseksi, jolloin sivun oikeaan reunaan ilmestyy sek\u00e4 Lomake, ett\u00e4 SMTP-palvelin -osiot.<\/p>\n\n\n\n<figure class=\"wp-block-image size-large is-resized\"><img loading=\"lazy\" decoding=\"async\" width=\"1024\" height=\"557\" src=\"https:\/\/www.zoner.fi\/tuki\/wp-content\/uploads\/2023\/08\/image-7-1024x557.png\" alt=\"\" class=\"wp-image-130918\" style=\"width:685px;height:372px\" srcset=\"https:\/\/www.zoner.fi\/tuki\/wp-content\/uploads\/2023\/08\/image-7-1024x557.png 1024w, https:\/\/www.zoner.fi\/tuki\/wp-content\/uploads\/2023\/08\/image-7-300x163.png 300w, https:\/\/www.zoner.fi\/tuki\/wp-content\/uploads\/2023\/08\/image-7-768x418.png 768w, https:\/\/www.zoner.fi\/tuki\/wp-content\/uploads\/2023\/08\/image-7.png 1485w\" sizes=\"auto, (max-width: 1024px) 100vw, 1024px\" \/><\/figure>\n\n\n\n<figure class=\"wp-block-image size-full\"><img loading=\"lazy\" decoding=\"async\" width=\"287\" height=\"520\" src=\"https:\/\/www.zoner.fi\/tuki\/wp-content\/uploads\/2023\/08\/image-10.png\" alt=\"\" class=\"wp-image-130921\" srcset=\"https:\/\/www.zoner.fi\/tuki\/wp-content\/uploads\/2023\/08\/image-10.png 287w, https:\/\/www.zoner.fi\/tuki\/wp-content\/uploads\/2023\/08\/image-10-166x300.png 166w\" sizes=\"auto, (max-width: 287px) 100vw, 287px\" \/><\/figure>\n\n\n\n<p>Mik\u00e4li k\u00e4yt\u00f6ss\u00e4si on vanhempi Zoner Kotisivukone, siirry lomakkeen asetuksiin painamalla lomakkeen kohdalta kyn\u00e4n kuvaa ja aukeavasta valikosta Asetukset.<\/p>\n\n\n\n<figure class=\"wp-block-image size-full is-resized\"><img loading=\"lazy\" decoding=\"async\" width=\"951\" height=\"292\" src=\"https:\/\/www.zoner.fi\/tuki\/wp-content\/uploads\/2021\/11\/kotisivukonesmtp1.png\" alt=\"\" class=\"wp-image-585\" style=\"width:496px;height:152px\" srcset=\"https:\/\/www.zoner.fi\/tuki\/wp-content\/uploads\/2021\/11\/kotisivukonesmtp1.png 951w, https:\/\/www.zoner.fi\/tuki\/wp-content\/uploads\/2021\/11\/kotisivukonesmtp1-300x92.png 300w, https:\/\/www.zoner.fi\/tuki\/wp-content\/uploads\/2021\/11\/kotisivukonesmtp1-768x236.png 768w\" sizes=\"auto, (max-width: 951px) 100vw, 951px\" \/><\/figure>\n\n\n\n<p>Avaa S\u00e4hk\u00f6postiasetukset-v\u00e4lilehti ja m\u00e4\u00e4rit\u00e4 osoite, johon viesti saapuu, sek\u00e4 edellisess\u00e4 vaiheessa luotu uusi osoite viestin l\u00e4hett\u00e4j\u00e4ksi. T\u00e4\u00e4lt\u00e4 m\u00e4\u00e4ritet\u00e4\u00e4n my\u00f6s viestin otsikko ja l\u00e4hett\u00e4j\u00e4n saama ilmoitus.<\/p>\n\n\n\n<p><strong>Lomake l\u00e4hetet\u00e4\u00e4n t\u00e4h\u00e4n osoitteeseen<\/strong>: Osoite, johon lomakkeen viestit saapuvat<\/p>\n\n\n\n<p><strong>Lomake l\u00e4hetet\u00e4\u00e4n t\u00e4st\u00e4 s\u00e4hk\u00f6postiosoitteesta:&nbsp;<\/strong>L\u00e4hetyst\u00e4 varten luotu s\u00e4hk\u00f6postiosoite. Sama kuin seuraavan vaiheen SMTP-k\u00e4ytt\u00e4j\u00e4nimi.<\/p>\n\n\n\n<figure class=\"wp-block-image size-full\"><img loading=\"lazy\" decoding=\"async\" width=\"591\" height=\"497\" src=\"https:\/\/www.zoner.fi\/tuki\/wp-content\/uploads\/2021\/11\/Annotation-2020-07-29-085316.png\" alt=\"\" class=\"wp-image-587\" srcset=\"https:\/\/www.zoner.fi\/tuki\/wp-content\/uploads\/2021\/11\/Annotation-2020-07-29-085316.png 591w, https:\/\/www.zoner.fi\/tuki\/wp-content\/uploads\/2021\/11\/Annotation-2020-07-29-085316-300x252.png 300w\" sizes=\"auto, (max-width: 591px) 100vw, 591px\" \/><\/figure>\n\n\n\n<p>Seuraavaksi avaa asetusn\u00e4kym\u00e4st\u00e4 SMTP-v\u00e4lilehti ja lis\u00e4\u00e4 valinta kohtaan&nbsp;<strong>SMTP aktivoitu<\/strong>.<\/p>\n\n\n\n<p>T\u00e4yt\u00e4 kent\u00e4t n\u00e4ill\u00e4 tiedoilla:<\/p>\n\n\n\n<p><strong>SMTP is\u00e4nt\u00e4:&nbsp;<\/strong>Localhost<\/p>\n\n\n\n<p><strong>SMTP portti:&nbsp;<\/strong>587<\/p>\n\n\n\n<p><strong>SMTP k\u00e4ytt\u00e4j\u00e4nimi:&nbsp;<\/strong>Uuden s\u00e4hk\u00f6postin s\u00e4hk\u00f6postiosoite<\/p>\n\n\n\n<p><strong>SMTP salasana:&nbsp;<\/strong>Uuden s\u00e4hk\u00f6postin salasana<\/p>\n\n\n\n<figure class=\"wp-block-image size-full\"><img loading=\"lazy\" decoding=\"async\" width=\"580\" height=\"460\" src=\"https:\/\/www.zoner.fi\/tuki\/wp-content\/uploads\/2021\/11\/kotisivukonesmtp2.png\" alt=\"\" class=\"wp-image-589\" srcset=\"https:\/\/www.zoner.fi\/tuki\/wp-content\/uploads\/2021\/11\/kotisivukonesmtp2.png 580w, https:\/\/www.zoner.fi\/tuki\/wp-content\/uploads\/2021\/11\/kotisivukonesmtp2-300x238.png 300w\" sizes=\"auto, (max-width: 580px) 100vw, 580px\" \/><\/figure>\n\n\n\n<p>Paina lopuksi vihre\u00e4\u00e4 nappia Suorita. Muutokset tulevat voimaan Julkaise-painikkeen kautta.<\/p>\n\n\n\n<figure class=\"wp-block-image size-full\"><img loading=\"lazy\" decoding=\"async\" width=\"935\" height=\"133\" src=\"https:\/\/www.zoner.fi\/tuki\/wp-content\/uploads\/2021\/11\/kotisivukonesmtp3-1.png\" alt=\"\" class=\"wp-image-590\" srcset=\"https:\/\/www.zoner.fi\/tuki\/wp-content\/uploads\/2021\/11\/kotisivukonesmtp3-1.png 935w, https:\/\/www.zoner.fi\/tuki\/wp-content\/uploads\/2021\/11\/kotisivukonesmtp3-1-300x43.png 300w, https:\/\/www.zoner.fi\/tuki\/wp-content\/uploads\/2021\/11\/kotisivukonesmtp3-1-768x109.png 768w\" sizes=\"auto, (max-width: 935px) 100vw, 935px\" \/><\/figure>\n","protected":false},"excerpt":{"rendered":"<p>T\u00e4m\u00e4 m\u00e4\u00e4ritys tarvitaan, jotta verkkosivut pystyv\u00e4t l\u00e4hett\u00e4m\u00e4\u00e4n s\u00e4hk\u00f6postiviestej\u00e4 Zoner Kotisivukoneen avulla luodulta sivustolta, esimerkiksi yhteydenottolomakkeen kautta.<\/p>\n","protected":false},"author":1,"featured_media":0,"parent":137590,"menu_order":21,"comment_status":"closed","ping_status":"closed","template":"","meta":{"_relevanssi_hide_post":"","_relevanssi_hide_content":"","_relevanssi_pin_for_all":"","_relevanssi_pin_keywords":"","_relevanssi_unpin_keywords":"","_relevanssi_related_keywords":"","_relevanssi_related_include_ids":"","_relevanssi_related_exclude_ids":"","_relevanssi_related_no_append":"","_relevanssi_related_not_related":"","_relevanssi_related_posts":"1076,1063,1066","_relevanssi_noindex_reason":"","footnotes":""},"categories":[69],"tags":[87],"wf_page_folders":[],"class_list":{"0":"post-581","1":"page","2":"type-page","3":"status-publish","5":"category-legacy-kotisivukone","6":"tag-kotisivukone"},"_links":{"self":[{"href":"https:\/\/www.zoner.fi\/tuki\/wp-json\/wp\/v2\/pages\/581","targetHints":{"allow":["GET"]}}],"collection":[{"href":"https:\/\/www.zoner.fi\/tuki\/wp-json\/wp\/v2\/pages"}],"about":[{"href":"https:\/\/www.zoner.fi\/tuki\/wp-json\/wp\/v2\/types\/page"}],"author":[{"embeddable":true,"href":"https:\/\/www.zoner.fi\/tuki\/wp-json\/wp\/v2\/users\/1"}],"replies":[{"embeddable":true,"href":"https:\/\/www.zoner.fi\/tuki\/wp-json\/wp\/v2\/comments?post=581"}],"version-history":[{"count":6,"href":"https:\/\/www.zoner.fi\/tuki\/wp-json\/wp\/v2\/pages\/581\/revisions"}],"predecessor-version":[{"id":138022,"href":"https:\/\/www.zoner.fi\/tuki\/wp-json\/wp\/v2\/pages\/581\/revisions\/138022"}],"up":[{"embeddable":true,"href":"https:\/\/www.zoner.fi\/tuki\/wp-json\/wp\/v2\/pages\/137590"}],"wp:attachment":[{"href":"https:\/\/www.zoner.fi\/tuki\/wp-json\/wp\/v2\/media?parent=581"}],"wp:term":[{"taxonomy":"category","embeddable":true,"href":"https:\/\/www.zoner.fi\/tuki\/wp-json\/wp\/v2\/categories?post=581"},{"taxonomy":"post_tag","embeddable":true,"href":"https:\/\/www.zoner.fi\/tuki\/wp-json\/wp\/v2\/tags?post=581"},{"taxonomy":"wf_page_folders","embeddable":true,"href":"https:\/\/www.zoner.fi\/tuki\/wp-json\/wp\/v2\/wf_page_folders?post=581"}],"curies":[{"name":"wp","href":"https:\/\/api.w.org\/{rel}","templated":true}]}}